{"id":12099,"date":"2023-03-08T07:51:48","date_gmt":"2023-03-08T07:51:48","guid":{"rendered":"https:\/\/masterchem.lv\/product\/%d0%b0%d0%bd%d1%82%d0%b8%d1%84%d1%80%d0%b8%d0%b7-%d0%ba%d1%80%d0%b0%d1%81%d0%bd%d1%8b%d0%b9-%d0%b2%d1%8b%d1%81%d0%be%d0%ba%d0%be%d0%b3%d0%be-%d0%ba%d0%b0%d1%87%d0%b5%d1%81%d1%82%d0%b2%d0%b0-38c\/"},"modified":"2026-03-27T11:29:12","modified_gmt":"2026-03-27T11:29:12","slug":"%d0%b0%d0%bd%d1%82%d0%b8%d1%84%d1%80%d0%b8%d0%b7-%d0%ba%d1%80%d0%b0%d1%81%d0%bd%d1%8b%d0%b9-%d0%b2%d1%8b%d1%81%d0%be%d0%ba%d0%be%d0%b3%d0%be-%d0%ba%d0%b0%d1%87%d0%b5%d1%81%d1%82%d0%b2%d0%b0-38c","status":"publish","type":"product","link":"https:\/\/masterchem.lv\/ru\/product\/%d0%b0%d0%bd%d1%82%d0%b8%d1%84%d1%80%d0%b8%d0%b7-%d0%ba%d1%80%d0%b0%d1%81%d0%bd%d1%8b%d0%b9-%d0%b2%d1%8b%d1%81%d0%be%d0%ba%d0%be%d0%b3%d0%be-%d0%ba%d0%b0%d1%87%d0%b5%d1%81%d1%82%d0%b2%d0%b0-38c\/","title":{"rendered":"\u0410\u043d\u0442\u0438\u0444\u0440\u0438\u0437 \u043a\u0440\u0430\u0441\u043d\u044b\u0439 \u0432\u044b\u0441\u043e\u043a\u043e\u0433\u043e \u043a\u0430\u0447\u0435\u0441\u0442\u0432\u0430 -38\u00b0C MasterChem"},"content":{"rendered":"<p>\u041d\u0430 \u043e\u0441\u043d\u043e\u0432\u0435 \u044d\u0442\u0438\u043b\u0435\u043d\u0433\u043b\u0438\u043a\u043e\u043b\u044f \u0432\u044b\u0441\u043e\u043a\u043e\u0433\u043e \u043a\u0430\u0447\u0435\u0441\u0442\u0432\u0430 \u043e\u0445\u043b\u0430\u0436\u0434\u0430\u044e\u0449\u0430\u044f \u0436\u0438\u0434\u043a\u043e\u0441\u0442\u044c. \u0417\u0430\u0449\u0438\u0449\u0430\u0435\u0442 \u0441\u0438\u0441\u0442\u0435\u043c\u0443 \u043e\u0445\u043b\u0430\u0436\u0434\u0435\u043d\u0438\u044f \u043f\u0440\u0438 \u0442\u0435\u043c\u043f\u0435\u0440\u0430\u0442\u0443\u0440\u0435 \u0432\u044b\u0448\u0435 -38 \u00b0 \u0421. \u041e\u0431\u0435\u0441\u043f\u0435\u0447\u0438\u0432\u0430\u0435\u0442 \u0435\u0444\u0444\u0435\u043a\u0442\u0438\u0432\u043d\u0443\u044e \u0437\u0430\u0449\u0438\u0442\u0443 \u043e\u0442 \u043a\u043e\u0440\u0440\u043e\u0437\u0438\u0438. \u041f\u043e\u0434\u0445\u043e\u0434\u0438\u0442 \u0434\u043b\u044f \u0434\u0432\u0438\u0433\u0430\u0442\u0435\u043b\u0435\u0439 \u0441 \u0432\u044b\u0441\u043e\u043a\u043e\u0439 \u0441\u0442\u0435\u043f\u0435\u043d\u044c\u044e \u043d\u0430\u0433\u0440\u0443\u0437\u043a\u0438. \u041e\u0442\u0432\u0435\u0447\u0430\u0435\u0442 \u0442\u0440\u0435\u0431\u043e\u0432\u0430\u043d\u0438\u044f\u043c \u0435\u0432\u0440\u043e\u043f\u0435\u0439\u0441\u043a\u043e\u0433\u043e \u0441\u043e\u044e\u0437\u0430 \u0438 \u043c\u0435\u0436\u0434\u0443\u043d\u0430\u0440\u043e\u0434\u043d\u044b\u043c \u0441\u0442\u0430\u043d\u0434\u0430\u0440\u0442\u0430\u043c. \u0421\u043e\u043e\u0442\u0432\u0435\u0442\u0441\u0432\u0443\u0435\u0442 \u0441\u043b\u0435\u0434\u0443\u044e\u0449\u0438\u043c \u0441\u0442\u0430\u043d\u0434\u0430\u0440\u0442\u0430\u043c:<br \/>\nASTM D3306, ASTM D4985, BS 6580 (2010), SAE J 1034, FFV Heft R443, CUNA NC 956-16, UNE 26361-88, NATO S759<br \/>\n\u041e\u0442\u0432\u0435\u0447\u0430\u0435\u0442 \u0442\u0440\u0435\u0431\u043e\u0432\u0430\u043d\u0438\u044f\u043c \u0441\u043b\u0435\u0434\u0443\u044e\u0449\u0438\u0445 \u0430\u0432\u0442\u043e\u043f\u0440\u043e\u0438\u0437\u0432\u043e\u0434\u0438\u0442\u0435\u043b\u0435\u0439:<br \/>\nCummins 85T8-2 &amp; 90T8-4, Ford ESE M97B49-A, WSS-M97B44-D &amp; ESD M97 B49-A, Chrysler MS 9176, GM 1899 M, G13, VW TL774D, G11, G12, G48, John Deere H24 B1 &amp; C1, US 6277 M &amp; OPEL GM QL130100, Leyland Trucks LTS 22 AF 10, MAN 248, 324 (SNF) &amp; B&amp;W D 36 5600, Mack 014GS 17004,<br \/>\nMercedes MB 325.3, VAG TL 774F, VOLVO , Renault 41-01-001<\/p>\n<p><strong>\u041d\u0435 \u043f\u043e\u0432\u0440\u0435\u0436\u0434\u0430\u0435\u0442 \u0440\u0435\u0437\u0438\u043d\u043e\u0432\u044b\u0435 \u0438\u043b\u0438 \u043f\u043b\u0430\u0441\u0442\u0438\u043a\u043e\u0432\u044b\u0435 \u0434\u0435\u0442\u0430\u043b\u0438. \u0421\u0434\u0435\u043b\u0430\u043d\u043e \u0432 MasterChem.<\/strong><br \/>\n<strong>\u0422\u043e\u0440\u0433\u043e\u0432\u043e\u0435 \u043d\u0430\u0437\u0432\u0430\u043d\u0438\u0435: \u0410\u043d\u0442\u0438\u0444\u0440\u0438\u0437 -38 \u00b0 C \u043a\u0440\u0430\u0441\u043d\u044b\u0439 \u0434\u043b\u044f \u043f\u043e\u0432\u044b\u0448\u0435\u043d\u043d\u044b\u0445 \u043d\u0430\u0433\u0440\u0443\u0437\u043e\u043a<\/strong><br \/>\n<strong>\u0422\u0438\u043f \u043f\u0440\u043e\u0434\u0443\u043a\u0442\u0430: \u0413\u043e\u0442\u043e\u0432 \u043a \u0438\u0441\u043f\u043e\u043b\u044c\u0437\u043e\u0432\u0430\u043d\u0438\u044e<\/strong><br \/>\n<strong>\u0423\u043f\u0430\u043a\u043e\u0432\u043a\u0430: 5 \u043b\u0438\u0442. \u043a\u0430\u043d\u0438\u0441\u0442\u0440\u0430<\/strong><br \/>\n<strong>\u0421\u0442\u0440\u0430\u043d\u0430 \u043f\u0440\u043e\u0438\u0441\u0445\u043e\u0436\u0434\u0435\u043d\u0438\u044f: \u042d\u0441\u0442\u043e\u043d\u0438\u044f<\/strong><br \/>\n<strong>\u0422\u043e\u0447\u043a\u0430 \u0437\u0430\u043c\u0435\u0440\u0437\u0430\u043d\u0438\u044f -38 \u00b0 C<\/strong><br \/>\n<strong>\u0422\u043e\u0447\u043a\u0430 \u043a\u0438\u043f\u0435\u043d\u0438\u044f (\u00b0C): 107 \u00b0 C<\/strong><br \/>\n<strong>\u041f\u043b\u043e\u0442\u043d\u043e\u0441\u0442\u044c \u043f\u0440\u0438 20\u00baC: 1079 \u0433 \/ \u0441\u043c3<\/strong><br \/>\n<strong>\u0420\u0435\u043a\u043e\u043c\u0435\u043d\u0434\u0443\u0435\u043c\u0430\u044f \u0442\u0435\u043c\u043f\u0435\u0440\u0430\u0442\u0443\u0440\u0430 \u0445\u0440\u0430\u043d\u0435\u043d\u0438\u044f \u043c\u0438\u043d\u0438\u043c\u0443\u043c: 0 C \u041c\u0430\u043a\u0441\u0438\u043c\u0443\u043c: 38 C<\/strong><br \/>\n<strong>\u0426\u0432\u0435\u0442: \u043a\u0440\u0430\u0441\u043d\u044b\u0439<\/strong><br \/>\n<strong>pH (ASTM D-1119): 10,5<\/strong><\/p>\n<p>H302 &#8212; \u0412\u0440\u0435\u0434\u0435\u043d \u043f\u0440\u0438 \u043f\u0440\u043e\u0433\u043b\u0430\u0442\u044b\u0432\u0430\u043d\u0438\u0438.<br \/>\nH373 &#8212; \u041c\u043e\u0436\u0435\u0442 \u0432\u044b\u0437\u0432\u0430\u0442\u044c \u043f\u043e\u0432\u0440\u0435\u0436\u0434\u0435\u043d\u0438\u0435 \u043e\u0440\u0433\u0430\u043d\u043e\u0432 \u043f\u0440\u0438 \u0434\u043b\u0438\u0442\u0435\u043b\u044c\u043d\u043e\u043c \u0438\u043b\u0438 \u043c\u043d\u043e\u0433\u043e\u043a\u0440\u0430\u0442\u043d\u043e\u043c \u0432\u043e\u0437\u0434\u0435\u0439\u0441\u0442\u0432\u0438\u0438 (\u043f\u0440\u0438 \u043f\u0440\u043e\u0433\u043b\u0430\u0442\u044b\u0432\u0430\u043d\u0438\u0438).<br \/>\nP102: \u0414\u0435\u0440\u0436\u0430\u0442\u044c \u0432 \u043c\u0435\u0441\u0442\u0435, \u043d\u0435\u0434\u043e\u0441\u0442\u0443\u043f\u043d\u043e\u043c \u0434\u043b\u044f \u0434\u0435\u0442\u0435\u0439.<br \/>\nP260: \u041d\u0435 \u0432\u0434\u044b\u0445\u0430\u0442\u044c \u043f\u044b\u043b\u044c\/\u0434\u044b\u043c\/\u0433\u0430\u0437\/\u0442\u0443\u043c\u0430\u043d\/\u043f\u0430\u0440\u044b\/\u0432\u0435\u0449\u0435\u0441\u0442\u0432\u043e \u0432 \u0440\u0430\u0441\u043f\u044b\u043b\u0451\u043d\u043d\u043e\u043c \u0441\u043e\u0441\u0442\u043e\u044f\u043d\u0438\u0438.<br \/>\nP264: \u041f\u043e\u0441\u043b\u0435 \u0440\u0430\u0431\u043e\u0442\u044b \u0442\u0449\u0430\u0442\u0435\u043b\u044c\u043d\u043e \u0432\u044b\u043c\u044b\u0442\u044c \u2026<br \/>\nP301 + P312: \u041f\u0440\u0438 \u043f\u0440\u043e\u0433\u043b\u0430\u0442\u044b\u0432\u0430\u043d\u0438\u0438: \u041e\u0431\u0440\u0430\u0442\u0438\u0442\u044c\u0441\u044f \u0432 \u0442\u043e\u043a\u0441\u0438\u043a\u043e\u043b\u043e\u0433\u0438\u0447\u0435\u0441\u043a\u0438\u0439 \u0446\u0435\u043d\u0442\u0440\/\u0438\u043b\u0438 \u043a \u0441\u043f\u0435\u0446\u0438\u0430\u043b\u0438\u0441\u0442\u0443\/\u2026\/ \u043f\u0440\u0438 \u043f\u043b\u043e\u0445\u043e\u043c \u0441\u0430\u043c\u043e\u0447\u0443\u0432\u0441\u0442\u0432\u0438\u0438.<br \/>\nP330: \u041f\u0440\u043e\u043f\u043e\u043b\u043e\u0441\u043a\u0430\u0442\u044c \u0440\u043e\u0442.<br \/>\nP501: \u0443\u0442\u0438\u043b\u0438\u0437\u0438\u0440\u043e\u0432\u0430\u0442\u044c \u0441\u043e\u0434\u0435\u0440\u0436\u0438\u043c\u043e\u0435 \/ \u043a\u043e\u043d\u0442\u0435\u0439\u043d\u0435\u0440 \u043d\u0430 \u043c\u0435\u0441\u0442\u0435 \u0434\u043b\u044f \u0441\u0431\u043e\u0440\u0430 \u043a\u043e\u043d\u043a\u0440\u0435\u0442\u043d\u044b\u0445 \u043e\u0442\u0445\u043e\u0434\u043e\u0432<\/p>\n<p>\u0421\u043e\u0434\u0435\u0440\u0436\u0438\u0442: \u044d\u0442\u0438\u043b\u0435\u043d\u0433\u043b\u044e\u043a\u043e\u043b\u044c,\u0432\u043e\u0434\u0430, \u0434\u043e\u0431\u0430\u0432\u043a\u0438.<\/p>\n","protected":false},"excerpt":{"rendered":"<p>\u0413\u043e\u0442\u043e\u0432\u0430\u044f \u043a \u043f\u0440\u0438\u043c\u0438\u043d\u0435\u043d\u0438\u044e \u0436\u0438\u0434\u043a\u043e\u0441\u0442\u044c \u0434\u043b\u044f \u043e\u043c\u044b\u0432\u0430\u043d\u0438\u044f \u0441\u0442\u0435\u043a\u043b\u0430 \u0430\u0432\u0442\u043e\u043c\u043e\u0431\u0438\u043b\u044f \u0432 \u0437\u0438\u043c\u043d\u0435\u0435 \u0432\u0440\u0435\u043c\u044f.\u0422\u0435\u043c\u043f\u0435\u0440\u0430\u0442\u0443\u0440\u0430 \u0437\u0430\u043c\u0435\u0440\u0437\u0430\u043d\u0438\u044f:\u00a0 -36 \u00b0C. \u041d\u0435 \u043f\u043e\u0432\u0440\u0435\u0436\u0434\u0430\u0435\u0442 \u0440\u0435\u0437\u0438\u043d\u043e\u0432\u044b\u0435 \u0438\u043b\u0438 \u043f\u043b\u0430\u0441\u0442\u0438\u043a\u043e\u0432\u044b\u0435 \u0434\u0435\u0442\u0430\u043b\u0438. \u0421\u0434\u0435\u043b\u0430\u043d\u043e \u0432 MasterChem.<\/p>\n","protected":false},"featured_media":7678,"template":"","meta":{"_monsterinsights_skip_tracking":false,"_monsterinsights_sitenote_active":false,"_monsterinsights_sitenote_note":"","_monsterinsights_sitenote_category":0},"product_brand":[],"product_cat":[307,276,255,248,250,272,246,290,286,288],"product_tag":[],"class_list":{"0":"post-12099","1":"product","2":"type-product","3":"status-publish","4":"has-post-thumbnail","6":"product_cat-building-industry","7":"product_cat-m","8":"product_cat-255","9":"product_cat-248","10":"product_cat-250","11":"product_cat-272","12":"product_cat-246","13":"product_cat-290","14":"product_cat-286","15":"product_cat-288","17":"first","18":"instock","19":"taxable","20":"shipping-taxable","21":"purchasable","22":"product-type-variable","23":"has-default-attributes"},"yoast_head":"<!-- This site is optimized with the Yoast SEO plugin v27.4 - https:\/\/yoast.com\/product\/yoast-seo-wordpress\/ -->\n<title>\u0410\u043d\u0442\u0438\u0444\u0440\u0438\u0437 \u043a\u0440\u0430\u0441\u043d\u044b\u0439 \u0432\u044b\u0441\u043e\u043a\u043e\u0433\u043e \u043a\u0430\u0447\u0435\u0441\u0442\u0432\u0430 -38\u00b0C MasterChem<\/title>\n<meta name=\"description\" content=\"\u041d\u0430 \u043e\u0441\u043d\u043e\u0432\u0435 \u044d\u0442\u0438\u043b\u0435\u043d\u0433\u043b\u0438\u043a\u043e\u043b\u044f \u0432\u044b\u0441\u043e\u043a\u043e\u0433\u043e \u043a\u0430\u0447\u0435\u0441\u0442\u0432\u0430 \u043e\u0445\u043b\u0430\u0436\u0434\u0430\u044e\u0449\u0430\u044f \u0436\u0438\u0434\u043a\u043e\u0441\u0442\u044c. \u0417\u0430\u0449\u0438\u0449\u0430\u0435\u0442 \u0441\u0438\u0441\u0442\u0435\u043c\u0443 \u043e\u0445\u043b\u0430\u0436\u0434\u0435\u043d\u0438\u044f \u043f\u0440\u0438 \u0442\u0435\u043c\u043f\u0435\u0440\u0430\u0442\u0443\u0440\u0435 \u0432\u044b\u0448\u0435 -38\u00b0 \u0421.\" \/>\n<meta name=\"robots\" content=\"index, follow, max-snippet:-1, max-image-preview:large, max-video-preview:-1\" \/>\n<link rel=\"canonical\" href=\"https:\/\/masterchem.lv\/ru\/product\/%d0%b0%d0%bd%d1%82%d0%b8%d1%84%d1%80%d0%b8%d0%b7-%d0%ba%d1%80%d0%b0%d1%81%d0%bd%d1%8b%d0%b9-%d0%b2%d1%8b%d1%81%d0%be%d0%ba%d0%be%d0%b3%d0%be-%d0%ba%d0%b0%d1%87%d0%b5%d1%81%d1%82%d0%b2%d0%b0-38c\/\" \/>\n<meta property=\"og:locale\" content=\"ru_RU\" \/>\n<meta property=\"og:type\" content=\"article\" \/>\n<meta property=\"og:title\" content=\"\u0410\u043d\u0442\u0438\u0444\u0440\u0438\u0437 \u043a\u0440\u0430\u0441\u043d\u044b\u0439 \u0432\u044b\u0441\u043e\u043a\u043e\u0433\u043e \u043a\u0430\u0447\u0435\u0441\u0442\u0432\u0430 -38\u00b0C MasterChem\" \/>\n<meta property=\"og:description\" content=\"\u041d\u0430 \u043e\u0441\u043d\u043e\u0432\u0435 \u044d\u0442\u0438\u043b\u0435\u043d\u0433\u043b\u0438\u043a\u043e\u043b\u044f \u0432\u044b\u0441\u043e\u043a\u043e\u0433\u043e \u043a\u0430\u0447\u0435\u0441\u0442\u0432\u0430 \u043e\u0445\u043b\u0430\u0436\u0434\u0430\u044e\u0449\u0430\u044f \u0436\u0438\u0434\u043a\u043e\u0441\u0442\u044c. \u0417\u0430\u0449\u0438\u0449\u0430\u0435\u0442 \u0441\u0438\u0441\u0442\u0435\u043c\u0443 \u043e\u0445\u043b\u0430\u0436\u0434\u0435\u043d\u0438\u044f \u043f\u0440\u0438 \u0442\u0435\u043c\u043f\u0435\u0440\u0430\u0442\u0443\u0440\u0435 \u0432\u044b\u0448\u0435 -38\u00b0 \u0421.\" \/>\n<meta property=\"og:url\" content=\"https:\/\/masterchem.lv\/ru\/product\/%d0%b0%d0%bd%d1%82%d0%b8%d1%84%d1%80%d0%b8%d0%b7-%d0%ba%d1%80%d0%b0%d1%81%d0%bd%d1%8b%d0%b9-%d0%b2%d1%8b%d1%81%d0%be%d0%ba%d0%be%d0%b3%d0%be-%d0%ba%d0%b0%d1%87%d0%b5%d1%81%d1%82%d0%b2%d0%b0-38c\/\" \/>\n<meta property=\"og:site_name\" content=\"\u0136\u012bmija r\u016bpniec\u012bbai &mdash; &Scaron;\u0137\u012bdin\u0101t\u0101ji un \u0137\u012bmisk\u0101s vielas &mdash; Masterchem.ee\" \/>\n<meta property=\"article:modified_time\" content=\"2026-03-27T11:29:12+00:00\" \/>\n<meta property=\"og:image\" content=\"https:\/\/masterchem.lv\/wp-content\/uploads\/2023\/03\/Antifreeze-Coolant-Longlife-1.jpg\" \/>\n\t<meta property=\"og:image:width\" content=\"700\" \/>\n\t<meta property=\"og:image:height\" content=\"700\" \/>\n\t<meta property=\"og:image:type\" content=\"image\/jpeg\" \/>\n<meta name=\"twitter:card\" content=\"summary_large_image\" \/>\n<meta name=\"twitter:label1\" content=\"\u041f\u0440\u0438\u043c\u0435\u0440\u043d\u043e\u0435 \u0432\u0440\u0435\u043c\u044f \u0434\u043b\u044f \u0447\u0442\u0435\u043d\u0438\u044f\" \/>\n\t<meta name=\"twitter:data1\" content=\"1 \u043c\u0438\u043d\u0443\u0442\u0430\" \/>\n<script type=\"application\/ld+json\" class=\"yoast-schema-graph\">{\"@context\":\"https:\\\/\\\/schema.org\",\"@graph\":[{\"@type\":\"WebPage\",\"@id\":\"https:\\\/\\\/masterchem.lv\\\/ru\\\/product\\\/%d0%b0%d0%bd%d1%82%d0%b8%d1%84%d1%80%d0%b8%d0%b7-%d0%ba%d1%80%d0%b0%d1%81%d0%bd%d1%8b%d0%b9-%d0%b2%d1%8b%d1%81%d0%be%d0%ba%d0%be%d0%b3%d0%be-%d0%ba%d0%b0%d1%87%d0%b5%d1%81%d1%82%d0%b2%d0%b0-38c\\\/\",\"url\":\"https:\\\/\\\/masterchem.lv\\\/ru\\\/product\\\/%d0%b0%d0%bd%d1%82%d0%b8%d1%84%d1%80%d0%b8%d0%b7-%d0%ba%d1%80%d0%b0%d1%81%d0%bd%d1%8b%d0%b9-%d0%b2%d1%8b%d1%81%d0%be%d0%ba%d0%be%d0%b3%d0%be-%d0%ba%d0%b0%d1%87%d0%b5%d1%81%d1%82%d0%b2%d0%b0-38c\\\/\",\"name\":\"\u0410\u043d\u0442\u0438\u0444\u0440\u0438\u0437 \u043a\u0440\u0430\u0441\u043d\u044b\u0439 \u0432\u044b\u0441\u043e\u043a\u043e\u0433\u043e \u043a\u0430\u0447\u0435\u0441\u0442\u0432\u0430 -38\u00b0C MasterChem\",\"isPartOf\":{\"@id\":\"https:\\\/\\\/masterchem.lv\\\/ru\\\/#website\"},\"primaryImageOfPage\":{\"@id\":\"https:\\\/\\\/masterchem.lv\\\/ru\\\/product\\\/%d0%b0%d0%bd%d1%82%d0%b8%d1%84%d1%80%d0%b8%d0%b7-%d0%ba%d1%80%d0%b0%d1%81%d0%bd%d1%8b%d0%b9-%d0%b2%d1%8b%d1%81%d0%be%d0%ba%d0%be%d0%b3%d0%be-%d0%ba%d0%b0%d1%87%d0%b5%d1%81%d1%82%d0%b2%d0%b0-38c\\\/#primaryimage\"},\"image\":{\"@id\":\"https:\\\/\\\/masterchem.lv\\\/ru\\\/product\\\/%d0%b0%d0%bd%d1%82%d0%b8%d1%84%d1%80%d0%b8%d0%b7-%d0%ba%d1%80%d0%b0%d1%81%d0%bd%d1%8b%d0%b9-%d0%b2%d1%8b%d1%81%d0%be%d0%ba%d0%be%d0%b3%d0%be-%d0%ba%d0%b0%d1%87%d0%b5%d1%81%d1%82%d0%b2%d0%b0-38c\\\/#primaryimage\"},\"thumbnailUrl\":\"https:\\\/\\\/masterchem.lv\\\/wp-content\\\/uploads\\\/2023\\\/03\\\/Antifreeze-Coolant-Longlife-1.jpg\",\"datePublished\":\"2023-03-08T07:51:48+00:00\",\"dateModified\":\"2026-03-27T11:29:12+00:00\",\"description\":\"\u041d\u0430 \u043e\u0441\u043d\u043e\u0432\u0435 \u044d\u0442\u0438\u043b\u0435\u043d\u0433\u043b\u0438\u043a\u043e\u043b\u044f \u0432\u044b\u0441\u043e\u043a\u043e\u0433\u043e \u043a\u0430\u0447\u0435\u0441\u0442\u0432\u0430 \u043e\u0445\u043b\u0430\u0436\u0434\u0430\u044e\u0449\u0430\u044f \u0436\u0438\u0434\u043a\u043e\u0441\u0442\u044c. \u0417\u0430\u0449\u0438\u0449\u0430\u0435\u0442 \u0441\u0438\u0441\u0442\u0435\u043c\u0443 \u043e\u0445\u043b\u0430\u0436\u0434\u0435\u043d\u0438\u044f \u043f\u0440\u0438 \u0442\u0435\u043c\u043f\u0435\u0440\u0430\u0442\u0443\u0440\u0435 \u0432\u044b\u0448\u0435 -38\u00b0 \u0421.\",\"breadcrumb\":{\"@id\":\"https:\\\/\\\/masterchem.lv\\\/ru\\\/product\\\/%d0%b0%d0%bd%d1%82%d0%b8%d1%84%d1%80%d0%b8%d0%b7-%d0%ba%d1%80%d0%b0%d1%81%d0%bd%d1%8b%d0%b9-%d0%b2%d1%8b%d1%81%d0%be%d0%ba%d0%be%d0%b3%d0%be-%d0%ba%d0%b0%d1%87%d0%b5%d1%81%d1%82%d0%b2%d0%b0-38c\\\/#breadcrumb\"},\"inLanguage\":\"ru-RU\",\"potentialAction\":[{\"@type\":\"ReadAction\",\"target\":[\"https:\\\/\\\/masterchem.lv\\\/ru\\\/product\\\/%d0%b0%d0%bd%d1%82%d0%b8%d1%84%d1%80%d0%b8%d0%b7-%d0%ba%d1%80%d0%b0%d1%81%d0%bd%d1%8b%d0%b9-%d0%b2%d1%8b%d1%81%d0%be%d0%ba%d0%be%d0%b3%d0%be-%d0%ba%d0%b0%d1%87%d0%b5%d1%81%d1%82%d0%b2%d0%b0-38c\\\/\"]}]},{\"@type\":\"ImageObject\",\"inLanguage\":\"ru-RU\",\"@id\":\"https:\\\/\\\/masterchem.lv\\\/ru\\\/product\\\/%d0%b0%d0%bd%d1%82%d0%b8%d1%84%d1%80%d0%b8%d0%b7-%d0%ba%d1%80%d0%b0%d1%81%d0%bd%d1%8b%d0%b9-%d0%b2%d1%8b%d1%81%d0%be%d0%ba%d0%be%d0%b3%d0%be-%d0%ba%d0%b0%d1%87%d0%b5%d1%81%d1%82%d0%b2%d0%b0-38c\\\/#primaryimage\",\"url\":\"https:\\\/\\\/masterchem.lv\\\/wp-content\\\/uploads\\\/2023\\\/03\\\/Antifreeze-Coolant-Longlife-1.jpg\",\"contentUrl\":\"https:\\\/\\\/masterchem.lv\\\/wp-content\\\/uploads\\\/2023\\\/03\\\/Antifreeze-Coolant-Longlife-1.jpg\",\"width\":700,\"height\":700},{\"@type\":\"BreadcrumbList\",\"@id\":\"https:\\\/\\\/masterchem.lv\\\/ru\\\/product\\\/%d0%b0%d0%bd%d1%82%d0%b8%d1%84%d1%80%d0%b8%d0%b7-%d0%ba%d1%80%d0%b0%d1%81%d0%bd%d1%8b%d0%b9-%d0%b2%d1%8b%d1%81%d0%be%d0%ba%d0%be%d0%b3%d0%be-%d0%ba%d0%b0%d1%87%d0%b5%d1%81%d1%82%d0%b2%d0%b0-38c\\\/#breadcrumb\",\"itemListElement\":[{\"@type\":\"ListItem\",\"position\":1,\"name\":\"Home\",\"item\":\"https:\\\/\\\/masterchem.lv\\\/ru\\\/\"},{\"@type\":\"ListItem\",\"position\":2,\"name\":\"\u041c\u0430\u0433\u0430\u0437\u0438\u043d\",\"item\":\"https:\\\/\\\/masterchem.lv\\\/%d0%bc%d0%b0%d0%b3%d0%b0%d0%b7%d0%b8%d0%bd\\\/\"},{\"@type\":\"ListItem\",\"position\":3,\"name\":\"\u0410\u043d\u0442\u0438\u0444\u0440\u0438\u0437 \u043a\u0440\u0430\u0441\u043d\u044b\u0439 \u0432\u044b\u0441\u043e\u043a\u043e\u0433\u043e \u043a\u0430\u0447\u0435\u0441\u0442\u0432\u0430 -38\u00b0C MasterChem\"}]},{\"@type\":\"WebSite\",\"@id\":\"https:\\\/\\\/masterchem.lv\\\/ru\\\/#website\",\"url\":\"https:\\\/\\\/masterchem.lv\\\/ru\\\/\",\"name\":\"\u0136\u012bmija r\u016bpniec\u012bbai &mdash; &Scaron;\u0137\u012bdin\u0101t\u0101ji un \u0137\u012bmisk\u0101s vielas &mdash; Masterchem.ee\",\"description\":\"\u0136\u012bmija r\u016bpniec\u012bbai&nbsp;&mdash; &scaron;\u0137\u012bdin\u0101t\u0101ji un \u0137\u012bmisk\u0101s vielas\",\"potentialAction\":[{\"@type\":\"SearchAction\",\"target\":{\"@type\":\"EntryPoint\",\"urlTemplate\":\"https:\\\/\\\/masterchem.lv\\\/ru\\\/?s={search_term_string}\"},\"query-input\":{\"@type\":\"PropertyValueSpecification\",\"valueRequired\":true,\"valueName\":\"search_term_string\"}}],\"inLanguage\":\"ru-RU\"}]}<\/script>\n<!-- \/ Yoast SEO plugin. -->","yoast_head_json":{"title":"\u0410\u043d\u0442\u0438\u0444\u0440\u0438\u0437 \u043a\u0440\u0430\u0441\u043d\u044b\u0439 \u0432\u044b\u0441\u043e\u043a\u043e\u0433\u043e \u043a\u0430\u0447\u0435\u0441\u0442\u0432\u0430 -38\u00b0C MasterChem","description":"\u041d\u0430 \u043e\u0441\u043d\u043e\u0432\u0435 \u044d\u0442\u0438\u043b\u0435\u043d\u0433\u043b\u0438\u043a\u043e\u043b\u044f \u0432\u044b\u0441\u043e\u043a\u043e\u0433\u043e \u043a\u0430\u0447\u0435\u0441\u0442\u0432\u0430 \u043e\u0445\u043b\u0430\u0436\u0434\u0430\u044e\u0449\u0430\u044f \u0436\u0438\u0434\u043a\u043e\u0441\u0442\u044c. \u0417\u0430\u0449\u0438\u0449\u0430\u0435\u0442 \u0441\u0438\u0441\u0442\u0435\u043c\u0443 \u043e\u0445\u043b\u0430\u0436\u0434\u0435\u043d\u0438\u044f \u043f\u0440\u0438 \u0442\u0435\u043c\u043f\u0435\u0440\u0430\u0442\u0443\u0440\u0435 \u0432\u044b\u0448\u0435 -38\u00b0 \u0421.","robots":{"index":"index","follow":"follow","max-snippet":"max-snippet:-1","max-image-preview":"max-image-preview:large","max-video-preview":"max-video-preview:-1"},"canonical":"https:\/\/masterchem.lv\/ru\/product\/%d0%b0%d0%bd%d1%82%d0%b8%d1%84%d1%80%d0%b8%d0%b7-%d0%ba%d1%80%d0%b0%d1%81%d0%bd%d1%8b%d0%b9-%d0%b2%d1%8b%d1%81%d0%be%d0%ba%d0%be%d0%b3%d0%be-%d0%ba%d0%b0%d1%87%d0%b5%d1%81%d1%82%d0%b2%d0%b0-38c\/","og_locale":"ru_RU","og_type":"article","og_title":"\u0410\u043d\u0442\u0438\u0444\u0440\u0438\u0437 \u043a\u0440\u0430\u0441\u043d\u044b\u0439 \u0432\u044b\u0441\u043e\u043a\u043e\u0433\u043e \u043a\u0430\u0447\u0435\u0441\u0442\u0432\u0430 -38\u00b0C MasterChem","og_description":"\u041d\u0430 \u043e\u0441\u043d\u043e\u0432\u0435 \u044d\u0442\u0438\u043b\u0435\u043d\u0433\u043b\u0438\u043a\u043e\u043b\u044f \u0432\u044b\u0441\u043e\u043a\u043e\u0433\u043e \u043a\u0430\u0447\u0435\u0441\u0442\u0432\u0430 \u043e\u0445\u043b\u0430\u0436\u0434\u0430\u044e\u0449\u0430\u044f \u0436\u0438\u0434\u043a\u043e\u0441\u0442\u044c. \u0417\u0430\u0449\u0438\u0449\u0430\u0435\u0442 \u0441\u0438\u0441\u0442\u0435\u043c\u0443 \u043e\u0445\u043b\u0430\u0436\u0434\u0435\u043d\u0438\u044f \u043f\u0440\u0438 \u0442\u0435\u043c\u043f\u0435\u0440\u0430\u0442\u0443\u0440\u0435 \u0432\u044b\u0448\u0435 -38\u00b0 \u0421.","og_url":"https:\/\/masterchem.lv\/ru\/product\/%d0%b0%d0%bd%d1%82%d0%b8%d1%84%d1%80%d0%b8%d0%b7-%d0%ba%d1%80%d0%b0%d1%81%d0%bd%d1%8b%d0%b9-%d0%b2%d1%8b%d1%81%d0%be%d0%ba%d0%be%d0%b3%d0%be-%d0%ba%d0%b0%d1%87%d0%b5%d1%81%d1%82%d0%b2%d0%b0-38c\/","og_site_name":"\u0136\u012bmija r\u016bpniec\u012bbai &mdash; &Scaron;\u0137\u012bdin\u0101t\u0101ji un \u0137\u012bmisk\u0101s vielas &mdash; Masterchem.ee","article_modified_time":"2026-03-27T11:29:12+00:00","og_image":[{"width":700,"height":700,"url":"https:\/\/masterchem.lv\/wp-content\/uploads\/2023\/03\/Antifreeze-Coolant-Longlife-1.jpg","type":"image\/jpeg"}],"twitter_card":"summary_large_image","twitter_misc":{"\u041f\u0440\u0438\u043c\u0435\u0440\u043d\u043e\u0435 \u0432\u0440\u0435\u043c\u044f \u0434\u043b\u044f \u0447\u0442\u0435\u043d\u0438\u044f":"1 \u043c\u0438\u043d\u0443\u0442\u0430"},"schema":{"@context":"https:\/\/schema.org","@graph":[{"@type":"WebPage","@id":"https:\/\/masterchem.lv\/ru\/product\/%d0%b0%d0%bd%d1%82%d0%b8%d1%84%d1%80%d0%b8%d0%b7-%d0%ba%d1%80%d0%b0%d1%81%d0%bd%d1%8b%d0%b9-%d0%b2%d1%8b%d1%81%d0%be%d0%ba%d0%be%d0%b3%d0%be-%d0%ba%d0%b0%d1%87%d0%b5%d1%81%d1%82%d0%b2%d0%b0-38c\/","url":"https:\/\/masterchem.lv\/ru\/product\/%d0%b0%d0%bd%d1%82%d0%b8%d1%84%d1%80%d0%b8%d0%b7-%d0%ba%d1%80%d0%b0%d1%81%d0%bd%d1%8b%d0%b9-%d0%b2%d1%8b%d1%81%d0%be%d0%ba%d0%be%d0%b3%d0%be-%d0%ba%d0%b0%d1%87%d0%b5%d1%81%d1%82%d0%b2%d0%b0-38c\/","name":"\u0410\u043d\u0442\u0438\u0444\u0440\u0438\u0437 \u043a\u0440\u0430\u0441\u043d\u044b\u0439 \u0432\u044b\u0441\u043e\u043a\u043e\u0433\u043e \u043a\u0430\u0447\u0435\u0441\u0442\u0432\u0430 -38\u00b0C MasterChem","isPartOf":{"@id":"https:\/\/masterchem.lv\/ru\/#website"},"primaryImageOfPage":{"@id":"https:\/\/masterchem.lv\/ru\/product\/%d0%b0%d0%bd%d1%82%d0%b8%d1%84%d1%80%d0%b8%d0%b7-%d0%ba%d1%80%d0%b0%d1%81%d0%bd%d1%8b%d0%b9-%d0%b2%d1%8b%d1%81%d0%be%d0%ba%d0%be%d0%b3%d0%be-%d0%ba%d0%b0%d1%87%d0%b5%d1%81%d1%82%d0%b2%d0%b0-38c\/#primaryimage"},"image":{"@id":"https:\/\/masterchem.lv\/ru\/product\/%d0%b0%d0%bd%d1%82%d0%b8%d1%84%d1%80%d0%b8%d0%b7-%d0%ba%d1%80%d0%b0%d1%81%d0%bd%d1%8b%d0%b9-%d0%b2%d1%8b%d1%81%d0%be%d0%ba%d0%be%d0%b3%d0%be-%d0%ba%d0%b0%d1%87%d0%b5%d1%81%d1%82%d0%b2%d0%b0-38c\/#primaryimage"},"thumbnailUrl":"https:\/\/masterchem.lv\/wp-content\/uploads\/2023\/03\/Antifreeze-Coolant-Longlife-1.jpg","datePublished":"2023-03-08T07:51:48+00:00","dateModified":"2026-03-27T11:29:12+00:00","description":"\u041d\u0430 \u043e\u0441\u043d\u043e\u0432\u0435 \u044d\u0442\u0438\u043b\u0435\u043d\u0433\u043b\u0438\u043a\u043e\u043b\u044f \u0432\u044b\u0441\u043e\u043a\u043e\u0433\u043e \u043a\u0430\u0447\u0435\u0441\u0442\u0432\u0430 \u043e\u0445\u043b\u0430\u0436\u0434\u0430\u044e\u0449\u0430\u044f \u0436\u0438\u0434\u043a\u043e\u0441\u0442\u044c. \u0417\u0430\u0449\u0438\u0449\u0430\u0435\u0442 \u0441\u0438\u0441\u0442\u0435\u043c\u0443 \u043e\u0445\u043b\u0430\u0436\u0434\u0435\u043d\u0438\u044f \u043f\u0440\u0438 \u0442\u0435\u043c\u043f\u0435\u0440\u0430\u0442\u0443\u0440\u0435 \u0432\u044b\u0448\u0435 -38\u00b0 \u0421.","breadcrumb":{"@id":"https:\/\/masterchem.lv\/ru\/product\/%d0%b0%d0%bd%d1%82%d0%b8%d1%84%d1%80%d0%b8%d0%b7-%d0%ba%d1%80%d0%b0%d1%81%d0%bd%d1%8b%d0%b9-%d0%b2%d1%8b%d1%81%d0%be%d0%ba%d0%be%d0%b3%d0%be-%d0%ba%d0%b0%d1%87%d0%b5%d1%81%d1%82%d0%b2%d0%b0-38c\/#breadcrumb"},"inLanguage":"ru-RU","potentialAction":[{"@type":"ReadAction","target":["https:\/\/masterchem.lv\/ru\/product\/%d0%b0%d0%bd%d1%82%d0%b8%d1%84%d1%80%d0%b8%d0%b7-%d0%ba%d1%80%d0%b0%d1%81%d0%bd%d1%8b%d0%b9-%d0%b2%d1%8b%d1%81%d0%be%d0%ba%d0%be%d0%b3%d0%be-%d0%ba%d0%b0%d1%87%d0%b5%d1%81%d1%82%d0%b2%d0%b0-38c\/"]}]},{"@type":"ImageObject","inLanguage":"ru-RU","@id":"https:\/\/masterchem.lv\/ru\/product\/%d0%b0%d0%bd%d1%82%d0%b8%d1%84%d1%80%d0%b8%d0%b7-%d0%ba%d1%80%d0%b0%d1%81%d0%bd%d1%8b%d0%b9-%d0%b2%d1%8b%d1%81%d0%be%d0%ba%d0%be%d0%b3%d0%be-%d0%ba%d0%b0%d1%87%d0%b5%d1%81%d1%82%d0%b2%d0%b0-38c\/#primaryimage","url":"https:\/\/masterchem.lv\/wp-content\/uploads\/2023\/03\/Antifreeze-Coolant-Longlife-1.jpg","contentUrl":"https:\/\/masterchem.lv\/wp-content\/uploads\/2023\/03\/Antifreeze-Coolant-Longlife-1.jpg","width":700,"height":700},{"@type":"BreadcrumbList","@id":"https:\/\/masterchem.lv\/ru\/product\/%d0%b0%d0%bd%d1%82%d0%b8%d1%84%d1%80%d0%b8%d0%b7-%d0%ba%d1%80%d0%b0%d1%81%d0%bd%d1%8b%d0%b9-%d0%b2%d1%8b%d1%81%d0%be%d0%ba%d0%be%d0%b3%d0%be-%d0%ba%d0%b0%d1%87%d0%b5%d1%81%d1%82%d0%b2%d0%b0-38c\/#breadcrumb","itemListElement":[{"@type":"ListItem","position":1,"name":"Home","item":"https:\/\/masterchem.lv\/ru\/"},{"@type":"ListItem","position":2,"name":"\u041c\u0430\u0433\u0430\u0437\u0438\u043d","item":"https:\/\/masterchem.lv\/%d0%bc%d0%b0%d0%b3%d0%b0%d0%b7%d0%b8%d0%bd\/"},{"@type":"ListItem","position":3,"name":"\u0410\u043d\u0442\u0438\u0444\u0440\u0438\u0437 \u043a\u0440\u0430\u0441\u043d\u044b\u0439 \u0432\u044b\u0441\u043e\u043a\u043e\u0433\u043e \u043a\u0430\u0447\u0435\u0441\u0442\u0432\u0430 -38\u00b0C MasterChem"}]},{"@type":"WebSite","@id":"https:\/\/masterchem.lv\/ru\/#website","url":"https:\/\/masterchem.lv\/ru\/","name":"\u0136\u012bmija r\u016bpniec\u012bbai &mdash; &Scaron;\u0137\u012bdin\u0101t\u0101ji un \u0137\u012bmisk\u0101s vielas &mdash; Masterchem.ee","description":"\u0136\u012bmija r\u016bpniec\u012bbai&nbsp;&mdash; &scaron;\u0137\u012bdin\u0101t\u0101ji un \u0137\u012bmisk\u0101s vielas","potentialAction":[{"@type":"SearchAction","target":{"@type":"EntryPoint","urlTemplate":"https:\/\/masterchem.lv\/ru\/?s={search_term_string}"},"query-input":{"@type":"PropertyValueSpecification","valueRequired":true,"valueName":"search_term_string"}}],"inLanguage":"ru-RU"}]}},"_links":{"self":[{"href":"https:\/\/masterchem.lv\/ru\/wp-json\/wp\/v2\/product\/12099","targetHints":{"allow":["GET"]}}],"collection":[{"href":"https:\/\/masterchem.lv\/ru\/wp-json\/wp\/v2\/product"}],"about":[{"href":"https:\/\/masterchem.lv\/ru\/wp-json\/wp\/v2\/types\/product"}],"wp:featuredmedia":[{"embeddable":true,"href":"https:\/\/masterchem.lv\/ru\/wp-json\/wp\/v2\/media\/7678"}],"wp:attachment":[{"href":"https:\/\/masterchem.lv\/ru\/wp-json\/wp\/v2\/media?parent=12099"}],"wp:term":[{"taxonomy":"product_brand","embeddable":true,"href":"https:\/\/masterchem.lv\/ru\/wp-json\/wp\/v2\/product_brand?post=12099"},{"taxonomy":"product_cat","embeddable":true,"href":"https:\/\/masterchem.lv\/ru\/wp-json\/wp\/v2\/product_cat?post=12099"},{"taxonomy":"product_tag","embeddable":true,"href":"https:\/\/masterchem.lv\/ru\/wp-json\/wp\/v2\/product_tag?post=12099"}],"curies":[{"name":"wp","href":"https:\/\/api.w.org\/{rel}","templated":true}]}}