{"id":12288,"date":"2023-03-08T07:53:18","date_gmt":"2023-03-08T07:53:18","guid":{"rendered":"https:\/\/masterchem.lv\/product\/%d1%8d%d1%82%d0%b0%d0%bd%d0%be%d0%bb-96-%d0%b4%d0%bb%d1%8f-%d0%b7%d0%b5%d0%bc%d0%bb%d1%8f%d0%bd%d0%be%d0%b3%d0%be-%d0%be%d1%82%d0%be%d0%bf%d0%bb%d0%b5%d0%bd%d0%b8%d1%8f\/"},"modified":"2024-09-09T17:47:56","modified_gmt":"2024-09-09T17:47:56","slug":"%d1%8d%d1%82%d0%b0%d0%bd%d0%be%d0%bb-89-%d0%b4%d0%bb%d1%8f-%d0%b7%d0%b5%d0%bc%d0%bb%d1%8f%d0%bd%d0%be%d0%b3%d0%be-%d0%be%d1%82%d0%be%d0%bf%d0%bb%d0%b5%d0%bd%d0%b8%d1%8f","status":"publish","type":"product","link":"https:\/\/masterchem.lv\/ru\/product\/%d1%8d%d1%82%d0%b0%d0%bd%d0%be%d0%bb-89-%d0%b4%d0%bb%d1%8f-%d0%b7%d0%b5%d0%bc%d0%bb%d1%8f%d0%bd%d0%be%d0%b3%d0%be-%d0%be%d1%82%d0%be%d0%bf%d0%bb%d0%b5%d0%bd%d0%b8%d1%8f\/","title":{"rendered":"\u042d\u0442\u0430\u043d\u043e\u043b 88% \u0434\u043b\u044f \u0437\u0435\u043c\u043b\u044f\u043d\u043e\u0433\u043e \u043e\u0442\u043e\u043f\u043b\u0435\u043d\u0438\u044f"},"content":{"rendered":"<p><strong>\u041e\u043f\u0438\u0441\u0430\u043d\u0438\u0435:<\/strong><\/p>\n<p><span style=\"font-weight: 400;\">\u041f\u0440\u043e\u0437\u0440\u0430\u0447\u043d\u0430\u044f \u0436\u0438\u0434\u043a\u043e\u0441\u0442\u044c \u0431\u0435\u0437 \u0437\u0430\u043f\u0430\u0445\u0430.<\/span><\/p>\n<p><span style=\"font-weight: 400;\">\u041f\u043b\u043e\u0442\u043d\u043e\u0441\u0442\u044c ~0,830 \u0433\u0440\/\u0441\u043c3<\/span><\/p>\n<p><span style=\"font-weight: 400;\">\u0422\u0435\u043c\u043f\u0435\u0440\u0430\u0442\u0443\u0440\u0430 \u0432\u043e\u0437\u0433\u043e\u0440\u0430\u043d\u0438\u044f\u00a0 21 \u0421<\/span><\/p>\n<p><span style=\"font-weight: 400;\">\u0422\u0435\u043c\u043f\u0435\u0440\u0430\u0442\u0443\u0440\u0430 \u0437\u0430\u043c\u0435\u0440\u0437\u0430\u043d\u0438\u044f -72 \u0421<\/span><\/p>\n<p><strong>\u0421\u043e\u0441\u0442\u0430\u0432:<\/strong><\/p>\n<p><span style=\"font-weight: 400;\">\u042d\u0442\u0430\u043d\u043e\u043b 88%<\/span><\/p>\n<p><\/p>\n<h3>\u0420\u0430\u0441\u0447\u0435\u0442 \u043e\u0431\u044a\u0435\u043c\u0430 \u0441\u0438\u0441\u0442\u0435\u043c\u044b \u043e\u0442\u043e\u043f\u043b\u0435\u043d\u0438\u044f<\/h3>\n<div class=\"heating_system_capacity\">\n<table>\n<tr>\n<th><label for=\"vid_radiatorov\">\u0412\u044b\u0431\u0435\u0440\u0438\u0442\u0435 \u0432\u0438\u0434 \u0440\u0430\u0434\u0438\u0430\u0442\u043e\u0440\u043e\u0432<\/label><\/th>\n<td><select id=\"vid_radiatorov\" name=\"vid_radiatorov\" size=\"1\"><option selected=\"selected\" value=\"3\">\u041f\u043e \u0443\u043c\u043e\u043b\u0447\u0430\u043d\u0438\u044e<\/option><option value=\"2.4\">\u0410\u043b\u044e\u043c\u0438\u043d\u0438\u0435\u0432\u044b\u0435 \u0441\u0435\u043a\u0446\u0438\u043e\u043d\u043d\u044b\u0435 &nbsp;&nbsp;&nbsp;&nbsp;&nbsp;&nbsp;<\/option><option value=\"3\">\u0421\u0442\u0430\u043b\u044c\u043d\u044b\u0435 \u043f\u0430\u043d\u0435\u043b\u044c\u043d\u044b\u0435<\/option><\/select><\/td>\n<\/tr>\n<tr>\n<th><label for=\"moshnost_radiatorov\">\u0421\u0443\u043c\u043c\u0430\u0440\u043d\u0430\u044f \u043c\u043e\u0449\u043d\u043e\u0441\u0442\u044c \u0440\u0430\u0434\u0438\u0430\u0442\u043e\u0440\u043e\u0432<\/label><\/th>\n<td><input id=\"moshnost_radiatorov\" name=\"moshnost_radiatorov\" onchange=\"return proverka_rus(this);\" size=\"6\" type=\"text\"> &nbsp;&nbsp;\u043a\u0412\u0442<\/td>\n<\/tr>\n<tr>\n<th><label for=\"objom_kotelnoy\">\u041e\u0431\u044a\u0435\u043c \u043a\u043e\u0442\u0435\u043b\u044c\u043d\u043e\u0439, \u043a\u043e\u043b\u043b\u0435\u043a\u0442\u043e\u0440\u0430\u0445 \u0438 \u0430\u0440\u043c\u0430\u0442\u0443\u0440\u0435<\/label><\/th>\n<td><input id=\"objom_kotelnoy\" name=\"objom_kotelnoy\" onchange=\"return proverka_rus(this);\" size=\"6\" type=\"text\" value=\"0\"> &nbsp;&nbsp; \u043b\u0438\u0442<\/td>\n<\/tr>\n<tr>\n<th><label for=\"objom_rash_bak\">\u041f\u043e\u043b\u043d\u044b\u0439 \u043e\u0431\u044a\u0435\u043c\u0430 \u0440\u0430\u0441\u0448\u0438\u0440\u0438\u0442\u0435\u043b\u044c\u043d\u043e\u0433\u043e \u0431\u0430\u043a\u0430<\/label><\/th>\n<td><input id=\"objom_rash_bak\" name=\"objom_rash_bak\" onchange=\"return proverka_rus(this);\" size=\"6\" type=\"text\" value=\"0\"> &nbsp;&nbsp; \u043b\u0438\u0442 (\u0440\u0430\u0441\u0447. \u0437\u0430\u043f\u043e\u043b\u043d\u0435\u043d\u0438\u0435 25%)<\/td>\n<\/tr>\n<\/table>\n<p><\/p>\n<table>\n<tbody>\n<tr>\n<th>\u0414\u0438\u0430\u043c\u0435\u0442\u0440 \u0442\u0440\u0443\u0431\u044b, \u043c\u043c<\/th>\n<th>\u0414\u043b\u0438\u043d\u0430 \u0442\u0440\u0443\u0431\u044b, \u043c<\/th>\n<\/tr>\n<tr>\n<td>16\u04452.0<\/td>\n<td><input id=\"d16x20\" name=\"d16x20\" onchange=\"return proverka_rus(this);\" size=\"6\" type=\"text\"><\/td>\n<\/tr>\n<tr>\n<td>20\u04452.0<\/td>\n<td><input id=\"d20x20\" name=\"d20x20\" onchange=\"return proverka_rus(this);\" size=\"6\" type=\"text\"><\/td>\n<\/tr>\n<tr>\n<td>26\u04453.0<\/td>\n<td><input id=\"d26x30\" name=\"d26x30\" onchange=\"return proverka_rus(this);\" size=\"6\" type=\"text\"><\/td>\n<\/tr>\n<tr>\n<td>32\u04453.0<\/td>\n<td><input id=\"d32x30\" name=\"d32x30\" onchange=\"return proverka_rus(this);\" size=\"6\" type=\"text\"><\/td>\n<\/tr>\n<tr>\n<td>20\u04453.4<\/td>\n<td><input id=\"d20x34\" name=\"d20x34\" onchange=\"return proverka_rus(this);\" size=\"6\" type=\"text\"><\/td>\n<\/tr>\n<tr>\n<td>25\u04454.2<\/td>\n<td><input id=\"d25x42\" name=\"d25x42\" onchange=\"return proverka_rus(this);\" size=\"6\" type=\"text\"><\/td>\n<\/tr>\n<tr>\n<td>32\u04455.4<\/td>\n<td><input id=\"d32x54\" name=\"d32x54\" onchange=\"return proverka_rus(this);\" size=\"6\" type=\"text\"><\/td>\n<\/tr>\n<tr>\n<td>40\u04456.7<\/td>\n<td><input id=\"d40x67\" name=\"d16\" onchange=\"return proverka_rus(this);\" size=\"6\" type=\"text\"><\/td>\n<\/tr>\n<\/tbody>\n<\/table>\n<p><button onclick=\"objom_sistemi()\">\u0420\u0430\u0441\u0441\u0447\u0438\u0442\u0430\u0442\u044c<\/button><\/p>\n<div id=\"heating_calculation_report\" style=\"display:none\">\n<p>\u0420\u0430\u0434\u0438\u0430\u0442\u043e\u0440\u044b: <span id=\"heating_calculation_report_radiators\"><\/span> \u043b\u0438\u0442<\/p>\n<p>\u041a\u043e\u0442\u0435\u043b, \u043a\u043e\u043b\u043b\u0435\u043a\u0442\u043e\u0440\u044b, \u0430\u0440\u043c\u0430\u0442\u0443\u0440\u0430: <span id=\"heating_calculation_report_boiler_collectors\"><\/span> \u043b\u0438\u0442<\/p>\n<p>\u0420\u0430\u0441\u0448\u0438\u0440\u0438\u0442\u0435\u043b\u044c\u043d\u044b\u0439 \u0431\u0430\u043a: <span id=\"heating_calculation_report_expansion_tank\"><\/span> \u043b\u0438\u0442<\/p>\n<p>\u0422\u0440\u0443\u0431\u044b: <span id=\"heating_calculation_report_pipes\"><\/span> \u043b\u0438\u0442<\/p>\n<p><strong>\u0418\u0442\u043e\u0433\u043e: <span id=\"heating_calculation_report_total\"><\/span> \u043b\u0438\u0442<\/strong><\/p>\n<\/div>\n<\/div>\n","protected":false},"excerpt":{"rendered":"<p><span style=\"font-weight: 400;\">\u041e\u0447\u0435\u043d\u044c \u043e\u0433\u043d\u0435\u043e\u043f\u0430\u0441\u043d\u043e!!<\/span><\/p>\n<p><span style=\"font-weight: 400;\">\u0414\u0435\u0440\u0436\u0430\u0442\u044c \u0434\u0430\u043b\u0435\u043a\u043e \u043e\u0442 \u0438\u0441\u0442\u043e\u0447\u043d\u0438\u043a\u043e\u0432 \u0433\u043e\u0440\u0435\u043d\u0438\u044f, \u0442\u0430\u043a\u0438\u0445 \u043a\u0430\u043a \u0433\u043e\u0440\u044f\u0447\u0438\u0435 \u043f\u043e\u0432\u0435\u0440\u0445\u043d\u043e\u0441\u0442\u0438, \u043f\u043b\u0430\u043c\u044f, \u0438\u0441\u043a\u0440\u044b.<\/span><\/p>\n<p><span style=\"font-weight: 400;\">\u041d\u0435 \u043a\u0443\u0440\u0438\u0442\u044c \u0432 \u043d\u0435\u043f\u043e\u0441\u0440\u0435\u0434\u0441\u0442\u0432\u0435\u043d\u043d\u043e\u0439 \u0431\u043b\u0438\u0437\u043e\u0441\u0442\u0438. \u041f\u0440\u043e\u0434\u0443\u043a\u0442 \u0434\u0435\u0440\u0436\u0430\u0442\u044c \u043f\u043b\u043e\u0442\u043d\u043e \u0437\u0430\u043a\u0440\u044b\u0442\u044b\u043c.\u00a0 \u041f\u0440\u0438 \u0432\u0437\u0430\u0438\u043c\u043e\u0434\u0435\u0439\u0441\u0442\u0432\u0438\u0438 \u0438\u0441\u043f\u043e\u043b\u044c\u0437\u043e\u0432\u0430\u0442\u044c \u0441\u0440\u0435\u0434\u0441\u0442\u0432\u0430 \u0437\u0430\u0449\u0438\u0442\u044b- \u043f\u0435\u0440\u0447\u0430\u0442\u043a\u0438, \u043e\u0434\u0435\u0436\u0434\u0430, \u043e\u0447\u043a\u0438, \u043c\u0430\u0441\u043a\u0430.<\/span><\/p>\n<p><span style=\"font-weight: 400;\">\u041f\u0440\u0438 \u043f\u043e\u043f\u0430\u0434\u0430\u043d\u0438\u0438 \u043d\u0430 \u043a\u043e\u0436\u0443\/\u0432\u043e\u043b\u043e\u0441\u044b \u043d\u0435\u043c\u0435\u0434\u043b\u0435\u043d\u043d\u043e \u0441\u043d\u044f\u0442\u044c \u0437\u0430\u0433\u0440\u044f\u0437\u043d\u0435\u043d\u043d\u0443\u044e \u043e\u0434\u0435\u0436\u0434\u0443 \u0438 \u043e\u0431\u0438\u043b\u044c\u043d\u043e \u043f\u0440\u043e\u043c\u044b\u0442\u044c \u043a\u043e\u0436\u0443\/\u0432\u043e\u043b\u043e\u0441\u044b\u00a0 \u043f\u0440\u043e\u0442\u043e\u0447\u043d\u043e\u0439 \u0432\u043e\u0434\u043e\u0439.\u00a0<\/span><\/p>\n<p><span style=\"font-weight: 400;\">\u0425\u0440\u0430\u043d\u0438\u0442\u044c \u043f\u0440\u043e\u0434\u0443\u043a\u0442 \u0432 \u043f\u0440\u043e\u0445\u043b\u0430\u0434\u043d\u043e\u043c \u0445\u043e\u0440\u043e\u0448\u043e \u0432\u0435\u043d\u0442\u0438\u043b\u0438\u0440\u0443\u0435\u043c\u043e\u043c \u043f\u043e\u043c\u0435\u0449\u0435\u043d\u0438\u0438. \u0418\u0441\u043f\u043e\u043b\u044c\u0437\u043e\u0432\u0430\u043d\u043d\u0443\u044e \u0442\u0430\u0440\u0443\/\u0435\u043c\u043a\u043e\u0441\u0442\u044c \u0443\u0442\u0438\u043b\u0438\u0437\u0438\u0440\u043e\u0432\u0430\u0442\u044c \u0441\u043e\u0433\u043b\u0430\u0441\u043d\u043e \u043f\u0440\u0435\u0434\u043f\u0438\u0441\u0430\u043d\u0438\u044e \u043e\u043f\u0430\u0441\u043d\u044b\u0445 \u043e\u0442\u0445\u043e\u0434\u043e\u0432.<\/span><\/p>\n","protected":false},"featured_media":7628,"template":"","meta":{"_monsterinsights_skip_tracking":false,"_monsterinsights_sitenote_active":false,"_monsterinsights_sitenote_note":"","_monsterinsights_sitenote_category":0},"product_brand":[],"product_cat":[276,255,250,272,246,274,282],"product_tag":[],"class_list":{"0":"post-12288","1":"product","2":"type-product","3":"status-publish","4":"has-post-thumbnail","6":"product_cat-m","7":"product_cat-255","8":"product_cat-250","9":"product_cat-272","10":"product_cat-246","11":"product_cat-274","12":"product_cat-282","14":"first","15":"instock","16":"taxable","17":"shipping-taxable","18":"purchasable","19":"product-type-variable","20":"has-default-attributes"},"yoast_head":"<!-- This site is optimized with the Yoast SEO plugin v27.4 - https:\/\/yoast.com\/product\/yoast-seo-wordpress\/ -->\n<title>\u042d\u0442\u0430\u043d\u043e\u043b 88% \u0434\u043b\u044f \u0437\u0435\u043c\u043b\u044f\u043d\u043e\u0433\u043e \u043e\u0442\u043e\u043f\u043b\u0435\u043d\u0438\u044f - \u0136\u012bmija r\u016bpniec\u012bbai &mdash; &Scaron;\u0137\u012bdin\u0101t\u0101ji un \u0137\u012bmisk\u0101s vielas &mdash; Masterchem.ee<\/title>\n<meta name=\"description\" content=\"\u042d\u0442\u0430\u043d\u043e\u043b 88% \u0434\u043b\u044f \u0437\u0435\u043c\u043b\u044f\u043d\u043e\u0433\u043e \u043e\u0442\u043e\u043f\u043b\u0435\u043d\u0438\u044f. \u0422\u0435\u043c\u043f\u0435\u0440\u0430\u0442\u0443\u0440\u0430 \u0432\u043e\u0437\u0433\u043e\u0440\u0430\u043d\u0438\u044f 21 \u0421, \u0422\u0435\u043c\u043f\u0435\u0440\u0430\u0442\u0443\u0440\u0430 \u0437\u0430\u043c\u0435\u0440\u0437\u0430\u043d\u0438\u044f -114 \u0421, \u0421\u043e\u0441\u0442\u0430\u0432: \u042d\u0442\u0430\u043d\u043e\u043b 96,6 %, \u0410\u0446\u0435\u0442\u043e\u043d ~3,3 %\" \/>\n<meta name=\"robots\" content=\"index, follow, max-snippet:-1, max-image-preview:large, max-video-preview:-1\" \/>\n<link rel=\"canonical\" href=\"https:\/\/masterchem.lv\/ru\/product\/%d1%8d%d1%82%d0%b0%d0%bd%d0%be%d0%bb-89-%d0%b4%d0%bb%d1%8f-%d0%b7%d0%b5%d0%bc%d0%bb%d1%8f%d0%bd%d0%be%d0%b3%d0%be-%d0%be%d1%82%d0%be%d0%bf%d0%bb%d0%b5%d0%bd%d0%b8%d1%8f\/\" \/>\n<meta property=\"og:locale\" content=\"ru_RU\" \/>\n<meta property=\"og:type\" content=\"article\" \/>\n<meta property=\"og:title\" content=\"\u042d\u0442\u0430\u043d\u043e\u043b 88% \u0434\u043b\u044f \u0437\u0435\u043c\u043b\u044f\u043d\u043e\u0433\u043e \u043e\u0442\u043e\u043f\u043b\u0435\u043d\u0438\u044f - \u0136\u012bmija r\u016bpniec\u012bbai &mdash; &Scaron;\u0137\u012bdin\u0101t\u0101ji un \u0137\u012bmisk\u0101s vielas &mdash; Masterchem.ee\" \/>\n<meta property=\"og:description\" content=\"\u042d\u0442\u0430\u043d\u043e\u043b 88% \u0434\u043b\u044f \u0437\u0435\u043c\u043b\u044f\u043d\u043e\u0433\u043e \u043e\u0442\u043e\u043f\u043b\u0435\u043d\u0438\u044f. \u0422\u0435\u043c\u043f\u0435\u0440\u0430\u0442\u0443\u0440\u0430 \u0432\u043e\u0437\u0433\u043e\u0440\u0430\u043d\u0438\u044f 21 \u0421, \u0422\u0435\u043c\u043f\u0435\u0440\u0430\u0442\u0443\u0440\u0430 \u0437\u0430\u043c\u0435\u0440\u0437\u0430\u043d\u0438\u044f -114 \u0421, \u0421\u043e\u0441\u0442\u0430\u0432: \u042d\u0442\u0430\u043d\u043e\u043b 96,6 %, \u0410\u0446\u0435\u0442\u043e\u043d ~3,3 %\" \/>\n<meta property=\"og:url\" content=\"https:\/\/masterchem.lv\/ru\/product\/%d1%8d%d1%82%d0%b0%d0%bd%d0%be%d0%bb-89-%d0%b4%d0%bb%d1%8f-%d0%b7%d0%b5%d0%bc%d0%bb%d1%8f%d0%bd%d0%be%d0%b3%d0%be-%d0%be%d1%82%d0%be%d0%bf%d0%bb%d0%b5%d0%bd%d0%b8%d1%8f\/\" \/>\n<meta property=\"og:site_name\" content=\"\u0136\u012bmija r\u016bpniec\u012bbai &mdash; &Scaron;\u0137\u012bdin\u0101t\u0101ji un \u0137\u012bmisk\u0101s vielas &mdash; Masterchem.ee\" \/>\n<meta property=\"article:modified_time\" content=\"2024-09-09T17:47:56+00:00\" \/>\n<meta property=\"og:image\" content=\"https:\/\/masterchem.lv\/wp-content\/uploads\/2023\/03\/Maak-tte-etanool-96-1000l-MaterChem-1.jpg\" \/>\n\t<meta property=\"og:image:width\" content=\"1000\" \/>\n\t<meta property=\"og:image:height\" content=\"1000\" \/>\n\t<meta property=\"og:image:type\" content=\"image\/jpeg\" \/>\n<meta name=\"twitter:card\" content=\"summary_large_image\" \/>\n<script type=\"application\/ld+json\" class=\"yoast-schema-graph\">{\"@context\":\"https:\\\/\\\/schema.org\",\"@graph\":[{\"@type\":\"WebPage\",\"@id\":\"https:\\\/\\\/masterchem.lv\\\/ru\\\/product\\\/%d1%8d%d1%82%d0%b0%d0%bd%d0%be%d0%bb-89-%d0%b4%d0%bb%d1%8f-%d0%b7%d0%b5%d0%bc%d0%bb%d1%8f%d0%bd%d0%be%d0%b3%d0%be-%d0%be%d1%82%d0%be%d0%bf%d0%bb%d0%b5%d0%bd%d0%b8%d1%8f\\\/\",\"url\":\"https:\\\/\\\/masterchem.lv\\\/ru\\\/product\\\/%d1%8d%d1%82%d0%b0%d0%bd%d0%be%d0%bb-89-%d0%b4%d0%bb%d1%8f-%d0%b7%d0%b5%d0%bc%d0%bb%d1%8f%d0%bd%d0%be%d0%b3%d0%be-%d0%be%d1%82%d0%be%d0%bf%d0%bb%d0%b5%d0%bd%d0%b8%d1%8f\\\/\",\"name\":\"\u042d\u0442\u0430\u043d\u043e\u043b 88% \u0434\u043b\u044f \u0437\u0435\u043c\u043b\u044f\u043d\u043e\u0433\u043e \u043e\u0442\u043e\u043f\u043b\u0435\u043d\u0438\u044f - \u0136\u012bmija r\u016bpniec\u012bbai &mdash; &Scaron;\u0137\u012bdin\u0101t\u0101ji un \u0137\u012bmisk\u0101s vielas &mdash; Masterchem.ee\",\"isPartOf\":{\"@id\":\"https:\\\/\\\/masterchem.lv\\\/ru\\\/#website\"},\"primaryImageOfPage\":{\"@id\":\"https:\\\/\\\/masterchem.lv\\\/ru\\\/product\\\/%d1%8d%d1%82%d0%b0%d0%bd%d0%be%d0%bb-89-%d0%b4%d0%bb%d1%8f-%d0%b7%d0%b5%d0%bc%d0%bb%d1%8f%d0%bd%d0%be%d0%b3%d0%be-%d0%be%d1%82%d0%be%d0%bf%d0%bb%d0%b5%d0%bd%d0%b8%d1%8f\\\/#primaryimage\"},\"image\":{\"@id\":\"https:\\\/\\\/masterchem.lv\\\/ru\\\/product\\\/%d1%8d%d1%82%d0%b0%d0%bd%d0%be%d0%bb-89-%d0%b4%d0%bb%d1%8f-%d0%b7%d0%b5%d0%bc%d0%bb%d1%8f%d0%bd%d0%be%d0%b3%d0%be-%d0%be%d1%82%d0%be%d0%bf%d0%bb%d0%b5%d0%bd%d0%b8%d1%8f\\\/#primaryimage\"},\"thumbnailUrl\":\"https:\\\/\\\/masterchem.lv\\\/wp-content\\\/uploads\\\/2023\\\/03\\\/Maak-tte-etanool-96-1000l-MaterChem-1.jpg\",\"datePublished\":\"2023-03-08T07:53:18+00:00\",\"dateModified\":\"2024-09-09T17:47:56+00:00\",\"description\":\"\u042d\u0442\u0430\u043d\u043e\u043b 88% \u0434\u043b\u044f \u0437\u0435\u043c\u043b\u044f\u043d\u043e\u0433\u043e \u043e\u0442\u043e\u043f\u043b\u0435\u043d\u0438\u044f. \u0422\u0435\u043c\u043f\u0435\u0440\u0430\u0442\u0443\u0440\u0430 \u0432\u043e\u0437\u0433\u043e\u0440\u0430\u043d\u0438\u044f 21 \u0421, \u0422\u0435\u043c\u043f\u0435\u0440\u0430\u0442\u0443\u0440\u0430 \u0437\u0430\u043c\u0435\u0440\u0437\u0430\u043d\u0438\u044f -114 \u0421, \u0421\u043e\u0441\u0442\u0430\u0432: \u042d\u0442\u0430\u043d\u043e\u043b 96,6 %, \u0410\u0446\u0435\u0442\u043e\u043d ~3,3 %\",\"breadcrumb\":{\"@id\":\"https:\\\/\\\/masterchem.lv\\\/ru\\\/product\\\/%d1%8d%d1%82%d0%b0%d0%bd%d0%be%d0%bb-89-%d0%b4%d0%bb%d1%8f-%d0%b7%d0%b5%d0%bc%d0%bb%d1%8f%d0%bd%d0%be%d0%b3%d0%be-%d0%be%d1%82%d0%be%d0%bf%d0%bb%d0%b5%d0%bd%d0%b8%d1%8f\\\/#breadcrumb\"},\"inLanguage\":\"ru-RU\",\"potentialAction\":[{\"@type\":\"ReadAction\",\"target\":[\"https:\\\/\\\/masterchem.lv\\\/ru\\\/product\\\/%d1%8d%d1%82%d0%b0%d0%bd%d0%be%d0%bb-89-%d0%b4%d0%bb%d1%8f-%d0%b7%d0%b5%d0%bc%d0%bb%d1%8f%d0%bd%d0%be%d0%b3%d0%be-%d0%be%d1%82%d0%be%d0%bf%d0%bb%d0%b5%d0%bd%d0%b8%d1%8f\\\/\"]}]},{\"@type\":\"ImageObject\",\"inLanguage\":\"ru-RU\",\"@id\":\"https:\\\/\\\/masterchem.lv\\\/ru\\\/product\\\/%d1%8d%d1%82%d0%b0%d0%bd%d0%be%d0%bb-89-%d0%b4%d0%bb%d1%8f-%d0%b7%d0%b5%d0%bc%d0%bb%d1%8f%d0%bd%d0%be%d0%b3%d0%be-%d0%be%d1%82%d0%be%d0%bf%d0%bb%d0%b5%d0%bd%d0%b8%d1%8f\\\/#primaryimage\",\"url\":\"https:\\\/\\\/masterchem.lv\\\/wp-content\\\/uploads\\\/2023\\\/03\\\/Maak-tte-etanool-96-1000l-MaterChem-1.jpg\",\"contentUrl\":\"https:\\\/\\\/masterchem.lv\\\/wp-content\\\/uploads\\\/2023\\\/03\\\/Maak-tte-etanool-96-1000l-MaterChem-1.jpg\",\"width\":1000,\"height\":1000},{\"@type\":\"BreadcrumbList\",\"@id\":\"https:\\\/\\\/masterchem.lv\\\/ru\\\/product\\\/%d1%8d%d1%82%d0%b0%d0%bd%d0%be%d0%bb-89-%d0%b4%d0%bb%d1%8f-%d0%b7%d0%b5%d0%bc%d0%bb%d1%8f%d0%bd%d0%be%d0%b3%d0%be-%d0%be%d1%82%d0%be%d0%bf%d0%bb%d0%b5%d0%bd%d0%b8%d1%8f\\\/#breadcrumb\",\"itemListElement\":[{\"@type\":\"ListItem\",\"position\":1,\"name\":\"Home\",\"item\":\"https:\\\/\\\/masterchem.lv\\\/ru\\\/\"},{\"@type\":\"ListItem\",\"position\":2,\"name\":\"\u041c\u0430\u0433\u0430\u0437\u0438\u043d\",\"item\":\"https:\\\/\\\/masterchem.lv\\\/%d0%bc%d0%b0%d0%b3%d0%b0%d0%b7%d0%b8%d0%bd\\\/\"},{\"@type\":\"ListItem\",\"position\":3,\"name\":\"\u042d\u0442\u0430\u043d\u043e\u043b 88% \u0434\u043b\u044f \u0437\u0435\u043c\u043b\u044f\u043d\u043e\u0433\u043e \u043e\u0442\u043e\u043f\u043b\u0435\u043d\u0438\u044f\"}]},{\"@type\":\"WebSite\",\"@id\":\"https:\\\/\\\/masterchem.lv\\\/ru\\\/#website\",\"url\":\"https:\\\/\\\/masterchem.lv\\\/ru\\\/\",\"name\":\"\u0136\u012bmija r\u016bpniec\u012bbai &mdash; &Scaron;\u0137\u012bdin\u0101t\u0101ji un \u0137\u012bmisk\u0101s vielas &mdash; Masterchem.ee\",\"description\":\"\u0136\u012bmija r\u016bpniec\u012bbai&nbsp;&mdash; &scaron;\u0137\u012bdin\u0101t\u0101ji un \u0137\u012bmisk\u0101s vielas\",\"potentialAction\":[{\"@type\":\"SearchAction\",\"target\":{\"@type\":\"EntryPoint\",\"urlTemplate\":\"https:\\\/\\\/masterchem.lv\\\/ru\\\/?s={search_term_string}\"},\"query-input\":{\"@type\":\"PropertyValueSpecification\",\"valueRequired\":true,\"valueName\":\"search_term_string\"}}],\"inLanguage\":\"ru-RU\"}]}<\/script>\n<!-- \/ Yoast SEO plugin. -->","yoast_head_json":{"title":"\u042d\u0442\u0430\u043d\u043e\u043b 88% \u0434\u043b\u044f \u0437\u0435\u043c\u043b\u044f\u043d\u043e\u0433\u043e \u043e\u0442\u043e\u043f\u043b\u0435\u043d\u0438\u044f - \u0136\u012bmija r\u016bpniec\u012bbai &mdash; &Scaron;\u0137\u012bdin\u0101t\u0101ji un \u0137\u012bmisk\u0101s vielas &mdash; Masterchem.ee","description":"\u042d\u0442\u0430\u043d\u043e\u043b 88% \u0434\u043b\u044f \u0437\u0435\u043c\u043b\u044f\u043d\u043e\u0433\u043e \u043e\u0442\u043e\u043f\u043b\u0435\u043d\u0438\u044f. \u0422\u0435\u043c\u043f\u0435\u0440\u0430\u0442\u0443\u0440\u0430 \u0432\u043e\u0437\u0433\u043e\u0440\u0430\u043d\u0438\u044f 21 \u0421, \u0422\u0435\u043c\u043f\u0435\u0440\u0430\u0442\u0443\u0440\u0430 \u0437\u0430\u043c\u0435\u0440\u0437\u0430\u043d\u0438\u044f -114 \u0421, \u0421\u043e\u0441\u0442\u0430\u0432: \u042d\u0442\u0430\u043d\u043e\u043b 96,6 %, \u0410\u0446\u0435\u0442\u043e\u043d ~3,3 %","robots":{"index":"index","follow":"follow","max-snippet":"max-snippet:-1","max-image-preview":"max-image-preview:large","max-video-preview":"max-video-preview:-1"},"canonical":"https:\/\/masterchem.lv\/ru\/product\/%d1%8d%d1%82%d0%b0%d0%bd%d0%be%d0%bb-89-%d0%b4%d0%bb%d1%8f-%d0%b7%d0%b5%d0%bc%d0%bb%d1%8f%d0%bd%d0%be%d0%b3%d0%be-%d0%be%d1%82%d0%be%d0%bf%d0%bb%d0%b5%d0%bd%d0%b8%d1%8f\/","og_locale":"ru_RU","og_type":"article","og_title":"\u042d\u0442\u0430\u043d\u043e\u043b 88% \u0434\u043b\u044f \u0437\u0435\u043c\u043b\u044f\u043d\u043e\u0433\u043e \u043e\u0442\u043e\u043f\u043b\u0435\u043d\u0438\u044f - \u0136\u012bmija r\u016bpniec\u012bbai &mdash; &Scaron;\u0137\u012bdin\u0101t\u0101ji un \u0137\u012bmisk\u0101s vielas &mdash; Masterchem.ee","og_description":"\u042d\u0442\u0430\u043d\u043e\u043b 88% \u0434\u043b\u044f \u0437\u0435\u043c\u043b\u044f\u043d\u043e\u0433\u043e \u043e\u0442\u043e\u043f\u043b\u0435\u043d\u0438\u044f. \u0422\u0435\u043c\u043f\u0435\u0440\u0430\u0442\u0443\u0440\u0430 \u0432\u043e\u0437\u0433\u043e\u0440\u0430\u043d\u0438\u044f 21 \u0421, \u0422\u0435\u043c\u043f\u0435\u0440\u0430\u0442\u0443\u0440\u0430 \u0437\u0430\u043c\u0435\u0440\u0437\u0430\u043d\u0438\u044f -114 \u0421, \u0421\u043e\u0441\u0442\u0430\u0432: \u042d\u0442\u0430\u043d\u043e\u043b 96,6 %, \u0410\u0446\u0435\u0442\u043e\u043d ~3,3 %","og_url":"https:\/\/masterchem.lv\/ru\/product\/%d1%8d%d1%82%d0%b0%d0%bd%d0%be%d0%bb-89-%d0%b4%d0%bb%d1%8f-%d0%b7%d0%b5%d0%bc%d0%bb%d1%8f%d0%bd%d0%be%d0%b3%d0%be-%d0%be%d1%82%d0%be%d0%bf%d0%bb%d0%b5%d0%bd%d0%b8%d1%8f\/","og_site_name":"\u0136\u012bmija r\u016bpniec\u012bbai &mdash; &Scaron;\u0137\u012bdin\u0101t\u0101ji un \u0137\u012bmisk\u0101s vielas &mdash; Masterchem.ee","article_modified_time":"2024-09-09T17:47:56+00:00","og_image":[{"width":1000,"height":1000,"url":"https:\/\/masterchem.lv\/wp-content\/uploads\/2023\/03\/Maak-tte-etanool-96-1000l-MaterChem-1.jpg","type":"image\/jpeg"}],"twitter_card":"summary_large_image","schema":{"@context":"https:\/\/schema.org","@graph":[{"@type":"WebPage","@id":"https:\/\/masterchem.lv\/ru\/product\/%d1%8d%d1%82%d0%b0%d0%bd%d0%be%d0%bb-89-%d0%b4%d0%bb%d1%8f-%d0%b7%d0%b5%d0%bc%d0%bb%d1%8f%d0%bd%d0%be%d0%b3%d0%be-%d0%be%d1%82%d0%be%d0%bf%d0%bb%d0%b5%d0%bd%d0%b8%d1%8f\/","url":"https:\/\/masterchem.lv\/ru\/product\/%d1%8d%d1%82%d0%b0%d0%bd%d0%be%d0%bb-89-%d0%b4%d0%bb%d1%8f-%d0%b7%d0%b5%d0%bc%d0%bb%d1%8f%d0%bd%d0%be%d0%b3%d0%be-%d0%be%d1%82%d0%be%d0%bf%d0%bb%d0%b5%d0%bd%d0%b8%d1%8f\/","name":"\u042d\u0442\u0430\u043d\u043e\u043b 88% \u0434\u043b\u044f \u0437\u0435\u043c\u043b\u044f\u043d\u043e\u0433\u043e \u043e\u0442\u043e\u043f\u043b\u0435\u043d\u0438\u044f - \u0136\u012bmija r\u016bpniec\u012bbai &mdash; &Scaron;\u0137\u012bdin\u0101t\u0101ji un \u0137\u012bmisk\u0101s vielas &mdash; Masterchem.ee","isPartOf":{"@id":"https:\/\/masterchem.lv\/ru\/#website"},"primaryImageOfPage":{"@id":"https:\/\/masterchem.lv\/ru\/product\/%d1%8d%d1%82%d0%b0%d0%bd%d0%be%d0%bb-89-%d0%b4%d0%bb%d1%8f-%d0%b7%d0%b5%d0%bc%d0%bb%d1%8f%d0%bd%d0%be%d0%b3%d0%be-%d0%be%d1%82%d0%be%d0%bf%d0%bb%d0%b5%d0%bd%d0%b8%d1%8f\/#primaryimage"},"image":{"@id":"https:\/\/masterchem.lv\/ru\/product\/%d1%8d%d1%82%d0%b0%d0%bd%d0%be%d0%bb-89-%d0%b4%d0%bb%d1%8f-%d0%b7%d0%b5%d0%bc%d0%bb%d1%8f%d0%bd%d0%be%d0%b3%d0%be-%d0%be%d1%82%d0%be%d0%bf%d0%bb%d0%b5%d0%bd%d0%b8%d1%8f\/#primaryimage"},"thumbnailUrl":"https:\/\/masterchem.lv\/wp-content\/uploads\/2023\/03\/Maak-tte-etanool-96-1000l-MaterChem-1.jpg","datePublished":"2023-03-08T07:53:18+00:00","dateModified":"2024-09-09T17:47:56+00:00","description":"\u042d\u0442\u0430\u043d\u043e\u043b 88% \u0434\u043b\u044f \u0437\u0435\u043c\u043b\u044f\u043d\u043e\u0433\u043e \u043e\u0442\u043e\u043f\u043b\u0435\u043d\u0438\u044f. \u0422\u0435\u043c\u043f\u0435\u0440\u0430\u0442\u0443\u0440\u0430 \u0432\u043e\u0437\u0433\u043e\u0440\u0430\u043d\u0438\u044f 21 \u0421, \u0422\u0435\u043c\u043f\u0435\u0440\u0430\u0442\u0443\u0440\u0430 \u0437\u0430\u043c\u0435\u0440\u0437\u0430\u043d\u0438\u044f -114 \u0421, \u0421\u043e\u0441\u0442\u0430\u0432: \u042d\u0442\u0430\u043d\u043e\u043b 96,6 %, \u0410\u0446\u0435\u0442\u043e\u043d ~3,3 %","breadcrumb":{"@id":"https:\/\/masterchem.lv\/ru\/product\/%d1%8d%d1%82%d0%b0%d0%bd%d0%be%d0%bb-89-%d0%b4%d0%bb%d1%8f-%d0%b7%d0%b5%d0%bc%d0%bb%d1%8f%d0%bd%d0%be%d0%b3%d0%be-%d0%be%d1%82%d0%be%d0%bf%d0%bb%d0%b5%d0%bd%d0%b8%d1%8f\/#breadcrumb"},"inLanguage":"ru-RU","potentialAction":[{"@type":"ReadAction","target":["https:\/\/masterchem.lv\/ru\/product\/%d1%8d%d1%82%d0%b0%d0%bd%d0%be%d0%bb-89-%d0%b4%d0%bb%d1%8f-%d0%b7%d0%b5%d0%bc%d0%bb%d1%8f%d0%bd%d0%be%d0%b3%d0%be-%d0%be%d1%82%d0%be%d0%bf%d0%bb%d0%b5%d0%bd%d0%b8%d1%8f\/"]}]},{"@type":"ImageObject","inLanguage":"ru-RU","@id":"https:\/\/masterchem.lv\/ru\/product\/%d1%8d%d1%82%d0%b0%d0%bd%d0%be%d0%bb-89-%d0%b4%d0%bb%d1%8f-%d0%b7%d0%b5%d0%bc%d0%bb%d1%8f%d0%bd%d0%be%d0%b3%d0%be-%d0%be%d1%82%d0%be%d0%bf%d0%bb%d0%b5%d0%bd%d0%b8%d1%8f\/#primaryimage","url":"https:\/\/masterchem.lv\/wp-content\/uploads\/2023\/03\/Maak-tte-etanool-96-1000l-MaterChem-1.jpg","contentUrl":"https:\/\/masterchem.lv\/wp-content\/uploads\/2023\/03\/Maak-tte-etanool-96-1000l-MaterChem-1.jpg","width":1000,"height":1000},{"@type":"BreadcrumbList","@id":"https:\/\/masterchem.lv\/ru\/product\/%d1%8d%d1%82%d0%b0%d0%bd%d0%be%d0%bb-89-%d0%b4%d0%bb%d1%8f-%d0%b7%d0%b5%d0%bc%d0%bb%d1%8f%d0%bd%d0%be%d0%b3%d0%be-%d0%be%d1%82%d0%be%d0%bf%d0%bb%d0%b5%d0%bd%d0%b8%d1%8f\/#breadcrumb","itemListElement":[{"@type":"ListItem","position":1,"name":"Home","item":"https:\/\/masterchem.lv\/ru\/"},{"@type":"ListItem","position":2,"name":"\u041c\u0430\u0433\u0430\u0437\u0438\u043d","item":"https:\/\/masterchem.lv\/%d0%bc%d0%b0%d0%b3%d0%b0%d0%b7%d0%b8%d0%bd\/"},{"@type":"ListItem","position":3,"name":"\u042d\u0442\u0430\u043d\u043e\u043b 88% \u0434\u043b\u044f \u0437\u0435\u043c\u043b\u044f\u043d\u043e\u0433\u043e \u043e\u0442\u043e\u043f\u043b\u0435\u043d\u0438\u044f"}]},{"@type":"WebSite","@id":"https:\/\/masterchem.lv\/ru\/#website","url":"https:\/\/masterchem.lv\/ru\/","name":"\u0136\u012bmija r\u016bpniec\u012bbai &mdash; &Scaron;\u0137\u012bdin\u0101t\u0101ji un \u0137\u012bmisk\u0101s vielas &mdash; Masterchem.ee","description":"\u0136\u012bmija r\u016bpniec\u012bbai&nbsp;&mdash; &scaron;\u0137\u012bdin\u0101t\u0101ji un \u0137\u012bmisk\u0101s vielas","potentialAction":[{"@type":"SearchAction","target":{"@type":"EntryPoint","urlTemplate":"https:\/\/masterchem.lv\/ru\/?s={search_term_string}"},"query-input":{"@type":"PropertyValueSpecification","valueRequired":true,"valueName":"search_term_string"}}],"inLanguage":"ru-RU"}]}},"_links":{"self":[{"href":"https:\/\/masterchem.lv\/ru\/wp-json\/wp\/v2\/product\/12288","targetHints":{"allow":["GET"]}}],"collection":[{"href":"https:\/\/masterchem.lv\/ru\/wp-json\/wp\/v2\/product"}],"about":[{"href":"https:\/\/masterchem.lv\/ru\/wp-json\/wp\/v2\/types\/product"}],"wp:featuredmedia":[{"embeddable":true,"href":"https:\/\/masterchem.lv\/ru\/wp-json\/wp\/v2\/media\/7628"}],"wp:attachment":[{"href":"https:\/\/masterchem.lv\/ru\/wp-json\/wp\/v2\/media?parent=12288"}],"wp:term":[{"taxonomy":"product_brand","embeddable":true,"href":"https:\/\/masterchem.lv\/ru\/wp-json\/wp\/v2\/product_brand?post=12288"},{"taxonomy":"product_cat","embeddable":true,"href":"https:\/\/masterchem.lv\/ru\/wp-json\/wp\/v2\/product_cat?post=12288"},{"taxonomy":"product_tag","embeddable":true,"href":"https:\/\/masterchem.lv\/ru\/wp-json\/wp\/v2\/product_tag?post=12288"}],"curies":[{"name":"wp","href":"https:\/\/api.w.org\/{rel}","templated":true}]}}