{"id":12499,"date":"2023-03-08T07:55:28","date_gmt":"2023-03-08T07:55:28","guid":{"rendered":"https:\/\/masterchem.lv\/product\/%d0%be%d1%87%d0%b8%d1%81%d1%82%d0%b8%d1%82%d0%b5%d0%bb%d1%8c-%d1%82%d0%be%d1%80%d0%bc%d0%be%d0%b7%d0%be%d0%b2-mastercleaner-top\/"},"modified":"2023-04-11T06:34:27","modified_gmt":"2023-04-11T06:34:27","slug":"%d0%be%d1%87%d0%b8%d1%81%d1%82%d0%b8%d1%82%d0%b5%d0%bb%d1%8c-%d1%82%d0%be%d1%80%d0%bc%d0%be%d0%b7%d0%be%d0%b2-mastercleaner-top","status":"publish","type":"product","link":"https:\/\/masterchem.lv\/ru\/product\/%d0%be%d1%87%d0%b8%d1%81%d1%82%d0%b8%d1%82%d0%b5%d0%bb%d1%8c-%d1%82%d0%be%d1%80%d0%bc%d0%be%d0%b7%d0%be%d0%b2-mastercleaner-top\/","title":{"rendered":"\u041e\u0447\u0438\u0441\u0442\u0438\u0442\u0435\u043b\u044c \u0442\u043e\u0440\u043c\u043e\u0437\u043e\u0432 MasterCleaner Top"},"content":{"rendered":"<p><strong>\u0422\u0435\u0445\u043d\u0438\u0446\u0435\u0441\u043a\u0430\u044f \u0438\u043d\u0444\u043e\u0440\u043c\u0430\u0446\u0438\u044f:<\/strong><br \/>\n\u041e\u0441\u043d\u043e\u0432\u0430: \u0430\u043b\u0438\u0444\u0430\u0442\u0438\u0447\u0435\u0441\u043a\u0438\u0435 \u0443\u0433\u043b\u0435\u0432\u043e\u0434\u043e\u0440\u043e\u0434\u044b.<br \/>\n\u0426\u0432\u0435\u0442: \u043f\u0440\u043e\u0437\u0440\u0430\u0447\u043d\u044b\u0439.<br \/>\n\u0417\u0430\u043f\u0430\u0445: \u0441\u043f\u0435\u0446\u0438\u0444\u0438\u0447\u0435\u0441\u043a\u0438\u0439.<br \/>\n\u041f\u043b\u043e\u0442\u043d\u043e\u0441\u0442\u044c (ASTM D4052) 0.705 \u0433 \/ \u043c\u043b<\/p>\n<p><strong>\u0424\u0438\u0437\u0438\u0447\u0435\u0441\u043a\u043e-\u0445\u0438\u043c\u0438\u0447\u0435\u0441\u043a\u0438\u0435 \u0441\u0432\u043e\u0439\u0441\u0442\u0432\u0430 :<\/strong><br \/>\n\u0426\u0432\u0435\u0442: \u041f\u0440\u043e\u0437\u0440\u0430\u0447\u043d\u044b\u0439, \u0431\u0435\u0441\u0446\u0432\u0435\u0442\u043d\u044b\u0439.<br \/>\n\u0417\u0430\u043f\u0430\u0445: \u0421\u043b\u0430\u0431\u044b\u0439 \u0441\u043f\u0435\u0446\u0438\u0444\u0438\u0447\u0435\u0441\u043a\u0438\u0439 \u0437\u0430\u043f\u0430\u0445.<\/p>\n","protected":false},"excerpt":{"rendered":"<p>MasterCleaner Top \u2013 \u044d\u0442\u043e \u043e\u0447\u0438\u0441\u0442\u0438\u0442\u0435\u043b\u044c \u0442\u043e\u0440\u043c\u043e\u0437\u043e\u0432, \u043a\u043e\u0442\u043e\u0440\u044b\u0439 \u0432\u044b\u0441\u043e\u043a\u043e\u044d\u0444\u0444\u0435\u043a\u0442\u0438\u0432\u043d\u043e \u0443\u0434\u0430\u043b\u044f\u0435\u0442 \u0437\u0430\u0433\u0440\u044f\u0437\u043d\u0435\u043d\u0438\u044f.<br \/>\n\u041f\u0440\u0438 \u044d\u0442\u043e\u043c \u043e\u043d \u0431\u044b\u0441\u0442\u0440\u043e \u0438\u0441\u043f\u0430\u0440\u044f\u0435\u0442\u0441\u044f \u0441 \u043f\u043e\u0432\u0435\u0440\u0445\u043d\u043e\u0441\u0442\u0438, \u0437\u0430\u0431\u0438\u0440\u0430\u044e \u0441 \u0441\u043e\u0431\u043e\u0439 \u043c\u0430\u043b\u0435\u0439\u0448\u0438\u0435 \u0447\u0430\u0441\u0442\u0438\u0447\u043a\u0438 \u043c\u0430\u0441\u0435\u043b.<br \/>\n\u041d\u0430\u0448 \u043f\u0440\u043e\u0434\u0443\u043a\u0442 \u0443\u043d\u0438\u043a\u0430\u043b\u0435\u043d \u0442\u0435\u043c, \u0447\u0442\u043e \u043f\u043e\u043b\u043d\u043e\u0441\u0442\u044c\u044e \u043b\u0435\u0442\u0443\u0447\u0438\u0439, \u043d\u0435 \u043e\u0441\u0442\u0430\u0432\u043b\u044f\u0435\u0442 \u0441\u043b\u0435\u0434\u043e\u0432. \u041d\u0435 \u0441\u043e\u0434\u0435\u0440\u0436\u0438\u0442 \u0430\u0446\u0435\u0442\u043e\u043d \u0438\u043b\u0438 \u0430\u0446\u0435\u0442\u0430\u0442\u044b. \u041d\u0435 \u0432\u044b\u0437\u044b\u0432\u0430\u0435\u0442 \u043a\u043e\u0440\u0440\u043e\u0437\u0438\u0438. \u041c\u043e\u0436\u043d\u043e \u0438\u0441\u043f\u043e\u043b\u044c\u0437\u043e\u0432\u0430\u0442\u044c \u0441 \u0440\u0430\u0437\u043b\u0438\u0447\u043d\u044b\u043c\u0438 \u0432\u0438\u0434\u0430\u043c\u0438 \u043f\u043b\u0430\u0441\u0442\u0438\u043a\u043e\u0432. \u041c\u043e\u0436\u0435\u0442 \u043f\u043e\u0432\u0440\u0435\u0436\u0434\u0430\u0442\u044c \u0440\u0435\u0437\u0438\u043d\u043e\u0432\u044b\u0435 \u0438\u0437\u0434\u0435\u043b\u0438\u044f.<br \/>\n\u0418\u0441\u043f\u043e\u043b\u044c\u0437\u0443\u0435\u0442\u0441\u044f \u0434\u043b\u044f \u0443\u0434\u0430\u043b\u0435\u043d\u0438\u044f \u0436\u0438\u0440\u043e\u0432, \u043c\u0430\u0441\u0435\u043b, \u043a\u043e\u043f\u043e\u0442\u0438, \u0442\u043e\u0440\u043c\u043e\u0437\u043d\u043e\u0439 \u043f\u044b\u043b\u0438 \u0438 \u0436\u0438\u0434\u043a\u043e\u0441\u0442\u0438. \u041f\u043e\u0441\u043a\u043e\u043b\u044c\u043a\u0443 \u0432\u0435\u0449\u0435\u0441\u0442\u0432\u043e \u0431\u044b\u0441\u0442\u0440\u043e \u0432\u044b\u0441\u044b\u0445\u0430\u0435\u0442 \u0438 \u0438\u0441\u043f\u0430\u0440\u044f\u0435\u0442\u0441\u044f, \u043c\u043e\u0436\u043d\u043e \u043f\u0440\u0430\u043a\u0442\u0438\u0447\u0435\u0441\u043a\u0438 \u0441\u0440\u0430\u0437\u0443 \u0438\u0441\u043f\u043e\u043b\u044c\u0437\u043e\u0432\u0430\u0442\u044c \u043e\u0447\u0438\u0449\u0435\u043d\u043d\u044b\u0435 \u0434\u0435\u0442\u0430\u043b\u0438 \u0438 \u043f\u0440\u043e\u0434\u043e\u043b\u0436\u0430\u0442\u044c \u0440\u0430\u0431\u043e\u0442\u0443. \u0422\u0430\u043a\u0436\u0435 \u043f\u043e\u0434\u0445\u043e\u0434\u0438\u0442 \u0434\u043b\u044f \u0438\u0441\u043f\u043e\u043b\u044c\u0437\u043e\u0432\u0430\u043d\u0438\u044f \u0432 \u043a\u0430\u0447\u0435\u0441\u0442\u0432\u0435 \u0443\u043d\u0438\u0432\u0435\u0440\u0441\u0430\u043b\u044c\u043d\u043e\u0433\u043e \u0442\u0435\u0445\u043d\u0438\u0447\u0435\u0441\u043a\u043e\u0433\u043e \u043e\u0447\u0438\u0441\u0442\u0438\u0442\u0435\u043b\u044f \u0434\u043b\u044f \u043e\u0447\u0438\u0441\u0442\u043a\u0438 \u0432\u0441\u0435\u0445 \u043c\u0435\u0445\u0430\u043d\u0438\u0447\u0435\u0441\u043a\u0438\u0445 \u0447\u0430\u0441\u0442\u0435\u0439 \u043e\u0442 \u043c\u0430\u0441\u043b\u0430 \u0438 \u0434\u0440\u0443\u0433\u0438\u0445 \u0437\u0430\u0433\u0440\u044f\u0437\u043d\u0435\u043d\u0438\u0439.<br \/>\nMasterCleaner Top \u043c\u043e\u0436\u043d\u043e \u0438\u0441\u043f\u043e\u043b\u044c\u0437\u043e\u0432\u0430\u0442\u044c \u0434\u043b\u044f \u043e\u0447\u0438\u0441\u0442\u043a\u0438 \u044d\u043b\u0435\u043a\u0442\u0440\u0438\u0447\u0435\u0441\u043a\u0438\u0445 \u043a\u043e\u043d\u0442\u0430\u043a\u0442\u043e\u0432 \u0438 \u0441\u043e\u0435\u0434\u0438\u043d\u0435\u043d\u0438\u0439.<\/p>\n","protected":false},"featured_media":8427,"template":"","meta":{"_monsterinsights_skip_tracking":false,"_monsterinsights_sitenote_active":false,"_monsterinsights_sitenote_note":"","_monsterinsights_sitenote_category":0},"product_brand":[],"product_cat":[255,246],"product_tag":[],"class_list":{"0":"post-12499","1":"product","2":"type-product","3":"status-publish","4":"has-post-thumbnail","6":"product_cat-255","7":"product_cat-246","9":"first","10":"instock","11":"featured","12":"taxable","13":"shipping-taxable","14":"purchasable","15":"product-type-variable","16":"has-default-attributes"},"yoast_head":"<!-- This site is optimized with the Yoast SEO plugin v27.4 - https:\/\/yoast.com\/product\/yoast-seo-wordpress\/ -->\n<title>\u041e\u0447\u0438\u0441\u0442\u0438\u0442\u0435\u043b\u044c \u0442\u043e\u0440\u043c\u043e\u0437\u043e\u0432 MasterCleaner Top - \u0136\u012bmija r\u016bpniec\u012bbai &mdash; &Scaron;\u0137\u012bdin\u0101t\u0101ji un \u0137\u012bmisk\u0101s vielas &mdash; Masterchem.ee<\/title>\n<meta name=\"description\" content=\"MasterCleaner Top \u2013 \u044d\u0442\u043e \u043e\u0447\u0438\u0441\u0442\u0438\u0442\u0435\u043b\u044c \u0442\u043e\u0440\u043c\u043e\u0437\u043e\u0432, \u043a\u043e\u0442\u043e\u0440\u044b\u0439 \u0432\u044b\u0441\u043e\u043a\u043e\u044d\u0444\u0444\u0435\u043a\u0442\u0438\u0432\u043d\u043e \u0443\u0434\u0430\u043b\u044f\u0435\u0442 \u0437\u0430\u0433\u0440\u044f\u0437\u043d\u0435\u043d\u0438\u044f. \u041f\u0440\u0438 \u044d\u0442\u043e\u043c \u043e\u043d \u0431\u044b\u0441\u0442\u0440\u043e \u0438\u0441\u043f\u0430\u0440\u044f\u0435\u0442\u0441\u044f \u0441 \u043f\u043e\u0432\u0435\u0440\u0445\u043d\u043e\u0441\u0442\u0438, \u0437\u0430\u0431\u0438\u0440\u0430\u044e \u0441 \u0441\u043e\u0431\u043e\u0439 \u043c\u0430\u043b\u0435\u0439\u0448\u0438\u0435 \u0447\u0430\u0441\u0442\u0438\u0447\u043a\u0438 \u043c\u0430\u0441\u0435\u043b.\" \/>\n<meta name=\"robots\" content=\"index, follow, max-snippet:-1, max-image-preview:large, max-video-preview:-1\" \/>\n<link rel=\"canonical\" href=\"https:\/\/masterchem.lv\/ru\/product\/%d0%be%d1%87%d0%b8%d1%81%d1%82%d0%b8%d1%82%d0%b5%d0%bb%d1%8c-%d1%82%d0%be%d1%80%d0%bc%d0%be%d0%b7%d0%be%d0%b2-mastercleaner-top\/\" \/>\n<meta property=\"og:locale\" content=\"ru_RU\" \/>\n<meta property=\"og:type\" content=\"article\" \/>\n<meta property=\"og:title\" content=\"\u041e\u0447\u0438\u0441\u0442\u0438\u0442\u0435\u043b\u044c \u0442\u043e\u0440\u043c\u043e\u0437\u043e\u0432 MasterCleaner Top - \u0136\u012bmija r\u016bpniec\u012bbai &mdash; &Scaron;\u0137\u012bdin\u0101t\u0101ji un \u0137\u012bmisk\u0101s vielas &mdash; Masterchem.ee\" \/>\n<meta property=\"og:description\" content=\"MasterCleaner Top \u2013 \u044d\u0442\u043e \u043e\u0447\u0438\u0441\u0442\u0438\u0442\u0435\u043b\u044c \u0442\u043e\u0440\u043c\u043e\u0437\u043e\u0432, \u043a\u043e\u0442\u043e\u0440\u044b\u0439 \u0432\u044b\u0441\u043e\u043a\u043e\u044d\u0444\u0444\u0435\u043a\u0442\u0438\u0432\u043d\u043e \u0443\u0434\u0430\u043b\u044f\u0435\u0442 \u0437\u0430\u0433\u0440\u044f\u0437\u043d\u0435\u043d\u0438\u044f. \u041f\u0440\u0438 \u044d\u0442\u043e\u043c \u043e\u043d \u0431\u044b\u0441\u0442\u0440\u043e \u0438\u0441\u043f\u0430\u0440\u044f\u0435\u0442\u0441\u044f \u0441 \u043f\u043e\u0432\u0435\u0440\u0445\u043d\u043e\u0441\u0442\u0438, \u0437\u0430\u0431\u0438\u0440\u0430\u044e \u0441 \u0441\u043e\u0431\u043e\u0439 \u043c\u0430\u043b\u0435\u0439\u0448\u0438\u0435 \u0447\u0430\u0441\u0442\u0438\u0447\u043a\u0438 \u043c\u0430\u0441\u0435\u043b.\" \/>\n<meta property=\"og:url\" content=\"https:\/\/masterchem.lv\/ru\/product\/%d0%be%d1%87%d0%b8%d1%81%d1%82%d0%b8%d1%82%d0%b5%d0%bb%d1%8c-%d1%82%d0%be%d1%80%d0%bc%d0%be%d0%b7%d0%be%d0%b2-mastercleaner-top\/\" \/>\n<meta property=\"og:site_name\" content=\"\u0136\u012bmija r\u016bpniec\u012bbai &mdash; &Scaron;\u0137\u012bdin\u0101t\u0101ji un \u0137\u012bmisk\u0101s vielas &mdash; Masterchem.ee\" \/>\n<meta property=\"article:modified_time\" content=\"2023-04-11T06:34:27+00:00\" \/>\n<meta property=\"og:image\" content=\"https:\/\/masterchem.lv\/wp-content\/uploads\/2023\/03\/Piduripuhastaja-MasterCleaner-Top-5l-MaterChem-1.jpg\" \/>\n\t<meta property=\"og:image:width\" content=\"700\" \/>\n\t<meta property=\"og:image:height\" content=\"700\" \/>\n\t<meta property=\"og:image:type\" content=\"image\/jpeg\" \/>\n<meta name=\"twitter:card\" content=\"summary_large_image\" \/>\n<script type=\"application\/ld+json\" class=\"yoast-schema-graph\">{\"@context\":\"https:\\\/\\\/schema.org\",\"@graph\":[{\"@type\":\"WebPage\",\"@id\":\"https:\\\/\\\/masterchem.lv\\\/ru\\\/product\\\/%d0%be%d1%87%d0%b8%d1%81%d1%82%d0%b8%d1%82%d0%b5%d0%bb%d1%8c-%d1%82%d0%be%d1%80%d0%bc%d0%be%d0%b7%d0%be%d0%b2-mastercleaner-top\\\/\",\"url\":\"https:\\\/\\\/masterchem.lv\\\/ru\\\/product\\\/%d0%be%d1%87%d0%b8%d1%81%d1%82%d0%b8%d1%82%d0%b5%d0%bb%d1%8c-%d1%82%d0%be%d1%80%d0%bc%d0%be%d0%b7%d0%be%d0%b2-mastercleaner-top\\\/\",\"name\":\"\u041e\u0447\u0438\u0441\u0442\u0438\u0442\u0435\u043b\u044c \u0442\u043e\u0440\u043c\u043e\u0437\u043e\u0432 MasterCleaner Top - \u0136\u012bmija r\u016bpniec\u012bbai &mdash; &Scaron;\u0137\u012bdin\u0101t\u0101ji un \u0137\u012bmisk\u0101s vielas &mdash; Masterchem.ee\",\"isPartOf\":{\"@id\":\"https:\\\/\\\/masterchem.lv\\\/ru\\\/#website\"},\"primaryImageOfPage\":{\"@id\":\"https:\\\/\\\/masterchem.lv\\\/ru\\\/product\\\/%d0%be%d1%87%d0%b8%d1%81%d1%82%d0%b8%d1%82%d0%b5%d0%bb%d1%8c-%d1%82%d0%be%d1%80%d0%bc%d0%be%d0%b7%d0%be%d0%b2-mastercleaner-top\\\/#primaryimage\"},\"image\":{\"@id\":\"https:\\\/\\\/masterchem.lv\\\/ru\\\/product\\\/%d0%be%d1%87%d0%b8%d1%81%d1%82%d0%b8%d1%82%d0%b5%d0%bb%d1%8c-%d1%82%d0%be%d1%80%d0%bc%d0%be%d0%b7%d0%be%d0%b2-mastercleaner-top\\\/#primaryimage\"},\"thumbnailUrl\":\"https:\\\/\\\/masterchem.lv\\\/wp-content\\\/uploads\\\/2023\\\/03\\\/Piduripuhastaja-MasterCleaner-Top-5l-MaterChem-1.jpg\",\"datePublished\":\"2023-03-08T07:55:28+00:00\",\"dateModified\":\"2023-04-11T06:34:27+00:00\",\"description\":\"MasterCleaner Top \u2013 \u044d\u0442\u043e \u043e\u0447\u0438\u0441\u0442\u0438\u0442\u0435\u043b\u044c \u0442\u043e\u0440\u043c\u043e\u0437\u043e\u0432, \u043a\u043e\u0442\u043e\u0440\u044b\u0439 \u0432\u044b\u0441\u043e\u043a\u043e\u044d\u0444\u0444\u0435\u043a\u0442\u0438\u0432\u043d\u043e \u0443\u0434\u0430\u043b\u044f\u0435\u0442 \u0437\u0430\u0433\u0440\u044f\u0437\u043d\u0435\u043d\u0438\u044f. \u041f\u0440\u0438 \u044d\u0442\u043e\u043c \u043e\u043d \u0431\u044b\u0441\u0442\u0440\u043e \u0438\u0441\u043f\u0430\u0440\u044f\u0435\u0442\u0441\u044f \u0441 \u043f\u043e\u0432\u0435\u0440\u0445\u043d\u043e\u0441\u0442\u0438, \u0437\u0430\u0431\u0438\u0440\u0430\u044e \u0441 \u0441\u043e\u0431\u043e\u0439 \u043c\u0430\u043b\u0435\u0439\u0448\u0438\u0435 \u0447\u0430\u0441\u0442\u0438\u0447\u043a\u0438 \u043c\u0430\u0441\u0435\u043b.\",\"breadcrumb\":{\"@id\":\"https:\\\/\\\/masterchem.lv\\\/ru\\\/product\\\/%d0%be%d1%87%d0%b8%d1%81%d1%82%d0%b8%d1%82%d0%b5%d0%bb%d1%8c-%d1%82%d0%be%d1%80%d0%bc%d0%be%d0%b7%d0%be%d0%b2-mastercleaner-top\\\/#breadcrumb\"},\"inLanguage\":\"ru-RU\",\"potentialAction\":[{\"@type\":\"ReadAction\",\"target\":[\"https:\\\/\\\/masterchem.lv\\\/ru\\\/product\\\/%d0%be%d1%87%d0%b8%d1%81%d1%82%d0%b8%d1%82%d0%b5%d0%bb%d1%8c-%d1%82%d0%be%d1%80%d0%bc%d0%be%d0%b7%d0%be%d0%b2-mastercleaner-top\\\/\"]}]},{\"@type\":\"ImageObject\",\"inLanguage\":\"ru-RU\",\"@id\":\"https:\\\/\\\/masterchem.lv\\\/ru\\\/product\\\/%d0%be%d1%87%d0%b8%d1%81%d1%82%d0%b8%d1%82%d0%b5%d0%bb%d1%8c-%d1%82%d0%be%d1%80%d0%bc%d0%be%d0%b7%d0%be%d0%b2-mastercleaner-top\\\/#primaryimage\",\"url\":\"https:\\\/\\\/masterchem.lv\\\/wp-content\\\/uploads\\\/2023\\\/03\\\/Piduripuhastaja-MasterCleaner-Top-5l-MaterChem-1.jpg\",\"contentUrl\":\"https:\\\/\\\/masterchem.lv\\\/wp-content\\\/uploads\\\/2023\\\/03\\\/Piduripuhastaja-MasterCleaner-Top-5l-MaterChem-1.jpg\",\"width\":700,\"height\":700},{\"@type\":\"BreadcrumbList\",\"@id\":\"https:\\\/\\\/masterchem.lv\\\/ru\\\/product\\\/%d0%be%d1%87%d0%b8%d1%81%d1%82%d0%b8%d1%82%d0%b5%d0%bb%d1%8c-%d1%82%d0%be%d1%80%d0%bc%d0%be%d0%b7%d0%be%d0%b2-mastercleaner-top\\\/#breadcrumb\",\"itemListElement\":[{\"@type\":\"ListItem\",\"position\":1,\"name\":\"Home\",\"item\":\"https:\\\/\\\/masterchem.lv\\\/ru\\\/\"},{\"@type\":\"ListItem\",\"position\":2,\"name\":\"\u041c\u0430\u0433\u0430\u0437\u0438\u043d\",\"item\":\"https:\\\/\\\/masterchem.lv\\\/%d0%bc%d0%b0%d0%b3%d0%b0%d0%b7%d0%b8%d0%bd\\\/\"},{\"@type\":\"ListItem\",\"position\":3,\"name\":\"\u041e\u0447\u0438\u0441\u0442\u0438\u0442\u0435\u043b\u044c \u0442\u043e\u0440\u043c\u043e\u0437\u043e\u0432 MasterCleaner Top\"}]},{\"@type\":\"WebSite\",\"@id\":\"https:\\\/\\\/masterchem.lv\\\/ru\\\/#website\",\"url\":\"https:\\\/\\\/masterchem.lv\\\/ru\\\/\",\"name\":\"\u0136\u012bmija r\u016bpniec\u012bbai &mdash; &Scaron;\u0137\u012bdin\u0101t\u0101ji un \u0137\u012bmisk\u0101s vielas &mdash; Masterchem.ee\",\"description\":\"\u0136\u012bmija r\u016bpniec\u012bbai&nbsp;&mdash; &scaron;\u0137\u012bdin\u0101t\u0101ji un \u0137\u012bmisk\u0101s vielas\",\"potentialAction\":[{\"@type\":\"SearchAction\",\"target\":{\"@type\":\"EntryPoint\",\"urlTemplate\":\"https:\\\/\\\/masterchem.lv\\\/ru\\\/?s={search_term_string}\"},\"query-input\":{\"@type\":\"PropertyValueSpecification\",\"valueRequired\":true,\"valueName\":\"search_term_string\"}}],\"inLanguage\":\"ru-RU\"}]}<\/script>\n<!-- \/ Yoast SEO plugin. -->","yoast_head_json":{"title":"\u041e\u0447\u0438\u0441\u0442\u0438\u0442\u0435\u043b\u044c \u0442\u043e\u0440\u043c\u043e\u0437\u043e\u0432 MasterCleaner Top - \u0136\u012bmija r\u016bpniec\u012bbai &mdash; &Scaron;\u0137\u012bdin\u0101t\u0101ji un \u0137\u012bmisk\u0101s vielas &mdash; Masterchem.ee","description":"MasterCleaner Top \u2013 \u044d\u0442\u043e \u043e\u0447\u0438\u0441\u0442\u0438\u0442\u0435\u043b\u044c \u0442\u043e\u0440\u043c\u043e\u0437\u043e\u0432, \u043a\u043e\u0442\u043e\u0440\u044b\u0439 \u0432\u044b\u0441\u043e\u043a\u043e\u044d\u0444\u0444\u0435\u043a\u0442\u0438\u0432\u043d\u043e \u0443\u0434\u0430\u043b\u044f\u0435\u0442 \u0437\u0430\u0433\u0440\u044f\u0437\u043d\u0435\u043d\u0438\u044f. \u041f\u0440\u0438 \u044d\u0442\u043e\u043c \u043e\u043d \u0431\u044b\u0441\u0442\u0440\u043e \u0438\u0441\u043f\u0430\u0440\u044f\u0435\u0442\u0441\u044f \u0441 \u043f\u043e\u0432\u0435\u0440\u0445\u043d\u043e\u0441\u0442\u0438, \u0437\u0430\u0431\u0438\u0440\u0430\u044e \u0441 \u0441\u043e\u0431\u043e\u0439 \u043c\u0430\u043b\u0435\u0439\u0448\u0438\u0435 \u0447\u0430\u0441\u0442\u0438\u0447\u043a\u0438 \u043c\u0430\u0441\u0435\u043b.","robots":{"index":"index","follow":"follow","max-snippet":"max-snippet:-1","max-image-preview":"max-image-preview:large","max-video-preview":"max-video-preview:-1"},"canonical":"https:\/\/masterchem.lv\/ru\/product\/%d0%be%d1%87%d0%b8%d1%81%d1%82%d0%b8%d1%82%d0%b5%d0%bb%d1%8c-%d1%82%d0%be%d1%80%d0%bc%d0%be%d0%b7%d0%be%d0%b2-mastercleaner-top\/","og_locale":"ru_RU","og_type":"article","og_title":"\u041e\u0447\u0438\u0441\u0442\u0438\u0442\u0435\u043b\u044c \u0442\u043e\u0440\u043c\u043e\u0437\u043e\u0432 MasterCleaner Top - \u0136\u012bmija r\u016bpniec\u012bbai &mdash; &Scaron;\u0137\u012bdin\u0101t\u0101ji un \u0137\u012bmisk\u0101s vielas &mdash; Masterchem.ee","og_description":"MasterCleaner Top \u2013 \u044d\u0442\u043e \u043e\u0447\u0438\u0441\u0442\u0438\u0442\u0435\u043b\u044c \u0442\u043e\u0440\u043c\u043e\u0437\u043e\u0432, \u043a\u043e\u0442\u043e\u0440\u044b\u0439 \u0432\u044b\u0441\u043e\u043a\u043e\u044d\u0444\u0444\u0435\u043a\u0442\u0438\u0432\u043d\u043e \u0443\u0434\u0430\u043b\u044f\u0435\u0442 \u0437\u0430\u0433\u0440\u044f\u0437\u043d\u0435\u043d\u0438\u044f. \u041f\u0440\u0438 \u044d\u0442\u043e\u043c \u043e\u043d \u0431\u044b\u0441\u0442\u0440\u043e \u0438\u0441\u043f\u0430\u0440\u044f\u0435\u0442\u0441\u044f \u0441 \u043f\u043e\u0432\u0435\u0440\u0445\u043d\u043e\u0441\u0442\u0438, \u0437\u0430\u0431\u0438\u0440\u0430\u044e \u0441 \u0441\u043e\u0431\u043e\u0439 \u043c\u0430\u043b\u0435\u0439\u0448\u0438\u0435 \u0447\u0430\u0441\u0442\u0438\u0447\u043a\u0438 \u043c\u0430\u0441\u0435\u043b.","og_url":"https:\/\/masterchem.lv\/ru\/product\/%d0%be%d1%87%d0%b8%d1%81%d1%82%d0%b8%d1%82%d0%b5%d0%bb%d1%8c-%d1%82%d0%be%d1%80%d0%bc%d0%be%d0%b7%d0%be%d0%b2-mastercleaner-top\/","og_site_name":"\u0136\u012bmija r\u016bpniec\u012bbai &mdash; &Scaron;\u0137\u012bdin\u0101t\u0101ji un \u0137\u012bmisk\u0101s vielas &mdash; Masterchem.ee","article_modified_time":"2023-04-11T06:34:27+00:00","og_image":[{"width":700,"height":700,"url":"https:\/\/masterchem.lv\/wp-content\/uploads\/2023\/03\/Piduripuhastaja-MasterCleaner-Top-5l-MaterChem-1.jpg","type":"image\/jpeg"}],"twitter_card":"summary_large_image","schema":{"@context":"https:\/\/schema.org","@graph":[{"@type":"WebPage","@id":"https:\/\/masterchem.lv\/ru\/product\/%d0%be%d1%87%d0%b8%d1%81%d1%82%d0%b8%d1%82%d0%b5%d0%bb%d1%8c-%d1%82%d0%be%d1%80%d0%bc%d0%be%d0%b7%d0%be%d0%b2-mastercleaner-top\/","url":"https:\/\/masterchem.lv\/ru\/product\/%d0%be%d1%87%d0%b8%d1%81%d1%82%d0%b8%d1%82%d0%b5%d0%bb%d1%8c-%d1%82%d0%be%d1%80%d0%bc%d0%be%d0%b7%d0%be%d0%b2-mastercleaner-top\/","name":"\u041e\u0447\u0438\u0441\u0442\u0438\u0442\u0435\u043b\u044c \u0442\u043e\u0440\u043c\u043e\u0437\u043e\u0432 MasterCleaner Top - \u0136\u012bmija r\u016bpniec\u012bbai &mdash; &Scaron;\u0137\u012bdin\u0101t\u0101ji un \u0137\u012bmisk\u0101s vielas &mdash; Masterchem.ee","isPartOf":{"@id":"https:\/\/masterchem.lv\/ru\/#website"},"primaryImageOfPage":{"@id":"https:\/\/masterchem.lv\/ru\/product\/%d0%be%d1%87%d0%b8%d1%81%d1%82%d0%b8%d1%82%d0%b5%d0%bb%d1%8c-%d1%82%d0%be%d1%80%d0%bc%d0%be%d0%b7%d0%be%d0%b2-mastercleaner-top\/#primaryimage"},"image":{"@id":"https:\/\/masterchem.lv\/ru\/product\/%d0%be%d1%87%d0%b8%d1%81%d1%82%d0%b8%d1%82%d0%b5%d0%bb%d1%8c-%d1%82%d0%be%d1%80%d0%bc%d0%be%d0%b7%d0%be%d0%b2-mastercleaner-top\/#primaryimage"},"thumbnailUrl":"https:\/\/masterchem.lv\/wp-content\/uploads\/2023\/03\/Piduripuhastaja-MasterCleaner-Top-5l-MaterChem-1.jpg","datePublished":"2023-03-08T07:55:28+00:00","dateModified":"2023-04-11T06:34:27+00:00","description":"MasterCleaner Top \u2013 \u044d\u0442\u043e \u043e\u0447\u0438\u0441\u0442\u0438\u0442\u0435\u043b\u044c \u0442\u043e\u0440\u043c\u043e\u0437\u043e\u0432, \u043a\u043e\u0442\u043e\u0440\u044b\u0439 \u0432\u044b\u0441\u043e\u043a\u043e\u044d\u0444\u0444\u0435\u043a\u0442\u0438\u0432\u043d\u043e \u0443\u0434\u0430\u043b\u044f\u0435\u0442 \u0437\u0430\u0433\u0440\u044f\u0437\u043d\u0435\u043d\u0438\u044f. \u041f\u0440\u0438 \u044d\u0442\u043e\u043c \u043e\u043d \u0431\u044b\u0441\u0442\u0440\u043e \u0438\u0441\u043f\u0430\u0440\u044f\u0435\u0442\u0441\u044f \u0441 \u043f\u043e\u0432\u0435\u0440\u0445\u043d\u043e\u0441\u0442\u0438, \u0437\u0430\u0431\u0438\u0440\u0430\u044e \u0441 \u0441\u043e\u0431\u043e\u0439 \u043c\u0430\u043b\u0435\u0439\u0448\u0438\u0435 \u0447\u0430\u0441\u0442\u0438\u0447\u043a\u0438 \u043c\u0430\u0441\u0435\u043b.","breadcrumb":{"@id":"https:\/\/masterchem.lv\/ru\/product\/%d0%be%d1%87%d0%b8%d1%81%d1%82%d0%b8%d1%82%d0%b5%d0%bb%d1%8c-%d1%82%d0%be%d1%80%d0%bc%d0%be%d0%b7%d0%be%d0%b2-mastercleaner-top\/#breadcrumb"},"inLanguage":"ru-RU","potentialAction":[{"@type":"ReadAction","target":["https:\/\/masterchem.lv\/ru\/product\/%d0%be%d1%87%d0%b8%d1%81%d1%82%d0%b8%d1%82%d0%b5%d0%bb%d1%8c-%d1%82%d0%be%d1%80%d0%bc%d0%be%d0%b7%d0%be%d0%b2-mastercleaner-top\/"]}]},{"@type":"ImageObject","inLanguage":"ru-RU","@id":"https:\/\/masterchem.lv\/ru\/product\/%d0%be%d1%87%d0%b8%d1%81%d1%82%d0%b8%d1%82%d0%b5%d0%bb%d1%8c-%d1%82%d0%be%d1%80%d0%bc%d0%be%d0%b7%d0%be%d0%b2-mastercleaner-top\/#primaryimage","url":"https:\/\/masterchem.lv\/wp-content\/uploads\/2023\/03\/Piduripuhastaja-MasterCleaner-Top-5l-MaterChem-1.jpg","contentUrl":"https:\/\/masterchem.lv\/wp-content\/uploads\/2023\/03\/Piduripuhastaja-MasterCleaner-Top-5l-MaterChem-1.jpg","width":700,"height":700},{"@type":"BreadcrumbList","@id":"https:\/\/masterchem.lv\/ru\/product\/%d0%be%d1%87%d0%b8%d1%81%d1%82%d0%b8%d1%82%d0%b5%d0%bb%d1%8c-%d1%82%d0%be%d1%80%d0%bc%d0%be%d0%b7%d0%be%d0%b2-mastercleaner-top\/#breadcrumb","itemListElement":[{"@type":"ListItem","position":1,"name":"Home","item":"https:\/\/masterchem.lv\/ru\/"},{"@type":"ListItem","position":2,"name":"\u041c\u0430\u0433\u0430\u0437\u0438\u043d","item":"https:\/\/masterchem.lv\/%d0%bc%d0%b0%d0%b3%d0%b0%d0%b7%d0%b8%d0%bd\/"},{"@type":"ListItem","position":3,"name":"\u041e\u0447\u0438\u0441\u0442\u0438\u0442\u0435\u043b\u044c \u0442\u043e\u0440\u043c\u043e\u0437\u043e\u0432 MasterCleaner Top"}]},{"@type":"WebSite","@id":"https:\/\/masterchem.lv\/ru\/#website","url":"https:\/\/masterchem.lv\/ru\/","name":"\u0136\u012bmija r\u016bpniec\u012bbai &mdash; &Scaron;\u0137\u012bdin\u0101t\u0101ji un \u0137\u012bmisk\u0101s vielas &mdash; Masterchem.ee","description":"\u0136\u012bmija r\u016bpniec\u012bbai&nbsp;&mdash; &scaron;\u0137\u012bdin\u0101t\u0101ji un \u0137\u012bmisk\u0101s vielas","potentialAction":[{"@type":"SearchAction","target":{"@type":"EntryPoint","urlTemplate":"https:\/\/masterchem.lv\/ru\/?s={search_term_string}"},"query-input":{"@type":"PropertyValueSpecification","valueRequired":true,"valueName":"search_term_string"}}],"inLanguage":"ru-RU"}]}},"_links":{"self":[{"href":"https:\/\/masterchem.lv\/ru\/wp-json\/wp\/v2\/product\/12499","targetHints":{"allow":["GET"]}}],"collection":[{"href":"https:\/\/masterchem.lv\/ru\/wp-json\/wp\/v2\/product"}],"about":[{"href":"https:\/\/masterchem.lv\/ru\/wp-json\/wp\/v2\/types\/product"}],"wp:featuredmedia":[{"embeddable":true,"href":"https:\/\/masterchem.lv\/ru\/wp-json\/wp\/v2\/media\/8427"}],"wp:attachment":[{"href":"https:\/\/masterchem.lv\/ru\/wp-json\/wp\/v2\/media?parent=12499"}],"wp:term":[{"taxonomy":"product_brand","embeddable":true,"href":"https:\/\/masterchem.lv\/ru\/wp-json\/wp\/v2\/product_brand?post=12499"},{"taxonomy":"product_cat","embeddable":true,"href":"https:\/\/masterchem.lv\/ru\/wp-json\/wp\/v2\/product_cat?post=12499"},{"taxonomy":"product_tag","embeddable":true,"href":"https:\/\/masterchem.lv\/ru\/wp-json\/wp\/v2\/product_tag?post=12499"}],"curies":[{"name":"wp","href":"https:\/\/api.w.org\/{rel}","templated":true}]}}