{"id":12625,"date":"2023-03-08T07:56:31","date_gmt":"2023-03-08T07:56:31","guid":{"rendered":"https:\/\/masterchem.lv\/product\/%d1%80%d0%b0%d1%81%d1%82%d0%b2%d0%be%d1%80%d0%b8%d1%82%d0%b5%d0%bb%d1%8c-i-5008\/"},"modified":"2023-04-11T06:53:35","modified_gmt":"2023-04-11T06:53:35","slug":"%d1%80%d0%b0%d1%81%d1%82%d0%b2%d0%be%d1%80%d0%b8%d1%82%d0%b5%d0%bb%d1%8c-i-5008","status":"publish","type":"product","link":"https:\/\/masterchem.lv\/ru\/product\/%d1%80%d0%b0%d1%81%d1%82%d0%b2%d0%be%d1%80%d0%b8%d1%82%d0%b5%d0%bb%d1%8c-i-5008\/","title":{"rendered":"\u0420\u0430\u0441\u0442\u0432\u043e\u0440\u0438\u0442\u0435\u043b\u044c I-5008"},"content":{"rendered":"<p><strong>\u041f\u0440\u0438\u043c\u0435\u043d\u0435\u043d\u0438\u0435 \u0438 \u0438\u0441\u043f\u043e\u043b\u044c\u0437\u043e\u0432\u0430\u043d\u0438\u0435:<\/strong><br \/>\n\u0418\u0441\u043f\u043e\u043b\u044c\u0437\u0443\u0435\u0442\u0441\u044f \u0432 \u043f\u0435\u0447\u0430\u0442\u043d\u043e\u0439 \u0438 \u043c\u0435\u0431\u0435\u043b\u044c\u043d\u043e\u0439 \u043f\u0440\u043e\u043c\u044b\u0448\u043b\u0435\u043d\u043d\u043e\u0441\u0442\u0438, \u0434\u043b\u044f \u043f\u0440\u043e\u043c\u044b\u0432\u043a\u0438 \u0441\u0442\u0430\u043d\u043a\u043e\u0432, \u043f\u043e\u043a\u0440\u0430\u0441\u043e\u0447\u043d\u044b\u0445 \u043b\u0438\u043d\u0438\u0439 \u0438 \u0442\u0440\u0430\u043d\u0441\u043f\u043e\u0440\u0442\u0435\u0440\u043e\u0432 \u043e\u0442 \u043a\u0440\u0430\u0441\u043a\u0438, \u0447\u0435\u0440\u043d\u0438\u043b \u0438 \u043f\u044b\u043b\u0438, \u043d\u0435 \u043f\u043e\u0432\u0440\u0435\u0436\u0434\u0430\u044f \u0440\u0435\u0437\u0438\u043d\u043e\u0432\u044b\u0435 \u044d\u043b\u0435\u043c\u0435\u043d\u0442\u044b \u0438 \u043f\u043e\u043a\u0440\u044b\u0442\u0438\u044f \u043d\u0430 \u043d\u0438\u0445.<\/p>\n<p><strong>\u0423\u043f\u0430\u043a\u043e\u0432\u043a\u0430: <\/strong><\/p>\n<p>0,5 \u043b\u0438\u0442. \u043c\u0435\u0442\u0430\u043b\u043b\u0438\u0447\u0435\u0441\u043a\u0430\u044f \u0431\u0443\u0442\u044b\u043b\u043a\u0430<br \/>\n5 \u043b\u0438\u0442. \u043f\u043b\u0430\u0441\u0442\u0438\u043a\u043e\u0432\u0430\u044f \u043a\u0430\u043d\u0438\u0441\u0442\u0440\u0430<br \/>\n10 \u043b\u0438\u0442. \u043f\u043b\u0430\u0441\u0442\u0438\u043a\u043e\u0432\u0430\u044f \u043a\u0430\u043d\u0438\u0441\u0442\u0440\u0430<br \/>\n20 \u043b\u0438\u0442. \u043c\u0435\u0442\u0430\u043b\u043b\u0438\u0447\u0435\u0441\u043a\u043e\u0435 \u0432\u0435\u0434\u0440\u043e UN<br \/>\n25 \u043b\u0438\u0442. \u043f\u043b\u0430\u0441\u0442\u0438\u043a\u043e\u0432\u0430\u044f \u043a\u0430\u043d\u0438\u0441\u0442\u0440\u0430<br \/>\n200 \u043b\u0438\u0442. \u0431\u043e\u0447\u043a\u0430<br \/>\n640 \u043b\u0438\u0442. IBC \u043a\u043e\u043d\u0442\u0435\u0439\u043d\u0435\u0440<br \/>\n1000 \u043b\u0438\u0442. IBC \u043a\u043e\u043d\u0442\u0435\u0439\u043d\u0435\u0440<\/p>\n<p><strong>\u0424\u0438\u0437\u0438\u0447\u0435\u0441\u043a\u0438\u0435 \u0441\u0432\u043e\u0439\u0441\u0442\u0432\u0430:<\/strong><br \/>\n\u041f\u043b\u043e\u0442\u043d\u043e\u0441\u0442\u044c: 0.82g\/cm3<br \/>\n\u0426\u0432\u0435\u0442: \u041f\u0440\u043e\u0437\u0440\u0430\u0447\u043d\u044b\u0439.<br \/>\n\u0417\u0430\u043f\u0430\u0445: \u0421\u043f\u0435\u0446\u0438\u0444\u0438\u0447\u0435\u0441\u043a\u0438\u0439, \u0441\u043f\u0438\u0440\u0442\u043e\u0432\u043e\u0439.<\/p>\n","protected":false},"excerpt":{"rendered":"<p>\u0420\u0430\u0441\u0442\u0432\u043e\u0440\u0438\u0442\u0435\u043b\u044c I-5008: \u0423\u043d\u0438\u0432\u0435\u0440\u0441\u0430\u043b\u044c\u043d\u044b\u0439 \u0440\u0430\u0441\u0442\u0432\u043e\u0440\u0438\u0442\u0435\u043b\u044c \u0434\u043b\u044f \u043f\u0440\u043e\u043c\u044b\u0432\u043a\u0438 \u043e\u0431\u043e\u0440\u0443\u0434\u043e\u0432\u0430\u043d\u0438\u044f \u043f\u043e\u0441\u043b\u0435 \u043f\u043e\u043a\u0440\u0430\u0441\u043e\u0447\u043d\u044b\u0445 \u043c\u0430\u0442\u0435\u0440\u0438\u0430\u043b\u043e\u0432 \u043d\u0430 \u0432\u043e\u0434\u043d\u043e\u0439 \u043e\u0441\u043d\u043e\u0432\u0435.<\/p>\n<p>\u0420\u0430\u0441\u0442\u0432\u043e\u0440\u0438\u0442\u0435\u043b\u044c I-5008: \u041f\u043e\u0434\u0445\u043e\u0434\u0438\u0442 \u0434\u043b\u044f \u0440\u0430\u0437\u0431\u0430\u0432\u043b\u0435\u043d\u0438\u044f \u043a\u0440\u0430\u0441\u043e\u043a, \u0433\u0440\u0443\u043d\u0442\u043e\u0432, \u0431\u0435\u0439\u0441\u043e\u0432 \u043d\u0430 \u0432\u043e\u0434\u043d\u043e\u0439 \u043e\u0441\u043d\u043e\u0432\u0435.<br \/>\n\u0420\u0430\u0441\u0442\u0432\u043e\u0440\u0438\u0442\u0435\u043b\u044c I-5008: \u041e\u0431\u043b\u0430\u0434\u0430\u0435\u0442 \u0443\u043d\u0438\u043a\u0430\u043b\u044c\u043d\u044b\u043c\u0438 \u0441\u0432\u043e\u0439\u0441\u0442\u0432\u0430\u043c\u0438 \u043f\u043e \u0441\u043c\u044b\u0432\u0430\u043d\u0438\u044e \u0432\u0441\u0435\u0445 \u043e\u0441\u0442\u0430\u0442\u043a\u043e\u0432 \u043f\u043e\u043b\u0438\u043c\u0435\u0440\u043e\u0432 \u0438 \u043f\u044b\u043b\u0438, \u0437\u0430 \u0441\u0447\u0451\u0442 \u0441\u043c\u0435\u0441\u0438 \u0432\u044b\u0441\u043e\u043a\u043e\u043a\u0430\u0447\u0435\u0441\u0442\u0432\u0435\u043d\u043d\u044b\u0445 \u0441\u043f\u0438\u0440\u0442\u043e\u0432 \u0438 \u0430\u0446\u0435\u0442\u0430\u0442\u043e\u0432: \u042d\u0442\u0430\u043d\u043e\u043b, \u043d-\u0431\u0443\u0442\u0438\u043b\u0430\u0446\u0435\u0442\u0430\u0442, 1-\u043c\u0435\u0442\u043e\u043a\u0441\u0438 2-\u043f\u0440\u043e\u043f\u0430\u043d\u043e\u043b, \u043f\u0440\u043e\u043f\u0430\u043d-2-\u043e\u043b.<br \/>\n\u0420\u0430\u0441\u0442\u0432\u043e\u0440\u0438\u0442\u0435\u043b\u044c I-5008: \u0418\u043c\u0435\u0435\u0442 \u043d\u0438\u0437\u043a\u0438\u0439 \u043f\u043e\u043a\u0430\u0437\u0430\u0442\u0435\u043b\u044c \u043b\u0435\u0442\u0443\u0447\u0438\u0445 \u043e\u0440\u0433\u0430\u043d\u0438\u0447\u0435\u0441\u043a\u0438\u0445 \u0432\u0435\u0449\u0435\u0441\u0442\u0432 \u041b\u041e\u0412 (VOC): 550g\/L<\/p>\n","protected":false},"featured_media":8694,"template":"","meta":{"_monsterinsights_skip_tracking":false,"_monsterinsights_sitenote_active":false,"_monsterinsights_sitenote_note":"","_monsterinsights_sitenote_category":0},"product_brand":[],"product_cat":[246,290,288],"product_tag":[],"class_list":{"0":"post-12625","1":"product","2":"type-product","3":"status-publish","4":"has-post-thumbnail","6":"product_cat-246","7":"product_cat-290","8":"product_cat-288","10":"first","11":"instock","12":"featured","13":"taxable","14":"shipping-taxable","15":"purchasable","16":"product-type-variable","17":"has-default-attributes"},"yoast_head":"<!-- This site is optimized with the Yoast SEO plugin v27.4 - https:\/\/yoast.com\/product\/yoast-seo-wordpress\/ -->\n<title>\u0420\u0430\u0441\u0442\u0432\u043e\u0440\u0438\u0442\u0435\u043b\u044c I-5008 - \u0136\u012bmija r\u016bpniec\u012bbai &mdash; &Scaron;\u0137\u012bdin\u0101t\u0101ji un \u0137\u012bmisk\u0101s vielas &mdash; Masterchem.ee<\/title>\n<meta name=\"description\" content=\"\u0420\u0430\u0441\u0442\u0432\u043e\u0440\u0438\u0442\u0435\u043b\u044c I-5008: \u0423\u043d\u0438\u0432\u0435\u0440\u0441\u0430\u043b\u044c\u043d\u044b\u0439 \u0440\u0430\u0441\u0442\u0432\u043e\u0440\u0438\u0442\u0435\u043b\u044c \u0434\u043b\u044f \u043f\u0440\u043e\u043c\u044b\u0432\u043a\u0438 \u043e\u0431\u043e\u0440\u0443\u0434\u043e\u0432\u0430\u043d\u0438\u044f \u043f\u043e\u0441\u043b\u0435 \u043f\u043e\u043a\u0440\u0430\u0441\u043e\u0447\u043d\u044b\u0445 \u043c\u0430\u0442\u0435\u0440\u0438\u0430\u043b\u043e\u0432 \u043d\u0430 \u0432\u043e\u0434\u043d\u043e\u0439 \u043e\u0441\u043d\u043e\u0432\u0435. \u0420\u0430\u0441\u0442\u0432\u043e\u0440\u0438\u0442\u0435\u043b\u044c I-5008: \u041f\u043e\u0434\u0445\u043e\u0434\u0438\u0442 \u0434\u043b\u044f \u0440\u0430\u0437\u0431\u0430\u0432\u043b\u0435\u043d\u0438\u044f \u043a\u0440\u0430\u0441\u043e\u043a, \u0433\u0440\u0443\u043d\u0442\u043e\u0432, \u0431\u0435\u0439\u0441\u043e\u0432 \u043d\u0430 \u0432\u043e\u0434\u043d\u043e\u0439 \u043e\u0441\u043d\u043e\u0432\u0435.\" \/>\n<meta name=\"robots\" content=\"index, follow, max-snippet:-1, max-image-preview:large, max-video-preview:-1\" \/>\n<link rel=\"canonical\" href=\"https:\/\/masterchem.lv\/ru\/product\/%d1%80%d0%b0%d1%81%d1%82%d0%b2%d0%be%d1%80%d0%b8%d1%82%d0%b5%d0%bb%d1%8c-i-5008\/\" \/>\n<meta property=\"og:locale\" content=\"ru_RU\" \/>\n<meta property=\"og:type\" content=\"article\" \/>\n<meta property=\"og:title\" content=\"\u0420\u0430\u0441\u0442\u0432\u043e\u0440\u0438\u0442\u0435\u043b\u044c I-5008 - \u0136\u012bmija r\u016bpniec\u012bbai &mdash; &Scaron;\u0137\u012bdin\u0101t\u0101ji un \u0137\u012bmisk\u0101s vielas &mdash; Masterchem.ee\" \/>\n<meta property=\"og:description\" content=\"\u0420\u0430\u0441\u0442\u0432\u043e\u0440\u0438\u0442\u0435\u043b\u044c I-5008: \u0423\u043d\u0438\u0432\u0435\u0440\u0441\u0430\u043b\u044c\u043d\u044b\u0439 \u0440\u0430\u0441\u0442\u0432\u043e\u0440\u0438\u0442\u0435\u043b\u044c \u0434\u043b\u044f \u043f\u0440\u043e\u043c\u044b\u0432\u043a\u0438 \u043e\u0431\u043e\u0440\u0443\u0434\u043e\u0432\u0430\u043d\u0438\u044f \u043f\u043e\u0441\u043b\u0435 \u043f\u043e\u043a\u0440\u0430\u0441\u043e\u0447\u043d\u044b\u0445 \u043c\u0430\u0442\u0435\u0440\u0438\u0430\u043b\u043e\u0432 \u043d\u0430 \u0432\u043e\u0434\u043d\u043e\u0439 \u043e\u0441\u043d\u043e\u0432\u0435. \u0420\u0430\u0441\u0442\u0432\u043e\u0440\u0438\u0442\u0435\u043b\u044c I-5008: \u041f\u043e\u0434\u0445\u043e\u0434\u0438\u0442 \u0434\u043b\u044f \u0440\u0430\u0437\u0431\u0430\u0432\u043b\u0435\u043d\u0438\u044f \u043a\u0440\u0430\u0441\u043e\u043a, \u0433\u0440\u0443\u043d\u0442\u043e\u0432, \u0431\u0435\u0439\u0441\u043e\u0432 \u043d\u0430 \u0432\u043e\u0434\u043d\u043e\u0439 \u043e\u0441\u043d\u043e\u0432\u0435.\" \/>\n<meta property=\"og:url\" content=\"https:\/\/masterchem.lv\/ru\/product\/%d1%80%d0%b0%d1%81%d1%82%d0%b2%d0%be%d1%80%d0%b8%d1%82%d0%b5%d0%bb%d1%8c-i-5008\/\" \/>\n<meta property=\"og:site_name\" content=\"\u0136\u012bmija r\u016bpniec\u012bbai &mdash; &Scaron;\u0137\u012bdin\u0101t\u0101ji un \u0137\u012bmisk\u0101s vielas &mdash; Masterchem.ee\" \/>\n<meta property=\"article:modified_time\" content=\"2023-04-11T06:53:35+00:00\" \/>\n<meta property=\"og:image\" content=\"https:\/\/masterchem.lv\/wp-content\/uploads\/2023\/03\/Lahusti-I-5008-1000l-MasterChem-1.jpg\" \/>\n\t<meta property=\"og:image:width\" content=\"1000\" \/>\n\t<meta property=\"og:image:height\" content=\"1000\" \/>\n\t<meta property=\"og:image:type\" content=\"image\/jpeg\" \/>\n<meta name=\"twitter:card\" content=\"summary_large_image\" \/>\n<script type=\"application\/ld+json\" class=\"yoast-schema-graph\">{\"@context\":\"https:\\\/\\\/schema.org\",\"@graph\":[{\"@type\":\"WebPage\",\"@id\":\"https:\\\/\\\/masterchem.lv\\\/ru\\\/product\\\/%d1%80%d0%b0%d1%81%d1%82%d0%b2%d0%be%d1%80%d0%b8%d1%82%d0%b5%d0%bb%d1%8c-i-5008\\\/\",\"url\":\"https:\\\/\\\/masterchem.lv\\\/ru\\\/product\\\/%d1%80%d0%b0%d1%81%d1%82%d0%b2%d0%be%d1%80%d0%b8%d1%82%d0%b5%d0%bb%d1%8c-i-5008\\\/\",\"name\":\"\u0420\u0430\u0441\u0442\u0432\u043e\u0440\u0438\u0442\u0435\u043b\u044c I-5008 - \u0136\u012bmija r\u016bpniec\u012bbai &mdash; &Scaron;\u0137\u012bdin\u0101t\u0101ji un \u0137\u012bmisk\u0101s vielas &mdash; Masterchem.ee\",\"isPartOf\":{\"@id\":\"https:\\\/\\\/masterchem.lv\\\/ru\\\/#website\"},\"primaryImageOfPage\":{\"@id\":\"https:\\\/\\\/masterchem.lv\\\/ru\\\/product\\\/%d1%80%d0%b0%d1%81%d1%82%d0%b2%d0%be%d1%80%d0%b8%d1%82%d0%b5%d0%bb%d1%8c-i-5008\\\/#primaryimage\"},\"image\":{\"@id\":\"https:\\\/\\\/masterchem.lv\\\/ru\\\/product\\\/%d1%80%d0%b0%d1%81%d1%82%d0%b2%d0%be%d1%80%d0%b8%d1%82%d0%b5%d0%bb%d1%8c-i-5008\\\/#primaryimage\"},\"thumbnailUrl\":\"https:\\\/\\\/masterchem.lv\\\/wp-content\\\/uploads\\\/2023\\\/03\\\/Lahusti-I-5008-1000l-MasterChem-1.jpg\",\"datePublished\":\"2023-03-08T07:56:31+00:00\",\"dateModified\":\"2023-04-11T06:53:35+00:00\",\"description\":\"\u0420\u0430\u0441\u0442\u0432\u043e\u0440\u0438\u0442\u0435\u043b\u044c I-5008: \u0423\u043d\u0438\u0432\u0435\u0440\u0441\u0430\u043b\u044c\u043d\u044b\u0439 \u0440\u0430\u0441\u0442\u0432\u043e\u0440\u0438\u0442\u0435\u043b\u044c \u0434\u043b\u044f \u043f\u0440\u043e\u043c\u044b\u0432\u043a\u0438 \u043e\u0431\u043e\u0440\u0443\u0434\u043e\u0432\u0430\u043d\u0438\u044f \u043f\u043e\u0441\u043b\u0435 \u043f\u043e\u043a\u0440\u0430\u0441\u043e\u0447\u043d\u044b\u0445 \u043c\u0430\u0442\u0435\u0440\u0438\u0430\u043b\u043e\u0432 \u043d\u0430 \u0432\u043e\u0434\u043d\u043e\u0439 \u043e\u0441\u043d\u043e\u0432\u0435. \u0420\u0430\u0441\u0442\u0432\u043e\u0440\u0438\u0442\u0435\u043b\u044c I-5008: \u041f\u043e\u0434\u0445\u043e\u0434\u0438\u0442 \u0434\u043b\u044f \u0440\u0430\u0437\u0431\u0430\u0432\u043b\u0435\u043d\u0438\u044f \u043a\u0440\u0430\u0441\u043e\u043a, \u0433\u0440\u0443\u043d\u0442\u043e\u0432, \u0431\u0435\u0439\u0441\u043e\u0432 \u043d\u0430 \u0432\u043e\u0434\u043d\u043e\u0439 \u043e\u0441\u043d\u043e\u0432\u0435.\",\"breadcrumb\":{\"@id\":\"https:\\\/\\\/masterchem.lv\\\/ru\\\/product\\\/%d1%80%d0%b0%d1%81%d1%82%d0%b2%d0%be%d1%80%d0%b8%d1%82%d0%b5%d0%bb%d1%8c-i-5008\\\/#breadcrumb\"},\"inLanguage\":\"ru-RU\",\"potentialAction\":[{\"@type\":\"ReadAction\",\"target\":[\"https:\\\/\\\/masterchem.lv\\\/ru\\\/product\\\/%d1%80%d0%b0%d1%81%d1%82%d0%b2%d0%be%d1%80%d0%b8%d1%82%d0%b5%d0%bb%d1%8c-i-5008\\\/\"]}]},{\"@type\":\"ImageObject\",\"inLanguage\":\"ru-RU\",\"@id\":\"https:\\\/\\\/masterchem.lv\\\/ru\\\/product\\\/%d1%80%d0%b0%d1%81%d1%82%d0%b2%d0%be%d1%80%d0%b8%d1%82%d0%b5%d0%bb%d1%8c-i-5008\\\/#primaryimage\",\"url\":\"https:\\\/\\\/masterchem.lv\\\/wp-content\\\/uploads\\\/2023\\\/03\\\/Lahusti-I-5008-1000l-MasterChem-1.jpg\",\"contentUrl\":\"https:\\\/\\\/masterchem.lv\\\/wp-content\\\/uploads\\\/2023\\\/03\\\/Lahusti-I-5008-1000l-MasterChem-1.jpg\",\"width\":1000,\"height\":1000},{\"@type\":\"BreadcrumbList\",\"@id\":\"https:\\\/\\\/masterchem.lv\\\/ru\\\/product\\\/%d1%80%d0%b0%d1%81%d1%82%d0%b2%d0%be%d1%80%d0%b8%d1%82%d0%b5%d0%bb%d1%8c-i-5008\\\/#breadcrumb\",\"itemListElement\":[{\"@type\":\"ListItem\",\"position\":1,\"name\":\"Home\",\"item\":\"https:\\\/\\\/masterchem.lv\\\/ru\\\/\"},{\"@type\":\"ListItem\",\"position\":2,\"name\":\"\u041c\u0430\u0433\u0430\u0437\u0438\u043d\",\"item\":\"https:\\\/\\\/masterchem.lv\\\/%d0%bc%d0%b0%d0%b3%d0%b0%d0%b7%d0%b8%d0%bd\\\/\"},{\"@type\":\"ListItem\",\"position\":3,\"name\":\"\u0420\u0430\u0441\u0442\u0432\u043e\u0440\u0438\u0442\u0435\u043b\u044c I-5008\"}]},{\"@type\":\"WebSite\",\"@id\":\"https:\\\/\\\/masterchem.lv\\\/ru\\\/#website\",\"url\":\"https:\\\/\\\/masterchem.lv\\\/ru\\\/\",\"name\":\"\u0136\u012bmija r\u016bpniec\u012bbai &mdash; &Scaron;\u0137\u012bdin\u0101t\u0101ji un \u0137\u012bmisk\u0101s vielas &mdash; Masterchem.ee\",\"description\":\"\u0136\u012bmija r\u016bpniec\u012bbai&nbsp;&mdash; &scaron;\u0137\u012bdin\u0101t\u0101ji un \u0137\u012bmisk\u0101s vielas\",\"potentialAction\":[{\"@type\":\"SearchAction\",\"target\":{\"@type\":\"EntryPoint\",\"urlTemplate\":\"https:\\\/\\\/masterchem.lv\\\/ru\\\/?s={search_term_string}\"},\"query-input\":{\"@type\":\"PropertyValueSpecification\",\"valueRequired\":true,\"valueName\":\"search_term_string\"}}],\"inLanguage\":\"ru-RU\"}]}<\/script>\n<!-- \/ Yoast SEO plugin. -->","yoast_head_json":{"title":"\u0420\u0430\u0441\u0442\u0432\u043e\u0440\u0438\u0442\u0435\u043b\u044c I-5008 - \u0136\u012bmija r\u016bpniec\u012bbai &mdash; &Scaron;\u0137\u012bdin\u0101t\u0101ji un \u0137\u012bmisk\u0101s vielas &mdash; Masterchem.ee","description":"\u0420\u0430\u0441\u0442\u0432\u043e\u0440\u0438\u0442\u0435\u043b\u044c I-5008: \u0423\u043d\u0438\u0432\u0435\u0440\u0441\u0430\u043b\u044c\u043d\u044b\u0439 \u0440\u0430\u0441\u0442\u0432\u043e\u0440\u0438\u0442\u0435\u043b\u044c \u0434\u043b\u044f \u043f\u0440\u043e\u043c\u044b\u0432\u043a\u0438 \u043e\u0431\u043e\u0440\u0443\u0434\u043e\u0432\u0430\u043d\u0438\u044f \u043f\u043e\u0441\u043b\u0435 \u043f\u043e\u043a\u0440\u0430\u0441\u043e\u0447\u043d\u044b\u0445 \u043c\u0430\u0442\u0435\u0440\u0438\u0430\u043b\u043e\u0432 \u043d\u0430 \u0432\u043e\u0434\u043d\u043e\u0439 \u043e\u0441\u043d\u043e\u0432\u0435. \u0420\u0430\u0441\u0442\u0432\u043e\u0440\u0438\u0442\u0435\u043b\u044c I-5008: \u041f\u043e\u0434\u0445\u043e\u0434\u0438\u0442 \u0434\u043b\u044f \u0440\u0430\u0437\u0431\u0430\u0432\u043b\u0435\u043d\u0438\u044f \u043a\u0440\u0430\u0441\u043e\u043a, \u0433\u0440\u0443\u043d\u0442\u043e\u0432, \u0431\u0435\u0439\u0441\u043e\u0432 \u043d\u0430 \u0432\u043e\u0434\u043d\u043e\u0439 \u043e\u0441\u043d\u043e\u0432\u0435.","robots":{"index":"index","follow":"follow","max-snippet":"max-snippet:-1","max-image-preview":"max-image-preview:large","max-video-preview":"max-video-preview:-1"},"canonical":"https:\/\/masterchem.lv\/ru\/product\/%d1%80%d0%b0%d1%81%d1%82%d0%b2%d0%be%d1%80%d0%b8%d1%82%d0%b5%d0%bb%d1%8c-i-5008\/","og_locale":"ru_RU","og_type":"article","og_title":"\u0420\u0430\u0441\u0442\u0432\u043e\u0440\u0438\u0442\u0435\u043b\u044c I-5008 - \u0136\u012bmija r\u016bpniec\u012bbai &mdash; &Scaron;\u0137\u012bdin\u0101t\u0101ji un \u0137\u012bmisk\u0101s vielas &mdash; Masterchem.ee","og_description":"\u0420\u0430\u0441\u0442\u0432\u043e\u0440\u0438\u0442\u0435\u043b\u044c I-5008: \u0423\u043d\u0438\u0432\u0435\u0440\u0441\u0430\u043b\u044c\u043d\u044b\u0439 \u0440\u0430\u0441\u0442\u0432\u043e\u0440\u0438\u0442\u0435\u043b\u044c \u0434\u043b\u044f \u043f\u0440\u043e\u043c\u044b\u0432\u043a\u0438 \u043e\u0431\u043e\u0440\u0443\u0434\u043e\u0432\u0430\u043d\u0438\u044f \u043f\u043e\u0441\u043b\u0435 \u043f\u043e\u043a\u0440\u0430\u0441\u043e\u0447\u043d\u044b\u0445 \u043c\u0430\u0442\u0435\u0440\u0438\u0430\u043b\u043e\u0432 \u043d\u0430 \u0432\u043e\u0434\u043d\u043e\u0439 \u043e\u0441\u043d\u043e\u0432\u0435. \u0420\u0430\u0441\u0442\u0432\u043e\u0440\u0438\u0442\u0435\u043b\u044c I-5008: \u041f\u043e\u0434\u0445\u043e\u0434\u0438\u0442 \u0434\u043b\u044f \u0440\u0430\u0437\u0431\u0430\u0432\u043b\u0435\u043d\u0438\u044f \u043a\u0440\u0430\u0441\u043e\u043a, \u0433\u0440\u0443\u043d\u0442\u043e\u0432, \u0431\u0435\u0439\u0441\u043e\u0432 \u043d\u0430 \u0432\u043e\u0434\u043d\u043e\u0439 \u043e\u0441\u043d\u043e\u0432\u0435.","og_url":"https:\/\/masterchem.lv\/ru\/product\/%d1%80%d0%b0%d1%81%d1%82%d0%b2%d0%be%d1%80%d0%b8%d1%82%d0%b5%d0%bb%d1%8c-i-5008\/","og_site_name":"\u0136\u012bmija r\u016bpniec\u012bbai &mdash; &Scaron;\u0137\u012bdin\u0101t\u0101ji un \u0137\u012bmisk\u0101s vielas &mdash; Masterchem.ee","article_modified_time":"2023-04-11T06:53:35+00:00","og_image":[{"width":1000,"height":1000,"url":"https:\/\/masterchem.lv\/wp-content\/uploads\/2023\/03\/Lahusti-I-5008-1000l-MasterChem-1.jpg","type":"image\/jpeg"}],"twitter_card":"summary_large_image","schema":{"@context":"https:\/\/schema.org","@graph":[{"@type":"WebPage","@id":"https:\/\/masterchem.lv\/ru\/product\/%d1%80%d0%b0%d1%81%d1%82%d0%b2%d0%be%d1%80%d0%b8%d1%82%d0%b5%d0%bb%d1%8c-i-5008\/","url":"https:\/\/masterchem.lv\/ru\/product\/%d1%80%d0%b0%d1%81%d1%82%d0%b2%d0%be%d1%80%d0%b8%d1%82%d0%b5%d0%bb%d1%8c-i-5008\/","name":"\u0420\u0430\u0441\u0442\u0432\u043e\u0440\u0438\u0442\u0435\u043b\u044c I-5008 - \u0136\u012bmija r\u016bpniec\u012bbai &mdash; &Scaron;\u0137\u012bdin\u0101t\u0101ji un \u0137\u012bmisk\u0101s vielas &mdash; Masterchem.ee","isPartOf":{"@id":"https:\/\/masterchem.lv\/ru\/#website"},"primaryImageOfPage":{"@id":"https:\/\/masterchem.lv\/ru\/product\/%d1%80%d0%b0%d1%81%d1%82%d0%b2%d0%be%d1%80%d0%b8%d1%82%d0%b5%d0%bb%d1%8c-i-5008\/#primaryimage"},"image":{"@id":"https:\/\/masterchem.lv\/ru\/product\/%d1%80%d0%b0%d1%81%d1%82%d0%b2%d0%be%d1%80%d0%b8%d1%82%d0%b5%d0%bb%d1%8c-i-5008\/#primaryimage"},"thumbnailUrl":"https:\/\/masterchem.lv\/wp-content\/uploads\/2023\/03\/Lahusti-I-5008-1000l-MasterChem-1.jpg","datePublished":"2023-03-08T07:56:31+00:00","dateModified":"2023-04-11T06:53:35+00:00","description":"\u0420\u0430\u0441\u0442\u0432\u043e\u0440\u0438\u0442\u0435\u043b\u044c I-5008: \u0423\u043d\u0438\u0432\u0435\u0440\u0441\u0430\u043b\u044c\u043d\u044b\u0439 \u0440\u0430\u0441\u0442\u0432\u043e\u0440\u0438\u0442\u0435\u043b\u044c \u0434\u043b\u044f \u043f\u0440\u043e\u043c\u044b\u0432\u043a\u0438 \u043e\u0431\u043e\u0440\u0443\u0434\u043e\u0432\u0430\u043d\u0438\u044f \u043f\u043e\u0441\u043b\u0435 \u043f\u043e\u043a\u0440\u0430\u0441\u043e\u0447\u043d\u044b\u0445 \u043c\u0430\u0442\u0435\u0440\u0438\u0430\u043b\u043e\u0432 \u043d\u0430 \u0432\u043e\u0434\u043d\u043e\u0439 \u043e\u0441\u043d\u043e\u0432\u0435. \u0420\u0430\u0441\u0442\u0432\u043e\u0440\u0438\u0442\u0435\u043b\u044c I-5008: \u041f\u043e\u0434\u0445\u043e\u0434\u0438\u0442 \u0434\u043b\u044f \u0440\u0430\u0437\u0431\u0430\u0432\u043b\u0435\u043d\u0438\u044f \u043a\u0440\u0430\u0441\u043e\u043a, \u0433\u0440\u0443\u043d\u0442\u043e\u0432, \u0431\u0435\u0439\u0441\u043e\u0432 \u043d\u0430 \u0432\u043e\u0434\u043d\u043e\u0439 \u043e\u0441\u043d\u043e\u0432\u0435.","breadcrumb":{"@id":"https:\/\/masterchem.lv\/ru\/product\/%d1%80%d0%b0%d1%81%d1%82%d0%b2%d0%be%d1%80%d0%b8%d1%82%d0%b5%d0%bb%d1%8c-i-5008\/#breadcrumb"},"inLanguage":"ru-RU","potentialAction":[{"@type":"ReadAction","target":["https:\/\/masterchem.lv\/ru\/product\/%d1%80%d0%b0%d1%81%d1%82%d0%b2%d0%be%d1%80%d0%b8%d1%82%d0%b5%d0%bb%d1%8c-i-5008\/"]}]},{"@type":"ImageObject","inLanguage":"ru-RU","@id":"https:\/\/masterchem.lv\/ru\/product\/%d1%80%d0%b0%d1%81%d1%82%d0%b2%d0%be%d1%80%d0%b8%d1%82%d0%b5%d0%bb%d1%8c-i-5008\/#primaryimage","url":"https:\/\/masterchem.lv\/wp-content\/uploads\/2023\/03\/Lahusti-I-5008-1000l-MasterChem-1.jpg","contentUrl":"https:\/\/masterchem.lv\/wp-content\/uploads\/2023\/03\/Lahusti-I-5008-1000l-MasterChem-1.jpg","width":1000,"height":1000},{"@type":"BreadcrumbList","@id":"https:\/\/masterchem.lv\/ru\/product\/%d1%80%d0%b0%d1%81%d1%82%d0%b2%d0%be%d1%80%d0%b8%d1%82%d0%b5%d0%bb%d1%8c-i-5008\/#breadcrumb","itemListElement":[{"@type":"ListItem","position":1,"name":"Home","item":"https:\/\/masterchem.lv\/ru\/"},{"@type":"ListItem","position":2,"name":"\u041c\u0430\u0433\u0430\u0437\u0438\u043d","item":"https:\/\/masterchem.lv\/%d0%bc%d0%b0%d0%b3%d0%b0%d0%b7%d0%b8%d0%bd\/"},{"@type":"ListItem","position":3,"name":"\u0420\u0430\u0441\u0442\u0432\u043e\u0440\u0438\u0442\u0435\u043b\u044c I-5008"}]},{"@type":"WebSite","@id":"https:\/\/masterchem.lv\/ru\/#website","url":"https:\/\/masterchem.lv\/ru\/","name":"\u0136\u012bmija r\u016bpniec\u012bbai &mdash; &Scaron;\u0137\u012bdin\u0101t\u0101ji un \u0137\u012bmisk\u0101s vielas &mdash; Masterchem.ee","description":"\u0136\u012bmija r\u016bpniec\u012bbai&nbsp;&mdash; &scaron;\u0137\u012bdin\u0101t\u0101ji un \u0137\u012bmisk\u0101s vielas","potentialAction":[{"@type":"SearchAction","target":{"@type":"EntryPoint","urlTemplate":"https:\/\/masterchem.lv\/ru\/?s={search_term_string}"},"query-input":{"@type":"PropertyValueSpecification","valueRequired":true,"valueName":"search_term_string"}}],"inLanguage":"ru-RU"}]}},"_links":{"self":[{"href":"https:\/\/masterchem.lv\/ru\/wp-json\/wp\/v2\/product\/12625","targetHints":{"allow":["GET"]}}],"collection":[{"href":"https:\/\/masterchem.lv\/ru\/wp-json\/wp\/v2\/product"}],"about":[{"href":"https:\/\/masterchem.lv\/ru\/wp-json\/wp\/v2\/types\/product"}],"wp:featuredmedia":[{"embeddable":true,"href":"https:\/\/masterchem.lv\/ru\/wp-json\/wp\/v2\/media\/8694"}],"wp:attachment":[{"href":"https:\/\/masterchem.lv\/ru\/wp-json\/wp\/v2\/media?parent=12625"}],"wp:term":[{"taxonomy":"product_brand","embeddable":true,"href":"https:\/\/masterchem.lv\/ru\/wp-json\/wp\/v2\/product_brand?post=12625"},{"taxonomy":"product_cat","embeddable":true,"href":"https:\/\/masterchem.lv\/ru\/wp-json\/wp\/v2\/product_cat?post=12625"},{"taxonomy":"product_tag","embeddable":true,"href":"https:\/\/masterchem.lv\/ru\/wp-json\/wp\/v2\/product_tag?post=12625"}],"curies":[{"name":"wp","href":"https:\/\/api.w.org\/{rel}","templated":true}]}}