{"id":12950,"date":"2023-03-08T07:58:49","date_gmt":"2023-03-08T07:58:49","guid":{"rendered":"https:\/\/masterchem.lv\/product\/%d0%b1%d0%b5%d0%bd%d0%b7%d0%be%d0%b9%d0%bd%d0%b0%d1%8f-%d0%ba%d0%b8%d1%81%d0%bb%d0%be%d1%82%d0%b0-cas-65-85-0\/"},"modified":"2023-04-11T09:54:11","modified_gmt":"2023-04-11T09:54:11","slug":"%d0%b1%d0%b5%d0%bd%d0%b7%d0%be%d0%b9%d0%bd%d0%b0%d1%8f-%d0%ba%d0%b8%d1%81%d0%bb%d0%be%d1%82%d0%b0-cas-65-85-0","status":"publish","type":"product","link":"https:\/\/masterchem.lv\/ru\/product\/%d0%b1%d0%b5%d0%bd%d0%b7%d0%be%d0%b9%d0%bd%d0%b0%d1%8f-%d0%ba%d0%b8%d1%81%d0%bb%d0%be%d1%82%d0%b0-cas-65-85-0\/","title":{"rendered":"\u0411\u0435\u043d\u0437\u043e\u0439\u043d\u0430\u044f \u043a\u0438\u0441\u043b\u043e\u0442\u0430 (CAS 65-85-0)"},"content":{"rendered":"<p><strong>\u0418\u043d\u0444\u043e\u0440\u043c\u0430\u0446\u0438\u044f<\/strong><\/p>\n<p>\u041e\u0442\u0440\u0430\u0441\u043b\u0438: \u043b\u0430\u043a\u0438 \u0438 \u043a\u0440\u0430\u0441\u043a\u0438 , \u0431\u044b\u0442\u043e\u0432\u0430\u044f \u0445\u0438\u043c\u0438\u044f, \u043a\u043b\u0435\u0438, \u043c\u0430\u0441\u043b\u0430, \u0441\u043c\u0430\u0437\u043a\u0438, \u043a\u043e\u0440\u043c\u043e\u0432\u0430\u044f \u043f\u0440\u043e\u043c\u044b\u0448\u043b\u0435\u043d\u043d\u043e\u0441\u0442\u044c, \u0441\u043c\u043e\u043b\u044b, \u043f\u043b\u0430\u0441\u0442\u043c\u0430\u0441\u0441\u044b, \u043f\u043e\u043b\u0438\u0443\u0440\u0435\u0442\u0430\u043d\u044b, \u0441\u0442\u0440\u043e\u0438\u0442\u0435\u043b\u044c\u0441\u0442\u0432\u043e<br \/>\n\u041d\u043e\u043c\u0435\u0440 CAS: 65-85-0<br \/>\n\u041d\u043e\u043c\u0435\u0440 WE: 200-618-2<br \/>\n\u0425\u0438\u043c\u0438\u0447\u0435\u0441\u043a\u0430\u044f \u0444\u043e\u0440\u043c\u0443\u043b\u0430: C6H5COOH<br \/>\n\u041c\u043e\u043b\u044f\u0440\u043d\u0430\u044f \u043c\u0430\u0441\u0441\u0430: 122,12 g\/mol<br \/>\n\u041a\u043e\u0434 \u0442\u0430\u043c\u043e\u0436\u0435\u043d\u043d\u043e\u0433\u043e \u0442\u0430\u0440\u0438\u0444\u0430: 29163100<\/p>\n<p><strong>\u0444\u0438\u0437\u0438\u0447\u0435\u0441\u043a\u0438\u0435 \u0441\u0432\u043e\u0439\u0441\u0442\u0432\u0430<\/strong><\/p>\n<p>\u0442\u0445: 2,5 -3,5 ( 1,5 g\/l H2O, 20\u00b0C )<br \/>\n\u0422\u043e\u0447\u043a\u0430 \u043f\u043b\u0430\u0432\u043b\u0435\u043d\u0438\u044f \/ \u0437\u0430\u043c\u0435\u0440\u0437\u0430\u043d\u0438\u044f: 121 &#8212; 123\u00b0C<br \/>\n\u0422\u043e\u0447\u043a\u0430 \u043a\u0438\u043f\u0435\u043d\u0438\u044f \/ \u0434\u0438\u0430\u043f\u0430\u0437\u043e\u043d: 249\u00b0C<br \/>\n\u041e\u0442\u043d\u043e\u0441\u0438\u0442\u0435\u043b\u044c\u043d\u0430\u044f \u043f\u043b\u043e\u0442\u043d\u043e\u0441\u0442\u044c: 1,32 g\/cm3<br \/>\n\u0420\u0430\u0441\u0442\u0432\u043e\u0440\u0438\u043c\u043e\u0441\u0442\u044c \u0432 \u0432\u043e\u0434\u0435: 2,9 g\/l (20\u00b0C)<\/p>\n","protected":false},"excerpt":{"rendered":"<p><strong>\u0411\u0435\u043d\u0437\u043e\u0439\u043d\u0430\u044f \u043a\u0438\u0441\u043b\u043e\u0442\u0430 (CAS 65-85-0)<\/strong><\/p>\n<p><\/p>\n<p>\u0411\u0435\u043d\u0437\u043e\u0439\u043d\u0430\u044f \u043a\u0438\u0441\u043b\u043e\u0442\u0430 \u2014 \u0431\u0435\u043b\u044b\u0435 \u043a\u0440\u0438\u0441\u0442\u0430\u043b\u043b\u044b, \u043f\u043b\u043e\u0445\u043e \u0440\u0430\u0441\u0442\u0432\u043e\u0440\u0438\u043c\u044b\u0435 \u0432 \u0432\u043e\u0434\u0435, \u0445\u043e\u0440\u043e\u0448\u043e \u2014 \u0432 \u044d\u0442\u0430\u043d\u043e\u043b\u0435, \u0445\u043b\u043e\u0440\u043e\u0444\u043e\u0440\u043c\u0435 \u0438 \u0434\u0438\u044d\u0442\u0438\u043b\u043e\u0432\u043e\u043c \u044d\u0444\u0438\u0440\u0435. \u0411\u0435\u043d\u0437\u043e\u0439\u043d\u0430\u044f \u043a\u0438\u0441\u043b\u043e\u0442\u0430 \u044f\u0432\u043b\u044f\u0435\u0442\u0441\u044f, \u043f\u043e\u0434\u043e\u0431\u043d\u043e \u0431\u043e\u043b\u044c\u0448\u0438\u043d\u0441\u0442\u0432\u0443 \u0434\u0440\u0443\u0433\u0438\u0445 \u043e\u0440\u0433\u0430\u043d\u0438\u0447\u0435\u0441\u043a\u0438\u0445 \u043a\u0438\u0441\u043b\u043e\u0442, \u0441\u043b\u0430\u0431\u043e\u0439 \u043a\u0438\u0441\u043b\u043e\u0442\u043e\u0439 (pKa 4,21).<\/p>\n<p>\u0427\u0438\u0441\u0442\u0430\u044f \u043a\u0438\u0441\u043b\u043e\u0442\u0430 \u0438\u043c\u0435\u0435\u0442 \u0442\u0435\u043c\u043f\u0435\u0440\u0430\u0442\u0443\u0440\u0443 \u043f\u043b\u0430\u0432\u043b\u0435\u043d\u0438\u044f 122,4 \u00b0C, \u0442\u0435\u043c\u043f\u0435\u0440\u0430\u0442\u0443\u0440\u0443 \u043a\u0438\u043f\u0435\u043d\u0438\u044f 249 \u00b0C.<\/p>\n<p>\u041b\u0435\u0433\u043a\u043e \u0432\u043e\u0437\u0433\u043e\u043d\u044f\u0435\u0442\u0441\u044f; \u043f\u0435\u0440\u0435\u0433\u043e\u043d\u044f\u0435\u0442\u0441\u044f \u0441 \u0432\u043e\u0434\u044f\u043d\u044b\u043c \u043f\u0430\u0440\u043e\u043c, \u043f\u043e\u044d\u0442\u043e\u043c\u0443 \u043d\u0435\u044d\u0444\u0444\u0435\u043a\u0442\u0438\u0432\u043d\u043e \u043f\u043e\u0432\u044b\u0448\u0430\u0442\u044c \u043a\u043e\u043d\u0446\u0435\u043d\u0442\u0440\u0430\u0446\u0438\u044e \u0432\u043e\u0434\u043d\u044b\u0445 \u0440\u0430\u0441\u0442\u0432\u043e\u0440\u043e\u0432 \u0431\u0435\u043d\u0437\u043e\u0439\u043d\u043e\u0439 \u043a\u0438\u0441\u043b\u043e\u0442\u044b \u0443\u043f\u0430\u0440\u0438\u0432\u0430\u043d\u0438\u0435\u043c \u0440\u0430\u0441\u0442\u0432\u043e\u0440\u0430.<\/p>\n","protected":false},"featured_media":9181,"template":"","meta":{"_monsterinsights_skip_tracking":false,"_monsterinsights_sitenote_active":false,"_monsterinsights_sitenote_note":"","_monsterinsights_sitenote_category":0},"product_brand":[],"product_cat":[272,246,262,280,284],"product_tag":[],"class_list":{"0":"post-12950","1":"product","2":"type-product","3":"status-publish","4":"has-post-thumbnail","6":"product_cat-272","7":"product_cat-246","8":"product_cat-262","9":"product_cat-280","10":"product_cat-284","12":"first","13":"instock","14":"taxable","15":"shipping-taxable","16":"purchasable","17":"product-type-variable","18":"has-default-attributes"},"yoast_head":"<!-- This site is optimized with the Yoast SEO plugin v27.4 - https:\/\/yoast.com\/product\/yoast-seo-wordpress\/ -->\n<title>\u0411\u0435\u043d\u0437\u043e\u0439\u043d\u0430\u044f \u043a\u0438\u0441\u043b\u043e\u0442\u0430 (CAS 65-85-0) - \u0136\u012bmija r\u016bpniec\u012bbai &mdash; &Scaron;\u0137\u012bdin\u0101t\u0101ji un \u0137\u012bmisk\u0101s vielas &mdash; Masterchem.ee<\/title>\n<meta name=\"description\" content=\"\u0411\u0435\u043d\u0437\u043e\u0439\u043d\u0430\u044f \u043a\u0438\u0441\u043b\u043e\u0442\u0430 \u2014 \u0431\u0435\u043b\u044b\u0435 \u043a\u0440\u0438\u0441\u0442\u0430\u043b\u043b\u044b, \u043f\u043b\u043e\u0445\u043e \u0440\u0430\u0441\u0442\u0432\u043e\u0440\u0438\u043c\u044b\u0435 \u0432 \u0432\u043e\u0434\u0435, \u0445\u043e\u0440\u043e\u0448\u043e \u2014 \u0432 \u044d\u0442\u0430\u043d\u043e\u043b\u0435, \u0445\u043b\u043e\u0440\u043e\u0444\u043e\u0440\u043c\u0435 \u0438 \u0434\u0438\u044d\u0442\u0438\u043b\u043e\u0432\u043e\u043c \u044d\u0444\u0438\u0440\u0435.\" \/>\n<meta name=\"robots\" content=\"index, follow, max-snippet:-1, max-image-preview:large, max-video-preview:-1\" \/>\n<link rel=\"canonical\" href=\"https:\/\/masterchem.lv\/ru\/product\/%d0%b1%d0%b5%d0%bd%d0%b7%d0%be%d0%b9%d0%bd%d0%b0%d1%8f-%d0%ba%d0%b8%d1%81%d0%bb%d0%be%d1%82%d0%b0-cas-65-85-0\/\" \/>\n<meta property=\"og:locale\" content=\"ru_RU\" \/>\n<meta property=\"og:type\" content=\"article\" \/>\n<meta property=\"og:title\" content=\"\u0411\u0435\u043d\u0437\u043e\u0439\u043d\u0430\u044f \u043a\u0438\u0441\u043b\u043e\u0442\u0430 (CAS 65-85-0) - \u0136\u012bmija r\u016bpniec\u012bbai &mdash; &Scaron;\u0137\u012bdin\u0101t\u0101ji un \u0137\u012bmisk\u0101s vielas &mdash; Masterchem.ee\" \/>\n<meta property=\"og:description\" content=\"\u0411\u0435\u043d\u0437\u043e\u0439\u043d\u0430\u044f \u043a\u0438\u0441\u043b\u043e\u0442\u0430 \u2014 \u0431\u0435\u043b\u044b\u0435 \u043a\u0440\u0438\u0441\u0442\u0430\u043b\u043b\u044b, \u043f\u043b\u043e\u0445\u043e \u0440\u0430\u0441\u0442\u0432\u043e\u0440\u0438\u043c\u044b\u0435 \u0432 \u0432\u043e\u0434\u0435, \u0445\u043e\u0440\u043e\u0448\u043e \u2014 \u0432 \u044d\u0442\u0430\u043d\u043e\u043b\u0435, \u0445\u043b\u043e\u0440\u043e\u0444\u043e\u0440\u043c\u0435 \u0438 \u0434\u0438\u044d\u0442\u0438\u043b\u043e\u0432\u043e\u043c \u044d\u0444\u0438\u0440\u0435.\" \/>\n<meta property=\"og:url\" content=\"https:\/\/masterchem.lv\/ru\/product\/%d0%b1%d0%b5%d0%bd%d0%b7%d0%be%d0%b9%d0%bd%d0%b0%d1%8f-%d0%ba%d0%b8%d1%81%d0%bb%d0%be%d1%82%d0%b0-cas-65-85-0\/\" \/>\n<meta property=\"og:site_name\" content=\"\u0136\u012bmija r\u016bpniec\u012bbai &mdash; &Scaron;\u0137\u012bdin\u0101t\u0101ji un \u0137\u012bmisk\u0101s vielas &mdash; Masterchem.ee\" \/>\n<meta property=\"article:modified_time\" content=\"2023-04-11T09:54:11+00:00\" \/>\n<meta property=\"og:image\" content=\"https:\/\/masterchem.lv\/wp-content\/uploads\/2023\/03\/Bensoehape-25kg-MasterChem-1.png\" \/>\n\t<meta property=\"og:image:width\" content=\"1000\" \/>\n\t<meta property=\"og:image:height\" content=\"1000\" \/>\n\t<meta property=\"og:image:type\" content=\"image\/png\" \/>\n<meta name=\"twitter:card\" content=\"summary_large_image\" \/>\n<script type=\"application\/ld+json\" class=\"yoast-schema-graph\">{\"@context\":\"https:\\\/\\\/schema.org\",\"@graph\":[{\"@type\":\"WebPage\",\"@id\":\"https:\\\/\\\/masterchem.lv\\\/ru\\\/product\\\/%d0%b1%d0%b5%d0%bd%d0%b7%d0%be%d0%b9%d0%bd%d0%b0%d1%8f-%d0%ba%d0%b8%d1%81%d0%bb%d0%be%d1%82%d0%b0-cas-65-85-0\\\/\",\"url\":\"https:\\\/\\\/masterchem.lv\\\/ru\\\/product\\\/%d0%b1%d0%b5%d0%bd%d0%b7%d0%be%d0%b9%d0%bd%d0%b0%d1%8f-%d0%ba%d0%b8%d1%81%d0%bb%d0%be%d1%82%d0%b0-cas-65-85-0\\\/\",\"name\":\"\u0411\u0435\u043d\u0437\u043e\u0439\u043d\u0430\u044f \u043a\u0438\u0441\u043b\u043e\u0442\u0430 (CAS 65-85-0) - \u0136\u012bmija r\u016bpniec\u012bbai &mdash; &Scaron;\u0137\u012bdin\u0101t\u0101ji un \u0137\u012bmisk\u0101s vielas &mdash; Masterchem.ee\",\"isPartOf\":{\"@id\":\"https:\\\/\\\/masterchem.lv\\\/ru\\\/#website\"},\"primaryImageOfPage\":{\"@id\":\"https:\\\/\\\/masterchem.lv\\\/ru\\\/product\\\/%d0%b1%d0%b5%d0%bd%d0%b7%d0%be%d0%b9%d0%bd%d0%b0%d1%8f-%d0%ba%d0%b8%d1%81%d0%bb%d0%be%d1%82%d0%b0-cas-65-85-0\\\/#primaryimage\"},\"image\":{\"@id\":\"https:\\\/\\\/masterchem.lv\\\/ru\\\/product\\\/%d0%b1%d0%b5%d0%bd%d0%b7%d0%be%d0%b9%d0%bd%d0%b0%d1%8f-%d0%ba%d0%b8%d1%81%d0%bb%d0%be%d1%82%d0%b0-cas-65-85-0\\\/#primaryimage\"},\"thumbnailUrl\":\"https:\\\/\\\/masterchem.lv\\\/wp-content\\\/uploads\\\/2023\\\/03\\\/Bensoehape-25kg-MasterChem-1.png\",\"datePublished\":\"2023-03-08T07:58:49+00:00\",\"dateModified\":\"2023-04-11T09:54:11+00:00\",\"description\":\"\u0411\u0435\u043d\u0437\u043e\u0439\u043d\u0430\u044f \u043a\u0438\u0441\u043b\u043e\u0442\u0430 \u2014 \u0431\u0435\u043b\u044b\u0435 \u043a\u0440\u0438\u0441\u0442\u0430\u043b\u043b\u044b, \u043f\u043b\u043e\u0445\u043e \u0440\u0430\u0441\u0442\u0432\u043e\u0440\u0438\u043c\u044b\u0435 \u0432 \u0432\u043e\u0434\u0435, \u0445\u043e\u0440\u043e\u0448\u043e \u2014 \u0432 \u044d\u0442\u0430\u043d\u043e\u043b\u0435, \u0445\u043b\u043e\u0440\u043e\u0444\u043e\u0440\u043c\u0435 \u0438 \u0434\u0438\u044d\u0442\u0438\u043b\u043e\u0432\u043e\u043c \u044d\u0444\u0438\u0440\u0435.\",\"breadcrumb\":{\"@id\":\"https:\\\/\\\/masterchem.lv\\\/ru\\\/product\\\/%d0%b1%d0%b5%d0%bd%d0%b7%d0%be%d0%b9%d0%bd%d0%b0%d1%8f-%d0%ba%d0%b8%d1%81%d0%bb%d0%be%d1%82%d0%b0-cas-65-85-0\\\/#breadcrumb\"},\"inLanguage\":\"ru-RU\",\"potentialAction\":[{\"@type\":\"ReadAction\",\"target\":[\"https:\\\/\\\/masterchem.lv\\\/ru\\\/product\\\/%d0%b1%d0%b5%d0%bd%d0%b7%d0%be%d0%b9%d0%bd%d0%b0%d1%8f-%d0%ba%d0%b8%d1%81%d0%bb%d0%be%d1%82%d0%b0-cas-65-85-0\\\/\"]}]},{\"@type\":\"ImageObject\",\"inLanguage\":\"ru-RU\",\"@id\":\"https:\\\/\\\/masterchem.lv\\\/ru\\\/product\\\/%d0%b1%d0%b5%d0%bd%d0%b7%d0%be%d0%b9%d0%bd%d0%b0%d1%8f-%d0%ba%d0%b8%d1%81%d0%bb%d0%be%d1%82%d0%b0-cas-65-85-0\\\/#primaryimage\",\"url\":\"https:\\\/\\\/masterchem.lv\\\/wp-content\\\/uploads\\\/2023\\\/03\\\/Bensoehape-25kg-MasterChem-1.png\",\"contentUrl\":\"https:\\\/\\\/masterchem.lv\\\/wp-content\\\/uploads\\\/2023\\\/03\\\/Bensoehape-25kg-MasterChem-1.png\",\"width\":1000,\"height\":1000},{\"@type\":\"BreadcrumbList\",\"@id\":\"https:\\\/\\\/masterchem.lv\\\/ru\\\/product\\\/%d0%b1%d0%b5%d0%bd%d0%b7%d0%be%d0%b9%d0%bd%d0%b0%d1%8f-%d0%ba%d0%b8%d1%81%d0%bb%d0%be%d1%82%d0%b0-cas-65-85-0\\\/#breadcrumb\",\"itemListElement\":[{\"@type\":\"ListItem\",\"position\":1,\"name\":\"Home\",\"item\":\"https:\\\/\\\/masterchem.lv\\\/ru\\\/\"},{\"@type\":\"ListItem\",\"position\":2,\"name\":\"\u041c\u0430\u0433\u0430\u0437\u0438\u043d\",\"item\":\"https:\\\/\\\/masterchem.lv\\\/%d0%bc%d0%b0%d0%b3%d0%b0%d0%b7%d0%b8%d0%bd\\\/\"},{\"@type\":\"ListItem\",\"position\":3,\"name\":\"\u0411\u0435\u043d\u0437\u043e\u0439\u043d\u0430\u044f \u043a\u0438\u0441\u043b\u043e\u0442\u0430 (CAS 65-85-0)\"}]},{\"@type\":\"WebSite\",\"@id\":\"https:\\\/\\\/masterchem.lv\\\/ru\\\/#website\",\"url\":\"https:\\\/\\\/masterchem.lv\\\/ru\\\/\",\"name\":\"\u0136\u012bmija r\u016bpniec\u012bbai &mdash; &Scaron;\u0137\u012bdin\u0101t\u0101ji un \u0137\u012bmisk\u0101s vielas &mdash; Masterchem.ee\",\"description\":\"\u0136\u012bmija r\u016bpniec\u012bbai&nbsp;&mdash; &scaron;\u0137\u012bdin\u0101t\u0101ji un \u0137\u012bmisk\u0101s vielas\",\"potentialAction\":[{\"@type\":\"SearchAction\",\"target\":{\"@type\":\"EntryPoint\",\"urlTemplate\":\"https:\\\/\\\/masterchem.lv\\\/ru\\\/?s={search_term_string}\"},\"query-input\":{\"@type\":\"PropertyValueSpecification\",\"valueRequired\":true,\"valueName\":\"search_term_string\"}}],\"inLanguage\":\"ru-RU\"}]}<\/script>\n<!-- \/ Yoast SEO plugin. -->","yoast_head_json":{"title":"\u0411\u0435\u043d\u0437\u043e\u0439\u043d\u0430\u044f \u043a\u0438\u0441\u043b\u043e\u0442\u0430 (CAS 65-85-0) - \u0136\u012bmija r\u016bpniec\u012bbai &mdash; &Scaron;\u0137\u012bdin\u0101t\u0101ji un \u0137\u012bmisk\u0101s vielas &mdash; Masterchem.ee","description":"\u0411\u0435\u043d\u0437\u043e\u0439\u043d\u0430\u044f \u043a\u0438\u0441\u043b\u043e\u0442\u0430 \u2014 \u0431\u0435\u043b\u044b\u0435 \u043a\u0440\u0438\u0441\u0442\u0430\u043b\u043b\u044b, \u043f\u043b\u043e\u0445\u043e \u0440\u0430\u0441\u0442\u0432\u043e\u0440\u0438\u043c\u044b\u0435 \u0432 \u0432\u043e\u0434\u0435, \u0445\u043e\u0440\u043e\u0448\u043e \u2014 \u0432 \u044d\u0442\u0430\u043d\u043e\u043b\u0435, \u0445\u043b\u043e\u0440\u043e\u0444\u043e\u0440\u043c\u0435 \u0438 \u0434\u0438\u044d\u0442\u0438\u043b\u043e\u0432\u043e\u043c \u044d\u0444\u0438\u0440\u0435.","robots":{"index":"index","follow":"follow","max-snippet":"max-snippet:-1","max-image-preview":"max-image-preview:large","max-video-preview":"max-video-preview:-1"},"canonical":"https:\/\/masterchem.lv\/ru\/product\/%d0%b1%d0%b5%d0%bd%d0%b7%d0%be%d0%b9%d0%bd%d0%b0%d1%8f-%d0%ba%d0%b8%d1%81%d0%bb%d0%be%d1%82%d0%b0-cas-65-85-0\/","og_locale":"ru_RU","og_type":"article","og_title":"\u0411\u0435\u043d\u0437\u043e\u0439\u043d\u0430\u044f \u043a\u0438\u0441\u043b\u043e\u0442\u0430 (CAS 65-85-0) - \u0136\u012bmija r\u016bpniec\u012bbai &mdash; &Scaron;\u0137\u012bdin\u0101t\u0101ji un \u0137\u012bmisk\u0101s vielas &mdash; Masterchem.ee","og_description":"\u0411\u0435\u043d\u0437\u043e\u0439\u043d\u0430\u044f \u043a\u0438\u0441\u043b\u043e\u0442\u0430 \u2014 \u0431\u0435\u043b\u044b\u0435 \u043a\u0440\u0438\u0441\u0442\u0430\u043b\u043b\u044b, \u043f\u043b\u043e\u0445\u043e \u0440\u0430\u0441\u0442\u0432\u043e\u0440\u0438\u043c\u044b\u0435 \u0432 \u0432\u043e\u0434\u0435, \u0445\u043e\u0440\u043e\u0448\u043e \u2014 \u0432 \u044d\u0442\u0430\u043d\u043e\u043b\u0435, \u0445\u043b\u043e\u0440\u043e\u0444\u043e\u0440\u043c\u0435 \u0438 \u0434\u0438\u044d\u0442\u0438\u043b\u043e\u0432\u043e\u043c \u044d\u0444\u0438\u0440\u0435.","og_url":"https:\/\/masterchem.lv\/ru\/product\/%d0%b1%d0%b5%d0%bd%d0%b7%d0%be%d0%b9%d0%bd%d0%b0%d1%8f-%d0%ba%d0%b8%d1%81%d0%bb%d0%be%d1%82%d0%b0-cas-65-85-0\/","og_site_name":"\u0136\u012bmija r\u016bpniec\u012bbai &mdash; &Scaron;\u0137\u012bdin\u0101t\u0101ji un \u0137\u012bmisk\u0101s vielas &mdash; Masterchem.ee","article_modified_time":"2023-04-11T09:54:11+00:00","og_image":[{"width":1000,"height":1000,"url":"https:\/\/masterchem.lv\/wp-content\/uploads\/2023\/03\/Bensoehape-25kg-MasterChem-1.png","type":"image\/png"}],"twitter_card":"summary_large_image","schema":{"@context":"https:\/\/schema.org","@graph":[{"@type":"WebPage","@id":"https:\/\/masterchem.lv\/ru\/product\/%d0%b1%d0%b5%d0%bd%d0%b7%d0%be%d0%b9%d0%bd%d0%b0%d1%8f-%d0%ba%d0%b8%d1%81%d0%bb%d0%be%d1%82%d0%b0-cas-65-85-0\/","url":"https:\/\/masterchem.lv\/ru\/product\/%d0%b1%d0%b5%d0%bd%d0%b7%d0%be%d0%b9%d0%bd%d0%b0%d1%8f-%d0%ba%d0%b8%d1%81%d0%bb%d0%be%d1%82%d0%b0-cas-65-85-0\/","name":"\u0411\u0435\u043d\u0437\u043e\u0439\u043d\u0430\u044f \u043a\u0438\u0441\u043b\u043e\u0442\u0430 (CAS 65-85-0) - \u0136\u012bmija r\u016bpniec\u012bbai &mdash; &Scaron;\u0137\u012bdin\u0101t\u0101ji un \u0137\u012bmisk\u0101s vielas &mdash; Masterchem.ee","isPartOf":{"@id":"https:\/\/masterchem.lv\/ru\/#website"},"primaryImageOfPage":{"@id":"https:\/\/masterchem.lv\/ru\/product\/%d0%b1%d0%b5%d0%bd%d0%b7%d0%be%d0%b9%d0%bd%d0%b0%d1%8f-%d0%ba%d0%b8%d1%81%d0%bb%d0%be%d1%82%d0%b0-cas-65-85-0\/#primaryimage"},"image":{"@id":"https:\/\/masterchem.lv\/ru\/product\/%d0%b1%d0%b5%d0%bd%d0%b7%d0%be%d0%b9%d0%bd%d0%b0%d1%8f-%d0%ba%d0%b8%d1%81%d0%bb%d0%be%d1%82%d0%b0-cas-65-85-0\/#primaryimage"},"thumbnailUrl":"https:\/\/masterchem.lv\/wp-content\/uploads\/2023\/03\/Bensoehape-25kg-MasterChem-1.png","datePublished":"2023-03-08T07:58:49+00:00","dateModified":"2023-04-11T09:54:11+00:00","description":"\u0411\u0435\u043d\u0437\u043e\u0439\u043d\u0430\u044f \u043a\u0438\u0441\u043b\u043e\u0442\u0430 \u2014 \u0431\u0435\u043b\u044b\u0435 \u043a\u0440\u0438\u0441\u0442\u0430\u043b\u043b\u044b, \u043f\u043b\u043e\u0445\u043e \u0440\u0430\u0441\u0442\u0432\u043e\u0440\u0438\u043c\u044b\u0435 \u0432 \u0432\u043e\u0434\u0435, \u0445\u043e\u0440\u043e\u0448\u043e \u2014 \u0432 \u044d\u0442\u0430\u043d\u043e\u043b\u0435, \u0445\u043b\u043e\u0440\u043e\u0444\u043e\u0440\u043c\u0435 \u0438 \u0434\u0438\u044d\u0442\u0438\u043b\u043e\u0432\u043e\u043c \u044d\u0444\u0438\u0440\u0435.","breadcrumb":{"@id":"https:\/\/masterchem.lv\/ru\/product\/%d0%b1%d0%b5%d0%bd%d0%b7%d0%be%d0%b9%d0%bd%d0%b0%d1%8f-%d0%ba%d0%b8%d1%81%d0%bb%d0%be%d1%82%d0%b0-cas-65-85-0\/#breadcrumb"},"inLanguage":"ru-RU","potentialAction":[{"@type":"ReadAction","target":["https:\/\/masterchem.lv\/ru\/product\/%d0%b1%d0%b5%d0%bd%d0%b7%d0%be%d0%b9%d0%bd%d0%b0%d1%8f-%d0%ba%d0%b8%d1%81%d0%bb%d0%be%d1%82%d0%b0-cas-65-85-0\/"]}]},{"@type":"ImageObject","inLanguage":"ru-RU","@id":"https:\/\/masterchem.lv\/ru\/product\/%d0%b1%d0%b5%d0%bd%d0%b7%d0%be%d0%b9%d0%bd%d0%b0%d1%8f-%d0%ba%d0%b8%d1%81%d0%bb%d0%be%d1%82%d0%b0-cas-65-85-0\/#primaryimage","url":"https:\/\/masterchem.lv\/wp-content\/uploads\/2023\/03\/Bensoehape-25kg-MasterChem-1.png","contentUrl":"https:\/\/masterchem.lv\/wp-content\/uploads\/2023\/03\/Bensoehape-25kg-MasterChem-1.png","width":1000,"height":1000},{"@type":"BreadcrumbList","@id":"https:\/\/masterchem.lv\/ru\/product\/%d0%b1%d0%b5%d0%bd%d0%b7%d0%be%d0%b9%d0%bd%d0%b0%d1%8f-%d0%ba%d0%b8%d1%81%d0%bb%d0%be%d1%82%d0%b0-cas-65-85-0\/#breadcrumb","itemListElement":[{"@type":"ListItem","position":1,"name":"Home","item":"https:\/\/masterchem.lv\/ru\/"},{"@type":"ListItem","position":2,"name":"\u041c\u0430\u0433\u0430\u0437\u0438\u043d","item":"https:\/\/masterchem.lv\/%d0%bc%d0%b0%d0%b3%d0%b0%d0%b7%d0%b8%d0%bd\/"},{"@type":"ListItem","position":3,"name":"\u0411\u0435\u043d\u0437\u043e\u0439\u043d\u0430\u044f \u043a\u0438\u0441\u043b\u043e\u0442\u0430 (CAS 65-85-0)"}]},{"@type":"WebSite","@id":"https:\/\/masterchem.lv\/ru\/#website","url":"https:\/\/masterchem.lv\/ru\/","name":"\u0136\u012bmija r\u016bpniec\u012bbai &mdash; &Scaron;\u0137\u012bdin\u0101t\u0101ji un \u0137\u012bmisk\u0101s vielas &mdash; Masterchem.ee","description":"\u0136\u012bmija r\u016bpniec\u012bbai&nbsp;&mdash; &scaron;\u0137\u012bdin\u0101t\u0101ji un \u0137\u012bmisk\u0101s vielas","potentialAction":[{"@type":"SearchAction","target":{"@type":"EntryPoint","urlTemplate":"https:\/\/masterchem.lv\/ru\/?s={search_term_string}"},"query-input":{"@type":"PropertyValueSpecification","valueRequired":true,"valueName":"search_term_string"}}],"inLanguage":"ru-RU"}]}},"_links":{"self":[{"href":"https:\/\/masterchem.lv\/ru\/wp-json\/wp\/v2\/product\/12950","targetHints":{"allow":["GET"]}}],"collection":[{"href":"https:\/\/masterchem.lv\/ru\/wp-json\/wp\/v2\/product"}],"about":[{"href":"https:\/\/masterchem.lv\/ru\/wp-json\/wp\/v2\/types\/product"}],"wp:featuredmedia":[{"embeddable":true,"href":"https:\/\/masterchem.lv\/ru\/wp-json\/wp\/v2\/media\/9181"}],"wp:attachment":[{"href":"https:\/\/masterchem.lv\/ru\/wp-json\/wp\/v2\/media?parent=12950"}],"wp:term":[{"taxonomy":"product_brand","embeddable":true,"href":"https:\/\/masterchem.lv\/ru\/wp-json\/wp\/v2\/product_brand?post=12950"},{"taxonomy":"product_cat","embeddable":true,"href":"https:\/\/masterchem.lv\/ru\/wp-json\/wp\/v2\/product_cat?post=12950"},{"taxonomy":"product_tag","embeddable":true,"href":"https:\/\/masterchem.lv\/ru\/wp-json\/wp\/v2\/product_tag?post=12950"}],"curies":[{"name":"wp","href":"https:\/\/api.w.org\/{rel}","templated":true}]}}