{"id":12972,"date":"2023-03-08T07:58:49","date_gmt":"2023-03-08T07:58:49","guid":{"rendered":"https:\/\/masterchem.lv\/product\/%d1%82%d0%b2%d0%b5%d1%80%d0%b4%d1%8b%d0%b9-%d0%bf%d0%b0%d1%80%d0%b0%d1%84%d0%b8%d0%bd-%d0%b3%d1%80%d0%b0%d0%bd%d1%83%d0%bb%d0%b8%d1%80%d0%be%d0%b2%d0%b0%d0%bd%d0%bd%d1%8b%d0%b9-%d1%81%d1%82%d0%b5\/"},"modified":"2023-04-11T09:49:35","modified_gmt":"2023-04-11T09:49:35","slug":"%d1%82%d0%b2%d0%b5%d1%80%d0%b4%d1%8b%d0%b9-%d0%bf%d0%b0%d1%80%d0%b0%d1%84%d0%b8%d0%bd-%d0%b3%d1%80%d0%b0%d0%bd%d1%83%d0%bb%d0%b8%d1%80%d0%be%d0%b2%d0%b0%d0%bd%d0%bd%d1%8b%d0%b9-%d1%81%d1%82%d0%b5","status":"publish","type":"product","link":"https:\/\/masterchem.lv\/ru\/product\/%d1%82%d0%b2%d0%b5%d1%80%d0%b4%d1%8b%d0%b9-%d0%bf%d0%b0%d1%80%d0%b0%d1%84%d0%b8%d0%bd-%d0%b3%d1%80%d0%b0%d0%bd%d1%83%d0%bb%d0%b8%d1%80%d0%be%d0%b2%d0%b0%d0%bd%d0%bd%d1%8b%d0%b9-%d1%81%d1%82%d0%b5\/","title":{"rendered":"\u0422\u0432\u0435\u0440\u0434\u044b\u0439 \u043f\u0430\u0440\u0430\u0444\u0438\u043d (\u0433\u0440\u0430\u043d\u0443\u043b\u0438\u0440\u043e\u0432\u0430\u043d\u043d\u044b\u0439, \u0441\u0442\u0435\u043a\u043b\u043e\u043f\u0430\u043a\u0435\u0442\u044b) (CAS 8002-74-2)"},"content":{"rendered":"<p><strong>\u0418\u043d\u0444\u043e\u0440\u043c\u0430\u0446\u0438\u044f<\/strong><\/p>\n<p>\u041e\u0442\u0440\u0430\u0441\u043b\u0438: \u0431\u044b\u0442\u043e\u0432\u0430\u044f \u0445\u0438\u043c\u0438\u044f, \u0443\u0434\u043e\u0431\u0440\u0435\u043d\u0438\u044f, \u043a\u043e\u0441\u043c\u0435\u0442\u0438\u043a\u0430, \u043a\u043b\u0435\u0438, \u043c\u0430\u0441\u043b\u0430, \u0441\u043c\u0430\u0437\u043a\u0438, \u0444\u0430\u0440\u043c\u0430\u0446\u0435\u0432\u0442\u0438\u0447\u0435\u0441\u043a\u0430\u044f \u043f\u0440\u043e\u043c\u044b\u0448\u043b\u0435\u043d\u043d\u043e\u0441\u0442\u044c, \u0441\u0442\u0440\u043e\u0438\u0442\u0435\u043b\u044c\u043d\u0430\u044f \u0445\u0438\u043c\u0438\u044f, \u0441\u0442\u0440\u043e\u0438\u0442\u0435\u043b\u044c\u0441\u0442\u0432\u043e<br \/>\n\u041d\u043e\u043c\u0435\u0440 CAS: 8002-74-2<br \/>\n\u041d\u043e\u043c\u0435\u0440 WE: 232-315-6<br \/>\n\u041a\u043e\u0434 \u0442\u0430\u043c\u043e\u0436\u0435\u043d\u043d\u043e\u0433\u043e \u0442\u0430\u0440\u0438\u0444\u0430: 2712<\/p>\n","protected":false},"excerpt":{"rendered":"<p><strong>\u0422\u0432\u0435\u0440\u0434\u044b\u0439 \u043f\u0430\u0440\u0430\u0444\u0438\u043d (\u0433\u0440\u0430\u043d\u0443\u043b\u0438\u0440\u043e\u0432\u0430\u043d\u043d\u044b\u0439, \u0441\u0442\u0435\u043a\u043b\u043e\u043f\u0430\u043a\u0435\u0442\u044b) (CAS 8002-74-2<\/strong><\/p>\n<p><\/p>\n<p>\u041f\u0430\u0440\u0430\u0444\u0438\u0301\u043d (\u043e\u0442 \u043b\u0430\u0442. parum \u00ab\u043c\u0430\u043b\u043e\u00bb + affinis \u00ab\u0440\u043e\u0434\u0441\u0442\u0432\u0435\u043d\u043d\u044b\u0439\u00bb) \u2014 \u0432\u043e\u0441\u043a\u043e\u043f\u043e\u0434\u043e\u0431\u043d\u0430\u044f \u0441\u043c\u0435\u0441\u044c \u043f\u0440\u0435\u0434\u0435\u043b\u044c\u043d\u044b\u0445 \u0443\u0433\u043b\u0435\u0432\u043e\u0434\u043e\u0440\u043e\u0434\u043e\u0432 (\u0430\u043b\u043a\u0430\u043d\u043e\u0432) \u043f\u0440\u0435\u0438\u043c\u0443\u0449\u0435\u0441\u0442\u0432\u0435\u043d\u043d\u043e \u043d\u043e\u0440\u043c\u0430\u043b\u044c\u043d\u043e\u0433\u043e \u0441\u0442\u0440\u043e\u0435\u043d\u0438\u044f \u0441\u043e\u0441\u0442\u0430\u0432\u0430 \u043e\u0442 \u042118\u041d38 (\u043e\u043a\u0442\u0430\u0434\u0435\u043a\u0430\u043d) \u0434\u043e \u042135\u041d72 (\u043f\u0435\u043d\u0442\u0430\u0442\u0440\u0438\u043e\u043a\u043e\u043d\u0442\u0430\u043d).<\/p>\n<p>\u0422\u0435\u043c\u043f\u0435\u0440\u0430\u0442\u0443\u0440\u0430 \u043f\u043b\u0430\u0432\u043b\u0435\u043d\u0438\u044f \u2014 \u043e\u0442 45\u00b0\u0421 \u0434\u043e 65\u00b0\u0421;<\/p>\n<p>\u0422\u0435\u043c\u043f\u0435\u0440\u0430\u0442\u0443\u0440\u0430 \u043a\u0438\u043f\u0435\u043d\u0438\u044f \u2014 \u0432\u044b\u0448\u0435 370\u00b0C<\/p>\n<p>\u0422\u0435\u043c\u043f\u0435\u0440\u0430\u0442\u0443\u0440\u0430 \u0432\u0441\u043f\u044b\u0448\u043a\u0438 200-240\u00b0C<\/p>\n<p>\u041f\u043b\u043e\u0442\u043d\u043e\u0441\u0442\u044c \u2014 0,880-0,915 \u0433\/\u0441\u043c\u00b3 (15 \u00b0C);<\/p>\n<p>\u041f\u043e\u043b\u0443\u0447\u0430\u044e\u0442 \u0433\u043b\u0430\u0432\u043d\u044b\u043c \u043e\u0431\u0440\u0430\u0437\u043e\u043c \u0438\u0437 \u043d\u0435\u0444\u0442\u0438.<\/p>\n<p>\u0412 \u0437\u0430\u0432\u0438\u0441\u0438\u043c\u043e\u0441\u0442\u0438 \u043e\u0442 \u0441\u043e\u043e\u0442\u043d\u043e\u0448\u0435\u043d\u0438\u044f \u043a\u043e\u043d\u0446\u0435\u043d\u0442\u0440\u0430\u0446\u0438\u0439 \u0442\u044f\u0436\u0435\u043b\u044b\u0445 \u0438 \u043b\u0451\u0433\u043a\u0438\u0445 \u0443\u0433\u043b\u0435\u0432\u043e\u0434\u043e\u0440\u043e\u0434\u043e\u0432 \u043f\u0430\u0440\u0430\u0444\u0438\u043d \u043c\u043e\u0436\u0435\u0442 \u0431\u044b\u0442\u044c \u0436\u0438\u0434\u043a\u0438\u043c, \u0442\u0432\u0451\u0440\u0434\u044b\u043c \u0438 \u043c\u0435\u043b\u043a\u043e\u043a\u0440\u0438\u0441\u0442\u0430\u043b\u043b\u0438\u0447\u0435\u0441\u043a\u0438\u043c (\u0446\u0435\u0440\u0435\u0437\u0438\u043d).<\/p>\n","protected":false},"featured_media":9208,"template":"","meta":{"_monsterinsights_skip_tracking":false,"_monsterinsights_sitenote_active":false,"_monsterinsights_sitenote_note":"","_monsterinsights_sitenote_category":0},"product_brand":[],"product_cat":[272,246,258,264,282],"product_tag":[],"class_list":{"0":"post-12972","1":"product","2":"type-product","3":"status-publish","4":"has-post-thumbnail","6":"product_cat-272","7":"product_cat-246","8":"product_cat-258","9":"product_cat-264","10":"product_cat-282","12":"first","13":"instock","14":"taxable","15":"shipping-taxable","16":"purchasable","17":"product-type-variable","18":"has-default-attributes"},"yoast_head":"<!-- This site is optimized with the Yoast SEO plugin v27.4 - https:\/\/yoast.com\/product\/yoast-seo-wordpress\/ -->\n<title>\u0422\u0432\u0435\u0440\u0434\u044b\u0439 \u043f\u0430\u0440\u0430\u0444\u0438\u043d (\u0433\u0440\u0430\u043d\u0443\u043b\u0438\u0440\u043e\u0432\u0430\u043d\u043d\u044b\u0439, \u0441\u0442\u0435\u043a\u043b\u043e\u043f\u0430\u043a\u0435\u0442\u044b) (CAS 8002-74-2) - \u0136\u012bmija r\u016bpniec\u012bbai &mdash; &Scaron;\u0137\u012bdin\u0101t\u0101ji un \u0137\u012bmisk\u0101s vielas &mdash; Masterchem.ee<\/title>\n<meta name=\"description\" content=\"\u041f\u0430\u0440\u0430\u0444\u0438\u0438\u043d \u2014 \u0432\u043e\u0441\u043a\u043e\u043f\u043e\u0434\u043e\u0431\u043d\u0430\u044f \u0441\u043c\u0435\u0441\u044c \u043f\u0440\u0435\u0434\u0435\u043b\u044c\u043d\u044b\u0445 \u0443\u0433\u043b\u0435\u0432\u043e\u0434\u043e\u0440\u043e\u0434\u043e\u0432 (\u0430\u043b\u043a\u0430\u043d\u043e\u0432) \u043f\u0440\u0435\u0438\u043c\u0443\u0449\u0435\u0441\u0442\u0432\u0435\u043d\u043d\u043e \u043d\u043e\u0440\u043c\u0430\u043b\u044c\u043d\u043e\u0433\u043e \u0441\u0442\u0440\u043e\u0435\u043d\u0438\u044f \u0441\u043e\u0441\u0442\u0430\u0432\u0430 \u043e\u0442 \u042118\u041d38 (\u043e\u043a\u0442\u0430\u0434\u0435\u043a\u0430\u043d) \u0434\u043e \u042135\u041d72.\" \/>\n<meta name=\"robots\" content=\"index, follow, max-snippet:-1, max-image-preview:large, max-video-preview:-1\" \/>\n<link rel=\"canonical\" href=\"https:\/\/masterchem.lv\/ru\/product\/%d1%82%d0%b2%d0%b5%d1%80%d0%b4%d1%8b%d0%b9-%d0%bf%d0%b0%d1%80%d0%b0%d1%84%d0%b8%d0%bd-%d0%b3%d1%80%d0%b0%d0%bd%d1%83%d0%bb%d0%b8%d1%80%d0%be%d0%b2%d0%b0%d0%bd%d0%bd%d1%8b%d0%b9-%d1%81%d1%82%d0%b5\/\" \/>\n<meta property=\"og:locale\" content=\"ru_RU\" \/>\n<meta property=\"og:type\" content=\"article\" \/>\n<meta property=\"og:title\" content=\"\u0422\u0432\u0435\u0440\u0434\u044b\u0439 \u043f\u0430\u0440\u0430\u0444\u0438\u043d (\u0433\u0440\u0430\u043d\u0443\u043b\u0438\u0440\u043e\u0432\u0430\u043d\u043d\u044b\u0439, \u0441\u0442\u0435\u043a\u043b\u043e\u043f\u0430\u043a\u0435\u0442\u044b) (CAS 8002-74-2) - \u0136\u012bmija r\u016bpniec\u012bbai &mdash; &Scaron;\u0137\u012bdin\u0101t\u0101ji un \u0137\u012bmisk\u0101s vielas &mdash; Masterchem.ee\" \/>\n<meta property=\"og:description\" content=\"\u041f\u0430\u0440\u0430\u0444\u0438\u0438\u043d \u2014 \u0432\u043e\u0441\u043a\u043e\u043f\u043e\u0434\u043e\u0431\u043d\u0430\u044f \u0441\u043c\u0435\u0441\u044c \u043f\u0440\u0435\u0434\u0435\u043b\u044c\u043d\u044b\u0445 \u0443\u0433\u043b\u0435\u0432\u043e\u0434\u043e\u0440\u043e\u0434\u043e\u0432 (\u0430\u043b\u043a\u0430\u043d\u043e\u0432) \u043f\u0440\u0435\u0438\u043c\u0443\u0449\u0435\u0441\u0442\u0432\u0435\u043d\u043d\u043e \u043d\u043e\u0440\u043c\u0430\u043b\u044c\u043d\u043e\u0433\u043e \u0441\u0442\u0440\u043e\u0435\u043d\u0438\u044f \u0441\u043e\u0441\u0442\u0430\u0432\u0430 \u043e\u0442 \u042118\u041d38 (\u043e\u043a\u0442\u0430\u0434\u0435\u043a\u0430\u043d) \u0434\u043e \u042135\u041d72.\" \/>\n<meta property=\"og:url\" content=\"https:\/\/masterchem.lv\/ru\/product\/%d1%82%d0%b2%d0%b5%d1%80%d0%b4%d1%8b%d0%b9-%d0%bf%d0%b0%d1%80%d0%b0%d1%84%d0%b8%d0%bd-%d0%b3%d1%80%d0%b0%d0%bd%d1%83%d0%bb%d0%b8%d1%80%d0%be%d0%b2%d0%b0%d0%bd%d0%bd%d1%8b%d0%b9-%d1%81%d1%82%d0%b5\/\" \/>\n<meta property=\"og:site_name\" content=\"\u0136\u012bmija r\u016bpniec\u012bbai &mdash; &Scaron;\u0137\u012bdin\u0101t\u0101ji un \u0137\u012bmisk\u0101s vielas &mdash; Masterchem.ee\" \/>\n<meta property=\"article:modified_time\" content=\"2023-04-11T09:49:35+00:00\" \/>\n<meta property=\"og:image\" content=\"https:\/\/masterchem.lv\/wp-content\/uploads\/2023\/03\/Parafiin-25kg-MasterChem-1.jpg\" \/>\n\t<meta property=\"og:image:width\" content=\"1000\" \/>\n\t<meta property=\"og:image:height\" content=\"1000\" \/>\n\t<meta property=\"og:image:type\" content=\"image\/jpeg\" \/>\n<meta name=\"twitter:card\" content=\"summary_large_image\" \/>\n<script type=\"application\/ld+json\" class=\"yoast-schema-graph\">{\"@context\":\"https:\\\/\\\/schema.org\",\"@graph\":[{\"@type\":\"WebPage\",\"@id\":\"https:\\\/\\\/masterchem.lv\\\/ru\\\/product\\\/%d1%82%d0%b2%d0%b5%d1%80%d0%b4%d1%8b%d0%b9-%d0%bf%d0%b0%d1%80%d0%b0%d1%84%d0%b8%d0%bd-%d0%b3%d1%80%d0%b0%d0%bd%d1%83%d0%bb%d0%b8%d1%80%d0%be%d0%b2%d0%b0%d0%bd%d0%bd%d1%8b%d0%b9-%d1%81%d1%82%d0%b5\\\/\",\"url\":\"https:\\\/\\\/masterchem.lv\\\/ru\\\/product\\\/%d1%82%d0%b2%d0%b5%d1%80%d0%b4%d1%8b%d0%b9-%d0%bf%d0%b0%d1%80%d0%b0%d1%84%d0%b8%d0%bd-%d0%b3%d1%80%d0%b0%d0%bd%d1%83%d0%bb%d0%b8%d1%80%d0%be%d0%b2%d0%b0%d0%bd%d0%bd%d1%8b%d0%b9-%d1%81%d1%82%d0%b5\\\/\",\"name\":\"\u0422\u0432\u0435\u0440\u0434\u044b\u0439 \u043f\u0430\u0440\u0430\u0444\u0438\u043d (\u0433\u0440\u0430\u043d\u0443\u043b\u0438\u0440\u043e\u0432\u0430\u043d\u043d\u044b\u0439, \u0441\u0442\u0435\u043a\u043b\u043e\u043f\u0430\u043a\u0435\u0442\u044b) (CAS 8002-74-2) - \u0136\u012bmija r\u016bpniec\u012bbai &mdash; &Scaron;\u0137\u012bdin\u0101t\u0101ji un \u0137\u012bmisk\u0101s vielas &mdash; Masterchem.ee\",\"isPartOf\":{\"@id\":\"https:\\\/\\\/masterchem.lv\\\/ru\\\/#website\"},\"primaryImageOfPage\":{\"@id\":\"https:\\\/\\\/masterchem.lv\\\/ru\\\/product\\\/%d1%82%d0%b2%d0%b5%d1%80%d0%b4%d1%8b%d0%b9-%d0%bf%d0%b0%d1%80%d0%b0%d1%84%d0%b8%d0%bd-%d0%b3%d1%80%d0%b0%d0%bd%d1%83%d0%bb%d0%b8%d1%80%d0%be%d0%b2%d0%b0%d0%bd%d0%bd%d1%8b%d0%b9-%d1%81%d1%82%d0%b5\\\/#primaryimage\"},\"image\":{\"@id\":\"https:\\\/\\\/masterchem.lv\\\/ru\\\/product\\\/%d1%82%d0%b2%d0%b5%d1%80%d0%b4%d1%8b%d0%b9-%d0%bf%d0%b0%d1%80%d0%b0%d1%84%d0%b8%d0%bd-%d0%b3%d1%80%d0%b0%d0%bd%d1%83%d0%bb%d0%b8%d1%80%d0%be%d0%b2%d0%b0%d0%bd%d0%bd%d1%8b%d0%b9-%d1%81%d1%82%d0%b5\\\/#primaryimage\"},\"thumbnailUrl\":\"https:\\\/\\\/masterchem.lv\\\/wp-content\\\/uploads\\\/2023\\\/03\\\/Parafiin-25kg-MasterChem-1.jpg\",\"datePublished\":\"2023-03-08T07:58:49+00:00\",\"dateModified\":\"2023-04-11T09:49:35+00:00\",\"description\":\"\u041f\u0430\u0440\u0430\u0444\u0438\u0438\u043d \u2014 \u0432\u043e\u0441\u043a\u043e\u043f\u043e\u0434\u043e\u0431\u043d\u0430\u044f \u0441\u043c\u0435\u0441\u044c \u043f\u0440\u0435\u0434\u0435\u043b\u044c\u043d\u044b\u0445 \u0443\u0433\u043b\u0435\u0432\u043e\u0434\u043e\u0440\u043e\u0434\u043e\u0432 (\u0430\u043b\u043a\u0430\u043d\u043e\u0432) \u043f\u0440\u0435\u0438\u043c\u0443\u0449\u0435\u0441\u0442\u0432\u0435\u043d\u043d\u043e \u043d\u043e\u0440\u043c\u0430\u043b\u044c\u043d\u043e\u0433\u043e \u0441\u0442\u0440\u043e\u0435\u043d\u0438\u044f \u0441\u043e\u0441\u0442\u0430\u0432\u0430 \u043e\u0442 \u042118\u041d38 (\u043e\u043a\u0442\u0430\u0434\u0435\u043a\u0430\u043d) \u0434\u043e \u042135\u041d72.\",\"breadcrumb\":{\"@id\":\"https:\\\/\\\/masterchem.lv\\\/ru\\\/product\\\/%d1%82%d0%b2%d0%b5%d1%80%d0%b4%d1%8b%d0%b9-%d0%bf%d0%b0%d1%80%d0%b0%d1%84%d0%b8%d0%bd-%d0%b3%d1%80%d0%b0%d0%bd%d1%83%d0%bb%d0%b8%d1%80%d0%be%d0%b2%d0%b0%d0%bd%d0%bd%d1%8b%d0%b9-%d1%81%d1%82%d0%b5\\\/#breadcrumb\"},\"inLanguage\":\"ru-RU\",\"potentialAction\":[{\"@type\":\"ReadAction\",\"target\":[\"https:\\\/\\\/masterchem.lv\\\/ru\\\/product\\\/%d1%82%d0%b2%d0%b5%d1%80%d0%b4%d1%8b%d0%b9-%d0%bf%d0%b0%d1%80%d0%b0%d1%84%d0%b8%d0%bd-%d0%b3%d1%80%d0%b0%d0%bd%d1%83%d0%bb%d0%b8%d1%80%d0%be%d0%b2%d0%b0%d0%bd%d0%bd%d1%8b%d0%b9-%d1%81%d1%82%d0%b5\\\/\"]}]},{\"@type\":\"ImageObject\",\"inLanguage\":\"ru-RU\",\"@id\":\"https:\\\/\\\/masterchem.lv\\\/ru\\\/product\\\/%d1%82%d0%b2%d0%b5%d1%80%d0%b4%d1%8b%d0%b9-%d0%bf%d0%b0%d1%80%d0%b0%d1%84%d0%b8%d0%bd-%d0%b3%d1%80%d0%b0%d0%bd%d1%83%d0%bb%d0%b8%d1%80%d0%be%d0%b2%d0%b0%d0%bd%d0%bd%d1%8b%d0%b9-%d1%81%d1%82%d0%b5\\\/#primaryimage\",\"url\":\"https:\\\/\\\/masterchem.lv\\\/wp-content\\\/uploads\\\/2023\\\/03\\\/Parafiin-25kg-MasterChem-1.jpg\",\"contentUrl\":\"https:\\\/\\\/masterchem.lv\\\/wp-content\\\/uploads\\\/2023\\\/03\\\/Parafiin-25kg-MasterChem-1.jpg\",\"width\":1000,\"height\":1000},{\"@type\":\"BreadcrumbList\",\"@id\":\"https:\\\/\\\/masterchem.lv\\\/ru\\\/product\\\/%d1%82%d0%b2%d0%b5%d1%80%d0%b4%d1%8b%d0%b9-%d0%bf%d0%b0%d1%80%d0%b0%d1%84%d0%b8%d0%bd-%d0%b3%d1%80%d0%b0%d0%bd%d1%83%d0%bb%d0%b8%d1%80%d0%be%d0%b2%d0%b0%d0%bd%d0%bd%d1%8b%d0%b9-%d1%81%d1%82%d0%b5\\\/#breadcrumb\",\"itemListElement\":[{\"@type\":\"ListItem\",\"position\":1,\"name\":\"Home\",\"item\":\"https:\\\/\\\/masterchem.lv\\\/ru\\\/\"},{\"@type\":\"ListItem\",\"position\":2,\"name\":\"\u041c\u0430\u0433\u0430\u0437\u0438\u043d\",\"item\":\"https:\\\/\\\/masterchem.lv\\\/%d0%bc%d0%b0%d0%b3%d0%b0%d0%b7%d0%b8%d0%bd\\\/\"},{\"@type\":\"ListItem\",\"position\":3,\"name\":\"\u0422\u0432\u0435\u0440\u0434\u044b\u0439 \u043f\u0430\u0440\u0430\u0444\u0438\u043d (\u0433\u0440\u0430\u043d\u0443\u043b\u0438\u0440\u043e\u0432\u0430\u043d\u043d\u044b\u0439, \u0441\u0442\u0435\u043a\u043b\u043e\u043f\u0430\u043a\u0435\u0442\u044b) (CAS 8002-74-2)\"}]},{\"@type\":\"WebSite\",\"@id\":\"https:\\\/\\\/masterchem.lv\\\/ru\\\/#website\",\"url\":\"https:\\\/\\\/masterchem.lv\\\/ru\\\/\",\"name\":\"\u0136\u012bmija r\u016bpniec\u012bbai &mdash; &Scaron;\u0137\u012bdin\u0101t\u0101ji un \u0137\u012bmisk\u0101s vielas &mdash; Masterchem.ee\",\"description\":\"\u0136\u012bmija r\u016bpniec\u012bbai&nbsp;&mdash; &scaron;\u0137\u012bdin\u0101t\u0101ji un \u0137\u012bmisk\u0101s vielas\",\"potentialAction\":[{\"@type\":\"SearchAction\",\"target\":{\"@type\":\"EntryPoint\",\"urlTemplate\":\"https:\\\/\\\/masterchem.lv\\\/ru\\\/?s={search_term_string}\"},\"query-input\":{\"@type\":\"PropertyValueSpecification\",\"valueRequired\":true,\"valueName\":\"search_term_string\"}}],\"inLanguage\":\"ru-RU\"}]}<\/script>\n<!-- \/ Yoast SEO plugin. -->","yoast_head_json":{"title":"\u0422\u0432\u0435\u0440\u0434\u044b\u0439 \u043f\u0430\u0440\u0430\u0444\u0438\u043d (\u0433\u0440\u0430\u043d\u0443\u043b\u0438\u0440\u043e\u0432\u0430\u043d\u043d\u044b\u0439, \u0441\u0442\u0435\u043a\u043b\u043e\u043f\u0430\u043a\u0435\u0442\u044b) (CAS 8002-74-2) - \u0136\u012bmija r\u016bpniec\u012bbai &mdash; &Scaron;\u0137\u012bdin\u0101t\u0101ji un \u0137\u012bmisk\u0101s vielas &mdash; Masterchem.ee","description":"\u041f\u0430\u0440\u0430\u0444\u0438\u0438\u043d \u2014 \u0432\u043e\u0441\u043a\u043e\u043f\u043e\u0434\u043e\u0431\u043d\u0430\u044f \u0441\u043c\u0435\u0441\u044c \u043f\u0440\u0435\u0434\u0435\u043b\u044c\u043d\u044b\u0445 \u0443\u0433\u043b\u0435\u0432\u043e\u0434\u043e\u0440\u043e\u0434\u043e\u0432 (\u0430\u043b\u043a\u0430\u043d\u043e\u0432) \u043f\u0440\u0435\u0438\u043c\u0443\u0449\u0435\u0441\u0442\u0432\u0435\u043d\u043d\u043e \u043d\u043e\u0440\u043c\u0430\u043b\u044c\u043d\u043e\u0433\u043e \u0441\u0442\u0440\u043e\u0435\u043d\u0438\u044f \u0441\u043e\u0441\u0442\u0430\u0432\u0430 \u043e\u0442 \u042118\u041d38 (\u043e\u043a\u0442\u0430\u0434\u0435\u043a\u0430\u043d) \u0434\u043e \u042135\u041d72.","robots":{"index":"index","follow":"follow","max-snippet":"max-snippet:-1","max-image-preview":"max-image-preview:large","max-video-preview":"max-video-preview:-1"},"canonical":"https:\/\/masterchem.lv\/ru\/product\/%d1%82%d0%b2%d0%b5%d1%80%d0%b4%d1%8b%d0%b9-%d0%bf%d0%b0%d1%80%d0%b0%d1%84%d0%b8%d0%bd-%d0%b3%d1%80%d0%b0%d0%bd%d1%83%d0%bb%d0%b8%d1%80%d0%be%d0%b2%d0%b0%d0%bd%d0%bd%d1%8b%d0%b9-%d1%81%d1%82%d0%b5\/","og_locale":"ru_RU","og_type":"article","og_title":"\u0422\u0432\u0435\u0440\u0434\u044b\u0439 \u043f\u0430\u0440\u0430\u0444\u0438\u043d (\u0433\u0440\u0430\u043d\u0443\u043b\u0438\u0440\u043e\u0432\u0430\u043d\u043d\u044b\u0439, \u0441\u0442\u0435\u043a\u043b\u043e\u043f\u0430\u043a\u0435\u0442\u044b) (CAS 8002-74-2) - \u0136\u012bmija r\u016bpniec\u012bbai &mdash; &Scaron;\u0137\u012bdin\u0101t\u0101ji un \u0137\u012bmisk\u0101s vielas &mdash; Masterchem.ee","og_description":"\u041f\u0430\u0440\u0430\u0444\u0438\u0438\u043d \u2014 \u0432\u043e\u0441\u043a\u043e\u043f\u043e\u0434\u043e\u0431\u043d\u0430\u044f \u0441\u043c\u0435\u0441\u044c \u043f\u0440\u0435\u0434\u0435\u043b\u044c\u043d\u044b\u0445 \u0443\u0433\u043b\u0435\u0432\u043e\u0434\u043e\u0440\u043e\u0434\u043e\u0432 (\u0430\u043b\u043a\u0430\u043d\u043e\u0432) \u043f\u0440\u0435\u0438\u043c\u0443\u0449\u0435\u0441\u0442\u0432\u0435\u043d\u043d\u043e \u043d\u043e\u0440\u043c\u0430\u043b\u044c\u043d\u043e\u0433\u043e \u0441\u0442\u0440\u043e\u0435\u043d\u0438\u044f \u0441\u043e\u0441\u0442\u0430\u0432\u0430 \u043e\u0442 \u042118\u041d38 (\u043e\u043a\u0442\u0430\u0434\u0435\u043a\u0430\u043d) \u0434\u043e \u042135\u041d72.","og_url":"https:\/\/masterchem.lv\/ru\/product\/%d1%82%d0%b2%d0%b5%d1%80%d0%b4%d1%8b%d0%b9-%d0%bf%d0%b0%d1%80%d0%b0%d1%84%d0%b8%d0%bd-%d0%b3%d1%80%d0%b0%d0%bd%d1%83%d0%bb%d0%b8%d1%80%d0%be%d0%b2%d0%b0%d0%bd%d0%bd%d1%8b%d0%b9-%d1%81%d1%82%d0%b5\/","og_site_name":"\u0136\u012bmija r\u016bpniec\u012bbai &mdash; &Scaron;\u0137\u012bdin\u0101t\u0101ji un \u0137\u012bmisk\u0101s vielas &mdash; Masterchem.ee","article_modified_time":"2023-04-11T09:49:35+00:00","og_image":[{"width":1000,"height":1000,"url":"https:\/\/masterchem.lv\/wp-content\/uploads\/2023\/03\/Parafiin-25kg-MasterChem-1.jpg","type":"image\/jpeg"}],"twitter_card":"summary_large_image","schema":{"@context":"https:\/\/schema.org","@graph":[{"@type":"WebPage","@id":"https:\/\/masterchem.lv\/ru\/product\/%d1%82%d0%b2%d0%b5%d1%80%d0%b4%d1%8b%d0%b9-%d0%bf%d0%b0%d1%80%d0%b0%d1%84%d0%b8%d0%bd-%d0%b3%d1%80%d0%b0%d0%bd%d1%83%d0%bb%d0%b8%d1%80%d0%be%d0%b2%d0%b0%d0%bd%d0%bd%d1%8b%d0%b9-%d1%81%d1%82%d0%b5\/","url":"https:\/\/masterchem.lv\/ru\/product\/%d1%82%d0%b2%d0%b5%d1%80%d0%b4%d1%8b%d0%b9-%d0%bf%d0%b0%d1%80%d0%b0%d1%84%d0%b8%d0%bd-%d0%b3%d1%80%d0%b0%d0%bd%d1%83%d0%bb%d0%b8%d1%80%d0%be%d0%b2%d0%b0%d0%bd%d0%bd%d1%8b%d0%b9-%d1%81%d1%82%d0%b5\/","name":"\u0422\u0432\u0435\u0440\u0434\u044b\u0439 \u043f\u0430\u0440\u0430\u0444\u0438\u043d (\u0433\u0440\u0430\u043d\u0443\u043b\u0438\u0440\u043e\u0432\u0430\u043d\u043d\u044b\u0439, \u0441\u0442\u0435\u043a\u043b\u043e\u043f\u0430\u043a\u0435\u0442\u044b) (CAS 8002-74-2) - \u0136\u012bmija r\u016bpniec\u012bbai &mdash; &Scaron;\u0137\u012bdin\u0101t\u0101ji un \u0137\u012bmisk\u0101s vielas &mdash; Masterchem.ee","isPartOf":{"@id":"https:\/\/masterchem.lv\/ru\/#website"},"primaryImageOfPage":{"@id":"https:\/\/masterchem.lv\/ru\/product\/%d1%82%d0%b2%d0%b5%d1%80%d0%b4%d1%8b%d0%b9-%d0%bf%d0%b0%d1%80%d0%b0%d1%84%d0%b8%d0%bd-%d0%b3%d1%80%d0%b0%d0%bd%d1%83%d0%bb%d0%b8%d1%80%d0%be%d0%b2%d0%b0%d0%bd%d0%bd%d1%8b%d0%b9-%d1%81%d1%82%d0%b5\/#primaryimage"},"image":{"@id":"https:\/\/masterchem.lv\/ru\/product\/%d1%82%d0%b2%d0%b5%d1%80%d0%b4%d1%8b%d0%b9-%d0%bf%d0%b0%d1%80%d0%b0%d1%84%d0%b8%d0%bd-%d0%b3%d1%80%d0%b0%d0%bd%d1%83%d0%bb%d0%b8%d1%80%d0%be%d0%b2%d0%b0%d0%bd%d0%bd%d1%8b%d0%b9-%d1%81%d1%82%d0%b5\/#primaryimage"},"thumbnailUrl":"https:\/\/masterchem.lv\/wp-content\/uploads\/2023\/03\/Parafiin-25kg-MasterChem-1.jpg","datePublished":"2023-03-08T07:58:49+00:00","dateModified":"2023-04-11T09:49:35+00:00","description":"\u041f\u0430\u0440\u0430\u0444\u0438\u0438\u043d \u2014 \u0432\u043e\u0441\u043a\u043e\u043f\u043e\u0434\u043e\u0431\u043d\u0430\u044f \u0441\u043c\u0435\u0441\u044c \u043f\u0440\u0435\u0434\u0435\u043b\u044c\u043d\u044b\u0445 \u0443\u0433\u043b\u0435\u0432\u043e\u0434\u043e\u0440\u043e\u0434\u043e\u0432 (\u0430\u043b\u043a\u0430\u043d\u043e\u0432) \u043f\u0440\u0435\u0438\u043c\u0443\u0449\u0435\u0441\u0442\u0432\u0435\u043d\u043d\u043e \u043d\u043e\u0440\u043c\u0430\u043b\u044c\u043d\u043e\u0433\u043e \u0441\u0442\u0440\u043e\u0435\u043d\u0438\u044f \u0441\u043e\u0441\u0442\u0430\u0432\u0430 \u043e\u0442 \u042118\u041d38 (\u043e\u043a\u0442\u0430\u0434\u0435\u043a\u0430\u043d) \u0434\u043e \u042135\u041d72.","breadcrumb":{"@id":"https:\/\/masterchem.lv\/ru\/product\/%d1%82%d0%b2%d0%b5%d1%80%d0%b4%d1%8b%d0%b9-%d0%bf%d0%b0%d1%80%d0%b0%d1%84%d0%b8%d0%bd-%d0%b3%d1%80%d0%b0%d0%bd%d1%83%d0%bb%d0%b8%d1%80%d0%be%d0%b2%d0%b0%d0%bd%d0%bd%d1%8b%d0%b9-%d1%81%d1%82%d0%b5\/#breadcrumb"},"inLanguage":"ru-RU","potentialAction":[{"@type":"ReadAction","target":["https:\/\/masterchem.lv\/ru\/product\/%d1%82%d0%b2%d0%b5%d1%80%d0%b4%d1%8b%d0%b9-%d0%bf%d0%b0%d1%80%d0%b0%d1%84%d0%b8%d0%bd-%d0%b3%d1%80%d0%b0%d0%bd%d1%83%d0%bb%d0%b8%d1%80%d0%be%d0%b2%d0%b0%d0%bd%d0%bd%d1%8b%d0%b9-%d1%81%d1%82%d0%b5\/"]}]},{"@type":"ImageObject","inLanguage":"ru-RU","@id":"https:\/\/masterchem.lv\/ru\/product\/%d1%82%d0%b2%d0%b5%d1%80%d0%b4%d1%8b%d0%b9-%d0%bf%d0%b0%d1%80%d0%b0%d1%84%d0%b8%d0%bd-%d0%b3%d1%80%d0%b0%d0%bd%d1%83%d0%bb%d0%b8%d1%80%d0%be%d0%b2%d0%b0%d0%bd%d0%bd%d1%8b%d0%b9-%d1%81%d1%82%d0%b5\/#primaryimage","url":"https:\/\/masterchem.lv\/wp-content\/uploads\/2023\/03\/Parafiin-25kg-MasterChem-1.jpg","contentUrl":"https:\/\/masterchem.lv\/wp-content\/uploads\/2023\/03\/Parafiin-25kg-MasterChem-1.jpg","width":1000,"height":1000},{"@type":"BreadcrumbList","@id":"https:\/\/masterchem.lv\/ru\/product\/%d1%82%d0%b2%d0%b5%d1%80%d0%b4%d1%8b%d0%b9-%d0%bf%d0%b0%d1%80%d0%b0%d1%84%d0%b8%d0%bd-%d0%b3%d1%80%d0%b0%d0%bd%d1%83%d0%bb%d0%b8%d1%80%d0%be%d0%b2%d0%b0%d0%bd%d0%bd%d1%8b%d0%b9-%d1%81%d1%82%d0%b5\/#breadcrumb","itemListElement":[{"@type":"ListItem","position":1,"name":"Home","item":"https:\/\/masterchem.lv\/ru\/"},{"@type":"ListItem","position":2,"name":"\u041c\u0430\u0433\u0430\u0437\u0438\u043d","item":"https:\/\/masterchem.lv\/%d0%bc%d0%b0%d0%b3%d0%b0%d0%b7%d0%b8%d0%bd\/"},{"@type":"ListItem","position":3,"name":"\u0422\u0432\u0435\u0440\u0434\u044b\u0439 \u043f\u0430\u0440\u0430\u0444\u0438\u043d (\u0433\u0440\u0430\u043d\u0443\u043b\u0438\u0440\u043e\u0432\u0430\u043d\u043d\u044b\u0439, \u0441\u0442\u0435\u043a\u043b\u043e\u043f\u0430\u043a\u0435\u0442\u044b) (CAS 8002-74-2)"}]},{"@type":"WebSite","@id":"https:\/\/masterchem.lv\/ru\/#website","url":"https:\/\/masterchem.lv\/ru\/","name":"\u0136\u012bmija r\u016bpniec\u012bbai &mdash; &Scaron;\u0137\u012bdin\u0101t\u0101ji un \u0137\u012bmisk\u0101s vielas &mdash; Masterchem.ee","description":"\u0136\u012bmija r\u016bpniec\u012bbai&nbsp;&mdash; &scaron;\u0137\u012bdin\u0101t\u0101ji un \u0137\u012bmisk\u0101s vielas","potentialAction":[{"@type":"SearchAction","target":{"@type":"EntryPoint","urlTemplate":"https:\/\/masterchem.lv\/ru\/?s={search_term_string}"},"query-input":{"@type":"PropertyValueSpecification","valueRequired":true,"valueName":"search_term_string"}}],"inLanguage":"ru-RU"}]}},"_links":{"self":[{"href":"https:\/\/masterchem.lv\/ru\/wp-json\/wp\/v2\/product\/12972","targetHints":{"allow":["GET"]}}],"collection":[{"href":"https:\/\/masterchem.lv\/ru\/wp-json\/wp\/v2\/product"}],"about":[{"href":"https:\/\/masterchem.lv\/ru\/wp-json\/wp\/v2\/types\/product"}],"wp:featuredmedia":[{"embeddable":true,"href":"https:\/\/masterchem.lv\/ru\/wp-json\/wp\/v2\/media\/9208"}],"wp:attachment":[{"href":"https:\/\/masterchem.lv\/ru\/wp-json\/wp\/v2\/media?parent=12972"}],"wp:term":[{"taxonomy":"product_brand","embeddable":true,"href":"https:\/\/masterchem.lv\/ru\/wp-json\/wp\/v2\/product_brand?post=12972"},{"taxonomy":"product_cat","embeddable":true,"href":"https:\/\/masterchem.lv\/ru\/wp-json\/wp\/v2\/product_cat?post=12972"},{"taxonomy":"product_tag","embeddable":true,"href":"https:\/\/masterchem.lv\/ru\/wp-json\/wp\/v2\/product_tag?post=12972"}],"curies":[{"name":"wp","href":"https:\/\/api.w.org\/{rel}","templated":true}]}}