{"id":13213,"date":"2023-03-08T08:00:27","date_gmt":"2023-03-08T08:00:27","guid":{"rendered":"https:\/\/masterchem.lv\/product\/%d1%82%d0%b0%d0%bb%d1%8c%d0%ba-cas-14807-96-6\/"},"modified":"2023-03-08T08:00:27","modified_gmt":"2023-03-08T08:00:27","slug":"%d1%82%d0%b0%d0%bb%d1%8c%d0%ba-cas-14807-96-6","status":"publish","type":"product","link":"https:\/\/masterchem.lv\/ru\/product\/%d1%82%d0%b0%d0%bb%d1%8c%d0%ba-cas-14807-96-6\/","title":{"rendered":"\u0422\u0430\u043b\u044c\u043a (CAS 14807-96-6)"},"content":{"rendered":"<p><strong>\u0418\u043d\u0444\u043e\u0440\u043c\u0430\u0446\u0438\u044f<\/strong><\/p>\n<p>\u041e\u0442\u0440\u0430\u0441\u043b\u0438: \u043b\u0430\u043a\u0438 \u0438 \u043a\u0440\u0430\u0441\u043a\u0438 , \u0431\u044b\u0442\u043e\u0432\u0430\u044f \u0445\u0438\u043c\u0438\u044f, \u043a\u043e\u0441\u043c\u0435\u0442\u0438\u043a\u0430, \u043a\u043b\u0435\u0438, \u043c\u0430\u0441\u043b\u0430, \u0441\u043c\u0430\u0437\u043a\u0438, \u0444\u0430\u0440\u043c\u0430\u0446\u0435\u0432\u0442\u0438\u0447\u0435\u0441\u043a\u0430\u044f \u043f\u0440\u043e\u043c\u044b\u0448\u043b\u0435\u043d\u043d\u043e\u0441\u0442\u044c, \u0441\u0442\u0440\u043e\u0438\u0442\u0435\u043b\u044c\u043d\u0430\u044f \u0445\u0438\u043c\u0438\u044f, \u0441\u043c\u043e\u043b\u044b, \u043f\u043b\u0430\u0441\u0442\u043c\u0430\u0441\u0441\u044b, \u043f\u043e\u043b\u0438\u0443\u0440\u0435\u0442\u0430\u043d\u044b, \u0441\u0442\u0440\u043e\u0438\u0442\u0435\u043b\u044c\u0441\u0442\u0432\u043e<br \/>\n\u041d\u043e\u043c\u0435\u0440 CAS: 14807-96-6<br \/>\n\u041d\u043e\u043c\u0435\u0440 WE: 238-877-9<br \/>\n\u0425\u0438\u043c\u0438\u0447\u0435\u0441\u043a\u0430\u044f \u0444\u043e\u0440\u043c\u0443\u043b\u0430: 3Mg2\u22194SiO2\u2219H2O<br \/>\n\u041c\u043e\u043b\u044f\u0440\u043d\u0430\u044f \u043c\u0430\u0441\u0441\u0430: 379,34 g\/mol<br \/>\n\u041a\u043e\u0434 \u0442\u0430\u043c\u043e\u0436\u0435\u043d\u043d\u043e\u0433\u043e \u0442\u0430\u0440\u0438\u0444\u0430: 25262000<\/p>\n<p> <strong> \u0414\u0440\u0443\u0433\u0438\u0435 \u0444\u0438\u0437\u0438\u0447\u0435\u0441\u043a\u0438\u0435 \u0441\u0432\u043e\u0439\u0441\u0442\u0432\u0430 <\/strong> <\/p>\n<p>\u0442\u0445: 7,0 \u2013 9,0 (50 g\/l H20, 20\u00b0C )<br \/>\n\u0422\u043e\u0447\u043a\u0430 \u043f\u043b\u0430\u0432\u043b\u0435\u043d\u0438\u044f \/ \u0437\u0430\u043c\u0435\u0440\u0437\u0430\u043d\u0438\u044f: > 1300\u00b0C<br \/>\n\u041e\u0442\u043d\u043e\u0441\u0438\u0442\u0435\u043b\u044c\u043d\u0430\u044f \u043f\u043b\u043e\u0442\u043d\u043e\u0441\u0442\u044c: ~2,75 g\/cm3<\/p>\n","protected":false},"excerpt":{"rendered":"<p> <strong>\u0422\u0430\u043b\u044c\u043a (CAS 14807-96-6)<\/strong> <\/p>\n<p>\u0422\u0430\u043b\u044c\u043a \u2014 Mg3Si4O10(OH)2 \u2014 \u043c\u0438\u043d\u0435\u0440\u0430\u043b \u0438\u0437 \u043a\u043b\u0430\u0441\u0441\u0430 \u0441\u0438\u043b\u0438\u043a\u0430\u0442\u043e\u0432, \u043f\u043e\u0434\u043a\u043b\u0430\u0441\u0441\u0430 \u0441\u043b\u043e\u0438\u0441\u0442\u044b\u0445 \u0441\u0438\u043b\u0438\u043a\u0430\u0442\u043e\u0432. \u041a\u0440\u0438\u0441\u0442\u0430\u043b\u043b\u0438\u0447\u0435\u0441\u043a\u043e\u0435 \u0432\u0435\u0449\u0435\u0441\u0442\u0432\u043e, \u043f\u0440\u0435\u0434\u0441\u0442\u0430\u0432\u043b\u044f\u044e\u0449\u0435\u0435 \u0441\u043e\u0431\u043e\u0439 \u0436\u0438\u0440\u043d\u044b\u0439 \u043d\u0430 \u043e\u0449\u0443\u043f\u044c \u0440\u0430\u0441\u0441\u044b\u043f\u0447\u0430\u0442\u044b\u0439 \u043f\u043e\u0440\u043e\u0448\u043e\u043a \u0431\u0435\u043b\u043e\u0433\u043e (\u0438\u0437\u0440\u0435\u0434\u043a\u0430 \u0437\u0435\u043b\u0451\u043d\u043e\u0433\u043e) \u0446\u0432\u0435\u0442\u0430. \u041a\u0430\u0447\u0435\u0441\u0442\u0432\u043e \u0442\u0430\u043b\u044c\u043a\u0430 \u043e\u043f\u0440\u0435\u0434\u0435\u043b\u044f\u0435\u0442\u0441\u044f \u0435\u0433\u043e \u0431\u0435\u043b\u0438\u0437\u043d\u043e\u0439. \u0414\u043b\u044f \u043f\u0440\u043e\u043c\u044b\u0448\u043b\u0435\u043d\u043d\u044b\u0445 \u0446\u0435\u043b\u0435\u0439 \u0438\u0441\u043f\u043e\u043b\u044c\u0437\u0443\u044e\u0442 \u043c\u043e\u043b\u043e\u0442\u044b\u0439 \u0442\u0430\u043b\u044c\u043a, \u043c\u0438\u043a\u0440\u043e\u0442\u0430\u043b\u044c\u043a \u0438 \u0442. \u0434.<\/p>\n","protected":false},"featured_media":9464,"template":"","meta":{"_monsterinsights_skip_tracking":false,"_monsterinsights_sitenote_active":false,"_monsterinsights_sitenote_note":"","_monsterinsights_sitenote_category":0},"product_brand":[],"product_cat":[272,246,258,284,282],"product_tag":[],"class_list":{"0":"post-13213","1":"product","2":"type-product","3":"status-publish","4":"has-post-thumbnail","6":"product_cat-272","7":"product_cat-246","8":"product_cat-258","9":"product_cat-284","10":"product_cat-282","12":"first","13":"instock","14":"taxable","15":"shipping-taxable","16":"purchasable","17":"product-type-variable","18":"has-default-attributes"},"yoast_head":"<!-- This site is optimized with the Yoast SEO plugin v27.4 - https:\/\/yoast.com\/product\/yoast-seo-wordpress\/ -->\n<title>\u0422\u0430\u043b\u044c\u043a (CAS 14807-96-6) - \u0136\u012bmija r\u016bpniec\u012bbai &mdash; &Scaron;\u0137\u012bdin\u0101t\u0101ji un \u0137\u012bmisk\u0101s vielas &mdash; Masterchem.ee<\/title>\n<meta name=\"description\" content=\"\u0422\u0430\u043b\u044c\u043a \u2014 Mg3Si4O10(OH)2 \u2014 \u043c\u0438\u043d\u0435\u0440\u0430\u043b \u0438\u0437 \u043a\u043b\u0430\u0441\u0441\u0430 \u0441\u0438\u043b\u0438\u043a\u0430\u0442\u043e\u0432, \u043f\u043e\u0434\u043a\u043b\u0430\u0441\u0441\u0430 \u0441\u043b\u043e\u0438\u0441\u0442\u044b\u0445 \u0441\u0438\u043b\u0438\u043a\u0430\u0442\u043e\u0432.\" \/>\n<meta name=\"robots\" content=\"index, follow, max-snippet:-1, max-image-preview:large, max-video-preview:-1\" \/>\n<link rel=\"canonical\" href=\"https:\/\/masterchem.lv\/ru\/product\/%d1%82%d0%b0%d0%bb%d1%8c%d0%ba-cas-14807-96-6\/\" \/>\n<meta property=\"og:locale\" content=\"ru_RU\" \/>\n<meta property=\"og:type\" content=\"article\" \/>\n<meta property=\"og:title\" content=\"\u0422\u0430\u043b\u044c\u043a (CAS 14807-96-6) - \u0136\u012bmija r\u016bpniec\u012bbai &mdash; &Scaron;\u0137\u012bdin\u0101t\u0101ji un \u0137\u012bmisk\u0101s vielas &mdash; Masterchem.ee\" \/>\n<meta property=\"og:description\" content=\"\u0422\u0430\u043b\u044c\u043a \u2014 Mg3Si4O10(OH)2 \u2014 \u043c\u0438\u043d\u0435\u0440\u0430\u043b \u0438\u0437 \u043a\u043b\u0430\u0441\u0441\u0430 \u0441\u0438\u043b\u0438\u043a\u0430\u0442\u043e\u0432, \u043f\u043e\u0434\u043a\u043b\u0430\u0441\u0441\u0430 \u0441\u043b\u043e\u0438\u0441\u0442\u044b\u0445 \u0441\u0438\u043b\u0438\u043a\u0430\u0442\u043e\u0432.\" \/>\n<meta property=\"og:url\" content=\"https:\/\/masterchem.lv\/ru\/product\/%d1%82%d0%b0%d0%bb%d1%8c%d0%ba-cas-14807-96-6\/\" \/>\n<meta property=\"og:site_name\" content=\"\u0136\u012bmija r\u016bpniec\u012bbai &mdash; &Scaron;\u0137\u012bdin\u0101t\u0101ji un \u0137\u012bmisk\u0101s vielas &mdash; Masterchem.ee\" \/>\n<meta property=\"og:image\" content=\"https:\/\/masterchem.lv\/wp-content\/uploads\/2023\/03\/Talk-25kg-MasterChem-1.png\" \/>\n\t<meta property=\"og:image:width\" content=\"1000\" \/>\n\t<meta property=\"og:image:height\" content=\"1000\" \/>\n\t<meta property=\"og:image:type\" content=\"image\/png\" \/>\n<meta name=\"twitter:card\" content=\"summary_large_image\" \/>\n<script type=\"application\/ld+json\" class=\"yoast-schema-graph\">{\"@context\":\"https:\\\/\\\/schema.org\",\"@graph\":[{\"@type\":\"WebPage\",\"@id\":\"https:\\\/\\\/masterchem.lv\\\/ru\\\/product\\\/%d1%82%d0%b0%d0%bb%d1%8c%d0%ba-cas-14807-96-6\\\/\",\"url\":\"https:\\\/\\\/masterchem.lv\\\/ru\\\/product\\\/%d1%82%d0%b0%d0%bb%d1%8c%d0%ba-cas-14807-96-6\\\/\",\"name\":\"\u0422\u0430\u043b\u044c\u043a (CAS 14807-96-6) - \u0136\u012bmija r\u016bpniec\u012bbai &mdash; &Scaron;\u0137\u012bdin\u0101t\u0101ji un \u0137\u012bmisk\u0101s vielas &mdash; Masterchem.ee\",\"isPartOf\":{\"@id\":\"https:\\\/\\\/masterchem.lv\\\/ru\\\/#website\"},\"primaryImageOfPage\":{\"@id\":\"https:\\\/\\\/masterchem.lv\\\/ru\\\/product\\\/%d1%82%d0%b0%d0%bb%d1%8c%d0%ba-cas-14807-96-6\\\/#primaryimage\"},\"image\":{\"@id\":\"https:\\\/\\\/masterchem.lv\\\/ru\\\/product\\\/%d1%82%d0%b0%d0%bb%d1%8c%d0%ba-cas-14807-96-6\\\/#primaryimage\"},\"thumbnailUrl\":\"https:\\\/\\\/masterchem.lv\\\/wp-content\\\/uploads\\\/2023\\\/03\\\/Talk-25kg-MasterChem-1.png\",\"datePublished\":\"2023-03-08T08:00:27+00:00\",\"description\":\"\u0422\u0430\u043b\u044c\u043a \u2014 Mg3Si4O10(OH)2 \u2014 \u043c\u0438\u043d\u0435\u0440\u0430\u043b \u0438\u0437 \u043a\u043b\u0430\u0441\u0441\u0430 \u0441\u0438\u043b\u0438\u043a\u0430\u0442\u043e\u0432, \u043f\u043e\u0434\u043a\u043b\u0430\u0441\u0441\u0430 \u0441\u043b\u043e\u0438\u0441\u0442\u044b\u0445 \u0441\u0438\u043b\u0438\u043a\u0430\u0442\u043e\u0432.\",\"breadcrumb\":{\"@id\":\"https:\\\/\\\/masterchem.lv\\\/ru\\\/product\\\/%d1%82%d0%b0%d0%bb%d1%8c%d0%ba-cas-14807-96-6\\\/#breadcrumb\"},\"inLanguage\":\"ru-RU\",\"potentialAction\":[{\"@type\":\"ReadAction\",\"target\":[\"https:\\\/\\\/masterchem.lv\\\/ru\\\/product\\\/%d1%82%d0%b0%d0%bb%d1%8c%d0%ba-cas-14807-96-6\\\/\"]}]},{\"@type\":\"ImageObject\",\"inLanguage\":\"ru-RU\",\"@id\":\"https:\\\/\\\/masterchem.lv\\\/ru\\\/product\\\/%d1%82%d0%b0%d0%bb%d1%8c%d0%ba-cas-14807-96-6\\\/#primaryimage\",\"url\":\"https:\\\/\\\/masterchem.lv\\\/wp-content\\\/uploads\\\/2023\\\/03\\\/Talk-25kg-MasterChem-1.png\",\"contentUrl\":\"https:\\\/\\\/masterchem.lv\\\/wp-content\\\/uploads\\\/2023\\\/03\\\/Talk-25kg-MasterChem-1.png\",\"width\":1000,\"height\":1000},{\"@type\":\"BreadcrumbList\",\"@id\":\"https:\\\/\\\/masterchem.lv\\\/ru\\\/product\\\/%d1%82%d0%b0%d0%bb%d1%8c%d0%ba-cas-14807-96-6\\\/#breadcrumb\",\"itemListElement\":[{\"@type\":\"ListItem\",\"position\":1,\"name\":\"Home\",\"item\":\"https:\\\/\\\/masterchem.lv\\\/ru\\\/\"},{\"@type\":\"ListItem\",\"position\":2,\"name\":\"\u041c\u0430\u0433\u0430\u0437\u0438\u043d\",\"item\":\"https:\\\/\\\/masterchem.lv\\\/%d0%bc%d0%b0%d0%b3%d0%b0%d0%b7%d0%b8%d0%bd\\\/\"},{\"@type\":\"ListItem\",\"position\":3,\"name\":\"\u0422\u0430\u043b\u044c\u043a (CAS 14807-96-6)\"}]},{\"@type\":\"WebSite\",\"@id\":\"https:\\\/\\\/masterchem.lv\\\/ru\\\/#website\",\"url\":\"https:\\\/\\\/masterchem.lv\\\/ru\\\/\",\"name\":\"\u0136\u012bmija r\u016bpniec\u012bbai &mdash; &Scaron;\u0137\u012bdin\u0101t\u0101ji un \u0137\u012bmisk\u0101s vielas &mdash; Masterchem.ee\",\"description\":\"\u0136\u012bmija r\u016bpniec\u012bbai&nbsp;&mdash; &scaron;\u0137\u012bdin\u0101t\u0101ji un \u0137\u012bmisk\u0101s vielas\",\"potentialAction\":[{\"@type\":\"SearchAction\",\"target\":{\"@type\":\"EntryPoint\",\"urlTemplate\":\"https:\\\/\\\/masterchem.lv\\\/ru\\\/?s={search_term_string}\"},\"query-input\":{\"@type\":\"PropertyValueSpecification\",\"valueRequired\":true,\"valueName\":\"search_term_string\"}}],\"inLanguage\":\"ru-RU\"}]}<\/script>\n<!-- \/ Yoast SEO plugin. -->","yoast_head_json":{"title":"\u0422\u0430\u043b\u044c\u043a (CAS 14807-96-6) - \u0136\u012bmija r\u016bpniec\u012bbai &mdash; &Scaron;\u0137\u012bdin\u0101t\u0101ji un \u0137\u012bmisk\u0101s vielas &mdash; Masterchem.ee","description":"\u0422\u0430\u043b\u044c\u043a \u2014 Mg3Si4O10(OH)2 \u2014 \u043c\u0438\u043d\u0435\u0440\u0430\u043b \u0438\u0437 \u043a\u043b\u0430\u0441\u0441\u0430 \u0441\u0438\u043b\u0438\u043a\u0430\u0442\u043e\u0432, \u043f\u043e\u0434\u043a\u043b\u0430\u0441\u0441\u0430 \u0441\u043b\u043e\u0438\u0441\u0442\u044b\u0445 \u0441\u0438\u043b\u0438\u043a\u0430\u0442\u043e\u0432.","robots":{"index":"index","follow":"follow","max-snippet":"max-snippet:-1","max-image-preview":"max-image-preview:large","max-video-preview":"max-video-preview:-1"},"canonical":"https:\/\/masterchem.lv\/ru\/product\/%d1%82%d0%b0%d0%bb%d1%8c%d0%ba-cas-14807-96-6\/","og_locale":"ru_RU","og_type":"article","og_title":"\u0422\u0430\u043b\u044c\u043a (CAS 14807-96-6) - \u0136\u012bmija r\u016bpniec\u012bbai &mdash; &Scaron;\u0137\u012bdin\u0101t\u0101ji un \u0137\u012bmisk\u0101s vielas &mdash; Masterchem.ee","og_description":"\u0422\u0430\u043b\u044c\u043a \u2014 Mg3Si4O10(OH)2 \u2014 \u043c\u0438\u043d\u0435\u0440\u0430\u043b \u0438\u0437 \u043a\u043b\u0430\u0441\u0441\u0430 \u0441\u0438\u043b\u0438\u043a\u0430\u0442\u043e\u0432, \u043f\u043e\u0434\u043a\u043b\u0430\u0441\u0441\u0430 \u0441\u043b\u043e\u0438\u0441\u0442\u044b\u0445 \u0441\u0438\u043b\u0438\u043a\u0430\u0442\u043e\u0432.","og_url":"https:\/\/masterchem.lv\/ru\/product\/%d1%82%d0%b0%d0%bb%d1%8c%d0%ba-cas-14807-96-6\/","og_site_name":"\u0136\u012bmija r\u016bpniec\u012bbai &mdash; &Scaron;\u0137\u012bdin\u0101t\u0101ji un \u0137\u012bmisk\u0101s vielas &mdash; Masterchem.ee","og_image":[{"width":1000,"height":1000,"url":"https:\/\/masterchem.lv\/wp-content\/uploads\/2023\/03\/Talk-25kg-MasterChem-1.png","type":"image\/png"}],"twitter_card":"summary_large_image","schema":{"@context":"https:\/\/schema.org","@graph":[{"@type":"WebPage","@id":"https:\/\/masterchem.lv\/ru\/product\/%d1%82%d0%b0%d0%bb%d1%8c%d0%ba-cas-14807-96-6\/","url":"https:\/\/masterchem.lv\/ru\/product\/%d1%82%d0%b0%d0%bb%d1%8c%d0%ba-cas-14807-96-6\/","name":"\u0422\u0430\u043b\u044c\u043a (CAS 14807-96-6) - \u0136\u012bmija r\u016bpniec\u012bbai &mdash; &Scaron;\u0137\u012bdin\u0101t\u0101ji un \u0137\u012bmisk\u0101s vielas &mdash; Masterchem.ee","isPartOf":{"@id":"https:\/\/masterchem.lv\/ru\/#website"},"primaryImageOfPage":{"@id":"https:\/\/masterchem.lv\/ru\/product\/%d1%82%d0%b0%d0%bb%d1%8c%d0%ba-cas-14807-96-6\/#primaryimage"},"image":{"@id":"https:\/\/masterchem.lv\/ru\/product\/%d1%82%d0%b0%d0%bb%d1%8c%d0%ba-cas-14807-96-6\/#primaryimage"},"thumbnailUrl":"https:\/\/masterchem.lv\/wp-content\/uploads\/2023\/03\/Talk-25kg-MasterChem-1.png","datePublished":"2023-03-08T08:00:27+00:00","description":"\u0422\u0430\u043b\u044c\u043a \u2014 Mg3Si4O10(OH)2 \u2014 \u043c\u0438\u043d\u0435\u0440\u0430\u043b \u0438\u0437 \u043a\u043b\u0430\u0441\u0441\u0430 \u0441\u0438\u043b\u0438\u043a\u0430\u0442\u043e\u0432, \u043f\u043e\u0434\u043a\u043b\u0430\u0441\u0441\u0430 \u0441\u043b\u043e\u0438\u0441\u0442\u044b\u0445 \u0441\u0438\u043b\u0438\u043a\u0430\u0442\u043e\u0432.","breadcrumb":{"@id":"https:\/\/masterchem.lv\/ru\/product\/%d1%82%d0%b0%d0%bb%d1%8c%d0%ba-cas-14807-96-6\/#breadcrumb"},"inLanguage":"ru-RU","potentialAction":[{"@type":"ReadAction","target":["https:\/\/masterchem.lv\/ru\/product\/%d1%82%d0%b0%d0%bb%d1%8c%d0%ba-cas-14807-96-6\/"]}]},{"@type":"ImageObject","inLanguage":"ru-RU","@id":"https:\/\/masterchem.lv\/ru\/product\/%d1%82%d0%b0%d0%bb%d1%8c%d0%ba-cas-14807-96-6\/#primaryimage","url":"https:\/\/masterchem.lv\/wp-content\/uploads\/2023\/03\/Talk-25kg-MasterChem-1.png","contentUrl":"https:\/\/masterchem.lv\/wp-content\/uploads\/2023\/03\/Talk-25kg-MasterChem-1.png","width":1000,"height":1000},{"@type":"BreadcrumbList","@id":"https:\/\/masterchem.lv\/ru\/product\/%d1%82%d0%b0%d0%bb%d1%8c%d0%ba-cas-14807-96-6\/#breadcrumb","itemListElement":[{"@type":"ListItem","position":1,"name":"Home","item":"https:\/\/masterchem.lv\/ru\/"},{"@type":"ListItem","position":2,"name":"\u041c\u0430\u0433\u0430\u0437\u0438\u043d","item":"https:\/\/masterchem.lv\/%d0%bc%d0%b0%d0%b3%d0%b0%d0%b7%d0%b8%d0%bd\/"},{"@type":"ListItem","position":3,"name":"\u0422\u0430\u043b\u044c\u043a (CAS 14807-96-6)"}]},{"@type":"WebSite","@id":"https:\/\/masterchem.lv\/ru\/#website","url":"https:\/\/masterchem.lv\/ru\/","name":"\u0136\u012bmija r\u016bpniec\u012bbai &mdash; &Scaron;\u0137\u012bdin\u0101t\u0101ji un \u0137\u012bmisk\u0101s vielas &mdash; Masterchem.ee","description":"\u0136\u012bmija r\u016bpniec\u012bbai&nbsp;&mdash; &scaron;\u0137\u012bdin\u0101t\u0101ji un \u0137\u012bmisk\u0101s vielas","potentialAction":[{"@type":"SearchAction","target":{"@type":"EntryPoint","urlTemplate":"https:\/\/masterchem.lv\/ru\/?s={search_term_string}"},"query-input":{"@type":"PropertyValueSpecification","valueRequired":true,"valueName":"search_term_string"}}],"inLanguage":"ru-RU"}]}},"_links":{"self":[{"href":"https:\/\/masterchem.lv\/ru\/wp-json\/wp\/v2\/product\/13213","targetHints":{"allow":["GET"]}}],"collection":[{"href":"https:\/\/masterchem.lv\/ru\/wp-json\/wp\/v2\/product"}],"about":[{"href":"https:\/\/masterchem.lv\/ru\/wp-json\/wp\/v2\/types\/product"}],"wp:featuredmedia":[{"embeddable":true,"href":"https:\/\/masterchem.lv\/ru\/wp-json\/wp\/v2\/media\/9464"}],"wp:attachment":[{"href":"https:\/\/masterchem.lv\/ru\/wp-json\/wp\/v2\/media?parent=13213"}],"wp:term":[{"taxonomy":"product_brand","embeddable":true,"href":"https:\/\/masterchem.lv\/ru\/wp-json\/wp\/v2\/product_brand?post=13213"},{"taxonomy":"product_cat","embeddable":true,"href":"https:\/\/masterchem.lv\/ru\/wp-json\/wp\/v2\/product_cat?post=13213"},{"taxonomy":"product_tag","embeddable":true,"href":"https:\/\/masterchem.lv\/ru\/wp-json\/wp\/v2\/product_tag?post=13213"}],"curies":[{"name":"wp","href":"https:\/\/api.w.org\/{rel}","templated":true}]}}