{"id":13563,"date":"2023-03-08T08:02:57","date_gmt":"2023-03-08T08:02:57","guid":{"rendered":"https:\/\/masterchem.lv\/product\/%d0%bc%d0%be%d0%bd%d0%be%d0%b3%d0%b8%d0%b4%d1%80%d0%b0%d1%82-%d0%b3%d0%bb%d1%8e%d0%ba%d0%be%d0%b7%d1%8b-cas-5996-10-1\/"},"modified":"2023-03-08T08:02:57","modified_gmt":"2023-03-08T08:02:57","slug":"%d0%bc%d0%be%d0%bd%d0%be%d0%b3%d0%b8%d0%b4%d1%80%d0%b0%d1%82-%d0%b3%d0%bb%d1%8e%d0%ba%d0%be%d0%b7%d1%8b-cas-5996-10-1","status":"publish","type":"product","link":"https:\/\/masterchem.lv\/ru\/product\/%d0%bc%d0%be%d0%bd%d0%be%d0%b3%d0%b8%d0%b4%d1%80%d0%b0%d1%82-%d0%b3%d0%bb%d1%8e%d0%ba%d0%be%d0%b7%d1%8b-cas-5996-10-1\/","title":{"rendered":"\u041c\u043e\u043d\u043e\u0433\u0438\u0434\u0440\u0430\u0442 \u0433\u043b\u044e\u043a\u043e\u0437\u044b (CAS 5996-10-1)"},"content":{"rendered":"<p><strong>\u0418\u043d\u0444\u043e\u0440\u043c\u0430\u0446\u0438\u044f<\/strong><\/p>\n<p>\u041e\u0442\u0440\u0430\u0441\u043b\u0438: \u0444\u0430\u0440\u043c\u0430\u0446\u0435\u0432\u0442\u0438\u0447\u0435\u0441\u043a\u0430\u044f \u043f\u0440\u043e\u043c\u044b\u0448\u043b\u0435\u043d\u043d\u043e\u0441\u0442\u044c, \u043f\u0438\u0449\u0435\u0432\u0430\u044f \u043f\u0440\u043e\u043c\u044b\u0448\u043b\u0435\u043d\u043d\u043e\u0441\u0442\u044c, \u043a\u043e\u0440\u043c\u043e\u0432\u0430\u044f \u043f\u0440\u043e\u043c\u044b\u0448\u043b\u0435\u043d\u043d\u043e\u0441\u0442\u044c<br \/>\n\u041d\u043e\u043c\u0435\u0440 CAS: 5996-10-1<br \/>\n\u041d\u043e\u043c\u0435\u0440 WE: 200-075-1<br \/>\n\u0425\u0438\u043c\u0438\u0447\u0435\u0441\u043a\u0430\u044f \u0444\u043e\u0440\u043c\u0443\u043b\u0430: C6H12O6\u00b7H2O<br \/>\n\u041c\u043e\u043b\u044f\u0440\u043d\u0430\u044f \u043c\u0430\u0441\u0441\u0430: 198,17 g\/mol<br \/>\n\u041a\u043e\u0434 \u0442\u0430\u043c\u043e\u0436\u0435\u043d\u043d\u043e\u0433\u043e \u0442\u0430\u0440\u0438\u0444\u0430: 170230<\/p>\n","protected":false},"excerpt":{"rendered":"<p>\u0418\u043d\u0444\u043e\u0440\u043c\u0430\u0446\u0438\u044f \u041e\u0442\u0440\u0430\u0441\u043b\u0438: \u0444\u0430\u0440\u043c\u0430\u0446\u0435\u0432\u0442\u0438\u0447\u0435\u0441\u043a\u0430\u044f \u043f\u0440\u043e\u043c\u044b\u0448\u043b\u0435\u043d\u043d\u043e\u0441\u0442\u044c, \u043f\u0438\u0449\u0435\u0432\u0430\u044f \u043f\u0440\u043e\u043c\u044b\u0448\u043b\u0435\u043d\u043d\u043e\u0441\u0442\u044c, \u043a\u043e\u0440\u043c\u043e\u0432\u0430\u044f \u043f\u0440\u043e\u043c\u044b\u0448\u043b\u0435\u043d\u043d\u043e\u0441\u0442\u044c \u041d\u043e\u043c\u0435\u0440 CAS: 5996-10-1 \u041d\u043e\u043c\u0435\u0440 WE: 200-075-1 \u0425\u0438\u043c\u0438\u0447\u0435\u0441\u043a\u0430\u044f \u0444\u043e\u0440\u043c\u0443\u043b\u0430: C6H12O6\u00b7H2O \u041c\u043e\u043b\u044f\u0440\u043d\u0430\u044f \u043c\u0430\u0441\u0441\u0430: 198,17 g\/mol \u041a\u043e\u0434 \u0442\u0430\u043c\u043e\u0436\u0435\u043d\u043d\u043e\u0433\u043e \u0442\u0430\u0440\u0438\u0444\u0430: 170230<\/p>\n","protected":false},"featured_media":9845,"template":"","meta":{"_monsterinsights_skip_tracking":false,"_monsterinsights_sitenote_active":false,"_monsterinsights_sitenote_note":"","_monsterinsights_sitenote_category":0},"product_brand":[],"product_cat":[246,262,266,282],"product_tag":[],"class_list":{"0":"post-13563","1":"product","2":"type-product","3":"status-publish","4":"has-post-thumbnail","6":"product_cat-246","7":"product_cat-262","8":"product_cat-266","9":"product_cat-282","11":"first","12":"instock","13":"taxable","14":"shipping-taxable","15":"purchasable","16":"product-type-variable","17":"has-default-attributes"},"yoast_head":"<!-- This site is optimized with the Yoast SEO plugin v27.4 - https:\/\/yoast.com\/product\/yoast-seo-wordpress\/ -->\n<title>\u041c\u043e\u043d\u043e\u0433\u0438\u0434\u0440\u0430\u0442 \u0433\u043b\u044e\u043a\u043e\u0437\u044b (CAS 5996-10-1) - \u0136\u012bmija r\u016bpniec\u012bbai &mdash; &Scaron;\u0137\u012bdin\u0101t\u0101ji un \u0137\u012bmisk\u0101s vielas &mdash; Masterchem.ee<\/title>\n<meta name=\"description\" content=\"\u041c\u043e\u043d\u043e\u0433\u0438\u0434\u0440\u0430\u0442 \u0433\u043b\u044e\u043a\u043e\u0437\u044b (CAS 5996-10-1)\" \/>\n<meta name=\"robots\" content=\"index, follow, max-snippet:-1, max-image-preview:large, max-video-preview:-1\" \/>\n<link rel=\"canonical\" href=\"https:\/\/masterchem.lv\/ru\/product\/%d0%bc%d0%be%d0%bd%d0%be%d0%b3%d0%b8%d0%b4%d1%80%d0%b0%d1%82-%d0%b3%d0%bb%d1%8e%d0%ba%d0%be%d0%b7%d1%8b-cas-5996-10-1\/\" \/>\n<meta property=\"og:locale\" content=\"ru_RU\" \/>\n<meta property=\"og:type\" content=\"article\" \/>\n<meta property=\"og:title\" content=\"\u041c\u043e\u043d\u043e\u0433\u0438\u0434\u0440\u0430\u0442 \u0433\u043b\u044e\u043a\u043e\u0437\u044b (CAS 5996-10-1) - \u0136\u012bmija r\u016bpniec\u012bbai &mdash; &Scaron;\u0137\u012bdin\u0101t\u0101ji un \u0137\u012bmisk\u0101s vielas &mdash; Masterchem.ee\" \/>\n<meta property=\"og:description\" content=\"\u041c\u043e\u043d\u043e\u0433\u0438\u0434\u0440\u0430\u0442 \u0433\u043b\u044e\u043a\u043e\u0437\u044b (CAS 5996-10-1)\" \/>\n<meta property=\"og:url\" content=\"https:\/\/masterchem.lv\/ru\/product\/%d0%bc%d0%be%d0%bd%d0%be%d0%b3%d0%b8%d0%b4%d1%80%d0%b0%d1%82-%d0%b3%d0%bb%d1%8e%d0%ba%d0%be%d0%b7%d1%8b-cas-5996-10-1\/\" \/>\n<meta property=\"og:site_name\" content=\"\u0136\u012bmija r\u016bpniec\u012bbai &mdash; &Scaron;\u0137\u012bdin\u0101t\u0101ji un \u0137\u012bmisk\u0101s vielas &mdash; Masterchem.ee\" \/>\n<meta property=\"og:image\" content=\"https:\/\/masterchem.lv\/wp-content\/uploads\/2023\/03\/Glukoosi-monohudraat-25kg-MasterChem-1.jpg\" \/>\n\t<meta property=\"og:image:width\" content=\"1000\" \/>\n\t<meta property=\"og:image:height\" content=\"1000\" \/>\n\t<meta property=\"og:image:type\" content=\"image\/jpeg\" \/>\n<meta name=\"twitter:card\" content=\"summary_large_image\" \/>\n<script type=\"application\/ld+json\" class=\"yoast-schema-graph\">{\"@context\":\"https:\\\/\\\/schema.org\",\"@graph\":[{\"@type\":\"WebPage\",\"@id\":\"https:\\\/\\\/masterchem.lv\\\/ru\\\/product\\\/%d0%bc%d0%be%d0%bd%d0%be%d0%b3%d0%b8%d0%b4%d1%80%d0%b0%d1%82-%d0%b3%d0%bb%d1%8e%d0%ba%d0%be%d0%b7%d1%8b-cas-5996-10-1\\\/\",\"url\":\"https:\\\/\\\/masterchem.lv\\\/ru\\\/product\\\/%d0%bc%d0%be%d0%bd%d0%be%d0%b3%d0%b8%d0%b4%d1%80%d0%b0%d1%82-%d0%b3%d0%bb%d1%8e%d0%ba%d0%be%d0%b7%d1%8b-cas-5996-10-1\\\/\",\"name\":\"\u041c\u043e\u043d\u043e\u0433\u0438\u0434\u0440\u0430\u0442 \u0433\u043b\u044e\u043a\u043e\u0437\u044b (CAS 5996-10-1) - \u0136\u012bmija r\u016bpniec\u012bbai &mdash; &Scaron;\u0137\u012bdin\u0101t\u0101ji un \u0137\u012bmisk\u0101s vielas &mdash; Masterchem.ee\",\"isPartOf\":{\"@id\":\"https:\\\/\\\/masterchem.lv\\\/ru\\\/#website\"},\"primaryImageOfPage\":{\"@id\":\"https:\\\/\\\/masterchem.lv\\\/ru\\\/product\\\/%d0%bc%d0%be%d0%bd%d0%be%d0%b3%d0%b8%d0%b4%d1%80%d0%b0%d1%82-%d0%b3%d0%bb%d1%8e%d0%ba%d0%be%d0%b7%d1%8b-cas-5996-10-1\\\/#primaryimage\"},\"image\":{\"@id\":\"https:\\\/\\\/masterchem.lv\\\/ru\\\/product\\\/%d0%bc%d0%be%d0%bd%d0%be%d0%b3%d0%b8%d0%b4%d1%80%d0%b0%d1%82-%d0%b3%d0%bb%d1%8e%d0%ba%d0%be%d0%b7%d1%8b-cas-5996-10-1\\\/#primaryimage\"},\"thumbnailUrl\":\"https:\\\/\\\/masterchem.lv\\\/wp-content\\\/uploads\\\/2023\\\/03\\\/Glukoosi-monohudraat-25kg-MasterChem-1.jpg\",\"datePublished\":\"2023-03-08T08:02:57+00:00\",\"description\":\"\u041c\u043e\u043d\u043e\u0433\u0438\u0434\u0440\u0430\u0442 \u0433\u043b\u044e\u043a\u043e\u0437\u044b (CAS 5996-10-1)\",\"breadcrumb\":{\"@id\":\"https:\\\/\\\/masterchem.lv\\\/ru\\\/product\\\/%d0%bc%d0%be%d0%bd%d0%be%d0%b3%d0%b8%d0%b4%d1%80%d0%b0%d1%82-%d0%b3%d0%bb%d1%8e%d0%ba%d0%be%d0%b7%d1%8b-cas-5996-10-1\\\/#breadcrumb\"},\"inLanguage\":\"ru-RU\",\"potentialAction\":[{\"@type\":\"ReadAction\",\"target\":[\"https:\\\/\\\/masterchem.lv\\\/ru\\\/product\\\/%d0%bc%d0%be%d0%bd%d0%be%d0%b3%d0%b8%d0%b4%d1%80%d0%b0%d1%82-%d0%b3%d0%bb%d1%8e%d0%ba%d0%be%d0%b7%d1%8b-cas-5996-10-1\\\/\"]}]},{\"@type\":\"ImageObject\",\"inLanguage\":\"ru-RU\",\"@id\":\"https:\\\/\\\/masterchem.lv\\\/ru\\\/product\\\/%d0%bc%d0%be%d0%bd%d0%be%d0%b3%d0%b8%d0%b4%d1%80%d0%b0%d1%82-%d0%b3%d0%bb%d1%8e%d0%ba%d0%be%d0%b7%d1%8b-cas-5996-10-1\\\/#primaryimage\",\"url\":\"https:\\\/\\\/masterchem.lv\\\/wp-content\\\/uploads\\\/2023\\\/03\\\/Glukoosi-monohudraat-25kg-MasterChem-1.jpg\",\"contentUrl\":\"https:\\\/\\\/masterchem.lv\\\/wp-content\\\/uploads\\\/2023\\\/03\\\/Glukoosi-monohudraat-25kg-MasterChem-1.jpg\",\"width\":1000,\"height\":1000},{\"@type\":\"BreadcrumbList\",\"@id\":\"https:\\\/\\\/masterchem.lv\\\/ru\\\/product\\\/%d0%bc%d0%be%d0%bd%d0%be%d0%b3%d0%b8%d0%b4%d1%80%d0%b0%d1%82-%d0%b3%d0%bb%d1%8e%d0%ba%d0%be%d0%b7%d1%8b-cas-5996-10-1\\\/#breadcrumb\",\"itemListElement\":[{\"@type\":\"ListItem\",\"position\":1,\"name\":\"Home\",\"item\":\"https:\\\/\\\/masterchem.lv\\\/ru\\\/\"},{\"@type\":\"ListItem\",\"position\":2,\"name\":\"\u041c\u0430\u0433\u0430\u0437\u0438\u043d\",\"item\":\"https:\\\/\\\/masterchem.lv\\\/%d0%bc%d0%b0%d0%b3%d0%b0%d0%b7%d0%b8%d0%bd\\\/\"},{\"@type\":\"ListItem\",\"position\":3,\"name\":\"\u041c\u043e\u043d\u043e\u0433\u0438\u0434\u0440\u0430\u0442 \u0433\u043b\u044e\u043a\u043e\u0437\u044b (CAS 5996-10-1)\"}]},{\"@type\":\"WebSite\",\"@id\":\"https:\\\/\\\/masterchem.lv\\\/ru\\\/#website\",\"url\":\"https:\\\/\\\/masterchem.lv\\\/ru\\\/\",\"name\":\"\u0136\u012bmija r\u016bpniec\u012bbai &mdash; &Scaron;\u0137\u012bdin\u0101t\u0101ji un \u0137\u012bmisk\u0101s vielas &mdash; Masterchem.ee\",\"description\":\"\u0136\u012bmija r\u016bpniec\u012bbai&nbsp;&mdash; &scaron;\u0137\u012bdin\u0101t\u0101ji un \u0137\u012bmisk\u0101s vielas\",\"potentialAction\":[{\"@type\":\"SearchAction\",\"target\":{\"@type\":\"EntryPoint\",\"urlTemplate\":\"https:\\\/\\\/masterchem.lv\\\/ru\\\/?s={search_term_string}\"},\"query-input\":{\"@type\":\"PropertyValueSpecification\",\"valueRequired\":true,\"valueName\":\"search_term_string\"}}],\"inLanguage\":\"ru-RU\"}]}<\/script>\n<!-- \/ Yoast SEO plugin. -->","yoast_head_json":{"title":"\u041c\u043e\u043d\u043e\u0433\u0438\u0434\u0440\u0430\u0442 \u0433\u043b\u044e\u043a\u043e\u0437\u044b (CAS 5996-10-1) - \u0136\u012bmija r\u016bpniec\u012bbai &mdash; &Scaron;\u0137\u012bdin\u0101t\u0101ji un \u0137\u012bmisk\u0101s vielas &mdash; Masterchem.ee","description":"\u041c\u043e\u043d\u043e\u0433\u0438\u0434\u0440\u0430\u0442 \u0433\u043b\u044e\u043a\u043e\u0437\u044b (CAS 5996-10-1)","robots":{"index":"index","follow":"follow","max-snippet":"max-snippet:-1","max-image-preview":"max-image-preview:large","max-video-preview":"max-video-preview:-1"},"canonical":"https:\/\/masterchem.lv\/ru\/product\/%d0%bc%d0%be%d0%bd%d0%be%d0%b3%d0%b8%d0%b4%d1%80%d0%b0%d1%82-%d0%b3%d0%bb%d1%8e%d0%ba%d0%be%d0%b7%d1%8b-cas-5996-10-1\/","og_locale":"ru_RU","og_type":"article","og_title":"\u041c\u043e\u043d\u043e\u0433\u0438\u0434\u0440\u0430\u0442 \u0433\u043b\u044e\u043a\u043e\u0437\u044b (CAS 5996-10-1) - \u0136\u012bmija r\u016bpniec\u012bbai &mdash; &Scaron;\u0137\u012bdin\u0101t\u0101ji un \u0137\u012bmisk\u0101s vielas &mdash; Masterchem.ee","og_description":"\u041c\u043e\u043d\u043e\u0433\u0438\u0434\u0440\u0430\u0442 \u0433\u043b\u044e\u043a\u043e\u0437\u044b (CAS 5996-10-1)","og_url":"https:\/\/masterchem.lv\/ru\/product\/%d0%bc%d0%be%d0%bd%d0%be%d0%b3%d0%b8%d0%b4%d1%80%d0%b0%d1%82-%d0%b3%d0%bb%d1%8e%d0%ba%d0%be%d0%b7%d1%8b-cas-5996-10-1\/","og_site_name":"\u0136\u012bmija r\u016bpniec\u012bbai &mdash; &Scaron;\u0137\u012bdin\u0101t\u0101ji un \u0137\u012bmisk\u0101s vielas &mdash; Masterchem.ee","og_image":[{"width":1000,"height":1000,"url":"https:\/\/masterchem.lv\/wp-content\/uploads\/2023\/03\/Glukoosi-monohudraat-25kg-MasterChem-1.jpg","type":"image\/jpeg"}],"twitter_card":"summary_large_image","schema":{"@context":"https:\/\/schema.org","@graph":[{"@type":"WebPage","@id":"https:\/\/masterchem.lv\/ru\/product\/%d0%bc%d0%be%d0%bd%d0%be%d0%b3%d0%b8%d0%b4%d1%80%d0%b0%d1%82-%d0%b3%d0%bb%d1%8e%d0%ba%d0%be%d0%b7%d1%8b-cas-5996-10-1\/","url":"https:\/\/masterchem.lv\/ru\/product\/%d0%bc%d0%be%d0%bd%d0%be%d0%b3%d0%b8%d0%b4%d1%80%d0%b0%d1%82-%d0%b3%d0%bb%d1%8e%d0%ba%d0%be%d0%b7%d1%8b-cas-5996-10-1\/","name":"\u041c\u043e\u043d\u043e\u0433\u0438\u0434\u0440\u0430\u0442 \u0433\u043b\u044e\u043a\u043e\u0437\u044b (CAS 5996-10-1) - \u0136\u012bmija r\u016bpniec\u012bbai &mdash; &Scaron;\u0137\u012bdin\u0101t\u0101ji un \u0137\u012bmisk\u0101s vielas &mdash; Masterchem.ee","isPartOf":{"@id":"https:\/\/masterchem.lv\/ru\/#website"},"primaryImageOfPage":{"@id":"https:\/\/masterchem.lv\/ru\/product\/%d0%bc%d0%be%d0%bd%d0%be%d0%b3%d0%b8%d0%b4%d1%80%d0%b0%d1%82-%d0%b3%d0%bb%d1%8e%d0%ba%d0%be%d0%b7%d1%8b-cas-5996-10-1\/#primaryimage"},"image":{"@id":"https:\/\/masterchem.lv\/ru\/product\/%d0%bc%d0%be%d0%bd%d0%be%d0%b3%d0%b8%d0%b4%d1%80%d0%b0%d1%82-%d0%b3%d0%bb%d1%8e%d0%ba%d0%be%d0%b7%d1%8b-cas-5996-10-1\/#primaryimage"},"thumbnailUrl":"https:\/\/masterchem.lv\/wp-content\/uploads\/2023\/03\/Glukoosi-monohudraat-25kg-MasterChem-1.jpg","datePublished":"2023-03-08T08:02:57+00:00","description":"\u041c\u043e\u043d\u043e\u0433\u0438\u0434\u0440\u0430\u0442 \u0433\u043b\u044e\u043a\u043e\u0437\u044b (CAS 5996-10-1)","breadcrumb":{"@id":"https:\/\/masterchem.lv\/ru\/product\/%d0%bc%d0%be%d0%bd%d0%be%d0%b3%d0%b8%d0%b4%d1%80%d0%b0%d1%82-%d0%b3%d0%bb%d1%8e%d0%ba%d0%be%d0%b7%d1%8b-cas-5996-10-1\/#breadcrumb"},"inLanguage":"ru-RU","potentialAction":[{"@type":"ReadAction","target":["https:\/\/masterchem.lv\/ru\/product\/%d0%bc%d0%be%d0%bd%d0%be%d0%b3%d0%b8%d0%b4%d1%80%d0%b0%d1%82-%d0%b3%d0%bb%d1%8e%d0%ba%d0%be%d0%b7%d1%8b-cas-5996-10-1\/"]}]},{"@type":"ImageObject","inLanguage":"ru-RU","@id":"https:\/\/masterchem.lv\/ru\/product\/%d0%bc%d0%be%d0%bd%d0%be%d0%b3%d0%b8%d0%b4%d1%80%d0%b0%d1%82-%d0%b3%d0%bb%d1%8e%d0%ba%d0%be%d0%b7%d1%8b-cas-5996-10-1\/#primaryimage","url":"https:\/\/masterchem.lv\/wp-content\/uploads\/2023\/03\/Glukoosi-monohudraat-25kg-MasterChem-1.jpg","contentUrl":"https:\/\/masterchem.lv\/wp-content\/uploads\/2023\/03\/Glukoosi-monohudraat-25kg-MasterChem-1.jpg","width":1000,"height":1000},{"@type":"BreadcrumbList","@id":"https:\/\/masterchem.lv\/ru\/product\/%d0%bc%d0%be%d0%bd%d0%be%d0%b3%d0%b8%d0%b4%d1%80%d0%b0%d1%82-%d0%b3%d0%bb%d1%8e%d0%ba%d0%be%d0%b7%d1%8b-cas-5996-10-1\/#breadcrumb","itemListElement":[{"@type":"ListItem","position":1,"name":"Home","item":"https:\/\/masterchem.lv\/ru\/"},{"@type":"ListItem","position":2,"name":"\u041c\u0430\u0433\u0430\u0437\u0438\u043d","item":"https:\/\/masterchem.lv\/%d0%bc%d0%b0%d0%b3%d0%b0%d0%b7%d0%b8%d0%bd\/"},{"@type":"ListItem","position":3,"name":"\u041c\u043e\u043d\u043e\u0433\u0438\u0434\u0440\u0430\u0442 \u0433\u043b\u044e\u043a\u043e\u0437\u044b (CAS 5996-10-1)"}]},{"@type":"WebSite","@id":"https:\/\/masterchem.lv\/ru\/#website","url":"https:\/\/masterchem.lv\/ru\/","name":"\u0136\u012bmija r\u016bpniec\u012bbai &mdash; &Scaron;\u0137\u012bdin\u0101t\u0101ji un \u0137\u012bmisk\u0101s vielas &mdash; Masterchem.ee","description":"\u0136\u012bmija r\u016bpniec\u012bbai&nbsp;&mdash; &scaron;\u0137\u012bdin\u0101t\u0101ji un \u0137\u012bmisk\u0101s vielas","potentialAction":[{"@type":"SearchAction","target":{"@type":"EntryPoint","urlTemplate":"https:\/\/masterchem.lv\/ru\/?s={search_term_string}"},"query-input":{"@type":"PropertyValueSpecification","valueRequired":true,"valueName":"search_term_string"}}],"inLanguage":"ru-RU"}]}},"_links":{"self":[{"href":"https:\/\/masterchem.lv\/ru\/wp-json\/wp\/v2\/product\/13563","targetHints":{"allow":["GET"]}}],"collection":[{"href":"https:\/\/masterchem.lv\/ru\/wp-json\/wp\/v2\/product"}],"about":[{"href":"https:\/\/masterchem.lv\/ru\/wp-json\/wp\/v2\/types\/product"}],"wp:featuredmedia":[{"embeddable":true,"href":"https:\/\/masterchem.lv\/ru\/wp-json\/wp\/v2\/media\/9845"}],"wp:attachment":[{"href":"https:\/\/masterchem.lv\/ru\/wp-json\/wp\/v2\/media?parent=13563"}],"wp:term":[{"taxonomy":"product_brand","embeddable":true,"href":"https:\/\/masterchem.lv\/ru\/wp-json\/wp\/v2\/product_brand?post=13563"},{"taxonomy":"product_cat","embeddable":true,"href":"https:\/\/masterchem.lv\/ru\/wp-json\/wp\/v2\/product_cat?post=13563"},{"taxonomy":"product_tag","embeddable":true,"href":"https:\/\/masterchem.lv\/ru\/wp-json\/wp\/v2\/product_tag?post=13563"}],"curies":[{"name":"wp","href":"https:\/\/api.w.org\/{rel}","templated":true}]}}