{"id":14037,"date":"2023-03-08T08:07:19","date_gmt":"2023-03-08T08:07:19","guid":{"rendered":"https:\/\/masterchem.lv\/product\/%d1%81%d1%82%d0%b5%d0%b0%d1%80%d0%b8%d0%bd%d0%be%d0%b2%d0%b0%d1%8f-%d0%ba%d0%b8%d1%81%d0%bb%d0%be%d1%82%d0%b0-cas-67701-03-5\/"},"modified":"2025-09-05T09:57:19","modified_gmt":"2025-09-05T09:57:19","slug":"%d1%81%d1%82%d0%b5%d0%b0%d1%80%d0%b8%d0%bd%d0%be%d0%b2%d0%b0%d1%8f-%d0%ba%d0%b8%d1%81%d0%bb%d0%be%d1%82%d0%b0-cas-67701-03-5","status":"publish","type":"product","link":"https:\/\/masterchem.lv\/ru\/product\/%d1%81%d1%82%d0%b5%d0%b0%d1%80%d0%b8%d0%bd%d0%be%d0%b2%d0%b0%d1%8f-%d0%ba%d0%b8%d1%81%d0%bb%d0%be%d1%82%d0%b0-cas-67701-03-5\/","title":{"rendered":"\u0421\u0442\u0435\u0430\u0440\u0438\u043d\u043e\u0432\u0430\u044f \u043a\u0438\u0441\u043b\u043e\u0442\u0430 (CAS 67701-03-5)"},"content":{"rendered":"<p><strong>\u0418\u043d\u0444\u043e\u0440\u043c\u0430\u0446\u0438\u044f<\/strong><br \/>\n\u041e\u0442\u0440\u0430\u0441\u043b\u0438: \u0431\u044b\u0442\u043e\u0432\u0430\u044f \u0445\u0438\u043c\u0438\u044f, \u043a\u043e\u0441\u043c\u0435\u0442\u0438\u043a\u0430, \u043a\u043b\u0435\u0438, \u043c\u0430\u0441\u043b\u0430, \u0441\u043c\u0430\u0437\u043a\u0438, \u0444\u0430\u0440\u043c\u0430\u0446\u0435\u0432\u0442\u0438\u0447\u0435\u0441\u043a\u0430\u044f \u043f\u0440\u043e\u043c\u044b\u0448\u043b\u0435\u043d\u043d\u043e\u0441\u0442\u044c<br \/>\n\u041d\u043e\u043c\u0435\u0440 CAS: 67701-03-5<br \/>\n\u041d\u043e\u043c\u0435\u0440 WE: 266-928-5<br \/>\n\u0425\u0438\u043c\u0438\u0447\u0435\u0441\u043a\u0430\u044f \u0444\u043e\u0440\u043c\u0443\u043b\u0430: C10H18O4<br \/>\n\u041c\u043e\u043b\u044f\u0440\u043d\u0430\u044f \u043c\u0430\u0441\u0441\u0430: 202,25 g\/mol<br \/>\n\u041a\u043e\u0434 \u0442\u0430\u043c\u043e\u0436\u0435\u043d\u043d\u043e\u0433\u043e \u0442\u0430\u0440\u0438\u0444\u0430: 38231910<\/p>\n<p><strong>\u0444\u0438\u0437\u0438\u0447\u0435\u0441\u043a\u0438\u0435 \u0441\u0432\u043e\u0439\u0441\u0442\u0432\u0430<\/strong>\t<br \/>\n\u0442\u0445: <7<br \/>\n\u0422\u043e\u0447\u043a\u0430 \u043f\u043b\u0430\u0432\u043b\u0435\u043d\u0438\u044f \/ \u0437\u0430\u043c\u0435\u0440\u0437\u0430\u043d\u0438\u044f: 56\u00b0C<br \/>\n\u0422\u043e\u0447\u043a\u0430 \u043a\u0438\u043f\u0435\u043d\u0438\u044f \/ \u0434\u0438\u0430\u043f\u0430\u0437\u043e\u043d: ~240\u00b0C<br \/>\n\u041e\u0442\u043d\u043e\u0441\u0438\u0442\u0435\u043b\u044c\u043d\u0430\u044f \u043f\u043b\u043e\u0442\u043d\u043e\u0441\u0442\u044c: 0,85 &#8212; 0,90 g\/cm\u00b3<br \/>\n\u0420\u0430\u0441\u0442\u0432\u043e\u0440\u0438\u043c\u043e\u0441\u0442\u044c \u0432 \u0432\u043e\u0434\u0435: <0,005 g\/100 ml (25\u00b0C)<\/p>\n","protected":false},"excerpt":{"rendered":"<p><strong>\u0421\u0442\u0435\u0430\u0440\u0438\u043d\u043e\u0432\u0430\u044f \u043a\u0438\u0441\u043b\u043e\u0442\u0430 (CAS 67701-03-5)<\/strong><\/p>\n<p>\u0421\u0442\u0435\u0430\u0440\u0438\u043d\u043e\u0432\u0430\u044f \u043a\u0438\u0441\u043b\u043e\u0442\u0430 (\u043e\u043a\u0442\u0430\u0434\u0435\u043a\u0430\u043d\u043e\u0432\u0430\u044f \u043a\u0438\u0441\u043b\u043e\u0442\u0430) \u2014 \u043e\u0434\u043d\u043e\u043e\u0441\u043d\u043e\u0432\u043d\u0430\u044f \u043a\u0430\u0440\u0431\u043e\u043d\u043e\u0432\u0430\u044f \u043a\u0438\u0441\u043b\u043e\u0442\u0430 \u0430\u043b\u0438\u0444\u0430\u0442\u0438\u0447\u0435\u0441\u043a\u043e\u0433\u043e \u0440\u044f\u0434\u0430, \u0441\u043e\u043e\u0442\u0432\u0435\u0442\u0441\u0442\u0432\u0443\u044e\u0449\u0430\u044f \u0444\u043e\u0440\u043c\u0443\u043b\u0435 \u042117\u041d35COOH (\u0442\u0430\u043a\u0436\u0435 \u043c\u043e\u0436\u043d\u043e \u0432\u0441\u0442\u0440\u0435\u0442\u0438\u0442\u044c \u0437\u0430\u043f\u0438\u0441\u044c \u0432 \u0432\u0438\u0434\u0435 \u043c\u043e\u043b\u0435\u043a\u0443\u043b\u044f\u0440\u043d\u043e\u0439 \u0444\u043e\u0440\u043c\u0443\u043b\u044b (\u0431\u0440\u0443\u0442\u0442\u043e-\u0444\u043e\u0440\u043c\u0443\u043b\u044b) C18H36O2 \u0438\u043b\u0438 \u0434\u0440\u0443\u0433\u0438\u0435 \u0432\u0430\u0440\u0438\u0430\u043d\u0442\u044b \u0440\u0430\u0446\u0438\u043e\u043d\u0430\u043b\u044c\u043d\u043e\u0439 \u0444\u043e\u0440\u043c\u0443\u043b\u044b \u2014 CH3(CH2)16COOH \u0438\u043b\u0438 C17H35CO2H). \u0411\u0435\u043b\u044b\u0435 \u043a\u0440\u0438\u0441\u0442\u0430\u043b\u043b\u044b, \u043d\u0435\u0440\u0430\u0441\u0442\u0432\u043e\u0440\u0438\u043c\u044b\u0435 \u0432 \u0432\u043e\u0434\u0435 \u0438 \u0440\u0430\u0441\u0442\u0432\u043e\u0440\u0438\u043c\u044b\u0435 \u0432 \u0434\u0438\u044d\u0442\u0438\u043b\u043e\u0432\u043e\u043c \u044d\u0444\u0438\u0440\u0435. \u0421\u0442\u0435\u0430\u0440\u0438\u043d\u043e\u0432\u0430\u044f \u043a\u0438\u0441\u043b\u043e\u0442\u0430 \u0431\u044b\u043b\u0430 \u043e\u0442\u043a\u0440\u044b\u0442\u0430 \u0432 \u0441\u0432\u0438\u043d\u043e\u043c \u0441\u0430\u043b\u0435 \u0432 1816 \u0433\u043e\u0434\u0443 \u0444\u0440\u0430\u043d\u0446\u0443\u0437\u0441\u043a\u0438\u043c \u0445\u0438\u043c\u0438\u043a\u043e\u043c \u0428\u0435\u0432\u0440\u0435\u043b\u0435\u043c.<\/p>\n<p>\u0428\u0438\u0440\u043e\u043a\u043e \u0438\u0441\u043f\u043e\u043b\u044c\u0437\u0443\u0435\u0442\u0441\u044f \u0432 \u043a\u043e\u0441\u043c\u0435\u0442\u0438\u0447\u0435\u0441\u043a\u043e\u0439 \u043f\u0440\u043e\u043c\u044b\u0448\u043b\u0435\u043d\u043d\u043e\u0441\u0442\u0438: \u0441\u0442\u0435\u0430\u0440\u0430\u0442 \u043d\u0430\u0442\u0440\u0438\u044f \u044f\u0432\u043b\u044f\u0435\u0442\u0441\u044f \u043e\u0434\u043d\u0438\u043c \u0438\u0437 \u043e\u0441\u043d\u043e\u0432\u043d\u044b\u0445 \u043a\u043e\u043c\u043f\u043e\u043d\u0435\u043d\u0442\u043e\u0432 \u043c\u044b\u043b\u0430, \u0441\u0430\u043c\u0430 \u0441\u0442\u0435\u0430\u0440\u0438\u043d\u043e\u0432\u0430\u044f \u043a\u0438\u0441\u043b\u043e\u0442\u0430 \u0432\u0445\u043e\u0434\u0438\u0442 \u0432 \u0441\u043e\u0441\u0442\u0430\u0432 \u043c\u043d\u043e\u0433\u0438\u0445 \u043a\u043e\u0441\u043c\u0435\u0442\u0438\u0447\u0435\u0441\u043a\u0438\u0445 \u0441\u0440\u0435\u0434\u0441\u0442\u0432. \u041f\u0440\u0438\u043c\u0435\u043d\u044f\u0435\u0442\u0441\u044f \u0432 \u043f\u0440\u043e\u0438\u0437\u0432\u043e\u0434\u0441\u0442\u0432\u0435 \u0441\u0432\u0435\u0447\u0435\u0439 \u0438 \u043a\u0430\u043a \u043c\u044f\u0433\u0447\u0438\u0442\u0435\u043b\u044c \u0432 \u043f\u0440\u043e\u0438\u0437\u0432\u043e\u0434\u0441\u0442\u0432\u0435 \u0440\u0435\u0437\u0438\u043d\u044b. \u0421\u0442\u0435\u0430\u0440\u0430\u0442\u044b \u043d\u0430\u0442\u0440\u0438\u044f, \u043a\u0430\u043b\u0438\u044f, \u043b\u0438\u0442\u0438\u044f, \u043a\u0430\u043b\u044c\u0446\u0438\u044f, \u0441\u0432\u0438\u043d\u0446\u0430 \u0438\u0441\u043f\u043e\u043b\u044c\u0437\u0443\u044e\u0442\u0441\u044f \u043a\u0430\u043a \u043a\u043e\u043c\u043f\u043e\u043d\u0435\u043d\u0442\u044b \u043f\u043b\u0430\u0441\u0442\u0438\u0447\u043d\u044b\u0445 \u0441\u043c\u0430\u0437\u043e\u043a (\u0441\u043c. \u043b\u0438\u0442\u0438\u0435\u0432\u044b\u0435 \u0441\u043c\u0430\u0437\u043a\u0438, \u0441\u043e\u043b\u0438\u0434\u043e\u043b). \u0412 \u0444\u0430\u0440\u043c\u0430\u0446\u0435\u0432\u0442\u0438\u0447\u0435\u0441\u043a\u043e\u0439 \u043f\u0440\u043e\u043c\u044b\u0448\u043b\u0435\u043d\u043d\u043e\u0441\u0442\u0438 \u0441\u0442\u0435\u0430\u0440\u0430\u0442 \u043c\u0430\u0433\u043d\u0438\u044f \u043f\u0440\u0438\u043c\u0435\u043d\u044f\u0435\u0442\u0441\u044f \u0432 \u043a\u0430\u0447\u0435\u0441\u0442\u0432\u0435 \u0441\u043c\u0430\u0437\u044b\u0432\u0430\u044e\u0449\u0435\u0433\u043e \u0432\u0435\u0449\u0435\u0441\u0442\u0432\u0430 \u043f\u0440\u0438 \u043f\u0440\u044f\u043c\u043e\u043c \u043f\u0440\u0435\u0441\u0441\u043e\u0432\u0430\u043d\u0438\u0438 \u0442\u0430\u0431\u043b\u0435\u0442\u043e\u043a.<\/p>\n","protected":false},"featured_media":10767,"template":"","meta":{"_monsterinsights_skip_tracking":false,"_monsterinsights_sitenote_active":false,"_monsterinsights_sitenote_note":"","_monsterinsights_sitenote_category":0},"product_brand":[],"product_cat":[272,246,258,282],"product_tag":[],"class_list":{"0":"post-14037","1":"product","2":"type-product","3":"status-publish","4":"has-post-thumbnail","6":"product_cat-272","7":"product_cat-246","8":"product_cat-258","9":"product_cat-282","11":"first","12":"instock","13":"taxable","14":"shipping-taxable","15":"purchasable","16":"product-type-variable","17":"has-default-attributes"},"yoast_head":"<!-- This site is optimized with the Yoast SEO plugin v27.3 - https:\/\/yoast.com\/product\/yoast-seo-wordpress\/ -->\n<title>\u0421\u0442\u0435\u0430\u0440\u0438\u043d\u043e\u0432\u0430\u044f \u043a\u0438\u0441\u043b\u043e\u0442\u0430 (CAS 67701-03-5) - \u0136\u012bmija r\u016bpniec\u012bbai &mdash; &Scaron;\u0137\u012bdin\u0101t\u0101ji un \u0137\u012bmisk\u0101s vielas &mdash; Masterchem.ee<\/title>\n<meta name=\"description\" content=\"\u0421\u0442\u0435\u0430\u0440\u0438\u043d\u043e\u0432\u0430\u044f \u043a\u0438\u0441\u043b\u043e\u0442\u0430 (\u043e\u043a\u0442\u0430\u0434\u0435\u043a\u0430\u043d\u043e\u0432\u0430\u044f \u043a\u0438\u0441\u043b\u043e\u0442\u0430) \u2014 \u043e\u0434\u043d\u043e\u043e\u0441\u043d\u043e\u0432\u043d\u0430\u044f \u043a\u0430\u0440\u0431\u043e\u043d\u043e\u0432\u0430\u044f \u043a\u0438\u0441\u043b\u043e\u0442\u0430 \u0430\u043b\u0438\u0444\u0430\u0442\u0438\u0447\u0435\u0441\u043a\u043e\u0433\u043e \u0440\u044f\u0434\u0430, \u0441\u043e\u043e\u0442\u0432\u0435\u0442\u0441\u0442\u0432\u0443\u044e\u0449\u0430\u044f \u0444\u043e\u0440\u043c\u0443\u043b\u0435 \u042117\u041d35COOH\" \/>\n<meta name=\"robots\" content=\"index, follow, max-snippet:-1, max-image-preview:large, max-video-preview:-1\" \/>\n<link rel=\"canonical\" href=\"https:\/\/masterchem.lv\/ru\/product\/%d1%81%d1%82%d0%b5%d0%b0%d1%80%d0%b8%d0%bd%d0%be%d0%b2%d0%b0%d1%8f-%d0%ba%d0%b8%d1%81%d0%bb%d0%be%d1%82%d0%b0-cas-67701-03-5\/\" \/>\n<meta property=\"og:locale\" content=\"ru_RU\" \/>\n<meta property=\"og:type\" content=\"article\" \/>\n<meta property=\"og:title\" content=\"\u0421\u0442\u0435\u0430\u0440\u0438\u043d\u043e\u0432\u0430\u044f \u043a\u0438\u0441\u043b\u043e\u0442\u0430 (CAS 67701-03-5) - \u0136\u012bmija r\u016bpniec\u012bbai &mdash; &Scaron;\u0137\u012bdin\u0101t\u0101ji un \u0137\u012bmisk\u0101s vielas &mdash; Masterchem.ee\" \/>\n<meta property=\"og:description\" content=\"\u0421\u0442\u0435\u0430\u0440\u0438\u043d\u043e\u0432\u0430\u044f \u043a\u0438\u0441\u043b\u043e\u0442\u0430 (\u043e\u043a\u0442\u0430\u0434\u0435\u043a\u0430\u043d\u043e\u0432\u0430\u044f \u043a\u0438\u0441\u043b\u043e\u0442\u0430) \u2014 \u043e\u0434\u043d\u043e\u043e\u0441\u043d\u043e\u0432\u043d\u0430\u044f \u043a\u0430\u0440\u0431\u043e\u043d\u043e\u0432\u0430\u044f \u043a\u0438\u0441\u043b\u043e\u0442\u0430 \u0430\u043b\u0438\u0444\u0430\u0442\u0438\u0447\u0435\u0441\u043a\u043e\u0433\u043e \u0440\u044f\u0434\u0430, \u0441\u043e\u043e\u0442\u0432\u0435\u0442\u0441\u0442\u0432\u0443\u044e\u0449\u0430\u044f \u0444\u043e\u0440\u043c\u0443\u043b\u0435 \u042117\u041d35COOH\" \/>\n<meta property=\"og:url\" content=\"https:\/\/masterchem.lv\/ru\/product\/%d1%81%d1%82%d0%b5%d0%b0%d1%80%d0%b8%d0%bd%d0%be%d0%b2%d0%b0%d1%8f-%d0%ba%d0%b8%d1%81%d0%bb%d0%be%d1%82%d0%b0-cas-67701-03-5\/\" \/>\n<meta property=\"og:site_name\" content=\"\u0136\u012bmija r\u016bpniec\u012bbai &mdash; &Scaron;\u0137\u012bdin\u0101t\u0101ji un \u0137\u012bmisk\u0101s vielas &mdash; Masterchem.ee\" \/>\n<meta property=\"article:modified_time\" content=\"2025-09-05T09:57:19+00:00\" \/>\n<meta property=\"og:image\" content=\"https:\/\/masterchem.lv\/wp-content\/uploads\/2023\/03\/Naatriumnitrit-25kg-MasterChem-1-1.jpg\" \/>\n\t<meta property=\"og:image:width\" content=\"1000\" \/>\n\t<meta property=\"og:image:height\" content=\"1000\" \/>\n\t<meta property=\"og:image:type\" content=\"image\/jpeg\" \/>\n<meta name=\"twitter:card\" content=\"summary_large_image\" \/>\n<script type=\"application\/ld+json\" class=\"yoast-schema-graph\">{\"@context\":\"https:\\\/\\\/schema.org\",\"@graph\":[{\"@type\":\"WebPage\",\"@id\":\"https:\\\/\\\/masterchem.lv\\\/ru\\\/product\\\/%d1%81%d1%82%d0%b5%d0%b0%d1%80%d0%b8%d0%bd%d0%be%d0%b2%d0%b0%d1%8f-%d0%ba%d0%b8%d1%81%d0%bb%d0%be%d1%82%d0%b0-cas-67701-03-5\\\/\",\"url\":\"https:\\\/\\\/masterchem.lv\\\/ru\\\/product\\\/%d1%81%d1%82%d0%b5%d0%b0%d1%80%d0%b8%d0%bd%d0%be%d0%b2%d0%b0%d1%8f-%d0%ba%d0%b8%d1%81%d0%bb%d0%be%d1%82%d0%b0-cas-67701-03-5\\\/\",\"name\":\"\u0421\u0442\u0435\u0430\u0440\u0438\u043d\u043e\u0432\u0430\u044f \u043a\u0438\u0441\u043b\u043e\u0442\u0430 (CAS 67701-03-5) - \u0136\u012bmija r\u016bpniec\u012bbai &mdash; &Scaron;\u0137\u012bdin\u0101t\u0101ji un \u0137\u012bmisk\u0101s vielas &mdash; Masterchem.ee\",\"isPartOf\":{\"@id\":\"https:\\\/\\\/masterchem.lv\\\/ru\\\/#website\"},\"primaryImageOfPage\":{\"@id\":\"https:\\\/\\\/masterchem.lv\\\/ru\\\/product\\\/%d1%81%d1%82%d0%b5%d0%b0%d1%80%d0%b8%d0%bd%d0%be%d0%b2%d0%b0%d1%8f-%d0%ba%d0%b8%d1%81%d0%bb%d0%be%d1%82%d0%b0-cas-67701-03-5\\\/#primaryimage\"},\"image\":{\"@id\":\"https:\\\/\\\/masterchem.lv\\\/ru\\\/product\\\/%d1%81%d1%82%d0%b5%d0%b0%d1%80%d0%b8%d0%bd%d0%be%d0%b2%d0%b0%d1%8f-%d0%ba%d0%b8%d1%81%d0%bb%d0%be%d1%82%d0%b0-cas-67701-03-5\\\/#primaryimage\"},\"thumbnailUrl\":\"https:\\\/\\\/masterchem.lv\\\/wp-content\\\/uploads\\\/2023\\\/03\\\/Naatriumnitrit-25kg-MasterChem-1-1.jpg\",\"datePublished\":\"2023-03-08T08:07:19+00:00\",\"dateModified\":\"2025-09-05T09:57:19+00:00\",\"description\":\"\u0421\u0442\u0435\u0430\u0440\u0438\u043d\u043e\u0432\u0430\u044f \u043a\u0438\u0441\u043b\u043e\u0442\u0430 (\u043e\u043a\u0442\u0430\u0434\u0435\u043a\u0430\u043d\u043e\u0432\u0430\u044f \u043a\u0438\u0441\u043b\u043e\u0442\u0430) \u2014 \u043e\u0434\u043d\u043e\u043e\u0441\u043d\u043e\u0432\u043d\u0430\u044f \u043a\u0430\u0440\u0431\u043e\u043d\u043e\u0432\u0430\u044f \u043a\u0438\u0441\u043b\u043e\u0442\u0430 \u0430\u043b\u0438\u0444\u0430\u0442\u0438\u0447\u0435\u0441\u043a\u043e\u0433\u043e \u0440\u044f\u0434\u0430, \u0441\u043e\u043e\u0442\u0432\u0435\u0442\u0441\u0442\u0432\u0443\u044e\u0449\u0430\u044f \u0444\u043e\u0440\u043c\u0443\u043b\u0435 \u042117\u041d35COOH\",\"breadcrumb\":{\"@id\":\"https:\\\/\\\/masterchem.lv\\\/ru\\\/product\\\/%d1%81%d1%82%d0%b5%d0%b0%d1%80%d0%b8%d0%bd%d0%be%d0%b2%d0%b0%d1%8f-%d0%ba%d0%b8%d1%81%d0%bb%d0%be%d1%82%d0%b0-cas-67701-03-5\\\/#breadcrumb\"},\"inLanguage\":\"ru-RU\",\"potentialAction\":[{\"@type\":\"ReadAction\",\"target\":[\"https:\\\/\\\/masterchem.lv\\\/ru\\\/product\\\/%d1%81%d1%82%d0%b5%d0%b0%d1%80%d0%b8%d0%bd%d0%be%d0%b2%d0%b0%d1%8f-%d0%ba%d0%b8%d1%81%d0%bb%d0%be%d1%82%d0%b0-cas-67701-03-5\\\/\"]}]},{\"@type\":\"ImageObject\",\"inLanguage\":\"ru-RU\",\"@id\":\"https:\\\/\\\/masterchem.lv\\\/ru\\\/product\\\/%d1%81%d1%82%d0%b5%d0%b0%d1%80%d0%b8%d0%bd%d0%be%d0%b2%d0%b0%d1%8f-%d0%ba%d0%b8%d1%81%d0%bb%d0%be%d1%82%d0%b0-cas-67701-03-5\\\/#primaryimage\",\"url\":\"https:\\\/\\\/masterchem.lv\\\/wp-content\\\/uploads\\\/2023\\\/03\\\/Naatriumnitrit-25kg-MasterChem-1-1.jpg\",\"contentUrl\":\"https:\\\/\\\/masterchem.lv\\\/wp-content\\\/uploads\\\/2023\\\/03\\\/Naatriumnitrit-25kg-MasterChem-1-1.jpg\",\"width\":1000,\"height\":1000},{\"@type\":\"BreadcrumbList\",\"@id\":\"https:\\\/\\\/masterchem.lv\\\/ru\\\/product\\\/%d1%81%d1%82%d0%b5%d0%b0%d1%80%d0%b8%d0%bd%d0%be%d0%b2%d0%b0%d1%8f-%d0%ba%d0%b8%d1%81%d0%bb%d0%be%d1%82%d0%b0-cas-67701-03-5\\\/#breadcrumb\",\"itemListElement\":[{\"@type\":\"ListItem\",\"position\":1,\"name\":\"Home\",\"item\":\"https:\\\/\\\/masterchem.lv\\\/ru\\\/\"},{\"@type\":\"ListItem\",\"position\":2,\"name\":\"\u041c\u0430\u0433\u0430\u0437\u0438\u043d\",\"item\":\"https:\\\/\\\/masterchem.lv\\\/%d0%bc%d0%b0%d0%b3%d0%b0%d0%b7%d0%b8%d0%bd\\\/\"},{\"@type\":\"ListItem\",\"position\":3,\"name\":\"\u0421\u0442\u0435\u0430\u0440\u0438\u043d\u043e\u0432\u0430\u044f \u043a\u0438\u0441\u043b\u043e\u0442\u0430 (CAS 67701-03-5)\"}]},{\"@type\":\"WebSite\",\"@id\":\"https:\\\/\\\/masterchem.lv\\\/ru\\\/#website\",\"url\":\"https:\\\/\\\/masterchem.lv\\\/ru\\\/\",\"name\":\"\u0136\u012bmija r\u016bpniec\u012bbai &mdash; &Scaron;\u0137\u012bdin\u0101t\u0101ji un \u0137\u012bmisk\u0101s vielas &mdash; Masterchem.ee\",\"description\":\"\u0136\u012bmija r\u016bpniec\u012bbai&nbsp;&mdash; &scaron;\u0137\u012bdin\u0101t\u0101ji un \u0137\u012bmisk\u0101s vielas\",\"potentialAction\":[{\"@type\":\"SearchAction\",\"target\":{\"@type\":\"EntryPoint\",\"urlTemplate\":\"https:\\\/\\\/masterchem.lv\\\/ru\\\/?s={search_term_string}\"},\"query-input\":{\"@type\":\"PropertyValueSpecification\",\"valueRequired\":true,\"valueName\":\"search_term_string\"}}],\"inLanguage\":\"ru-RU\"}]}<\/script>\n<!-- \/ Yoast SEO plugin. -->","yoast_head_json":{"title":"\u0421\u0442\u0435\u0430\u0440\u0438\u043d\u043e\u0432\u0430\u044f \u043a\u0438\u0441\u043b\u043e\u0442\u0430 (CAS 67701-03-5) - \u0136\u012bmija r\u016bpniec\u012bbai &mdash; &Scaron;\u0137\u012bdin\u0101t\u0101ji un \u0137\u012bmisk\u0101s vielas &mdash; Masterchem.ee","description":"\u0421\u0442\u0435\u0430\u0440\u0438\u043d\u043e\u0432\u0430\u044f \u043a\u0438\u0441\u043b\u043e\u0442\u0430 (\u043e\u043a\u0442\u0430\u0434\u0435\u043a\u0430\u043d\u043e\u0432\u0430\u044f \u043a\u0438\u0441\u043b\u043e\u0442\u0430) \u2014 \u043e\u0434\u043d\u043e\u043e\u0441\u043d\u043e\u0432\u043d\u0430\u044f \u043a\u0430\u0440\u0431\u043e\u043d\u043e\u0432\u0430\u044f \u043a\u0438\u0441\u043b\u043e\u0442\u0430 \u0430\u043b\u0438\u0444\u0430\u0442\u0438\u0447\u0435\u0441\u043a\u043e\u0433\u043e \u0440\u044f\u0434\u0430, \u0441\u043e\u043e\u0442\u0432\u0435\u0442\u0441\u0442\u0432\u0443\u044e\u0449\u0430\u044f \u0444\u043e\u0440\u043c\u0443\u043b\u0435 \u042117\u041d35COOH","robots":{"index":"index","follow":"follow","max-snippet":"max-snippet:-1","max-image-preview":"max-image-preview:large","max-video-preview":"max-video-preview:-1"},"canonical":"https:\/\/masterchem.lv\/ru\/product\/%d1%81%d1%82%d0%b5%d0%b0%d1%80%d0%b8%d0%bd%d0%be%d0%b2%d0%b0%d1%8f-%d0%ba%d0%b8%d1%81%d0%bb%d0%be%d1%82%d0%b0-cas-67701-03-5\/","og_locale":"ru_RU","og_type":"article","og_title":"\u0421\u0442\u0435\u0430\u0440\u0438\u043d\u043e\u0432\u0430\u044f \u043a\u0438\u0441\u043b\u043e\u0442\u0430 (CAS 67701-03-5) - \u0136\u012bmija r\u016bpniec\u012bbai &mdash; &Scaron;\u0137\u012bdin\u0101t\u0101ji un \u0137\u012bmisk\u0101s vielas &mdash; Masterchem.ee","og_description":"\u0421\u0442\u0435\u0430\u0440\u0438\u043d\u043e\u0432\u0430\u044f \u043a\u0438\u0441\u043b\u043e\u0442\u0430 (\u043e\u043a\u0442\u0430\u0434\u0435\u043a\u0430\u043d\u043e\u0432\u0430\u044f \u043a\u0438\u0441\u043b\u043e\u0442\u0430) \u2014 \u043e\u0434\u043d\u043e\u043e\u0441\u043d\u043e\u0432\u043d\u0430\u044f \u043a\u0430\u0440\u0431\u043e\u043d\u043e\u0432\u0430\u044f \u043a\u0438\u0441\u043b\u043e\u0442\u0430 \u0430\u043b\u0438\u0444\u0430\u0442\u0438\u0447\u0435\u0441\u043a\u043e\u0433\u043e \u0440\u044f\u0434\u0430, \u0441\u043e\u043e\u0442\u0432\u0435\u0442\u0441\u0442\u0432\u0443\u044e\u0449\u0430\u044f \u0444\u043e\u0440\u043c\u0443\u043b\u0435 \u042117\u041d35COOH","og_url":"https:\/\/masterchem.lv\/ru\/product\/%d1%81%d1%82%d0%b5%d0%b0%d1%80%d0%b8%d0%bd%d0%be%d0%b2%d0%b0%d1%8f-%d0%ba%d0%b8%d1%81%d0%bb%d0%be%d1%82%d0%b0-cas-67701-03-5\/","og_site_name":"\u0136\u012bmija r\u016bpniec\u012bbai &mdash; &Scaron;\u0137\u012bdin\u0101t\u0101ji un \u0137\u012bmisk\u0101s vielas &mdash; Masterchem.ee","article_modified_time":"2025-09-05T09:57:19+00:00","og_image":[{"width":1000,"height":1000,"url":"https:\/\/masterchem.lv\/wp-content\/uploads\/2023\/03\/Naatriumnitrit-25kg-MasterChem-1-1.jpg","type":"image\/jpeg"}],"twitter_card":"summary_large_image","schema":{"@context":"https:\/\/schema.org","@graph":[{"@type":"WebPage","@id":"https:\/\/masterchem.lv\/ru\/product\/%d1%81%d1%82%d0%b5%d0%b0%d1%80%d0%b8%d0%bd%d0%be%d0%b2%d0%b0%d1%8f-%d0%ba%d0%b8%d1%81%d0%bb%d0%be%d1%82%d0%b0-cas-67701-03-5\/","url":"https:\/\/masterchem.lv\/ru\/product\/%d1%81%d1%82%d0%b5%d0%b0%d1%80%d0%b8%d0%bd%d0%be%d0%b2%d0%b0%d1%8f-%d0%ba%d0%b8%d1%81%d0%bb%d0%be%d1%82%d0%b0-cas-67701-03-5\/","name":"\u0421\u0442\u0435\u0430\u0440\u0438\u043d\u043e\u0432\u0430\u044f \u043a\u0438\u0441\u043b\u043e\u0442\u0430 (CAS 67701-03-5) - \u0136\u012bmija r\u016bpniec\u012bbai &mdash; &Scaron;\u0137\u012bdin\u0101t\u0101ji un \u0137\u012bmisk\u0101s vielas &mdash; Masterchem.ee","isPartOf":{"@id":"https:\/\/masterchem.lv\/ru\/#website"},"primaryImageOfPage":{"@id":"https:\/\/masterchem.lv\/ru\/product\/%d1%81%d1%82%d0%b5%d0%b0%d1%80%d0%b8%d0%bd%d0%be%d0%b2%d0%b0%d1%8f-%d0%ba%d0%b8%d1%81%d0%bb%d0%be%d1%82%d0%b0-cas-67701-03-5\/#primaryimage"},"image":{"@id":"https:\/\/masterchem.lv\/ru\/product\/%d1%81%d1%82%d0%b5%d0%b0%d1%80%d0%b8%d0%bd%d0%be%d0%b2%d0%b0%d1%8f-%d0%ba%d0%b8%d1%81%d0%bb%d0%be%d1%82%d0%b0-cas-67701-03-5\/#primaryimage"},"thumbnailUrl":"https:\/\/masterchem.lv\/wp-content\/uploads\/2023\/03\/Naatriumnitrit-25kg-MasterChem-1-1.jpg","datePublished":"2023-03-08T08:07:19+00:00","dateModified":"2025-09-05T09:57:19+00:00","description":"\u0421\u0442\u0435\u0430\u0440\u0438\u043d\u043e\u0432\u0430\u044f \u043a\u0438\u0441\u043b\u043e\u0442\u0430 (\u043e\u043a\u0442\u0430\u0434\u0435\u043a\u0430\u043d\u043e\u0432\u0430\u044f \u043a\u0438\u0441\u043b\u043e\u0442\u0430) \u2014 \u043e\u0434\u043d\u043e\u043e\u0441\u043d\u043e\u0432\u043d\u0430\u044f \u043a\u0430\u0440\u0431\u043e\u043d\u043e\u0432\u0430\u044f \u043a\u0438\u0441\u043b\u043e\u0442\u0430 \u0430\u043b\u0438\u0444\u0430\u0442\u0438\u0447\u0435\u0441\u043a\u043e\u0433\u043e \u0440\u044f\u0434\u0430, \u0441\u043e\u043e\u0442\u0432\u0435\u0442\u0441\u0442\u0432\u0443\u044e\u0449\u0430\u044f \u0444\u043e\u0440\u043c\u0443\u043b\u0435 \u042117\u041d35COOH","breadcrumb":{"@id":"https:\/\/masterchem.lv\/ru\/product\/%d1%81%d1%82%d0%b5%d0%b0%d1%80%d0%b8%d0%bd%d0%be%d0%b2%d0%b0%d1%8f-%d0%ba%d0%b8%d1%81%d0%bb%d0%be%d1%82%d0%b0-cas-67701-03-5\/#breadcrumb"},"inLanguage":"ru-RU","potentialAction":[{"@type":"ReadAction","target":["https:\/\/masterchem.lv\/ru\/product\/%d1%81%d1%82%d0%b5%d0%b0%d1%80%d0%b8%d0%bd%d0%be%d0%b2%d0%b0%d1%8f-%d0%ba%d0%b8%d1%81%d0%bb%d0%be%d1%82%d0%b0-cas-67701-03-5\/"]}]},{"@type":"ImageObject","inLanguage":"ru-RU","@id":"https:\/\/masterchem.lv\/ru\/product\/%d1%81%d1%82%d0%b5%d0%b0%d1%80%d0%b8%d0%bd%d0%be%d0%b2%d0%b0%d1%8f-%d0%ba%d0%b8%d1%81%d0%bb%d0%be%d1%82%d0%b0-cas-67701-03-5\/#primaryimage","url":"https:\/\/masterchem.lv\/wp-content\/uploads\/2023\/03\/Naatriumnitrit-25kg-MasterChem-1-1.jpg","contentUrl":"https:\/\/masterchem.lv\/wp-content\/uploads\/2023\/03\/Naatriumnitrit-25kg-MasterChem-1-1.jpg","width":1000,"height":1000},{"@type":"BreadcrumbList","@id":"https:\/\/masterchem.lv\/ru\/product\/%d1%81%d1%82%d0%b5%d0%b0%d1%80%d0%b8%d0%bd%d0%be%d0%b2%d0%b0%d1%8f-%d0%ba%d0%b8%d1%81%d0%bb%d0%be%d1%82%d0%b0-cas-67701-03-5\/#breadcrumb","itemListElement":[{"@type":"ListItem","position":1,"name":"Home","item":"https:\/\/masterchem.lv\/ru\/"},{"@type":"ListItem","position":2,"name":"\u041c\u0430\u0433\u0430\u0437\u0438\u043d","item":"https:\/\/masterchem.lv\/%d0%bc%d0%b0%d0%b3%d0%b0%d0%b7%d0%b8%d0%bd\/"},{"@type":"ListItem","position":3,"name":"\u0421\u0442\u0435\u0430\u0440\u0438\u043d\u043e\u0432\u0430\u044f \u043a\u0438\u0441\u043b\u043e\u0442\u0430 (CAS 67701-03-5)"}]},{"@type":"WebSite","@id":"https:\/\/masterchem.lv\/ru\/#website","url":"https:\/\/masterchem.lv\/ru\/","name":"\u0136\u012bmija r\u016bpniec\u012bbai &mdash; &Scaron;\u0137\u012bdin\u0101t\u0101ji un \u0137\u012bmisk\u0101s vielas &mdash; Masterchem.ee","description":"\u0136\u012bmija r\u016bpniec\u012bbai&nbsp;&mdash; &scaron;\u0137\u012bdin\u0101t\u0101ji un \u0137\u012bmisk\u0101s vielas","potentialAction":[{"@type":"SearchAction","target":{"@type":"EntryPoint","urlTemplate":"https:\/\/masterchem.lv\/ru\/?s={search_term_string}"},"query-input":{"@type":"PropertyValueSpecification","valueRequired":true,"valueName":"search_term_string"}}],"inLanguage":"ru-RU"}]}},"_links":{"self":[{"href":"https:\/\/masterchem.lv\/ru\/wp-json\/wp\/v2\/product\/14037","targetHints":{"allow":["GET"]}}],"collection":[{"href":"https:\/\/masterchem.lv\/ru\/wp-json\/wp\/v2\/product"}],"about":[{"href":"https:\/\/masterchem.lv\/ru\/wp-json\/wp\/v2\/types\/product"}],"wp:featuredmedia":[{"embeddable":true,"href":"https:\/\/masterchem.lv\/ru\/wp-json\/wp\/v2\/media\/10767"}],"wp:attachment":[{"href":"https:\/\/masterchem.lv\/ru\/wp-json\/wp\/v2\/media?parent=14037"}],"wp:term":[{"taxonomy":"product_brand","embeddable":true,"href":"https:\/\/masterchem.lv\/ru\/wp-json\/wp\/v2\/product_brand?post=14037"},{"taxonomy":"product_cat","embeddable":true,"href":"https:\/\/masterchem.lv\/ru\/wp-json\/wp\/v2\/product_cat?post=14037"},{"taxonomy":"product_tag","embeddable":true,"href":"https:\/\/masterchem.lv\/ru\/wp-json\/wp\/v2\/product_tag?post=14037"}],"curies":[{"name":"wp","href":"https:\/\/api.w.org\/{rel}","templated":true}]}}