{"id":15450,"date":"2023-11-05T19:03:54","date_gmt":"2023-11-05T19:03:54","guid":{"rendered":"https:\/\/masterchem.lv\/?post_type=product&#038;p=15450"},"modified":"2023-11-05T19:08:53","modified_gmt":"2023-11-05T19:08:53","slug":"%d0%b4%d0%b8%d0%bc%d0%b5%d1%82%d0%b8%d0%bb%d1%84%d0%be%d1%80%d0%bc%d0%b0%d0%bc%d0%b8%d0%b4-cas-68-12-2","status":"publish","type":"product","link":"https:\/\/masterchem.lv\/ru\/product\/%d0%b4%d0%b8%d0%bc%d0%b5%d1%82%d0%b8%d0%bb%d1%84%d0%be%d1%80%d0%bc%d0%b0%d0%bc%d0%b8%d0%b4-cas-68-12-2\/","title":{"rendered":"\u0414\u0438\u043c\u0435\u0442\u0438\u043b\u0444\u043e\u0440\u043c\u0430\u043c\u0438\u0434 (CAS 68-12-2)"},"content":{"rendered":"<p>\u041e\u0442\u0440\u0430\u0441\u043b\u0438: \u043b\u0430\u043a\u0438 \u0438 \u043a\u0440\u0430\u0441\u043a\u0438<br \/>\n\u041d\u043e\u043c\u0435\u0440 CAS: 68-12-2<br \/>\n\u041d\u043e\u043c\u0435\u0440 WE: 200-679-5<br \/>\n\u0425\u0438\u043c\u0438\u0447\u0435\u0441\u043a\u0430\u044f \u0444\u043e\u0440\u043c\u0443\u043b\u0430: C3H7NO<br \/>\n\u041c\u043e\u043b\u044f\u0440\u043d\u0430\u044f \u043c\u0430\u0441\u0441\u0430: 73,1 g\/mol<br \/>\n\u041a\u043e\u0434 \u0442\u0430\u043c\u043e\u0436\u0435\u043d\u043d\u043e\u0433\u043e \u0442\u0430\u0440\u0438\u0444\u0430: 29241900<br \/>\nADR: UN2265<br \/>\n<strong>\u0444\u0438\u0437\u0438\u0447\u0435\u0441\u043a\u0438\u0435 \u0441\u0432\u043e\u0439\u0441\u0442\u0432\u0430<\/strong><br \/>\n\u0442\u0445: 7 (200 g\/l, 20\u00b0C)<br \/>\n\u0422\u043e\u0447\u043a\u0430 \u043f\u043b\u0430\u0432\u043b\u0435\u043d\u0438\u044f \/ \u0437\u0430\u043c\u0435\u0440\u0437\u0430\u043d\u0438\u044f: -61\u00b0C<br \/>\n\u0422\u043e\u0447\u043a\u0430 \u043a\u0438\u043f\u0435\u043d\u0438\u044f \/ \u0434\u0438\u0430\u043f\u0430\u0437\u043e\u043d: 152 \u2013 153\u00b0C<br \/>\n\u041e\u0442\u043d\u043e\u0441\u0438\u0442\u0435\u043b\u044c\u043d\u0430\u044f \u043f\u043b\u043e\u0442\u043d\u043e\u0441\u0442\u044c: \t0,98 g\/cm3 \/ -15\u00b0C<\/p>\n","protected":false},"excerpt":{"rendered":"<p><strong>\u0414\u0438\u043c\u0435\u0442\u0438\u043b\u0444\u043e\u0440\u043c\u0430\u043c\u0438\u0434 (CAS 68-12-2)<\/strong><\/p>\n<p>\u0414\u0438\u043c\u0435\u0442\u0438\u043b\u0444\u043e\u0440\u043c\u0430\u043c\u0438\u0434 \u043f\u0440\u0435\u0434\u0441\u0442\u0430\u0432\u043b\u044f\u0435\u0442 \u0441\u043e\u0431\u043e\u0439 \u043e\u0440\u0433\u0430\u043d\u0438\u0447\u0435\u0441\u043a\u043e\u0435 \u0441\u043e\u0435\u0434\u0438\u043d\u0435\u043d\u0438\u0435 \u0444\u043e\u0440\u043c\u0443\u043b\u044b (CH3)2NC(O)H. \u042d\u0442\u0430 \u0431\u0435\u0441\u0446\u0432\u0435\u0442\u043d\u0430\u044f \u0436\u0438\u0434\u043a\u043e\u0441\u0442\u044c, \u043e\u0431\u044b\u0447\u043d\u043e \u043d\u0430\u0437\u044b\u0432\u0430\u0435\u043c\u0430\u044f \u0414\u041c\u0424 (\u0445\u043e\u0442\u044f \u044d\u0442\u043e\u0442 \u0438\u043d\u0438\u0446\u0438\u0430\u043b\u0438\u0437\u043c \u0438\u043d\u043e\u0433\u0434\u0430 \u0438\u0441\u043f\u043e\u043b\u044c\u0437\u0443\u0435\u0442\u0441\u044f \u0434\u043b\u044f \u043e\u0431\u043e\u0437\u043d\u0430\u0447\u0435\u043d\u0438\u044f \u0434\u0438\u043c\u0435\u0442\u0438\u043b\u0444\u0443\u0440\u0430\u043d\u0430 \u0438\u043b\u0438 \u0434\u0438\u043c\u0435\u0442\u0438\u043b\u0444\u0443\u043c\u0430\u0440\u0430\u0442\u0430), \u0441\u043c\u0435\u0448\u0438\u0432\u0430\u0435\u0442\u0441\u044f \u0441 \u0432\u043e\u0434\u043e\u0439 \u0438 \u0431\u043e\u043b\u044c\u0448\u0438\u043d\u0441\u0442\u0432\u043e\u043c \u043e\u0440\u0433\u0430\u043d\u0438\u0447\u0435\u0441\u043a\u0438\u0445 \u0436\u0438\u0434\u043a\u043e\u0441\u0442\u0435\u0439. \u0414\u041c\u0424 \u044f\u0432\u043b\u044f\u0435\u0442\u0441\u044f \u0440\u0430\u0441\u043f\u0440\u043e\u0441\u0442\u0440\u0430\u043d\u0435\u043d\u043d\u044b\u043c \u0440\u0430\u0441\u0442\u0432\u043e\u0440\u0438\u0442\u0435\u043b\u0435\u043c \u0434\u043b\u044f \u0445\u0438\u043c\u0438\u0447\u0435\u0441\u043a\u0438\u0445 \u0440\u0435\u0430\u043a\u0446\u0438\u0439. \u0414\u0438\u043c\u0435\u0442\u0438\u043b\u0444\u043e\u0440\u043c\u0430\u043c\u0438\u0434 \u043d\u0435 \u0438\u043c\u0435\u0435\u0442 \u0437\u0430\u043f\u0430\u0445\u0430, \u043e\u0434\u043d\u0430\u043a\u043e \u0442\u0435\u0445\u043d\u0438\u0447\u0435\u0441\u043a\u0438\u0435 \u0438\u043b\u0438 \u0440\u0430\u0437\u043b\u043e\u0436\u0438\u0432\u0448\u0438\u0435\u0441\u044f \u043e\u0431\u0440\u0430\u0437\u0446\u044b \u0447\u0430\u0441\u0442\u043e \u0438\u043c\u0435\u044e\u0442 \u0440\u044b\u0431\u043d\u044b\u0439 \u0437\u0430\u043f\u0430\u0445 \u0438\u0437-\u0437\u0430 \u043f\u0440\u0438\u043c\u0435\u0441\u0438 \u0434\u0438\u043c\u0435\u0442\u0438\u043b\u0430\u043c\u0438\u043d\u0430. \u041f\u0440\u0438\u043c\u0435\u0441\u0438, \u043e\u0431\u0440\u0430\u0437\u0443\u044e\u0449\u0438\u0435\u0441\u044f \u0432 \u0440\u0435\u0437\u0443\u043b\u044c\u0442\u0430\u0442\u0435 \u0440\u0430\u0437\u043b\u043e\u0436\u0435\u043d\u0438\u044f \u0434\u0438\u043c\u0435\u0442\u0438\u043b\u0430\u043c\u0438\u043d\u0430, \u043c\u043e\u0436\u043d\u043e \u0443\u0434\u0430\u043b\u0438\u0442\u044c \u043f\u0443\u0442\u0435\u043c \u0431\u0430\u0440\u0431\u043e\u0442\u0438\u0440\u043e\u0432\u0430\u043d\u0438\u044f \u043e\u0431\u0440\u0430\u0437\u0446\u043e\u0432 \u0438\u043d\u0435\u0440\u0442\u043d\u044b\u043c \u0433\u0430\u0437\u043e\u043c, \u043d\u0430\u043f\u0440\u0438\u043c\u0435\u0440 \u0430\u0440\u0433\u043e\u043d\u043e\u043c, \u0438\u043b\u0438 \u043f\u0443\u0442\u0435\u043c \u043e\u0431\u0440\u0430\u0431\u043e\u0442\u043a\u0438 \u043e\u0431\u0440\u0430\u0437\u0446\u043e\u0432 \u0443\u043b\u044c\u0442\u0440\u0430\u0437\u0432\u0443\u043a\u043e\u043c \u043f\u0440\u0438 \u043f\u043e\u043d\u0438\u0436\u0435\u043d\u043d\u043e\u043c \u0434\u0430\u0432\u043b\u0435\u043d\u0438\u0438. \u041a\u0430\u043a \u0441\u043b\u0435\u0434\u0443\u0435\u0442 \u0438\u0437 \u043d\u0430\u0437\u0432\u0430\u043d\u0438\u044f, \u043e\u043d \u0441\u0442\u0440\u0443\u043a\u0442\u0443\u0440\u043d\u043e \u0441\u0432\u044f\u0437\u0430\u043d \u0441 \u0444\u043e\u0440\u043c\u0430\u043c\u0438\u0434\u043e\u043c, \u0438\u043c\u0435\u044e\u0449\u0438\u043c \u0434\u0432\u0435 \u043c\u0435\u0442\u0438\u043b\u044c\u043d\u044b\u0435 \u0433\u0440\u0443\u043f\u043f\u044b \u0432\u043c\u0435\u0441\u0442\u043e \u0434\u0432\u0443\u0445 \u0430\u0442\u043e\u043c\u043e\u0432 \u0432\u043e\u0434\u043e\u0440\u043e\u0434\u0430. \u0414\u041c\u0424 \u2014 \u043f\u043e\u043b\u044f\u0440\u043d\u044b\u0439 (\u0433\u0438\u0434\u0440\u043e\u0444\u0438\u043b\u044c\u043d\u044b\u0439) \u0430\u043f\u0440\u043e\u0442\u043e\u043d\u043d\u044b\u0439 \u0440\u0430\u0441\u0442\u0432\u043e\u0440\u0438\u0442\u0435\u043b\u044c \u0441 \u0432\u044b\u0441\u043e\u043a\u043e\u0439 \u0442\u0435\u043c\u043f\u0435\u0440\u0430\u0442\u0443\u0440\u043e\u0439 \u043a\u0438\u043f\u0435\u043d\u0438\u044f. \u041e\u043d \u043e\u0431\u043b\u0435\u0433\u0447\u0430\u0435\u0442 \u0440\u0435\u0430\u043a\u0446\u0438\u0438, \u043a\u043e\u0442\u043e\u0440\u044b\u0435 \u0441\u043b\u0435\u0434\u0443\u044e\u0442 \u043f\u043e\u043b\u044f\u0440\u043d\u044b\u043c \u043c\u0435\u0445\u0430\u043d\u0438\u0437\u043c\u0430\u043c, \u0442\u0430\u043a\u0438\u0435 \u043a\u0430\u043a \u0440\u0435\u0430\u043a\u0446\u0438\u0438 SN2.<\/p>\n","protected":false},"featured_media":0,"template":"","meta":{"_monsterinsights_skip_tracking":false,"_monsterinsights_sitenote_active":false,"_monsterinsights_sitenote_note":"","_monsterinsights_sitenote_category":0},"product_brand":[],"product_cat":[246,280],"product_tag":[],"class_list":{"0":"post-15450","1":"product","2":"type-product","3":"status-publish","5":"product_cat-246","6":"product_cat-280","8":"first","9":"instock","10":"taxable","11":"shipping-taxable","12":"purchasable","13":"product-type-variable","14":"has-default-attributes"},"yoast_head":"<!-- This site is optimized with the Yoast SEO plugin v27.4 - https:\/\/yoast.com\/product\/yoast-seo-wordpress\/ -->\n<title>\u0414\u0438\u043c\u0435\u0442\u0438\u043b\u0444\u043e\u0440\u043c\u0430\u043c\u0438\u0434 (CAS 68-12-2) - \u0136\u012bmija r\u016bpniec\u012bbai &mdash; &Scaron;\u0137\u012bdin\u0101t\u0101ji un \u0137\u012bmisk\u0101s vielas &mdash; Masterchem.ee<\/title>\n<meta name=\"description\" content=\"\u0414\u0438\u043c\u0435\u0442\u0438\u043b\u0444\u043e\u0440\u043c\u0430\u043c\u0438\u0434 \u043f\u0440\u0435\u0434\u0441\u0442\u0430\u0432\u043b\u044f\u0435\u0442 \u0441\u043e\u0431\u043e\u0439 \u043e\u0440\u0433\u0430\u043d\u0438\u0447\u0435\u0441\u043a\u043e\u0435 \u0441\u043e\u0435\u0434\u0438\u043d\u0435\u043d\u0438\u0435 \u0444\u043e\u0440\u043c\u0443\u043b\u044b (CH3)2NC(O)H. \u042d\u0442\u0430 \u0431\u0435\u0441\u0446\u0432\u0435\u0442\u043d\u0430\u044f \u0436\u0438\u0434\u043a\u043e\u0441\u0442\u044c, \u043e\u0431\u044b\u0447\u043d\u043e \u043d\u0430\u0437\u044b\u0432\u0430\u0435\u043c\u0430\u044f \u0414\u041c\u0424, \u0441\u043c\u0435\u0448\u0438\u0432\u0430\u0435\u0442\u0441\u044f \u0441 \u0432\u043e\u0434\u043e\u0439 \u0438 \u0431\u043e\u043b\u044c\u0448\u0438\u043d\u0441\u0442\u0432\u043e\u043c \u043e\u0440\u0433\u0430\u043d\u0438\u0447\u0435\u0441\u043a\u0438\u0445 \u0436\u0438\u0434\u043a\u043e\u0441\u0442\u0435\u0439.\" \/>\n<meta name=\"robots\" content=\"index, follow, max-snippet:-1, max-image-preview:large, max-video-preview:-1\" \/>\n<link rel=\"canonical\" href=\"https:\/\/masterchem.lv\/ru\/product\/%d0%b4%d0%b8%d0%bc%d0%b5%d1%82%d0%b8%d0%bb%d1%84%d0%be%d1%80%d0%bc%d0%b0%d0%bc%d0%b8%d0%b4-cas-68-12-2\/\" \/>\n<meta property=\"og:locale\" content=\"ru_RU\" \/>\n<meta property=\"og:type\" content=\"article\" \/>\n<meta property=\"og:title\" content=\"\u0414\u0438\u043c\u0435\u0442\u0438\u043b\u0444\u043e\u0440\u043c\u0430\u043c\u0438\u0434 (CAS 68-12-2) - \u0136\u012bmija r\u016bpniec\u012bbai &mdash; &Scaron;\u0137\u012bdin\u0101t\u0101ji un \u0137\u012bmisk\u0101s vielas &mdash; Masterchem.ee\" \/>\n<meta property=\"og:description\" content=\"\u0414\u0438\u043c\u0435\u0442\u0438\u043b\u0444\u043e\u0440\u043c\u0430\u043c\u0438\u0434 \u043f\u0440\u0435\u0434\u0441\u0442\u0430\u0432\u043b\u044f\u0435\u0442 \u0441\u043e\u0431\u043e\u0439 \u043e\u0440\u0433\u0430\u043d\u0438\u0447\u0435\u0441\u043a\u043e\u0435 \u0441\u043e\u0435\u0434\u0438\u043d\u0435\u043d\u0438\u0435 \u0444\u043e\u0440\u043c\u0443\u043b\u044b (CH3)2NC(O)H. \u042d\u0442\u0430 \u0431\u0435\u0441\u0446\u0432\u0435\u0442\u043d\u0430\u044f \u0436\u0438\u0434\u043a\u043e\u0441\u0442\u044c, \u043e\u0431\u044b\u0447\u043d\u043e \u043d\u0430\u0437\u044b\u0432\u0430\u0435\u043c\u0430\u044f \u0414\u041c\u0424, \u0441\u043c\u0435\u0448\u0438\u0432\u0430\u0435\u0442\u0441\u044f \u0441 \u0432\u043e\u0434\u043e\u0439 \u0438 \u0431\u043e\u043b\u044c\u0448\u0438\u043d\u0441\u0442\u0432\u043e\u043c \u043e\u0440\u0433\u0430\u043d\u0438\u0447\u0435\u0441\u043a\u0438\u0445 \u0436\u0438\u0434\u043a\u043e\u0441\u0442\u0435\u0439.\" \/>\n<meta property=\"og:url\" content=\"https:\/\/masterchem.lv\/ru\/product\/%d0%b4%d0%b8%d0%bc%d0%b5%d1%82%d0%b8%d0%bb%d1%84%d0%be%d1%80%d0%bc%d0%b0%d0%bc%d0%b8%d0%b4-cas-68-12-2\/\" \/>\n<meta property=\"og:site_name\" content=\"\u0136\u012bmija r\u016bpniec\u012bbai &mdash; &Scaron;\u0137\u012bdin\u0101t\u0101ji un \u0137\u012bmisk\u0101s vielas &mdash; Masterchem.ee\" \/>\n<meta property=\"article:modified_time\" content=\"2023-11-05T19:08:53+00:00\" \/>\n<meta name=\"twitter:card\" content=\"summary_large_image\" \/>\n<script type=\"application\/ld+json\" class=\"yoast-schema-graph\">{\"@context\":\"https:\\\/\\\/schema.org\",\"@graph\":[{\"@type\":\"WebPage\",\"@id\":\"https:\\\/\\\/masterchem.lv\\\/ru\\\/product\\\/%d0%b4%d0%b8%d0%bc%d0%b5%d1%82%d0%b8%d0%bb%d1%84%d0%be%d1%80%d0%bc%d0%b0%d0%bc%d0%b8%d0%b4-cas-68-12-2\\\/\",\"url\":\"https:\\\/\\\/masterchem.lv\\\/ru\\\/product\\\/%d0%b4%d0%b8%d0%bc%d0%b5%d1%82%d0%b8%d0%bb%d1%84%d0%be%d1%80%d0%bc%d0%b0%d0%bc%d0%b8%d0%b4-cas-68-12-2\\\/\",\"name\":\"\u0414\u0438\u043c\u0435\u0442\u0438\u043b\u0444\u043e\u0440\u043c\u0430\u043c\u0438\u0434 (CAS 68-12-2) - \u0136\u012bmija r\u016bpniec\u012bbai &mdash; &Scaron;\u0137\u012bdin\u0101t\u0101ji un \u0137\u012bmisk\u0101s vielas &mdash; Masterchem.ee\",\"isPartOf\":{\"@id\":\"https:\\\/\\\/masterchem.lv\\\/ru\\\/#website\"},\"datePublished\":\"2023-11-05T19:03:54+00:00\",\"dateModified\":\"2023-11-05T19:08:53+00:00\",\"description\":\"\u0414\u0438\u043c\u0435\u0442\u0438\u043b\u0444\u043e\u0440\u043c\u0430\u043c\u0438\u0434 \u043f\u0440\u0435\u0434\u0441\u0442\u0430\u0432\u043b\u044f\u0435\u0442 \u0441\u043e\u0431\u043e\u0439 \u043e\u0440\u0433\u0430\u043d\u0438\u0447\u0435\u0441\u043a\u043e\u0435 \u0441\u043e\u0435\u0434\u0438\u043d\u0435\u043d\u0438\u0435 \u0444\u043e\u0440\u043c\u0443\u043b\u044b (CH3)2NC(O)H. \u042d\u0442\u0430 \u0431\u0435\u0441\u0446\u0432\u0435\u0442\u043d\u0430\u044f \u0436\u0438\u0434\u043a\u043e\u0441\u0442\u044c, \u043e\u0431\u044b\u0447\u043d\u043e \u043d\u0430\u0437\u044b\u0432\u0430\u0435\u043c\u0430\u044f \u0414\u041c\u0424, \u0441\u043c\u0435\u0448\u0438\u0432\u0430\u0435\u0442\u0441\u044f \u0441 \u0432\u043e\u0434\u043e\u0439 \u0438 \u0431\u043e\u043b\u044c\u0448\u0438\u043d\u0441\u0442\u0432\u043e\u043c \u043e\u0440\u0433\u0430\u043d\u0438\u0447\u0435\u0441\u043a\u0438\u0445 \u0436\u0438\u0434\u043a\u043e\u0441\u0442\u0435\u0439.\",\"breadcrumb\":{\"@id\":\"https:\\\/\\\/masterchem.lv\\\/ru\\\/product\\\/%d0%b4%d0%b8%d0%bc%d0%b5%d1%82%d0%b8%d0%bb%d1%84%d0%be%d1%80%d0%bc%d0%b0%d0%bc%d0%b8%d0%b4-cas-68-12-2\\\/#breadcrumb\"},\"inLanguage\":\"ru-RU\",\"potentialAction\":[{\"@type\":\"ReadAction\",\"target\":[\"https:\\\/\\\/masterchem.lv\\\/ru\\\/product\\\/%d0%b4%d0%b8%d0%bc%d0%b5%d1%82%d0%b8%d0%bb%d1%84%d0%be%d1%80%d0%bc%d0%b0%d0%bc%d0%b8%d0%b4-cas-68-12-2\\\/\"]}]},{\"@type\":\"BreadcrumbList\",\"@id\":\"https:\\\/\\\/masterchem.lv\\\/ru\\\/product\\\/%d0%b4%d0%b8%d0%bc%d0%b5%d1%82%d0%b8%d0%bb%d1%84%d0%be%d1%80%d0%bc%d0%b0%d0%bc%d0%b8%d0%b4-cas-68-12-2\\\/#breadcrumb\",\"itemListElement\":[{\"@type\":\"ListItem\",\"position\":1,\"name\":\"Home\",\"item\":\"https:\\\/\\\/masterchem.lv\\\/ru\\\/\"},{\"@type\":\"ListItem\",\"position\":2,\"name\":\"\u041c\u0430\u0433\u0430\u0437\u0438\u043d\",\"item\":\"https:\\\/\\\/masterchem.lv\\\/%d0%bc%d0%b0%d0%b3%d0%b0%d0%b7%d0%b8%d0%bd\\\/\"},{\"@type\":\"ListItem\",\"position\":3,\"name\":\"\u0414\u0438\u043c\u0435\u0442\u0438\u043b\u0444\u043e\u0440\u043c\u0430\u043c\u0438\u0434 (CAS 68-12-2)\"}]},{\"@type\":\"WebSite\",\"@id\":\"https:\\\/\\\/masterchem.lv\\\/ru\\\/#website\",\"url\":\"https:\\\/\\\/masterchem.lv\\\/ru\\\/\",\"name\":\"\u0136\u012bmija r\u016bpniec\u012bbai &mdash; &Scaron;\u0137\u012bdin\u0101t\u0101ji un \u0137\u012bmisk\u0101s vielas &mdash; Masterchem.ee\",\"description\":\"\u0136\u012bmija r\u016bpniec\u012bbai&nbsp;&mdash; &scaron;\u0137\u012bdin\u0101t\u0101ji un \u0137\u012bmisk\u0101s vielas\",\"potentialAction\":[{\"@type\":\"SearchAction\",\"target\":{\"@type\":\"EntryPoint\",\"urlTemplate\":\"https:\\\/\\\/masterchem.lv\\\/ru\\\/?s={search_term_string}\"},\"query-input\":{\"@type\":\"PropertyValueSpecification\",\"valueRequired\":true,\"valueName\":\"search_term_string\"}}],\"inLanguage\":\"ru-RU\"}]}<\/script>\n<!-- \/ Yoast SEO plugin. -->","yoast_head_json":{"title":"\u0414\u0438\u043c\u0435\u0442\u0438\u043b\u0444\u043e\u0440\u043c\u0430\u043c\u0438\u0434 (CAS 68-12-2) - \u0136\u012bmija r\u016bpniec\u012bbai &mdash; &Scaron;\u0137\u012bdin\u0101t\u0101ji un \u0137\u012bmisk\u0101s vielas &mdash; Masterchem.ee","description":"\u0414\u0438\u043c\u0435\u0442\u0438\u043b\u0444\u043e\u0440\u043c\u0430\u043c\u0438\u0434 \u043f\u0440\u0435\u0434\u0441\u0442\u0430\u0432\u043b\u044f\u0435\u0442 \u0441\u043e\u0431\u043e\u0439 \u043e\u0440\u0433\u0430\u043d\u0438\u0447\u0435\u0441\u043a\u043e\u0435 \u0441\u043e\u0435\u0434\u0438\u043d\u0435\u043d\u0438\u0435 \u0444\u043e\u0440\u043c\u0443\u043b\u044b (CH3)2NC(O)H. \u042d\u0442\u0430 \u0431\u0435\u0441\u0446\u0432\u0435\u0442\u043d\u0430\u044f \u0436\u0438\u0434\u043a\u043e\u0441\u0442\u044c, \u043e\u0431\u044b\u0447\u043d\u043e \u043d\u0430\u0437\u044b\u0432\u0430\u0435\u043c\u0430\u044f \u0414\u041c\u0424, \u0441\u043c\u0435\u0448\u0438\u0432\u0430\u0435\u0442\u0441\u044f \u0441 \u0432\u043e\u0434\u043e\u0439 \u0438 \u0431\u043e\u043b\u044c\u0448\u0438\u043d\u0441\u0442\u0432\u043e\u043c \u043e\u0440\u0433\u0430\u043d\u0438\u0447\u0435\u0441\u043a\u0438\u0445 \u0436\u0438\u0434\u043a\u043e\u0441\u0442\u0435\u0439.","robots":{"index":"index","follow":"follow","max-snippet":"max-snippet:-1","max-image-preview":"max-image-preview:large","max-video-preview":"max-video-preview:-1"},"canonical":"https:\/\/masterchem.lv\/ru\/product\/%d0%b4%d0%b8%d0%bc%d0%b5%d1%82%d0%b8%d0%bb%d1%84%d0%be%d1%80%d0%bc%d0%b0%d0%bc%d0%b8%d0%b4-cas-68-12-2\/","og_locale":"ru_RU","og_type":"article","og_title":"\u0414\u0438\u043c\u0435\u0442\u0438\u043b\u0444\u043e\u0440\u043c\u0430\u043c\u0438\u0434 (CAS 68-12-2) - \u0136\u012bmija r\u016bpniec\u012bbai &mdash; &Scaron;\u0137\u012bdin\u0101t\u0101ji un \u0137\u012bmisk\u0101s vielas &mdash; Masterchem.ee","og_description":"\u0414\u0438\u043c\u0435\u0442\u0438\u043b\u0444\u043e\u0440\u043c\u0430\u043c\u0438\u0434 \u043f\u0440\u0435\u0434\u0441\u0442\u0430\u0432\u043b\u044f\u0435\u0442 \u0441\u043e\u0431\u043e\u0439 \u043e\u0440\u0433\u0430\u043d\u0438\u0447\u0435\u0441\u043a\u043e\u0435 \u0441\u043e\u0435\u0434\u0438\u043d\u0435\u043d\u0438\u0435 \u0444\u043e\u0440\u043c\u0443\u043b\u044b (CH3)2NC(O)H. \u042d\u0442\u0430 \u0431\u0435\u0441\u0446\u0432\u0435\u0442\u043d\u0430\u044f \u0436\u0438\u0434\u043a\u043e\u0441\u0442\u044c, \u043e\u0431\u044b\u0447\u043d\u043e \u043d\u0430\u0437\u044b\u0432\u0430\u0435\u043c\u0430\u044f \u0414\u041c\u0424, \u0441\u043c\u0435\u0448\u0438\u0432\u0430\u0435\u0442\u0441\u044f \u0441 \u0432\u043e\u0434\u043e\u0439 \u0438 \u0431\u043e\u043b\u044c\u0448\u0438\u043d\u0441\u0442\u0432\u043e\u043c \u043e\u0440\u0433\u0430\u043d\u0438\u0447\u0435\u0441\u043a\u0438\u0445 \u0436\u0438\u0434\u043a\u043e\u0441\u0442\u0435\u0439.","og_url":"https:\/\/masterchem.lv\/ru\/product\/%d0%b4%d0%b8%d0%bc%d0%b5%d1%82%d0%b8%d0%bb%d1%84%d0%be%d1%80%d0%bc%d0%b0%d0%bc%d0%b8%d0%b4-cas-68-12-2\/","og_site_name":"\u0136\u012bmija r\u016bpniec\u012bbai &mdash; &Scaron;\u0137\u012bdin\u0101t\u0101ji un \u0137\u012bmisk\u0101s vielas &mdash; Masterchem.ee","article_modified_time":"2023-11-05T19:08:53+00:00","twitter_card":"summary_large_image","schema":{"@context":"https:\/\/schema.org","@graph":[{"@type":"WebPage","@id":"https:\/\/masterchem.lv\/ru\/product\/%d0%b4%d0%b8%d0%bc%d0%b5%d1%82%d0%b8%d0%bb%d1%84%d0%be%d1%80%d0%bc%d0%b0%d0%bc%d0%b8%d0%b4-cas-68-12-2\/","url":"https:\/\/masterchem.lv\/ru\/product\/%d0%b4%d0%b8%d0%bc%d0%b5%d1%82%d0%b8%d0%bb%d1%84%d0%be%d1%80%d0%bc%d0%b0%d0%bc%d0%b8%d0%b4-cas-68-12-2\/","name":"\u0414\u0438\u043c\u0435\u0442\u0438\u043b\u0444\u043e\u0440\u043c\u0430\u043c\u0438\u0434 (CAS 68-12-2) - \u0136\u012bmija r\u016bpniec\u012bbai &mdash; &Scaron;\u0137\u012bdin\u0101t\u0101ji un \u0137\u012bmisk\u0101s vielas &mdash; Masterchem.ee","isPartOf":{"@id":"https:\/\/masterchem.lv\/ru\/#website"},"datePublished":"2023-11-05T19:03:54+00:00","dateModified":"2023-11-05T19:08:53+00:00","description":"\u0414\u0438\u043c\u0435\u0442\u0438\u043b\u0444\u043e\u0440\u043c\u0430\u043c\u0438\u0434 \u043f\u0440\u0435\u0434\u0441\u0442\u0430\u0432\u043b\u044f\u0435\u0442 \u0441\u043e\u0431\u043e\u0439 \u043e\u0440\u0433\u0430\u043d\u0438\u0447\u0435\u0441\u043a\u043e\u0435 \u0441\u043e\u0435\u0434\u0438\u043d\u0435\u043d\u0438\u0435 \u0444\u043e\u0440\u043c\u0443\u043b\u044b (CH3)2NC(O)H. \u042d\u0442\u0430 \u0431\u0435\u0441\u0446\u0432\u0435\u0442\u043d\u0430\u044f \u0436\u0438\u0434\u043a\u043e\u0441\u0442\u044c, \u043e\u0431\u044b\u0447\u043d\u043e \u043d\u0430\u0437\u044b\u0432\u0430\u0435\u043c\u0430\u044f \u0414\u041c\u0424, \u0441\u043c\u0435\u0448\u0438\u0432\u0430\u0435\u0442\u0441\u044f \u0441 \u0432\u043e\u0434\u043e\u0439 \u0438 \u0431\u043e\u043b\u044c\u0448\u0438\u043d\u0441\u0442\u0432\u043e\u043c \u043e\u0440\u0433\u0430\u043d\u0438\u0447\u0435\u0441\u043a\u0438\u0445 \u0436\u0438\u0434\u043a\u043e\u0441\u0442\u0435\u0439.","breadcrumb":{"@id":"https:\/\/masterchem.lv\/ru\/product\/%d0%b4%d0%b8%d0%bc%d0%b5%d1%82%d0%b8%d0%bb%d1%84%d0%be%d1%80%d0%bc%d0%b0%d0%bc%d0%b8%d0%b4-cas-68-12-2\/#breadcrumb"},"inLanguage":"ru-RU","potentialAction":[{"@type":"ReadAction","target":["https:\/\/masterchem.lv\/ru\/product\/%d0%b4%d0%b8%d0%bc%d0%b5%d1%82%d0%b8%d0%bb%d1%84%d0%be%d1%80%d0%bc%d0%b0%d0%bc%d0%b8%d0%b4-cas-68-12-2\/"]}]},{"@type":"BreadcrumbList","@id":"https:\/\/masterchem.lv\/ru\/product\/%d0%b4%d0%b8%d0%bc%d0%b5%d1%82%d0%b8%d0%bb%d1%84%d0%be%d1%80%d0%bc%d0%b0%d0%bc%d0%b8%d0%b4-cas-68-12-2\/#breadcrumb","itemListElement":[{"@type":"ListItem","position":1,"name":"Home","item":"https:\/\/masterchem.lv\/ru\/"},{"@type":"ListItem","position":2,"name":"\u041c\u0430\u0433\u0430\u0437\u0438\u043d","item":"https:\/\/masterchem.lv\/%d0%bc%d0%b0%d0%b3%d0%b0%d0%b7%d0%b8%d0%bd\/"},{"@type":"ListItem","position":3,"name":"\u0414\u0438\u043c\u0435\u0442\u0438\u043b\u0444\u043e\u0440\u043c\u0430\u043c\u0438\u0434 (CAS 68-12-2)"}]},{"@type":"WebSite","@id":"https:\/\/masterchem.lv\/ru\/#website","url":"https:\/\/masterchem.lv\/ru\/","name":"\u0136\u012bmija r\u016bpniec\u012bbai &mdash; &Scaron;\u0137\u012bdin\u0101t\u0101ji un \u0137\u012bmisk\u0101s vielas &mdash; Masterchem.ee","description":"\u0136\u012bmija r\u016bpniec\u012bbai&nbsp;&mdash; &scaron;\u0137\u012bdin\u0101t\u0101ji un \u0137\u012bmisk\u0101s vielas","potentialAction":[{"@type":"SearchAction","target":{"@type":"EntryPoint","urlTemplate":"https:\/\/masterchem.lv\/ru\/?s={search_term_string}"},"query-input":{"@type":"PropertyValueSpecification","valueRequired":true,"valueName":"search_term_string"}}],"inLanguage":"ru-RU"}]}},"_links":{"self":[{"href":"https:\/\/masterchem.lv\/ru\/wp-json\/wp\/v2\/product\/15450","targetHints":{"allow":["GET"]}}],"collection":[{"href":"https:\/\/masterchem.lv\/ru\/wp-json\/wp\/v2\/product"}],"about":[{"href":"https:\/\/masterchem.lv\/ru\/wp-json\/wp\/v2\/types\/product"}],"wp:attachment":[{"href":"https:\/\/masterchem.lv\/ru\/wp-json\/wp\/v2\/media?parent=15450"}],"wp:term":[{"taxonomy":"product_brand","embeddable":true,"href":"https:\/\/masterchem.lv\/ru\/wp-json\/wp\/v2\/product_brand?post=15450"},{"taxonomy":"product_cat","embeddable":true,"href":"https:\/\/masterchem.lv\/ru\/wp-json\/wp\/v2\/product_cat?post=15450"},{"taxonomy":"product_tag","embeddable":true,"href":"https:\/\/masterchem.lv\/ru\/wp-json\/wp\/v2\/product_tag?post=15450"}],"curies":[{"name":"wp","href":"https:\/\/api.w.org\/{rel}","templated":true}]}}