{"id":15513,"date":"2023-12-05T16:53:25","date_gmt":"2023-12-05T16:53:25","guid":{"rendered":"https:\/\/masterchem.lv\/?post_type=product&#038;p=15513"},"modified":"2025-03-31T15:26:26","modified_gmt":"2025-03-31T15:26:26","slug":"%d1%81%d1%80%d0%b5%d0%b4%d1%81%d1%82%d0%b2%d0%be-%d0%b4%d0%bb%d1%8f-%d1%83%d0%b4%d0%b0%d0%bb%d0%b5%d0%bd%d0%b8%d1%8f-%d0%ba%d1%80%d0%b0%d1%81%d0%ba%d0%b8-masterpr100","status":"publish","type":"product","link":"https:\/\/masterchem.lv\/ru\/product\/%d1%81%d1%80%d0%b5%d0%b4%d1%81%d1%82%d0%b2%d0%be-%d0%b4%d0%bb%d1%8f-%d1%83%d0%b4%d0%b0%d0%bb%d0%b5%d0%bd%d0%b8%d1%8f-%d0%ba%d1%80%d0%b0%d1%81%d0%ba%d0%b8-masterpr100\/","title":{"rendered":"\u0421\u0440\u0435\u0434\u0441\u0442\u0432\u043e \u0434\u043b\u044f \u0443\u0434\u0430\u043b\u0435\u043d\u0438\u044f \u043e\u0440\u0433\u0430\u043d\u0438\u0447\u0435\u0441\u043a\u043e\u0439 \u043a\u0440\u0430\u0441\u043a\u0438 MasterPR100"},"content":{"rendered":"<p>MasterPR100 Organic Paint Remover \u2013 \u044d\u0442\u043e \u0442\u0440\u0435\u0445\u043a\u043e\u043c\u043f\u043e\u043d\u0435\u043d\u0442\u043d\u044b\u0439 \u0440\u0430\u0441\u0442\u0432\u043e\u0440\u0438\u0442\u0435\u043b\u044c (\u0414\u0438\u0445\u043b\u043e\u0440\u043c\u0435\u0442\u0430\u043d, \u0411\u0443\u0442\u0430\u043d\u043e\u043d, \u0414\u0438\u043c\u0435\u0442\u0438\u043b\u043a\u0435\u0442\u043e\u043d), \u043a\u043e\u0442\u043e\u0440\u044b\u0439 \u044f\u0432\u043b\u044f\u0435\u0442\u0441\u044f \u0443\u043d\u0438\u043a\u0430\u043b\u044c\u043d\u043e\u0439 \u0440\u0430\u0437\u0440\u0430\u0431\u043e\u0442\u043a\u043e\u0439 \u043b\u0430\u0431\u043e\u0440\u0430\u0442\u043e\u0440\u0438\u0438 MasterChem .<br \/>\n\u0421\u0440\u0435\u0434\u0441\u0442\u0432\u043e \u0434\u043b\u044f \u0443\u0434\u0430\u043b\u0435\u043d\u0438\u044f \u043a\u0440\u0430\u0441\u043a\u0438 \u043b\u0435\u0433\u043a\u043e \u0432\u043e\u0441\u043f\u043b\u0430\u043c\u0435\u043d\u044f\u0435\u0442\u0441\u044f \u0441 \u0442\u0435\u043c\u043f\u0435\u0440\u0430\u0442\u0443\u0440\u043e\u0439 \u0432\u0441\u043f\u044b\u0448\u043a\u0438 14\u00b0C.<br \/>\nMasterPR100 \u2014 \u0440\u0430\u0437\u0431\u0430\u0432\u0438\u0442\u0435\u043b\u044c, \u043f\u0440\u0435\u0434\u043d\u0430\u0437\u043d\u0430\u0447\u0435\u043d\u043d\u044b\u0439 \u0438\u0441\u043a\u043b\u044e\u0447\u0438\u0442\u0435\u043b\u044c\u043d\u043e \u0434\u043b\u044f \u0443\u0434\u0430\u043b\u0435\u043d\u0438\u044f \u043a\u0440\u0430\u0441\u043a\u0438.<br \/>\n\u0415\u0433\u043e \u043c\u043e\u0436\u043d\u043e \u0438\u0441\u043f\u043e\u043b\u044c\u0437\u043e\u0432\u0430\u0442\u044c \u0434\u043b\u044f \u043e\u0447\u0438\u0441\u0442\u043a\u0438 \u043e\u0431\u043e\u0440\u0443\u0434\u043e\u0432\u0430\u043d\u0438\u044f \u0438 \u0443\u0434\u0430\u043b\u0435\u043d\u0438\u044f \u043f\u043e\u043a\u0440\u044b\u0442\u0438\u0439, \u043d\u0430\u043d\u0435\u0441\u0435\u043d\u043d\u044b\u0445 \u043e\u043a\u0443\u043d\u0430\u043d\u0438\u0435\u043c.<\/p>\n","protected":false},"excerpt":{"rendered":"<p><strong>\u0411\u0435\u0437\u043e\u043f\u0430\u0441\u043d\u043e\u0441\u0442\u044c:<\/strong><br \/>\n\u041f\u0440\u0438 \u0440\u0430\u0431\u043e\u0442\u0435 \u0441 MasterPR100 \u043d\u0435\u043e\u0431\u0445\u043e\u0434\u0438\u043c\u043e \u0441\u043e\u0431\u043b\u044e\u0434\u0430\u0442\u044c \u043e\u0441\u043e\u0431\u044b\u0435 \u043c\u0435\u0440\u044b \u043f\u0440\u0435\u0434\u043e\u0441\u0442\u043e\u0440\u043e\u0436\u043d\u043e\u0441\u0442\u0438: \u043d\u0430\u0434\u0435\u0432\u0430\u0442\u044c \u043f\u0435\u0440\u0447\u0430\u0442\u043a\u0438 \u0432\u043e \u0438\u0437\u0431\u0435\u0436\u0430\u043d\u0438\u0435 \u043a\u043e\u043d\u0442\u0430\u043a\u0442\u0430 \u0441 \u043a\u043e\u0436\u0435\u0439 \u0438 \u0438\u0441\u043f\u043e\u043b\u044c\u0437\u043e\u0432\u0430\u0442\u044c \u043f\u043e\u0434\u0445\u043e\u0434\u044f\u0449\u0443\u044e \u0441\u0438\u0441\u0442\u0435\u043c\u0443 \u0432\u0441\u0430\u0441\u044b\u0432\u0430\u043d\u0438\u044f \u0432\u043e\u0437\u0434\u0443\u0445\u0430.<br \/>\n<strong>\u0424\u0438\u0437\u0438\u0447\u0435\u0441\u043a\u0438\u0435 \u0441\u0432\u043e\u0439\u0441\u0442\u0432\u0430:<\/strong><br \/>\n\u0424\u0438\u0437\u0438\u0447\u0435\u0441\u043a\u0438\u0435 \u0441\u0432\u043e\u0439\u0441\u0442\u0432\u0430<br \/>\n\u041f\u043b\u043e\u0442\u043d\u043e\u0441\u0442\u044c \u2013 1,29 \u0433\/\u0441\u043c3.<br \/>\n\u0422\u0435\u043f\u043b\u043e\u0432\u044b\u0435 \u0441\u0432\u043e\u0439\u0441\u0442\u0432\u0430:<br \/>\n\u0422\u0435\u043c\u043f\u0435\u0440\u0430\u0442\u0443\u0440\u0430 \u043f\u043b\u0430\u0432\u043b\u0435\u043d\u0438\u044f -97 \u00b0\u0421,<br \/>\n\u0422\u0435\u043c\u043f\u0435\u0440\u0430\u0442\u0443\u0440\u0430 \u043a\u0438\u043f\u0435\u043d\u0438\u044f 44 \u00b0\u0421,<br \/>\n\u0422\u0435\u043c\u043f\u0435\u0440\u0430\u0442\u0443\u0440\u0430 \u0432\u0441\u043f\u044b\u0448\u043a\u0438 14 \u00b0\u0421<br \/>\n<strong>\u0425\u0440\u0430\u043d\u0435\u043d\u0438\u0435 \u0438 \u0440\u0430\u0441\u043f\u0440\u043e\u0441\u0442\u0440\u0430\u043d\u0435\u043d\u0438\u0435:<\/strong><br \/>\n\u041f\u043e\u0441\u043b\u0435 \u0434\u043b\u0438\u0442\u0435\u043b\u044c\u043d\u043e\u0433\u043e \u0445\u0440\u0430\u043d\u0435\u043d\u0438\u044f \u0432\u0441\u0435\u0433\u0434\u0430 \u043f\u0440\u043e\u0432\u0435\u0440\u044f\u0439\u0442\u0435 \u043e\u0434\u043d\u043e\u0440\u043e\u0434\u043d\u043e\u0441\u0442\u044c \u0438 \u0442\u0449\u0430\u0442\u0435\u043b\u044c\u043d\u043e \u043f\u0435\u0440\u0435\u043c\u0435\u0448\u0438\u0432\u0430\u0439\u0442\u0435 \u043f\u0435\u0440\u0435\u0434 \u0438\u0441\u043f\u043e\u043b\u044c\u0437\u043e\u0432\u0430\u043d\u0438\u0435\u043c, \u0447\u0442\u043e\u0431\u044b \u0443\u0434\u0430\u043b\u0438\u0442\u044c \u0432\u043e\u0437\u043c\u043e\u0436\u043d\u044b\u0439 \u043e\u0441\u0430\u0434\u043e\u043a.<br \/>\n\u0425\u0440\u0430\u043d\u0435\u043d\u0438\u0435 \u043e\u0431\u044b\u0447\u043d\u043e \u043e\u0441\u0443\u0449\u0435\u0441\u0442\u0432\u043b\u044f\u0435\u0442\u0441\u044f \u0432 \u043f\u0440\u043e\u0445\u043b\u0430\u0434\u043d\u043e\u043c, \u0441\u0443\u0445\u043e\u043c \u0438 \u0445\u043e\u0440\u043e\u0448\u043e \u0432\u0435\u043d\u0442\u0438\u043b\u0438\u0440\u0443\u0435\u043c\u043e\u043c \u043f\u043e\u043c\u0435\u0449\u0435\u043d\u0438\u0438, \u0432\u0434\u0430\u043b\u0438 \u043e\u0442 \u043e\u043a\u0438\u0441\u043b\u0438\u0442\u0435\u043b\u0435\u0439 . MasterPR100 \u0441\u043b\u0435\u0434\u0443\u0435\u0442 \u0445\u0440\u0430\u043d\u0438\u0442\u044c \u0432\u0434\u0430\u043b\u0438 \u043e\u0442 \u043f\u0440\u044f\u043c\u044b\u0445 \u0441\u043e\u043b\u043d\u0435\u0447\u043d\u044b\u0445 \u043b\u0443\u0447\u0435\u0439, \u0442\u0435\u043f\u043b\u0430 \u0438 \u043e\u0442\u043a\u0440\u044b\u0442\u043e\u0433\u043e \u043e\u0433\u043d\u044f.<br \/>\n\u042d\u043a\u0441\u043f\u043e\u0440\u0442\u0435\u0440 \u0440\u0430\u0441\u0442\u0432\u043e\u0440\u0438\u0442\u0435\u043b\u0435\u0439 \u0432 \u0431\u043e\u043b\u044c\u0448\u0438\u0445 \u043a\u043e\u043b\u0438\u0447\u0435\u0441\u0442\u0432\u0430\u0445 \u043e\u0431\u044b\u0447\u043d\u043e \u0440\u0430\u0441\u043f\u0440\u0435\u0434\u0435\u043b\u044f\u0435\u0442 \u044d\u0442\u043e\u0442 \u0440\u0430\u0441\u0442\u0432\u043e\u0440\u0438\u0442\u0435\u043b\u044c \u0432 \u0435\u043c\u043a\u043e\u0441\u0442\u044f\u0445 \u0438\u043b\u0438 \u0430\u0432\u0442\u043e\u0446\u0438\u0441\u0442\u0435\u0440\u043d\u0430\u0445. \u0414\u043b\u044f \u0446\u0435\u043b\u0435\u0439 \u0442\u0440\u0430\u043d\u0441\u043f\u043e\u0440\u0442\u0438\u0440\u043e\u0432\u043a\u0438 MasterPR100 \u043a\u043b\u0430\u0441\u0441\u0438\u0444\u0438\u0446\u0438\u0440\u0443\u0435\u0442\u0441\u044f \u043a\u0430\u043a \u043b\u0435\u0433\u043a\u043e\u0432\u043e\u0441\u043f\u043b\u0430\u043c\u0435\u043d\u044f\u044e\u0449\u0430\u044f\u0441\u044f \u0436\u0438\u0434\u043a\u043e\u0441\u0442\u044c \u0441 \u043a\u043b\u0430\u0441\u0441\u043e\u043c \u043f\u043e\u0436\u0430\u0440\u043d\u043e\u0439 \u043e\u043f\u0430\u0441\u043d\u043e\u0441\u0442\u0438 2. \u0414\u0438\u0441\u0442\u0440\u0438\u0431\u044c\u044e\u0442\u043e\u0440 \u0445\u0438\u043c\u0438\u043a\u0430\u0442\u043e\u0432 \u0432 \u0431\u043e\u043b\u044c\u0448\u0438\u0445 \u043e\u0431\u044a\u0435\u043c\u0430\u0445 \u0431\u0443\u0434\u0435\u0442 \u044d\u043a\u0441\u043f\u043e\u0440\u0442\u0438\u0440\u043e\u0432\u0430\u0442\u044c \u0440\u0430\u0441\u0442\u0432\u043e\u0440\u0438\u0442\u0435\u043b\u044c \u0432 \u0442\u0430\u043a\u0438\u0435 \u0440\u0435\u0433\u0438\u043e\u043d\u044b, \u043a\u0430\u043a \u0412\u0435\u043b\u0438\u043a\u043e\u0431\u0440\u0438\u0442\u0430\u043d\u0438\u044f, \u0415\u0432\u0440\u043e\u043f\u0430, \u0410\u0444\u0440\u0438\u043a\u0430 \u0438 \u0410\u043c\u0435\u0440\u0438\u043a\u0430.<\/p>\n","protected":false},"featured_media":15532,"template":"","meta":{"_monsterinsights_skip_tracking":false,"_monsterinsights_sitenote_active":false,"_monsterinsights_sitenote_note":"","_monsterinsights_sitenote_category":0},"product_brand":[],"product_cat":[255,246,280,274],"product_tag":[],"class_list":{"0":"post-15513","1":"product","2":"type-product","3":"status-publish","4":"has-post-thumbnail","6":"product_cat-255","7":"product_cat-246","8":"product_cat-280","9":"product_cat-274","11":"first","12":"instock","13":"taxable","14":"shipping-taxable","15":"purchasable","16":"product-type-variable","17":"has-default-attributes"},"yoast_head":"<!-- This site is optimized with the Yoast SEO plugin v27.4 - https:\/\/yoast.com\/product\/yoast-seo-wordpress\/ -->\n<title>\u0421\u0440\u0435\u0434\u0441\u0442\u0432\u043e \u0434\u043b\u044f \u0443\u0434\u0430\u043b\u0435\u043d\u0438\u044f \u043e\u0440\u0433\u0430\u043d\u0438\u0447\u0435\u0441\u043a\u043e\u0439 \u043a\u0440\u0430\u0441\u043a\u0438 MasterPR100 - \u0136\u012bmija r\u016bpniec\u012bbai &mdash; &Scaron;\u0137\u012bdin\u0101t\u0101ji un \u0137\u012bmisk\u0101s vielas &mdash; Masterchem.ee<\/title>\n<meta name=\"description\" content=\"MasterPR100 Organic Paint Remover \u2013 \u044d\u0442\u043e \u0442\u0440\u0435\u0445\u043a\u043e\u043c\u043f\u043e\u043d\u0435\u043d\u0442\u043d\u044b\u0439 \u0440\u0430\u0441\u0442\u0432\u043e\u0440\u0438\u0442\u0435\u043b\u044c, \u043a\u043e\u0442\u043e\u0440\u044b\u0439 \u044f\u0432\u043b\u044f\u0435\u0442\u0441\u044f \u0443\u043d\u0438\u043a\u0430\u043b\u044c\u043d\u043e\u0439 \u0440\u0430\u0437\u0440\u0430\u0431\u043e\u0442\u043a\u043e\u0439 \u043b\u0430\u0431\u043e\u0440\u0430\u0442\u043e\u0440\u0438\u0438 MasterChem .\" \/>\n<meta name=\"robots\" content=\"index, follow, max-snippet:-1, max-image-preview:large, max-video-preview:-1\" \/>\n<link rel=\"canonical\" href=\"https:\/\/masterchem.lv\/ru\/product\/%d1%81%d1%80%d0%b5%d0%b4%d1%81%d1%82%d0%b2%d0%be-%d0%b4%d0%bb%d1%8f-%d1%83%d0%b4%d0%b0%d0%bb%d0%b5%d0%bd%d0%b8%d1%8f-%d0%ba%d1%80%d0%b0%d1%81%d0%ba%d0%b8-masterpr100\/\" \/>\n<meta property=\"og:locale\" content=\"ru_RU\" \/>\n<meta property=\"og:type\" content=\"article\" \/>\n<meta property=\"og:title\" content=\"\u0421\u0440\u0435\u0434\u0441\u0442\u0432\u043e \u0434\u043b\u044f \u0443\u0434\u0430\u043b\u0435\u043d\u0438\u044f \u043e\u0440\u0433\u0430\u043d\u0438\u0447\u0435\u0441\u043a\u043e\u0439 \u043a\u0440\u0430\u0441\u043a\u0438 MasterPR100 - \u0136\u012bmija r\u016bpniec\u012bbai &mdash; &Scaron;\u0137\u012bdin\u0101t\u0101ji un \u0137\u012bmisk\u0101s vielas &mdash; Masterchem.ee\" \/>\n<meta property=\"og:description\" content=\"MasterPR100 Organic Paint Remover \u2013 \u044d\u0442\u043e \u0442\u0440\u0435\u0445\u043a\u043e\u043c\u043f\u043e\u043d\u0435\u043d\u0442\u043d\u044b\u0439 \u0440\u0430\u0441\u0442\u0432\u043e\u0440\u0438\u0442\u0435\u043b\u044c, \u043a\u043e\u0442\u043e\u0440\u044b\u0439 \u044f\u0432\u043b\u044f\u0435\u0442\u0441\u044f \u0443\u043d\u0438\u043a\u0430\u043b\u044c\u043d\u043e\u0439 \u0440\u0430\u0437\u0440\u0430\u0431\u043e\u0442\u043a\u043e\u0439 \u043b\u0430\u0431\u043e\u0440\u0430\u0442\u043e\u0440\u0438\u0438 MasterChem .\" \/>\n<meta property=\"og:url\" content=\"https:\/\/masterchem.lv\/ru\/product\/%d1%81%d1%80%d0%b5%d0%b4%d1%81%d1%82%d0%b2%d0%be-%d0%b4%d0%bb%d1%8f-%d1%83%d0%b4%d0%b0%d0%bb%d0%b5%d0%bd%d0%b8%d1%8f-%d0%ba%d1%80%d0%b0%d1%81%d0%ba%d0%b8-masterpr100\/\" \/>\n<meta property=\"og:site_name\" content=\"\u0136\u012bmija r\u016bpniec\u012bbai &mdash; &Scaron;\u0137\u012bdin\u0101t\u0101ji un \u0137\u012bmisk\u0101s vielas &mdash; Masterchem.ee\" \/>\n<meta property=\"article:modified_time\" content=\"2025-03-31T15:26:26+00:00\" \/>\n<meta property=\"og:image\" content=\"https:\/\/masterchem.lv\/wp-content\/uploads\/2023\/12\/MasterPR100-varvieemaldaja-1000l-MaterChem.jpg\" \/>\n\t<meta property=\"og:image:width\" content=\"1000\" \/>\n\t<meta property=\"og:image:height\" content=\"1000\" \/>\n\t<meta property=\"og:image:type\" content=\"image\/jpeg\" \/>\n<meta name=\"twitter:card\" content=\"summary_large_image\" \/>\n<script type=\"application\/ld+json\" class=\"yoast-schema-graph\">{\"@context\":\"https:\\\/\\\/schema.org\",\"@graph\":[{\"@type\":\"WebPage\",\"@id\":\"https:\\\/\\\/masterchem.lv\\\/ru\\\/product\\\/%d1%81%d1%80%d0%b5%d0%b4%d1%81%d1%82%d0%b2%d0%be-%d0%b4%d0%bb%d1%8f-%d1%83%d0%b4%d0%b0%d0%bb%d0%b5%d0%bd%d0%b8%d1%8f-%d0%ba%d1%80%d0%b0%d1%81%d0%ba%d0%b8-masterpr100\\\/\",\"url\":\"https:\\\/\\\/masterchem.lv\\\/ru\\\/product\\\/%d1%81%d1%80%d0%b5%d0%b4%d1%81%d1%82%d0%b2%d0%be-%d0%b4%d0%bb%d1%8f-%d1%83%d0%b4%d0%b0%d0%bb%d0%b5%d0%bd%d0%b8%d1%8f-%d0%ba%d1%80%d0%b0%d1%81%d0%ba%d0%b8-masterpr100\\\/\",\"name\":\"\u0421\u0440\u0435\u0434\u0441\u0442\u0432\u043e \u0434\u043b\u044f \u0443\u0434\u0430\u043b\u0435\u043d\u0438\u044f \u043e\u0440\u0433\u0430\u043d\u0438\u0447\u0435\u0441\u043a\u043e\u0439 \u043a\u0440\u0430\u0441\u043a\u0438 MasterPR100 - \u0136\u012bmija r\u016bpniec\u012bbai &mdash; &Scaron;\u0137\u012bdin\u0101t\u0101ji un \u0137\u012bmisk\u0101s vielas &mdash; Masterchem.ee\",\"isPartOf\":{\"@id\":\"https:\\\/\\\/masterchem.lv\\\/ru\\\/#website\"},\"primaryImageOfPage\":{\"@id\":\"https:\\\/\\\/masterchem.lv\\\/ru\\\/product\\\/%d1%81%d1%80%d0%b5%d0%b4%d1%81%d1%82%d0%b2%d0%be-%d0%b4%d0%bb%d1%8f-%d1%83%d0%b4%d0%b0%d0%bb%d0%b5%d0%bd%d0%b8%d1%8f-%d0%ba%d1%80%d0%b0%d1%81%d0%ba%d0%b8-masterpr100\\\/#primaryimage\"},\"image\":{\"@id\":\"https:\\\/\\\/masterchem.lv\\\/ru\\\/product\\\/%d1%81%d1%80%d0%b5%d0%b4%d1%81%d1%82%d0%b2%d0%be-%d0%b4%d0%bb%d1%8f-%d1%83%d0%b4%d0%b0%d0%bb%d0%b5%d0%bd%d0%b8%d1%8f-%d0%ba%d1%80%d0%b0%d1%81%d0%ba%d0%b8-masterpr100\\\/#primaryimage\"},\"thumbnailUrl\":\"https:\\\/\\\/masterchem.lv\\\/wp-content\\\/uploads\\\/2023\\\/12\\\/MasterPR100-varvieemaldaja-1000l-MaterChem.jpg\",\"datePublished\":\"2023-12-05T16:53:25+00:00\",\"dateModified\":\"2025-03-31T15:26:26+00:00\",\"description\":\"MasterPR100 Organic Paint Remover \u2013 \u044d\u0442\u043e \u0442\u0440\u0435\u0445\u043a\u043e\u043c\u043f\u043e\u043d\u0435\u043d\u0442\u043d\u044b\u0439 \u0440\u0430\u0441\u0442\u0432\u043e\u0440\u0438\u0442\u0435\u043b\u044c, \u043a\u043e\u0442\u043e\u0440\u044b\u0439 \u044f\u0432\u043b\u044f\u0435\u0442\u0441\u044f \u0443\u043d\u0438\u043a\u0430\u043b\u044c\u043d\u043e\u0439 \u0440\u0430\u0437\u0440\u0430\u0431\u043e\u0442\u043a\u043e\u0439 \u043b\u0430\u0431\u043e\u0440\u0430\u0442\u043e\u0440\u0438\u0438 MasterChem .\",\"breadcrumb\":{\"@id\":\"https:\\\/\\\/masterchem.lv\\\/ru\\\/product\\\/%d1%81%d1%80%d0%b5%d0%b4%d1%81%d1%82%d0%b2%d0%be-%d0%b4%d0%bb%d1%8f-%d1%83%d0%b4%d0%b0%d0%bb%d0%b5%d0%bd%d0%b8%d1%8f-%d0%ba%d1%80%d0%b0%d1%81%d0%ba%d0%b8-masterpr100\\\/#breadcrumb\"},\"inLanguage\":\"ru-RU\",\"potentialAction\":[{\"@type\":\"ReadAction\",\"target\":[\"https:\\\/\\\/masterchem.lv\\\/ru\\\/product\\\/%d1%81%d1%80%d0%b5%d0%b4%d1%81%d1%82%d0%b2%d0%be-%d0%b4%d0%bb%d1%8f-%d1%83%d0%b4%d0%b0%d0%bb%d0%b5%d0%bd%d0%b8%d1%8f-%d0%ba%d1%80%d0%b0%d1%81%d0%ba%d0%b8-masterpr100\\\/\"]}]},{\"@type\":\"ImageObject\",\"inLanguage\":\"ru-RU\",\"@id\":\"https:\\\/\\\/masterchem.lv\\\/ru\\\/product\\\/%d1%81%d1%80%d0%b5%d0%b4%d1%81%d1%82%d0%b2%d0%be-%d0%b4%d0%bb%d1%8f-%d1%83%d0%b4%d0%b0%d0%bb%d0%b5%d0%bd%d0%b8%d1%8f-%d0%ba%d1%80%d0%b0%d1%81%d0%ba%d0%b8-masterpr100\\\/#primaryimage\",\"url\":\"https:\\\/\\\/masterchem.lv\\\/wp-content\\\/uploads\\\/2023\\\/12\\\/MasterPR100-varvieemaldaja-1000l-MaterChem.jpg\",\"contentUrl\":\"https:\\\/\\\/masterchem.lv\\\/wp-content\\\/uploads\\\/2023\\\/12\\\/MasterPR100-varvieemaldaja-1000l-MaterChem.jpg\",\"width\":1000,\"height\":1000,\"caption\":\"\u0421\u0440\u0435\u0434\u0441\u0442\u0432\u043e \u0434\u043b\u044f \u0443\u0434\u0430\u043b\u0435\u043d\u0438\u044f \u043e\u0440\u0433\u0430\u043d\u0438\u0447\u0435\u0441\u043a\u043e\u0439 \u043a\u0440\u0430\u0441\u043a\u0438 MasterPR100 1000L\"},{\"@type\":\"BreadcrumbList\",\"@id\":\"https:\\\/\\\/masterchem.lv\\\/ru\\\/product\\\/%d1%81%d1%80%d0%b5%d0%b4%d1%81%d1%82%d0%b2%d0%be-%d0%b4%d0%bb%d1%8f-%d1%83%d0%b4%d0%b0%d0%bb%d0%b5%d0%bd%d0%b8%d1%8f-%d0%ba%d1%80%d0%b0%d1%81%d0%ba%d0%b8-masterpr100\\\/#breadcrumb\",\"itemListElement\":[{\"@type\":\"ListItem\",\"position\":1,\"name\":\"Home\",\"item\":\"https:\\\/\\\/masterchem.lv\\\/ru\\\/\"},{\"@type\":\"ListItem\",\"position\":2,\"name\":\"\u041c\u0430\u0433\u0430\u0437\u0438\u043d\",\"item\":\"https:\\\/\\\/masterchem.lv\\\/%d0%bc%d0%b0%d0%b3%d0%b0%d0%b7%d0%b8%d0%bd\\\/\"},{\"@type\":\"ListItem\",\"position\":3,\"name\":\"\u0421\u0440\u0435\u0434\u0441\u0442\u0432\u043e \u0434\u043b\u044f \u0443\u0434\u0430\u043b\u0435\u043d\u0438\u044f \u043e\u0440\u0433\u0430\u043d\u0438\u0447\u0435\u0441\u043a\u043e\u0439 \u043a\u0440\u0430\u0441\u043a\u0438 MasterPR100\"}]},{\"@type\":\"WebSite\",\"@id\":\"https:\\\/\\\/masterchem.lv\\\/ru\\\/#website\",\"url\":\"https:\\\/\\\/masterchem.lv\\\/ru\\\/\",\"name\":\"\u0136\u012bmija r\u016bpniec\u012bbai &mdash; &Scaron;\u0137\u012bdin\u0101t\u0101ji un \u0137\u012bmisk\u0101s vielas &mdash; Masterchem.ee\",\"description\":\"\u0136\u012bmija r\u016bpniec\u012bbai&nbsp;&mdash; &scaron;\u0137\u012bdin\u0101t\u0101ji un \u0137\u012bmisk\u0101s vielas\",\"potentialAction\":[{\"@type\":\"SearchAction\",\"target\":{\"@type\":\"EntryPoint\",\"urlTemplate\":\"https:\\\/\\\/masterchem.lv\\\/ru\\\/?s={search_term_string}\"},\"query-input\":{\"@type\":\"PropertyValueSpecification\",\"valueRequired\":true,\"valueName\":\"search_term_string\"}}],\"inLanguage\":\"ru-RU\"}]}<\/script>\n<!-- \/ Yoast SEO plugin. -->","yoast_head_json":{"title":"\u0421\u0440\u0435\u0434\u0441\u0442\u0432\u043e \u0434\u043b\u044f \u0443\u0434\u0430\u043b\u0435\u043d\u0438\u044f \u043e\u0440\u0433\u0430\u043d\u0438\u0447\u0435\u0441\u043a\u043e\u0439 \u043a\u0440\u0430\u0441\u043a\u0438 MasterPR100 - \u0136\u012bmija r\u016bpniec\u012bbai &mdash; &Scaron;\u0137\u012bdin\u0101t\u0101ji un \u0137\u012bmisk\u0101s vielas &mdash; Masterchem.ee","description":"MasterPR100 Organic Paint Remover \u2013 \u044d\u0442\u043e \u0442\u0440\u0435\u0445\u043a\u043e\u043c\u043f\u043e\u043d\u0435\u043d\u0442\u043d\u044b\u0439 \u0440\u0430\u0441\u0442\u0432\u043e\u0440\u0438\u0442\u0435\u043b\u044c, \u043a\u043e\u0442\u043e\u0440\u044b\u0439 \u044f\u0432\u043b\u044f\u0435\u0442\u0441\u044f \u0443\u043d\u0438\u043a\u0430\u043b\u044c\u043d\u043e\u0439 \u0440\u0430\u0437\u0440\u0430\u0431\u043e\u0442\u043a\u043e\u0439 \u043b\u0430\u0431\u043e\u0440\u0430\u0442\u043e\u0440\u0438\u0438 MasterChem .","robots":{"index":"index","follow":"follow","max-snippet":"max-snippet:-1","max-image-preview":"max-image-preview:large","max-video-preview":"max-video-preview:-1"},"canonical":"https:\/\/masterchem.lv\/ru\/product\/%d1%81%d1%80%d0%b5%d0%b4%d1%81%d1%82%d0%b2%d0%be-%d0%b4%d0%bb%d1%8f-%d1%83%d0%b4%d0%b0%d0%bb%d0%b5%d0%bd%d0%b8%d1%8f-%d0%ba%d1%80%d0%b0%d1%81%d0%ba%d0%b8-masterpr100\/","og_locale":"ru_RU","og_type":"article","og_title":"\u0421\u0440\u0435\u0434\u0441\u0442\u0432\u043e \u0434\u043b\u044f \u0443\u0434\u0430\u043b\u0435\u043d\u0438\u044f \u043e\u0440\u0433\u0430\u043d\u0438\u0447\u0435\u0441\u043a\u043e\u0439 \u043a\u0440\u0430\u0441\u043a\u0438 MasterPR100 - \u0136\u012bmija r\u016bpniec\u012bbai &mdash; &Scaron;\u0137\u012bdin\u0101t\u0101ji un \u0137\u012bmisk\u0101s vielas &mdash; Masterchem.ee","og_description":"MasterPR100 Organic Paint Remover \u2013 \u044d\u0442\u043e \u0442\u0440\u0435\u0445\u043a\u043e\u043c\u043f\u043e\u043d\u0435\u043d\u0442\u043d\u044b\u0439 \u0440\u0430\u0441\u0442\u0432\u043e\u0440\u0438\u0442\u0435\u043b\u044c, \u043a\u043e\u0442\u043e\u0440\u044b\u0439 \u044f\u0432\u043b\u044f\u0435\u0442\u0441\u044f \u0443\u043d\u0438\u043a\u0430\u043b\u044c\u043d\u043e\u0439 \u0440\u0430\u0437\u0440\u0430\u0431\u043e\u0442\u043a\u043e\u0439 \u043b\u0430\u0431\u043e\u0440\u0430\u0442\u043e\u0440\u0438\u0438 MasterChem .","og_url":"https:\/\/masterchem.lv\/ru\/product\/%d1%81%d1%80%d0%b5%d0%b4%d1%81%d1%82%d0%b2%d0%be-%d0%b4%d0%bb%d1%8f-%d1%83%d0%b4%d0%b0%d0%bb%d0%b5%d0%bd%d0%b8%d1%8f-%d0%ba%d1%80%d0%b0%d1%81%d0%ba%d0%b8-masterpr100\/","og_site_name":"\u0136\u012bmija r\u016bpniec\u012bbai &mdash; &Scaron;\u0137\u012bdin\u0101t\u0101ji un \u0137\u012bmisk\u0101s vielas &mdash; Masterchem.ee","article_modified_time":"2025-03-31T15:26:26+00:00","og_image":[{"width":1000,"height":1000,"url":"https:\/\/masterchem.lv\/wp-content\/uploads\/2023\/12\/MasterPR100-varvieemaldaja-1000l-MaterChem.jpg","type":"image\/jpeg"}],"twitter_card":"summary_large_image","schema":{"@context":"https:\/\/schema.org","@graph":[{"@type":"WebPage","@id":"https:\/\/masterchem.lv\/ru\/product\/%d1%81%d1%80%d0%b5%d0%b4%d1%81%d1%82%d0%b2%d0%be-%d0%b4%d0%bb%d1%8f-%d1%83%d0%b4%d0%b0%d0%bb%d0%b5%d0%bd%d0%b8%d1%8f-%d0%ba%d1%80%d0%b0%d1%81%d0%ba%d0%b8-masterpr100\/","url":"https:\/\/masterchem.lv\/ru\/product\/%d1%81%d1%80%d0%b5%d0%b4%d1%81%d1%82%d0%b2%d0%be-%d0%b4%d0%bb%d1%8f-%d1%83%d0%b4%d0%b0%d0%bb%d0%b5%d0%bd%d0%b8%d1%8f-%d0%ba%d1%80%d0%b0%d1%81%d0%ba%d0%b8-masterpr100\/","name":"\u0421\u0440\u0435\u0434\u0441\u0442\u0432\u043e \u0434\u043b\u044f \u0443\u0434\u0430\u043b\u0435\u043d\u0438\u044f \u043e\u0440\u0433\u0430\u043d\u0438\u0447\u0435\u0441\u043a\u043e\u0439 \u043a\u0440\u0430\u0441\u043a\u0438 MasterPR100 - \u0136\u012bmija r\u016bpniec\u012bbai &mdash; &Scaron;\u0137\u012bdin\u0101t\u0101ji un \u0137\u012bmisk\u0101s vielas &mdash; Masterchem.ee","isPartOf":{"@id":"https:\/\/masterchem.lv\/ru\/#website"},"primaryImageOfPage":{"@id":"https:\/\/masterchem.lv\/ru\/product\/%d1%81%d1%80%d0%b5%d0%b4%d1%81%d1%82%d0%b2%d0%be-%d0%b4%d0%bb%d1%8f-%d1%83%d0%b4%d0%b0%d0%bb%d0%b5%d0%bd%d0%b8%d1%8f-%d0%ba%d1%80%d0%b0%d1%81%d0%ba%d0%b8-masterpr100\/#primaryimage"},"image":{"@id":"https:\/\/masterchem.lv\/ru\/product\/%d1%81%d1%80%d0%b5%d0%b4%d1%81%d1%82%d0%b2%d0%be-%d0%b4%d0%bb%d1%8f-%d1%83%d0%b4%d0%b0%d0%bb%d0%b5%d0%bd%d0%b8%d1%8f-%d0%ba%d1%80%d0%b0%d1%81%d0%ba%d0%b8-masterpr100\/#primaryimage"},"thumbnailUrl":"https:\/\/masterchem.lv\/wp-content\/uploads\/2023\/12\/MasterPR100-varvieemaldaja-1000l-MaterChem.jpg","datePublished":"2023-12-05T16:53:25+00:00","dateModified":"2025-03-31T15:26:26+00:00","description":"MasterPR100 Organic Paint Remover \u2013 \u044d\u0442\u043e \u0442\u0440\u0435\u0445\u043a\u043e\u043c\u043f\u043e\u043d\u0435\u043d\u0442\u043d\u044b\u0439 \u0440\u0430\u0441\u0442\u0432\u043e\u0440\u0438\u0442\u0435\u043b\u044c, \u043a\u043e\u0442\u043e\u0440\u044b\u0439 \u044f\u0432\u043b\u044f\u0435\u0442\u0441\u044f \u0443\u043d\u0438\u043a\u0430\u043b\u044c\u043d\u043e\u0439 \u0440\u0430\u0437\u0440\u0430\u0431\u043e\u0442\u043a\u043e\u0439 \u043b\u0430\u0431\u043e\u0440\u0430\u0442\u043e\u0440\u0438\u0438 MasterChem .","breadcrumb":{"@id":"https:\/\/masterchem.lv\/ru\/product\/%d1%81%d1%80%d0%b5%d0%b4%d1%81%d1%82%d0%b2%d0%be-%d0%b4%d0%bb%d1%8f-%d1%83%d0%b4%d0%b0%d0%bb%d0%b5%d0%bd%d0%b8%d1%8f-%d0%ba%d1%80%d0%b0%d1%81%d0%ba%d0%b8-masterpr100\/#breadcrumb"},"inLanguage":"ru-RU","potentialAction":[{"@type":"ReadAction","target":["https:\/\/masterchem.lv\/ru\/product\/%d1%81%d1%80%d0%b5%d0%b4%d1%81%d1%82%d0%b2%d0%be-%d0%b4%d0%bb%d1%8f-%d1%83%d0%b4%d0%b0%d0%bb%d0%b5%d0%bd%d0%b8%d1%8f-%d0%ba%d1%80%d0%b0%d1%81%d0%ba%d0%b8-masterpr100\/"]}]},{"@type":"ImageObject","inLanguage":"ru-RU","@id":"https:\/\/masterchem.lv\/ru\/product\/%d1%81%d1%80%d0%b5%d0%b4%d1%81%d1%82%d0%b2%d0%be-%d0%b4%d0%bb%d1%8f-%d1%83%d0%b4%d0%b0%d0%bb%d0%b5%d0%bd%d0%b8%d1%8f-%d0%ba%d1%80%d0%b0%d1%81%d0%ba%d0%b8-masterpr100\/#primaryimage","url":"https:\/\/masterchem.lv\/wp-content\/uploads\/2023\/12\/MasterPR100-varvieemaldaja-1000l-MaterChem.jpg","contentUrl":"https:\/\/masterchem.lv\/wp-content\/uploads\/2023\/12\/MasterPR100-varvieemaldaja-1000l-MaterChem.jpg","width":1000,"height":1000,"caption":"\u0421\u0440\u0435\u0434\u0441\u0442\u0432\u043e \u0434\u043b\u044f \u0443\u0434\u0430\u043b\u0435\u043d\u0438\u044f \u043e\u0440\u0433\u0430\u043d\u0438\u0447\u0435\u0441\u043a\u043e\u0439 \u043a\u0440\u0430\u0441\u043a\u0438 MasterPR100 1000L"},{"@type":"BreadcrumbList","@id":"https:\/\/masterchem.lv\/ru\/product\/%d1%81%d1%80%d0%b5%d0%b4%d1%81%d1%82%d0%b2%d0%be-%d0%b4%d0%bb%d1%8f-%d1%83%d0%b4%d0%b0%d0%bb%d0%b5%d0%bd%d0%b8%d1%8f-%d0%ba%d1%80%d0%b0%d1%81%d0%ba%d0%b8-masterpr100\/#breadcrumb","itemListElement":[{"@type":"ListItem","position":1,"name":"Home","item":"https:\/\/masterchem.lv\/ru\/"},{"@type":"ListItem","position":2,"name":"\u041c\u0430\u0433\u0430\u0437\u0438\u043d","item":"https:\/\/masterchem.lv\/%d0%bc%d0%b0%d0%b3%d0%b0%d0%b7%d0%b8%d0%bd\/"},{"@type":"ListItem","position":3,"name":"\u0421\u0440\u0435\u0434\u0441\u0442\u0432\u043e \u0434\u043b\u044f \u0443\u0434\u0430\u043b\u0435\u043d\u0438\u044f \u043e\u0440\u0433\u0430\u043d\u0438\u0447\u0435\u0441\u043a\u043e\u0439 \u043a\u0440\u0430\u0441\u043a\u0438 MasterPR100"}]},{"@type":"WebSite","@id":"https:\/\/masterchem.lv\/ru\/#website","url":"https:\/\/masterchem.lv\/ru\/","name":"\u0136\u012bmija r\u016bpniec\u012bbai &mdash; &Scaron;\u0137\u012bdin\u0101t\u0101ji un \u0137\u012bmisk\u0101s vielas &mdash; Masterchem.ee","description":"\u0136\u012bmija r\u016bpniec\u012bbai&nbsp;&mdash; &scaron;\u0137\u012bdin\u0101t\u0101ji un \u0137\u012bmisk\u0101s vielas","potentialAction":[{"@type":"SearchAction","target":{"@type":"EntryPoint","urlTemplate":"https:\/\/masterchem.lv\/ru\/?s={search_term_string}"},"query-input":{"@type":"PropertyValueSpecification","valueRequired":true,"valueName":"search_term_string"}}],"inLanguage":"ru-RU"}]}},"_links":{"self":[{"href":"https:\/\/masterchem.lv\/ru\/wp-json\/wp\/v2\/product\/15513","targetHints":{"allow":["GET"]}}],"collection":[{"href":"https:\/\/masterchem.lv\/ru\/wp-json\/wp\/v2\/product"}],"about":[{"href":"https:\/\/masterchem.lv\/ru\/wp-json\/wp\/v2\/types\/product"}],"wp:featuredmedia":[{"embeddable":true,"href":"https:\/\/masterchem.lv\/ru\/wp-json\/wp\/v2\/media\/15532"}],"wp:attachment":[{"href":"https:\/\/masterchem.lv\/ru\/wp-json\/wp\/v2\/media?parent=15513"}],"wp:term":[{"taxonomy":"product_brand","embeddable":true,"href":"https:\/\/masterchem.lv\/ru\/wp-json\/wp\/v2\/product_brand?post=15513"},{"taxonomy":"product_cat","embeddable":true,"href":"https:\/\/masterchem.lv\/ru\/wp-json\/wp\/v2\/product_cat?post=15513"},{"taxonomy":"product_tag","embeddable":true,"href":"https:\/\/masterchem.lv\/ru\/wp-json\/wp\/v2\/product_tag?post=15513"}],"curies":[{"name":"wp","href":"https:\/\/api.w.org\/{rel}","templated":true}]}}